{"id":15432,"date":"2024-05-22T05:43:09","date_gmt":"2024-05-22T08:43:09","guid":{"rendered":"https:\/\/hificlub.com.br\/loja\/?post_type=product&#038;p=15432"},"modified":"2024-10-07T16:54:22","modified_gmt":"2024-10-07T19:54:22","slug":"melco-n10-2-hd-streamer-server-5tb","status":"publish","type":"product","link":"https:\/\/hificlub.com.br\/loja\/produto\/melco-n10-2-hd-streamer-server-5tb\/","title":{"rendered":"MELCO N10\/2 HD Streamer Server 5Tb"},"content":{"rendered":"<p>ESTADO 9\/10<\/p>\n<p>Sobre o novo N10\/2<\/p>\n<p>O N10\/2 tem um design de duas caixas, com chassi de meia largura (215 mm), permitindo aos engenheiros da Melco separar os delicados componentes eletr\u00f4nicos de processamento de sinal da fonte de alimenta\u00e7\u00e3o.<\/p>\n<p>A unidade \u201ccabe\u00e7a\u201d cont\u00e9m a eletr\u00f4nica de processamento e a conectividade de dados, e a unidade de alimenta\u00e7\u00e3o cont\u00e9m uma fonte de alimenta\u00e7\u00e3o linear de alto desempenho e baixo ru\u00eddo com transformador toroidal.<\/p>\n<p>A unidade principal usa o mesmo fluxo de dados de m\u00fasica digital de alta precis\u00e3o e ru\u00eddo extremamente baixo que a s\u00e9rie Melco existente e, principalmente, \u00e9 projetada desde o in\u00edcio como um dispositivo espec\u00edfico de \u00e1udio; A Melco \u00e9 famosa por evitar componentes de TI padr\u00e3o ou pe\u00e7as de PC.<\/p>\n<p>A arquitetura de software comprovada da Melco proporciona familiaridade tranquilizadora aos clientes existentes da Melco e facilidade de uso l\u00edder na categoria para os rec\u00e9m-chegados.<\/p>\n<p>O N10\/2 se beneficia de v\u00e1rios USPs familiares da Melco. O painel traseiro da unidade principal beneficia de portas Ethernet duplas, LAN e PLAYER, sendo esta \u00faltima uma porta dedicada projetada para conectar diretamente a streamers de rede sem a necessidade de um switch de dados interveniente, garantindo a manuten\u00e7\u00e3o da precis\u00e3o do tempo.<\/p>\n<p>Portas USB 2.0 duplas tamb\u00e9m est\u00e3o dispon\u00edveis (al\u00e9m de uma porta USB adicional no painel frontal), incluindo uma sa\u00edda DAC USB dedicada pronta para conex\u00e3o com DACs USB, amplificadores equipados com DAC USB ou alto-falantes ativos. A segunda porta USB permite que dispositivos USB se conectem e operem sem esfor\u00e7o, incluindo: importar ou reproduzir m\u00fasica de dispositivos de mem\u00f3ria, unidades HDD\/SSD e unidades de CD (ripadores de CD); expans\u00e3o de capacidade com unidade de armazenamento E100 da Melco (ou outra); e backup f\u00e1cil para unidades HDD\/SSD.<\/p>\n<p>Al\u00e9m da arquitetura de software da Melco, o N10\/2 se beneficia do conjunto Intelligent Music Library da Melco, composto pelos softwares MinimServer e SongKong. O dispositivo tamb\u00e9m \u00e9 Roon Ready, compat\u00edvel com DSD e oferece controle de aplicativo via DLNA\/UPnP (no modo USB DAC) com suporte para streaming TIDAL, Qobuz e vTuner com o aplicativo Melco Music HD. Qobuz Downloader e HighResAudio.com tamb\u00e9m permitem downloads diretos e sem erros em alta resolu\u00e7\u00e3o, sem a necessidade de um computador.<\/p>\n<p>O N10\/2 tamb\u00e9m pode ser usado como um reprodutor de m\u00fasica digital local independente de alta resolu\u00e7\u00e3o quando conectado atrav\u00e9s de um DAC USB; taxas de dados de at\u00e9 32 bits\/384 kHz e Octo DSD s\u00e3o suportadas, juntamente com DSD sem gap e sem marcador Melco.<\/p>\n<p>O controle \u00e9 feito por meio do aplicativo Melco Music HD, do painel frontal ou de aparelhos remotos RF aprovados de terceiros e, para reprodu\u00e7\u00e3o em rede, aplicativos de ponto de controle UPnP.<\/p>\n<p>Caracter\u00edsticas<br \/>\nPara realizar o componente com metade do tamanho de 215 mm de largura, a unidade principal possui hardware eletr\u00f4nico interno rec\u00e9m-projetado e novo software operacional, com PCB aprimorado.<br \/>\nO case \u00e9 de alum\u00ednio s\u00f3lido, incluindo as extremidades, proporcionando uma apar\u00eancia sofisticada e tamb\u00e9m integridade mec\u00e2nica e aus\u00eancia de vibra\u00e7\u00e3o, auxiliado ainda por um chassi interno de a\u00e7o complexo e r\u00edgido.<br \/>\nO painel frontal possui o familiar display Melco OLED e quatro bot\u00f5es de controle \u2013 a partir desta interface simples, tanto a configura\u00e7\u00e3o inicial \u2013 apenas idioma e fuso hor\u00e1rio \u2013 quanto a personaliza\u00e7\u00e3o avan\u00e7ada podem ser realizadas. Ao reproduzir m\u00fasica, o OLED \u00e9 muito informativo, mostrando o nome do arquivo e o formato dos dados. Toda a conectividade de dispositivos externos tamb\u00e9m \u00e9 confirmada no OLED.<br \/>\nReproduzindo diretamente do CD usando um carregador de CD USB, como o D100, ou reproduzindo diretamente de uma unidade USB, o OLED e os bot\u00f5es proporcionam navega\u00e7\u00e3o e navega\u00e7\u00e3o completas.<br \/>\nA porta USB do painel frontal \u00e9 conveniente para conectar unidades USB ou unidades \u00f3pticas USB para importar arquivos ou reproduzir diretamente.<br \/>\nO painel traseiro possui duas portas USB adicionais que permitem um carregador de CD conectado por USB ou HDD USB para importa\u00e7\u00e3o ou reprodu\u00e7\u00e3o de m\u00fasica. Al\u00e9m disso tamb\u00e9m<br \/>\nExpans\u00e3o da capacidade interna com um HDD USB IT ou com a unidade de expans\u00e3o E100 de alta qualidade de som para aumentar a capacidade do N10 sem quaisquer configura\u00e7\u00f5es adicionais.<br \/>\nA conectividade Ethernet \u00e9 especial para todas as m\u00e1quinas Melco \u2013 existem duas portas. Uma delas \u00e9 uma porta de player dedicada que se conecta diretamente a um player ou streamer de rede sem a interven\u00e7\u00e3o de qualquer switch de dados ou dispositivos de TI que possam comprometer a qualidade do som.<br \/>\nA segunda porta Ethernet \u00e9 a conex\u00e3o LAN para acesso ao N10 para transfer\u00eancia de m\u00fasica, controle do reprodutor local N10 a partir de um aplicativo de controle e para acessar servi\u00e7os de streaming de m\u00fasica, ativar downloads diretos de m\u00fasica e fazer atualiza\u00e7\u00f5es de firmware com apenas um clique do Internet.<br \/>\nUm sistema de gerenciamento de energia rec\u00e9m-projetado na unidade principal garante uma opera\u00e7\u00e3o est\u00e1vel e confi\u00e1vel.<\/p>\n<p>Especifica\u00e7\u00e3o<br \/>\nArmazenamento de m\u00fasica<br \/>\nN10\/2-H50 HDD selecionado de 1 x 2,5 polegadas de 5 TB na plataforma de isolamento Melco HS-S2<br \/>\nN10\/2-S38 1 SSD selecionado de 3,84 TB na plataforma de isolamento Melco HS-S2<br \/>\nConectividade de rede<br \/>\nPorta LAN-Gigabit Ethernet (1000Base-T),<br \/>\nporta JOGADOR,<br \/>\nEthernet Gigabit (1000Base-T),<br \/>\nServidor DHCP em modo isolado<br \/>\nConectividade USB<br \/>\nPainel frontal USB2.0 x 1<br \/>\nPainel traseiro USB2.0 x 2<br \/>\nAtribu\u00edvel como DAC, backup, importa\u00e7\u00e3o, expans\u00e3o<br \/>\nSuporte \u00e0 taxa de amostragem do USB Player<br \/>\n16-32 bits (PCM) a 384kHz: &#8211; redu\u00e7\u00e3o autom\u00e1tica da resolu\u00e7\u00e3o para se adequar ao DAC conectado.<br \/>\nPCM sem intervalos suportado.<br \/>\n1 bit (DSD) a 11,3 MHz Quad DSD.<br \/>\nDSD sem marcador suportado.<br \/>\nSele\u00e7\u00e3o de convers\u00e3o de DSD para PCM de 32 bits<\/p>\n","protected":false},"excerpt":{"rendered":"<p>ESTADO 9\/10 Sobre o novo N10\/2 O N10\/2 tem um design de duas caixas, com chassi de meia largura (215 mm), permitindo aos engenheiros da Melco separar os delicados componentes eletr\u00f4nicos de processamento de sinal da fonte de alimenta\u00e7\u00e3o. A unidade \u201ccabe\u00e7a\u201d cont\u00e9m a eletr\u00f4nica de processamento e a conectividade de dados, e a unidade [&hellip;]<\/p>\n","protected":false},"featured_media":15433,"template":"","meta":{"_acf_changed":false},"product_brand":[],"product_cat":[41,50,142],"product_tag":[],"class_list":{"0":"post-15432","1":"product","2":"type-product","3":"status-publish","4":"has-post-thumbnail","6":"product_cat-digital","7":"product_cat-music-server","8":"product_cat-streamers","10":"first","11":"instock","12":"sold-individually","13":"shipping-taxable","14":"purchasable","15":"product-type-simple"},"acf":[],"aioseo_notices":[],"_links":{"self":[{"href":"https:\/\/hificlub.com.br\/loja\/wp-json\/wp\/v2\/product\/15432","targetHints":{"allow":["GET"]}}],"collection":[{"href":"https:\/\/hificlub.com.br\/loja\/wp-json\/wp\/v2\/product"}],"about":[{"href":"https:\/\/hificlub.com.br\/loja\/wp-json\/wp\/v2\/types\/product"}],"wp:featuredmedia":[{"embeddable":true,"href":"https:\/\/hificlub.com.br\/loja\/wp-json\/wp\/v2\/media\/15433"}],"wp:attachment":[{"href":"https:\/\/hificlub.com.br\/loja\/wp-json\/wp\/v2\/media?parent=15432"}],"wp:term":[{"taxonomy":"product_brand","embeddable":true,"href":"https:\/\/hificlub.com.br\/loja\/wp-json\/wp\/v2\/product_brand?post=15432"},{"taxonomy":"product_cat","embeddable":true,"href":"https:\/\/hificlub.com.br\/loja\/wp-json\/wp\/v2\/product_cat?post=15432"},{"taxonomy":"product_tag","embeddable":true,"href":"https:\/\/hificlub.com.br\/loja\/wp-json\/wp\/v2\/product_tag?post=15432"}],"curies":[{"name":"wp","href":"https:\/\/api.w.org\/{rel}","templated":true}]}}