{"id":15258,"date":"2024-05-10T02:39:14","date_gmt":"2024-05-10T05:39:14","guid":{"rendered":"https:\/\/hificlub.com.br\/loja\/?post_type=product&#038;p=15258"},"modified":"2026-03-03T22:18:33","modified_gmt":"2026-03-04T01:18:33","slug":"focal-celestee","status":"publish","type":"product","link":"https:\/\/hificlub.com.br\/loja\/produto\/focal-celestee\/","title":{"rendered":"FOCAL CELESTEE"},"content":{"rendered":"<p>Descri\u00e7\u00e3o<br \/>\nPERCEBA CADA MOMENTO INTENSAMENTE<br \/>\nAUSCULTADORES FECHADOS DE ALTA QUALIDADE<br \/>\nFocal Celestee combina design moderno, acabamentos elegantes e qualidade de som de alta qualidade. Seus exclusivos alto-falantes Focal garantem excelente din\u00e2mica e alta precis\u00e3o sonora. Um tratamento ac\u00fastico \u00e9 aplicado nos fones de ouvido para evitar resson\u00e2ncias e alcan\u00e7ar uma qualidade de \u00e1udio intransigente: o som \u00e9 preciso, puro e caracterizado por uma bela profundidade na resposta de graves.<br \/>\nCelestee tamb\u00e9m impressiona com seus novos tons elegantes e atemporais de Azul Marinho e Cobre Suave. Os materiais nobres selecionados, como o couro semi-anilina nas almofadas, hastes e protetores auriculares, completam o design dos fones de ouvido e os tornam um produto extremamente est\u00e9tico. A geometria perfeitamente controlada do suporte de alum\u00ednio adapta-se precisamente ao formato da cabe\u00e7a e tem a tens\u00e3o ideal para ainda mais conforto.<\/p>\n<p>Com Celestee voc\u00ea pode mergulhar em cada momento da experi\u00eancia auditiva, seja em casa ou em tr\u00e2nsito.<\/p>\n<p>ALTO-FALANTE FOCAL<br \/>\nCelestee s\u00e3o fones de ouvido circunaurais fechados com alto-falantes eletrodin\u00e2micos de faixa total de 40 mm feitos de alum\u00ednio\/magn\u00e9sio. Eles oferecem din\u00e2mica excepcional e uma resposta de frequ\u00eancia linear estendida a 23 kHz. A reprodu\u00e7\u00e3o do som \u00e9 excepcionalmente precisa. A c\u00fapula invertida com perfil \u201cM\u201d dos alto-falantes e sua maior superf\u00edcie radiante aumentam a pureza do som.<\/p>\n<p>USANDO CONFORTO E MATERIAIS PRECIOSOS<br \/>\nOs fones de ouvido s\u00e3o revestidos de couro e uma grade protetora de a\u00e7o inoxid\u00e1vel. A parte externa da faixa de cabe\u00e7a \u00e9 feita de couro, a parte interna \u00e9 feita de microfibra e as almofadas s\u00e3o feitas de couro semi-anilina: materiais nobres que incorporam design, est\u00e9tica e conforto de uso.<\/p>\n<p>ISOLAMENTO<br \/>\nCelestee s\u00e3o fones de ouvido para uso dom\u00e9stico e em tr\u00e2nsito. Devido \u00e0 sua baixa imped\u00e2ncia (35 ohms), pode ser facilmente conectado a um dispositivo port\u00e1til. As almofadas de couro semi-anilina e o design dos fones de ouvido contribuem tanto para o conforto de uso quanto para o isolamento ac\u00fastico dos fones de ouvido.<\/p>\n<p>MARINHA \u00c9 O NOVO PRETO<br \/>\nA cor Azul Marinho confere aos fones de ouvido um design moderno, atemporal e elegante. O novo tom de azul da cole\u00e7\u00e3o Focal combina com o acabamento em cobre macio dos an\u00e9is dos fones de ouvido, das grades internas, do logotipo e das extremidades dos cabos.<\/p>\n<p>Informa\u00e7\u00f5es adicionais<\/p>\n<p>PESO\t0,435kg<br \/>\nTIPO<br \/>\nFones de ouvido para celular e home cinema, fones de ouvido fechados e circumaurais<\/p>\n<p>RESPOSTA DE FREQU\u00caNCIA (\u00b13DB)<br \/>\n5Hz &#8211; 23kHz<\/p>\n<p>PESO (SEM CABO)<br \/>\n430g<\/p>\n<p>CONEX\u00c3O<br \/>\nMinitomada de 3,5 mm, tomada de 6,3 mm<\/p>\n<p>FORNECIMENTO INCLU\u00cdDO<br \/>\nInclu\u00eddos com Celestee est\u00e3o:<br \/>\nUm case r\u00edgido nas cores dos fones de ouvido. Com molde termoformado dos fones de ouvido. Neste caso voc\u00ea pode transportar Celestee com seguran\u00e7a.<br \/>\nCabo assim\u00e9trico de 1,2 m com plugue jack de 3,5 mm<br \/>\nUma tomada jack de 3,5 mm &#8211; 6,35 mm<\/p>\n","protected":false},"excerpt":{"rendered":"<p>Descri\u00e7\u00e3o PERCEBA CADA MOMENTO INTENSAMENTE AUSCULTADORES FECHADOS DE ALTA QUALIDADE Focal Celestee combina design moderno, acabamentos elegantes e qualidade de som de alta qualidade. Seus exclusivos alto-falantes Focal garantem excelente din\u00e2mica e alta precis\u00e3o sonora. Um tratamento ac\u00fastico \u00e9 aplicado nos fones de ouvido para evitar resson\u00e2ncias e alcan\u00e7ar uma qualidade de \u00e1udio intransigente: o [&hellip;]<\/p>\n","protected":false},"featured_media":15259,"template":"","meta":{"_acf_changed":false},"product_brand":[],"product_cat":[89,45,107],"product_tag":[],"class_list":{"0":"post-15258","1":"product","2":"type-product","3":"status-publish","4":"has-post-thumbnail","6":"product_cat-acessorios","7":"product_cat-focal","8":"product_cat-fones-de-ouvido","10":"first","11":"instock","12":"sold-individually","13":"shipping-taxable","14":"purchasable","15":"product-type-simple"},"acf":[],"aioseo_notices":[],"_links":{"self":[{"href":"https:\/\/hificlub.com.br\/loja\/wp-json\/wp\/v2\/product\/15258","targetHints":{"allow":["GET"]}}],"collection":[{"href":"https:\/\/hificlub.com.br\/loja\/wp-json\/wp\/v2\/product"}],"about":[{"href":"https:\/\/hificlub.com.br\/loja\/wp-json\/wp\/v2\/types\/product"}],"wp:featuredmedia":[{"embeddable":true,"href":"https:\/\/hificlub.com.br\/loja\/wp-json\/wp\/v2\/media\/15259"}],"wp:attachment":[{"href":"https:\/\/hificlub.com.br\/loja\/wp-json\/wp\/v2\/media?parent=15258"}],"wp:term":[{"taxonomy":"product_brand","embeddable":true,"href":"https:\/\/hificlub.com.br\/loja\/wp-json\/wp\/v2\/product_brand?post=15258"},{"taxonomy":"product_cat","embeddable":true,"href":"https:\/\/hificlub.com.br\/loja\/wp-json\/wp\/v2\/product_cat?post=15258"},{"taxonomy":"product_tag","embeddable":true,"href":"https:\/\/hificlub.com.br\/loja\/wp-json\/wp\/v2\/product_tag?post=15258"}],"curies":[{"name":"wp","href":"https:\/\/api.w.org\/{rel}","templated":true}]}}