{"id":15251,"date":"2024-05-10T02:22:50","date_gmt":"2024-05-10T05:22:50","guid":{"rendered":"https:\/\/hificlub.com.br\/loja\/?post_type=product&#038;p=15251"},"modified":"2026-03-03T22:18:33","modified_gmt":"2026-03-04T01:18:33","slug":"focal-radiance-bentley","status":"publish","type":"product","link":"https:\/\/hificlub.com.br\/loja\/produto\/focal-radiance-bentley\/","title":{"rendered":"FOCAL RADIANCE BENTLEY"},"content":{"rendered":"<p>Embora relativamente nova no mercado de fones de ouvido, Focal \u00e9 uma marca que dispensa apresenta\u00e7\u00f5es no mundo audi\u00f3filo. Eles trouxeram sua experi\u00eancia em alto-falantes para fones de ouvido e obtiveram sucesso com fones de ouvido como o Utopia e o Clear , embora n\u00e3o sem alguns contratempos ao longo do caminho. A Resolve e a equipe da Headphones.com tiveram a oportunidade de visitar a f\u00e1brica da Focal na Fran\u00e7a, onde fabricam seus alto-falantes e fones de ouvido. Eu pessoalmente tive a oportunidade de avaliar o Clear e o Elex no passado e j\u00e1 ouvi o Utopia em lojas de demonstra\u00e7\u00e3o antes. Para a an\u00e1lise de hoje, abordarei o Focal de US$ 1.300 para Bentley Radiance . A nomenclatura estranha se deve \u00e0 colabora\u00e7\u00e3o da Focal com a Bentley na cria\u00e7\u00e3o desses fones de ouvido em 2020. Deixarei de fora a parte da Bentley ao me referir a ela neste artigo. \u00c9 um fone de ouvido fechado que exala luxo, mas isso se traduzir\u00e1 em uma qualidade de som condizente com seu nome<\/p>\n<p>Licenciados pela Bentley Motors, os fones de ouvido Radiance completam a linha de fones de ouvido fechados da Focal. Com design extremamente sofisticado e materiais nobres (couro de flor integral, alum\u00ednio, etc.), baseiam-se nos c\u00f3digos e assinaturas da marca Bentley. O efeito \u201cdiamante\u201d da montadora de luxo \u00e9 encontrado na faixa de cabe\u00e7a, na grade do protetor auricular e nos conectores do cabo do fone de ouvido. Bentley Wings&#8221; tamb\u00e9m pode ser encontrado no Radiance, bem como no elegante acabamento em cobre. <\/p>\n<p>Esses fones de ouvido de \u00faltima gera\u00e7\u00e3o v\u00eam com as mais recentes tecnologias Focal para oferecer uma experi\u00eancia auditiva incr\u00edvel e din\u00e2mica. Eles apresentam um driver de alto-falante de gama completa e uma c\u00fapula de alum\u00ednio-magn\u00e9sio em forma de M de 1 5\/8&#8243; (40 mm). Os graves s\u00e3o profundos e proeminentes, os m\u00e9dios s\u00e3o equilibrados e os agudos s\u00e3o suaves e lineares: voc\u00ea nunca olhe para tr\u00e1s!<\/p>\n<p>Tipo: fones de ouvido abertos na parte traseira<\/p>\n<p>Imped\u00e2ncia: 35 ohms<\/p>\n<p>Sensibilidade: 105dB SPL \/ 1mW @ 1kHz<\/p>\n<p>THD: &lt;0,1% a 1kHz\/100dB SPL<\/p>\n<p>Resposta de frequ\u00eancia: 5Hz &#8211; 23kHz<\/p>\n<p>Captador: 1 c\u00fapula de alum\u00ednio-magn\u00e9sio de 5\/8&quot; formato &quot;M&quot;<\/p>\n<p>Cabos inclu\u00eddos: 1x 4 p\u00e9s. (1,2 m) Cabo OFC 24 AWG com tomada TRS n\u00e3o balanceada de 1\/8&quot; (3,5 mm), 1x adaptador de tomada, tomada de ponta de 1\/8&quot; (3,5 mm) &#8211; conector de ponta de 1\/4&quot; (6,35 mm)<\/p>\n<p>Peso l\u00edquido: 0,45kg<\/p>\n","protected":false},"excerpt":{"rendered":"<p>Embora relativamente nova no mercado de fones de ouvido, Focal \u00e9 uma marca que dispensa apresenta\u00e7\u00f5es no mundo audi\u00f3filo. Eles trouxeram sua experi\u00eancia em alto-falantes para fones de ouvido e obtiveram sucesso com fones de ouvido como o Utopia e o Clear , embora n\u00e3o sem alguns contratempos ao longo do caminho. A Resolve e [&hellip;]<\/p>\n","protected":false},"featured_media":15252,"template":"","meta":{"_acf_changed":false},"product_brand":[],"product_cat":[89,45,107],"product_tag":[],"class_list":{"0":"post-15251","1":"product","2":"type-product","3":"status-publish","4":"has-post-thumbnail","6":"product_cat-acessorios","7":"product_cat-focal","8":"product_cat-fones-de-ouvido","10":"first","11":"instock","12":"sold-individually","13":"shipping-taxable","14":"purchasable","15":"product-type-simple"},"acf":[],"aioseo_notices":[],"_links":{"self":[{"href":"https:\/\/hificlub.com.br\/loja\/wp-json\/wp\/v2\/product\/15251","targetHints":{"allow":["GET"]}}],"collection":[{"href":"https:\/\/hificlub.com.br\/loja\/wp-json\/wp\/v2\/product"}],"about":[{"href":"https:\/\/hificlub.com.br\/loja\/wp-json\/wp\/v2\/types\/product"}],"wp:featuredmedia":[{"embeddable":true,"href":"https:\/\/hificlub.com.br\/loja\/wp-json\/wp\/v2\/media\/15252"}],"wp:attachment":[{"href":"https:\/\/hificlub.com.br\/loja\/wp-json\/wp\/v2\/media?parent=15251"}],"wp:term":[{"taxonomy":"product_brand","embeddable":true,"href":"https:\/\/hificlub.com.br\/loja\/wp-json\/wp\/v2\/product_brand?post=15251"},{"taxonomy":"product_cat","embeddable":true,"href":"https:\/\/hificlub.com.br\/loja\/wp-json\/wp\/v2\/product_cat?post=15251"},{"taxonomy":"product_tag","embeddable":true,"href":"https:\/\/hificlub.com.br\/loja\/wp-json\/wp\/v2\/product_tag?post=15251"}],"curies":[{"name":"wp","href":"https:\/\/api.w.org\/{rel}","templated":true}]}}