{"id":1521,"date":"2023-10-17T19:56:35","date_gmt":"2023-10-17T22:56:35","guid":{"rendered":"https:\/\/hificlub.com.br\/loja2\/produto\/audio-aero-capitole-classic-cd-signature-edition-24-bits-192-khz-valvulado\/"},"modified":"2025-09-06T04:04:20","modified_gmt":"2025-09-06T07:04:20","slug":"audio-aero-capitole-classic-cd-signature-edition-24-bits-192-khz-valvulado","status":"publish","type":"product","link":"https:\/\/hificlub.com.br\/loja\/produto\/audio-aero-capitole-classic-cd-signature-edition-24-bits-192-khz-valvulado\/","title":{"rendered":"AUDIO AERO CAPITOLE CLASSIC CD SIGNATURE EDITION 24 bits\/192 kHz Valvulado"},"content":{"rendered":"<p>CONDI\u00c7\u00c3O: USADO (9\/10)<br \/>\nCor: SILVER<\/p>\n<p>O Classic da Audio Aero (AA) \u00e9 um top-loader baseado no muito bem conceituado mecanismo de transporte Phillips CD Pro 2.\u00a0O sub-chassis \u00e9 feito de alum\u00ednio, que melhora a estabilidade dos jogadores e extrai 97% dos dados do CD.\u00a0O player tem um est\u00e1gio de sa\u00edda de tubo anal\u00f3gico com tr\u00eas tubos subminiatura.\u00a0Para processamento digital eles usam seu pr\u00f3prio STARS2 e cito: \u201c<i>Uma combina\u00e7\u00e3o de re-amostragem de velocidade muito alta (192 kHz), recantila\u00e7\u00e3o de 24 bits e t\u00e9cnicas de aprimoramento de sinal (extra\u00e7\u00e3o de informa\u00e7\u00f5es &#8216;ocultas&#8217; de dados de 16 bits especialmente desenvolvidos para Audio Aero).\u00a0O n\u00facleo do sistema \u00e9 um SHARC DSP de 32 bits que, ao realizar centenas de milh\u00f5es de c\u00e1lculos por segundo, reconstr\u00f3i um sinal de alta precis\u00e3o de 192 kHz, independente do clock de entrada e mantendo a faixa din\u00e2mica total em todos os est\u00e1gios.\u00a0Ent\u00e3o, ap\u00f3s uma amostragem de 1024 vezes sob demanda, a convers\u00e3o D\/A \u00e9 realizada em 5,144 Hz por um conversor digital-anal\u00f3gico Burr-Brown de 24 bits\/192 kHz de alto desempenho.\u201d<\/i><\/p>\n<p>Ent\u00e3o, eu n\u00e3o poderia ter colocado melhor eu mesmo.\u00a0Espero que voc\u00ea esteja feliz com esta descri\u00e7\u00e3o t\u00e9cnica, porque \u00e9 isso que voc\u00ea obt\u00e9m!\u00a0Estou interessado no som e como o consigo n\u00e3o me interessa pessoalmente&#8230; desde que funcione, \u00e9 claro.<\/p>\n<p>O AA Capitole vem sem um pr\u00e9-amplificador embutido e n\u00e3o possui controle de volume.\u00a0Possui entradas balanceadas (XLR) e single-ended (RCA).\u00a0Usei este \u00faltimo.\u00a0O player \u00e9 um sonho de operar (pelo menos para mim, que posso coloc\u00e1-lo na prateleira de cima) e n\u00e3o faz mal que pare\u00e7a bom tamb\u00e9m.\u00a0E faz!\u00a0A tela na frente \u00e9 muito informativa e muito f\u00e1cil de usar, pois voc\u00ea pode v\u00ea-la \u00e0 dist\u00e2ncia.\u00a0Voc\u00ea pode definir o brilho de acordo com sua prefer\u00eancia.<\/p>\n<p><span style=\"color: #36366a\"><b>Especifica\u00e7\u00f5es:<br \/>\n<\/b><\/span>Faixa de frequ\u00eancia (com CD player interno e entrada de 16\/44,1 kHz): 5 Hz &#8211; 21 kHz (- 1dB)<br \/>\nFaixa de frequ\u00eancia (com entrada de 24\/96): 3 Hz &#8211; 48 kHz (- 1dB)<br \/>\nSa\u00edda tens\u00e3o: at\u00e9 6 V RMS Imped\u00e2ncia de sa\u00edda: 100 ohms<br \/>\nRela\u00e7\u00e3o sinal-ru\u00eddo: 127dB<br \/>\nDistor\u00e7\u00e3o harm\u00f4nica total: 0,2 %<br \/>\nSoftware de leitura: CD de \u00e1udio de 16 bits \/ 44,1 kHz, CD-R, CD-RW<\/p>\n<p><span style=\"color: #36366a\"><b>Fonte de alimenta\u00e7\u00e3o<\/b><\/span><br \/>\n115-230 VAC , 50 \/ 60 Hz<\/p>\n<p><span style=\"color: #36366a\"><b>Consumo de energia<\/b><\/span>\u00a0: 30 W<\/p>\n<p><span style=\"color: #36366a\"><b>Tecnologia<\/b><\/span><br \/>\nPhilips Mecanismo CDPRO2 em uma suspens\u00e3o de alum\u00ednio\/borracha<br \/>\nProcesso STARS personalizado executando 24 bits \/ 192 kHz RE-sampling<br \/>\nSoftware de controle de jitter<br \/>\nBurr-Brown PCM1792 24 bits \/ 192 kHz Conversor digital para anal\u00f3gico<br \/>\nTubo subminiatura 6021W<br \/>\nAtenuador de volume<\/p>\n<p><span style=\"color: #36366a\"><b>Geral<\/b><\/span><br \/>\nSa\u00eddas anal\u00f3gicas: RCA de termina\u00e7\u00e3o simples e XLR balanceado<br \/>\nEntradas anal\u00f3gicas: RCA de termina\u00e7\u00e3o simples e XLR balanceado<br \/>\nSa\u00edda digital: BNC<br \/>\nEntradas digitais: BNC, RCA, AES\/EBU, AT&amp;T, TOSLINK<br \/>\nChassi: a\u00e7o 15\/10<br \/>\nTampa: alum\u00ednio 20\/10<br \/>\nPeso: 32,6 lbs. Dimens\u00f5es (L x L x H): 17\u00a0<b>.\u00a0<\/b>52 x 16,93 x 5,12 polegadas<\/p>\n","protected":false},"excerpt":{"rendered":"<p>CONDI\u00c7\u00c3O: USADO (9\/10) Cor: SILVER O Classic da Audio Aero (AA) \u00e9 um top-loader baseado no muito bem conceituado mecanismo de transporte Phillips CD Pro 2.\u00a0O sub-chassis \u00e9 feito de alum\u00ednio, que melhora a estabilidade dos jogadores e extrai 97% dos dados do CD.\u00a0O player tem um est\u00e1gio de sa\u00edda de tubo anal\u00f3gico com tr\u00eas [&hellip;]<\/p>\n","protected":false},"featured_media":1516,"template":"","meta":{"_acf_changed":false},"product_brand":[],"product_cat":[42,41],"product_tag":[],"class_list":{"0":"post-1521","1":"product","2":"type-product","3":"status-publish","4":"has-post-thumbnail","6":"product_cat-cd-players","7":"product_cat-digital","9":"first","10":"instock","11":"sold-individually","12":"shipping-taxable","13":"purchasable","14":"product-type-simple"},"acf":[],"aioseo_notices":[],"_links":{"self":[{"href":"https:\/\/hificlub.com.br\/loja\/wp-json\/wp\/v2\/product\/1521","targetHints":{"allow":["GET"]}}],"collection":[{"href":"https:\/\/hificlub.com.br\/loja\/wp-json\/wp\/v2\/product"}],"about":[{"href":"https:\/\/hificlub.com.br\/loja\/wp-json\/wp\/v2\/types\/product"}],"wp:featuredmedia":[{"embeddable":true,"href":"https:\/\/hificlub.com.br\/loja\/wp-json\/wp\/v2\/media\/1516"}],"wp:attachment":[{"href":"https:\/\/hificlub.com.br\/loja\/wp-json\/wp\/v2\/media?parent=1521"}],"wp:term":[{"taxonomy":"product_brand","embeddable":true,"href":"https:\/\/hificlub.com.br\/loja\/wp-json\/wp\/v2\/product_brand?post=1521"},{"taxonomy":"product_cat","embeddable":true,"href":"https:\/\/hificlub.com.br\/loja\/wp-json\/wp\/v2\/product_cat?post=1521"},{"taxonomy":"product_tag","embeddable":true,"href":"https:\/\/hificlub.com.br\/loja\/wp-json\/wp\/v2\/product_tag?post=1521"}],"curies":[{"name":"wp","href":"https:\/\/api.w.org\/{rel}","templated":true}]}}