{"id":15183,"date":"2024-05-08T06:57:59","date_gmt":"2024-05-08T09:57:59","guid":{"rendered":"https:\/\/hificlub.com.br\/loja\/?post_type=product&#038;p=15183"},"modified":"2026-04-08T04:15:57","modified_gmt":"2026-04-08T07:15:57","slug":"accuphase-p-4600-class-ab-150-watts","status":"publish","type":"product","link":"https:\/\/hificlub.com.br\/loja\/produto\/accuphase-p-4600-class-ab-150-watts\/","title":{"rendered":"ACCUPHASE P-4600  Class AB 150 watts"},"content":{"rendered":"<p>Repleto de tecnologias da mais alta qualidade, o amplificador de pot\u00eancia est\u00e9reo Classe AB P-4600 oferece desempenho de dire\u00e7\u00e3o supremo. O est\u00e1gio do amplificador de pot\u00eancia possui 6 transistores de pot\u00eancia push-pull paralelos, enquanto sua sa\u00edda nominal de 150 W em 8 ohms supera os modelos convencionais. Combinado com uma rela\u00e7\u00e3o sinal\/ru\u00eddo de 125 dB e um fator de amortecimento de 800, ele aciona alto-falantes grandes com facilidade e cria uma paisagem sonora rica e profunda. O amplificador de pot\u00eancia P-4600 extrai toda a amplitude das grava\u00e7\u00f5es, recriando vividamente a emo\u00e7\u00e3o das apresenta\u00e7\u00f5es ao vivo e permitindo que voc\u00ea desfrute da pr\u00f3pria ess\u00eancia das apresenta\u00e7\u00f5es musicais.<\/p>\n<p>Est\u00e1gio de sa\u00edda de transistor de pot\u00eancia push-pull de 6 paralelos<br \/>\nGrande sa\u00edda 150 W\/8 ohms, 300 W\/4 ohms, 450 W\/2 ohms<br \/>\nPrinc\u00edpio do amplificador de instrumenta\u00e7\u00e3o<br \/>\nCircuitos de amplifica\u00e7\u00e3o de feedback de corrente<br \/>\nSensoriamento remoto balanceado<br \/>\nCircuito MCS+<br \/>\nAlto fator de amortecimento de 800<br \/>\nProte\u00e7\u00e3o de sa\u00edda de alto-falante<br \/>\nMedidores de pot\u00eancia em grande escala altamente responsivos<br \/>\nSuporte para conex\u00f5es de modo bi-amplificado e em ponte<\/p>\n","protected":false},"excerpt":{"rendered":"<p>Repleto de tecnologias da mais alta qualidade, o amplificador de pot\u00eancia est\u00e9reo Classe AB P-4600 oferece desempenho de dire\u00e7\u00e3o supremo. O est\u00e1gio do amplificador de pot\u00eancia possui 6 transistores de pot\u00eancia push-pull paralelos, enquanto sua sa\u00edda nominal de 150 W em 8 ohms supera os modelos convencionais. Combinado com uma rela\u00e7\u00e3o sinal\/ru\u00eddo de 125 dB [&hellip;]<\/p>\n","protected":false},"featured_media":15187,"template":"","meta":{"_acf_changed":false},"product_brand":[],"product_cat":[229,27,28],"product_tag":[],"class_list":{"0":"post-15183","1":"product","2":"type-product","3":"status-publish","4":"has-post-thumbnail","6":"product_cat-accuphase","7":"product_cat-amplificador","8":"product_cat-estereo","10":"first","11":"instock","12":"sold-individually","13":"shipping-taxable","14":"purchasable","15":"product-type-simple"},"acf":[],"aioseo_notices":[],"_links":{"self":[{"href":"https:\/\/hificlub.com.br\/loja\/wp-json\/wp\/v2\/product\/15183","targetHints":{"allow":["GET"]}}],"collection":[{"href":"https:\/\/hificlub.com.br\/loja\/wp-json\/wp\/v2\/product"}],"about":[{"href":"https:\/\/hificlub.com.br\/loja\/wp-json\/wp\/v2\/types\/product"}],"wp:featuredmedia":[{"embeddable":true,"href":"https:\/\/hificlub.com.br\/loja\/wp-json\/wp\/v2\/media\/15187"}],"wp:attachment":[{"href":"https:\/\/hificlub.com.br\/loja\/wp-json\/wp\/v2\/media?parent=15183"}],"wp:term":[{"taxonomy":"product_brand","embeddable":true,"href":"https:\/\/hificlub.com.br\/loja\/wp-json\/wp\/v2\/product_brand?post=15183"},{"taxonomy":"product_cat","embeddable":true,"href":"https:\/\/hificlub.com.br\/loja\/wp-json\/wp\/v2\/product_cat?post=15183"},{"taxonomy":"product_tag","embeddable":true,"href":"https:\/\/hificlub.com.br\/loja\/wp-json\/wp\/v2\/product_tag?post=15183"}],"curies":[{"name":"wp","href":"https:\/\/api.w.org\/{rel}","templated":true}]}}