{"id":15168,"date":"2024-05-05T19:11:30","date_gmt":"2024-05-05T22:11:30","guid":{"rendered":"https:\/\/hificlub.com.br\/loja\/?post_type=product&#038;p=15168"},"modified":"2026-03-03T22:18:33","modified_gmt":"2026-03-04T01:18:33","slug":"bw-705-s3","status":"publish","type":"product","link":"https:\/\/hificlub.com.br\/loja\/produto\/bw-705-s3\/","title":{"rendered":"B&#038;W 705 S3"},"content":{"rendered":"<p>O tweeter Carbon Dome do 705 S3 est\u00e1 alojado em um gabinete Solid Body Tweeter-on-Top desenvolvido a partir da \u00faltima gera\u00e7\u00e3o do 800 Series Diamond. Isso se junta a um defletor novo e sutilmente curvo dotado de uma caixa totalmente nova \u2018pod\u2019 para seu driver de graves\/m\u00e9dios Continuum Cone.<\/p>\n<p>Experimente o detalhe<br \/>\nEste alto-falante bidirecional intransigente revela nuances sutis em m\u00fasicas que outras pessoas n\u00e3o percebem. Seus recursos de alto desempenho incluem um design Tweeter-on-Top de corpo s\u00f3lido emprestado do 800 Series Diamond.<\/p>\n<p>Uma casa para altas<br \/>\nfrequ\u00eancias<br \/>\nA s\u00e9rie 700 apresenta a \u00faltima gera\u00e7\u00e3o de nosso ic\u00f4nico corpo s\u00f3lido Tweeter-on-Top. Sua nova forma mais alongada incorpora um sistema de carregamento de tubo mais longo para produzir um som ainda mais livre e aberto com altas frequ\u00eancias. O inv\u00f3lucro cuidadosamente desacoplado \u00e9 fresado a partir de um \u00fanico bloco s\u00f3lido de alum\u00ednio para resistir melhor \u00e0 resson\u00e2ncia.<\/p>\n<p>Detalhes mais n\u00edtidos<br \/>\nOs tweeters Carbon Dome s\u00e3o constru\u00eddos especificamente para a S\u00e9rie 700. Oferecendo uma melhoria dram\u00e1tica no tweeter de c\u00fapula dupla de alum\u00ednio, eles aumentam o limite de interrup\u00e7\u00e3o para 47kHz, para precis\u00e3o e detalhes precisos da imagem.<\/p>\n<p>Som verdadeiramente incr\u00edvel<br \/>\nGra\u00e7as \u00e0 sua constru\u00e7\u00e3o composta, o cone Continuum\u2122 evita as transi\u00e7\u00f5es abruptas de comportamento que podem prejudicar o desempenho de uma unidade de acionamento convencional. O resultado \u00e9 um desempenho mais aberto e neutro que oferece vozes e instrumentos com precis\u00e3o e transpar\u00eancia.<\/p>\n<p>ESPECIFICA\u00c7\u00d5ES<br \/>\nTamanho e peso<br \/>\nDimens\u00f5es<br \/>\nAltura: gabinete de 345 mm (13,6 pol.) Apenas gabinete de<br \/>\n413 mm (16,3 pol.) Incluindo tweeter<br \/>\nLargura: gabinete de 192 mm (7,6 pol.)<br \/>\nProfundidade: gabinete de 297 mm (11,7 pol.) Apenas gabinete<br \/>\nde 337 mm (13,3 pol.) Inclui grade e terminais<br \/>\nPeso l\u00edquido<br \/>\n9,58 kg (21,1 libras)<br \/>\nDetalhes t\u00e9cnicos<br \/>\nCaracter\u00edsticas t\u00e9cnicas<br \/>\nTweeter de c\u00fapula de carbono desacoplado<br \/>\nTweeter de corpo s\u00f3lido no topo<br \/>\nContinuum\u2122 cone baixo\/m\u00e9dios<br \/>\nFlowport\u2122<br \/>\nImped\u00e2ncia m\u00e1xima recomendada do cabo<br \/>\n0,1\u03a9<br \/>\nDescri\u00e7\u00e3o<br \/>\nSistema de caixa ventilada de 2 vias<br \/>\nUnidades de acionamento<br \/>\n1x \u00f825mm (1 pol) Dome de carbono desacoplado de alta frequ\u00eancia<br \/>\n1x \u00f8165mm (6,5 pol) Cone baixo\/m\u00e9dios cont\u00ednuo<br \/>\nAlcance de frequ\u00eancia<br \/>\n45Hz e 33kHz<br \/>\nResposta de frequ\u00eancia<br \/>\n50Hz \u2013 28kHz \u00b13dB<br \/>\nSensibilidade<br \/>\n88dB spl (2,83Vrms, 1m)<br \/>\nDistor\u00e7\u00e3o harm\u00f4nica<br \/>\n2\u00ba e 3\u00ba harm\u00f4nicos (90dB, 1m no eixo)<br \/>\n&lt;1% 100Hz &#8211; 22kHz &lt;0,5% 150Hz &#8211; 20kHz imped\u00e2ncia nominal 8\u03a9 (m\u00ednimo 3,7\u03a9) Pot\u00eancia recomendada do amplificador 30W &#8211; 120W em 8\u03a9 no programa n\u00e3o cortado Acabamentos Acabamentos de gabinete Gloss Black Satin White Mocha Acabamentos da grelha Preto Cinzento (apenas Satin White)<\/p>\n","protected":false},"excerpt":{"rendered":"<p>O tweeter Carbon Dome do 705 S3 est\u00e1 alojado em um gabinete Solid Body Tweeter-on-Top desenvolvido a partir da \u00faltima gera\u00e7\u00e3o do 800 Series Diamond. Isso se junta a um defletor novo e sutilmente curvo dotado de uma caixa totalmente nova \u2018pod\u2019 para seu driver de graves\/m\u00e9dios Continuum Cone. Experimente o detalhe Este alto-falante bidirecional [&hellip;]<\/p>\n","protected":false},"featured_media":15169,"template":"","meta":{"_acf_changed":false},"product_brand":[],"product_cat":[19,25,17],"product_tag":[],"class_list":{"0":"post-15168","1":"product","2":"type-product","3":"status-publish","4":"has-post-thumbnail","6":"product_cat-bw","7":"product_cat-bookshelf","8":"product_cat-caixas","10":"first","11":"instock","12":"sold-individually","13":"shipping-taxable","14":"product-type-simple"},"acf":[],"aioseo_notices":[],"_links":{"self":[{"href":"https:\/\/hificlub.com.br\/loja\/wp-json\/wp\/v2\/product\/15168","targetHints":{"allow":["GET"]}}],"collection":[{"href":"https:\/\/hificlub.com.br\/loja\/wp-json\/wp\/v2\/product"}],"about":[{"href":"https:\/\/hificlub.com.br\/loja\/wp-json\/wp\/v2\/types\/product"}],"wp:featuredmedia":[{"embeddable":true,"href":"https:\/\/hificlub.com.br\/loja\/wp-json\/wp\/v2\/media\/15169"}],"wp:attachment":[{"href":"https:\/\/hificlub.com.br\/loja\/wp-json\/wp\/v2\/media?parent=15168"}],"wp:term":[{"taxonomy":"product_brand","embeddable":true,"href":"https:\/\/hificlub.com.br\/loja\/wp-json\/wp\/v2\/product_brand?post=15168"},{"taxonomy":"product_cat","embeddable":true,"href":"https:\/\/hificlub.com.br\/loja\/wp-json\/wp\/v2\/product_cat?post=15168"},{"taxonomy":"product_tag","embeddable":true,"href":"https:\/\/hificlub.com.br\/loja\/wp-json\/wp\/v2\/product_tag?post=15168"}],"curies":[{"name":"wp","href":"https:\/\/api.w.org\/{rel}","templated":true}]}}