{"id":15122,"date":"2024-05-05T17:00:34","date_gmt":"2024-05-05T20:00:34","guid":{"rendered":"https:\/\/hificlub.com.br\/loja\/?post_type=product&#038;p=15122"},"modified":"2026-03-03T22:18:34","modified_gmt":"2026-03-04T01:18:34","slug":"bw-606-s3","status":"publish","type":"product","link":"https:\/\/hificlub.com.br\/loja\/produto\/bw-606-s3\/","title":{"rendered":"B&#038;W 606 S3"},"content":{"rendered":"<p>Um \u00edcone aprimorado, o novo 606 S3 pega a premiada f\u00f3rmula 606 e a evolui. Ao complementar o cone Continuum e o tweeter Titanium Dome com terminais de alto-falante atualizados e um design sutilmente modernizado, o 606 \u00e9 agora ainda mais atraente para ainda mais amantes da m\u00fasica.<br \/>\n606 S3 \u2013 Belos detalhes em camadas<br \/>\nDetalhes bonitos e em camadas<br \/>\nO novo 606 S3 apresenta nosso novo tweeter Titanium Dome, que combina resolu\u00e7\u00e3o e percep\u00e7\u00e3o excepcionais com reprodu\u00e7\u00e3o de alta frequ\u00eancia suave e refinada. O resultado? Uma vis\u00e3o precisa e envolvente da sua m\u00fasica favorita.<\/p>\n<p>Som verdadeiramente incr\u00edvel<br \/>\n606 S3 apresenta nossa nova malha de grade de tweeter ainda mais transparente acusticamente, desenvolvida pela primeira vez para nossos reverenciados modelos Signature. Juntamente com o novo tweeter Titanium Dome, a resolu\u00e7\u00e3o e o realismo s\u00e3o excepcionais.<\/p>\n<p>606 S3 \u2013 Som verdadeiramente incr\u00edvel<br \/>\n606 S3 \u2013 Precis\u00e3o e transpar\u00eancia<br \/>\nPrecis\u00e3o e transpar\u00eancia<br \/>\nGra\u00e7as \u00e0 sua constru\u00e7\u00e3o composta, o cone Continuum evita transi\u00e7\u00f5es abruptas de comportamento que podem prejudicar o desempenho de uma unidade de acionamento convencional. Com o 606 S3, experimente uma performance mais aberta e neutra que oferece vozes e instrumentos com precis\u00e3o e transpar\u00eancia.<\/p>\n<p>Terminais de alto-falante atualizados<br \/>\nDerivado dos terminais de alto-falante introduzidos recentemente em nossa linha S\u00e9rie 700, os terminais de alto-falante do novo 606 S3 apresentam um layout aprimorado e um caminho de sinal mais limpo entre o amplificador e os alto-falantes.<\/p>\n<p>Tamanho e peso<br \/>\nPeso l\u00edquido<br \/>\n7,05 kg (15,5 libras)<br \/>\nDimens\u00f5es<br \/>\nAltura: somente gabinete de 344 mm (13,6 pol.)<br \/>\nLargura: somente gabinete de 189 mm (7,4 pol.)<br \/>\nProfundidade: somente gabinete de 300 mm (11,8 pol.)<br \/>\n328 mm (12,9 pol.), incluindo grade e terminais<br \/>\nDetalhes t\u00e9cnicos<br \/>\nUnidades de acionamento<br \/>\n1x \u00f825mm (1 pol.) Titanium Dome de alta frequ\u00eancia<br \/>\n1x \u00f8165mm (6,5 pol.) Cone cont\u00ednuo de graves\/m\u00e9dios<br \/>\nAlcance de frequ\u00eancia<br \/>\n-6dB 40Hz \u2013 33kHz<br \/>\nDistor\u00e7\u00e3o harm\u00f4nica<br \/>\n2\u00ba e 3\u00ba harm\u00f4nicos (90dB, 1m no eixo)<br \/>\n&lt;1% 100Hz &#8211; 22kHz &lt;0,5% 150Hz &#8211; 12kHz Imped\u00e2ncia nominal 8\u03a9 (m\u00ednimo 3,7\u03a9) Pot\u00eancia recomendada do amplificador 30W &#8211; 120W em 8\u03a9 no programa n\u00e3o cortado Caracter\u00edsticas t\u00e9cnicas Tweeter desacoplado de c\u00fapula dupla de tit\u00e2nio Continuum\u2122 cone graves\/m\u00e9dios Flowport\u2122 Descri\u00e7\u00e3o Sistema de caixa ventilada de 2 vias Imped\u00e2ncia m\u00e1xima recomendada do cabo 0,1\u03a9 Resposta de frequ\u00eancia (+\/-3dB do eixo de refer\u00eancia) 52Hz &#8211; 28kHz\u00b13dB Sensibilidade (no eixo a 2,83Vrms a 1m) 88dB<\/p>\n","protected":false},"excerpt":{"rendered":"<p>Um \u00edcone aprimorado, o novo 606 S3 pega a premiada f\u00f3rmula 606 e a evolui. Ao complementar o cone Continuum e o tweeter Titanium Dome com terminais de alto-falante atualizados e um design sutilmente modernizado, o 606 \u00e9 agora ainda mais atraente para ainda mais amantes da m\u00fasica. 606 S3 \u2013 Belos detalhes em camadas [&hellip;]<\/p>\n","protected":false},"featured_media":15123,"template":"","meta":{"_acf_changed":false},"product_brand":[],"product_cat":[19,25,17],"product_tag":[],"class_list":{"0":"post-15122","1":"product","2":"type-product","3":"status-publish","4":"has-post-thumbnail","6":"product_cat-bw","7":"product_cat-bookshelf","8":"product_cat-caixas","10":"first","11":"instock","12":"sold-individually","13":"shipping-taxable","14":"product-type-simple"},"acf":[],"aioseo_notices":[],"_links":{"self":[{"href":"https:\/\/hificlub.com.br\/loja\/wp-json\/wp\/v2\/product\/15122","targetHints":{"allow":["GET"]}}],"collection":[{"href":"https:\/\/hificlub.com.br\/loja\/wp-json\/wp\/v2\/product"}],"about":[{"href":"https:\/\/hificlub.com.br\/loja\/wp-json\/wp\/v2\/types\/product"}],"wp:featuredmedia":[{"embeddable":true,"href":"https:\/\/hificlub.com.br\/loja\/wp-json\/wp\/v2\/media\/15123"}],"wp:attachment":[{"href":"https:\/\/hificlub.com.br\/loja\/wp-json\/wp\/v2\/media?parent=15122"}],"wp:term":[{"taxonomy":"product_brand","embeddable":true,"href":"https:\/\/hificlub.com.br\/loja\/wp-json\/wp\/v2\/product_brand?post=15122"},{"taxonomy":"product_cat","embeddable":true,"href":"https:\/\/hificlub.com.br\/loja\/wp-json\/wp\/v2\/product_cat?post=15122"},{"taxonomy":"product_tag","embeddable":true,"href":"https:\/\/hificlub.com.br\/loja\/wp-json\/wp\/v2\/product_tag?post=15122"}],"curies":[{"name":"wp","href":"https:\/\/api.w.org\/{rel}","templated":true}]}}