{"id":15097,"date":"2024-05-05T08:17:04","date_gmt":"2024-05-05T11:17:04","guid":{"rendered":"https:\/\/hificlub.com.br\/loja\/?post_type=product&#038;p=15097"},"modified":"2026-03-03T22:18:34","modified_gmt":"2026-03-04T01:18:34","slug":"monitor-audio-pl200-3g","status":"publish","type":"product","link":"https:\/\/hificlub.com.br\/loja\/produto\/monitor-audio-pl200-3g\/","title":{"rendered":"MONITOR AUDIO PL200 3G"},"content":{"rendered":"<p>Descri\u00e7\u00e3o<\/p>\n<p>O Platinum 200 3G \u00e9 uma caixa torre de tr\u00eas vias fino e compacto, projetado para oferecer um desempenho rico e din\u00e2mico de alta qualidade com graves precisos e controlados. Ele possui um transdutor MPD III, um driver de m\u00e9dio porte RDT III de 4\u201d e drivers de graves duplos RDT III de 6\u201d.<\/p>\n<p>Capaz de fornecer n\u00edveis de extens\u00e3o de graves e detalhes normalmente encontrados apenas nos maiores alto-falantes de ch\u00e3o, o Platinum 200 3G \u00e9 capaz de fornecer um palco sonoro excepcionalmente grande a partir de um formato relativamente diminuto. O novo transdutor MPD III e os cones de driver de graves e m\u00e9dios RDT III refinaram o equil\u00edbrio geral do alto-falante e reduziram a distor\u00e7\u00e3o, ao mesmo tempo que permitem oferecer um desempenho excepcional que preenche a sala. Ele tamb\u00e9m se beneficia de um novo estabilizador fundido e um conjunto de pedestal montado em cruzamento.<\/p>\n<p>Caracter\u00edsticas principais<br \/>\n1 x transdutor de alta frequ\u00eancia MPD III para um som maior, mais claro e mais realista<br \/>\n1 driver de m\u00e9dio alcance RDT III de 4\u201d para n\u00edveis incr\u00edveis de clareza<br \/>\n2 drivers de graves RDT III de 6\u201d para escala e profundidade excepcionais<br \/>\nUm alto-falante de tr\u00eas vias fino e compacto de alto desempenho<br \/>\nPalco sonoro excepcionalmente grande para um alto-falante relativamente compacto<br \/>\nPorta traseira e ajustado para facilitar o posicionamento sem afetar o desempenho do som<br \/>\nPerfeito para sistemas hi-fi de alto desempenho ou home theater<br \/>\nOs arm\u00e1rios s\u00e3o embelezados com incrusta\u00e7\u00f5es gravadas para destacar o artesanato<br \/>\nEscolha entre tr\u00eas acabamentos elegantes e de alta qualidade: Piano Black, Piano Ebony e Pure Satin White<\/p>\n<p>Especifica\u00e7\u00f5es<\/p>\n<p>Formato do sistema: Resposta de frequ\u00eancia de 3 vias<\/p>\n<p>, campo livre (-6dB)\u200b: 32 Hz \u2013 60 kHz\u200b Resposta<\/p>\n<p>de frequ\u00eancia , no ambiente (-6dB): 23 Hz \u2013 60 kHz<\/p>\n<p>\u200b Sensibilidade (2,83 Vrms @ 1m, Free- Campo)\u200b\u200b: 88 dB<\/p>\n<p>Imped\u00e2ncia nominal: 4 Ohms<\/p>\n<p>Imped\u00e2ncia m\u00ednima (20 Hz a 20 kHz)\u200b\u200b: 4,0 Ohms\u200b a 2,5 kHz<\/p>\n<p>Manuseio cont\u00ednuo de pot\u00eancia\u200b \u200b(RMS em 4 Ohms, ru\u00eddo rosa com fator de crista de 6dB): 300 Pot\u00eancia<\/p>\n<p>recomendada do amplificador (RMS em 4 Ohm, sinal de m\u00fasica): 150 \u2013 600 W<\/p>\n<p>Alinhamento de graves:<\/p>\n<p>Porta portada Frequ\u00eancia de sintonia: 38 Hz<\/p>\n<p>Frequ\u00eancia de cruzamento<br \/>\nLF\/MF: 825 Hz<br \/>\nMF \/HF: 3 kHz<\/p>\n<p>Complemento da unidade de acionamento<br \/>\n2 x driver de baixo RDT III de 6&#8243;,<br \/>\n1 driver de m\u00e9dio alcance RDT III de 4&#8243;,<br \/>\n1 tweeter MPD III\u200b Dimens\u00f5es<\/p>\n<p>externas incluindo guarni\u00e7\u00f5es, terminais e p\u00e9s e pontas dos estabilizadores (A x L x P)<br \/>\n1041,6 x 368,7 x 454,9 mm (41 x 14,5 x 17,8&#8243;)<\/p>\n<p>Dimens\u00f5es externas incluindo guarni\u00e7\u00f5es, terminais e p\u00e9s estabilizadores sem pontas (A x L x P)<br \/>\n1025 x 368,7 x 454,9 mm\u200b (40,3 x 14,5 x 17,8&#8243;)<\/p>\n<p>Peso (cada)<br \/>\n35,8 kg\u200b (78) libras 14 on\u00e7as)<\/p>\n","protected":false},"excerpt":{"rendered":"<p>Descri\u00e7\u00e3o O Platinum 200 3G \u00e9 uma caixa torre de tr\u00eas vias fino e compacto, projetado para oferecer um desempenho rico e din\u00e2mico de alta qualidade com graves precisos e controlados. Ele possui um transdutor MPD III, um driver de m\u00e9dio porte RDT III de 4\u201d e drivers de graves duplos RDT III de 6\u201d. [&hellip;]<\/p>\n","protected":false},"featured_media":15098,"template":"","meta":{"_acf_changed":false},"product_brand":[],"product_cat":[17,109,18],"product_tag":[],"class_list":{"0":"post-15097","1":"product","2":"type-product","3":"status-publish","4":"has-post-thumbnail","6":"product_cat-caixas","7":"product_cat-monitor-audio","8":"product_cat-torres","10":"first","11":"instock","12":"sold-individually","13":"shipping-taxable","14":"purchasable","15":"product-type-simple"},"acf":[],"aioseo_notices":[],"_links":{"self":[{"href":"https:\/\/hificlub.com.br\/loja\/wp-json\/wp\/v2\/product\/15097","targetHints":{"allow":["GET"]}}],"collection":[{"href":"https:\/\/hificlub.com.br\/loja\/wp-json\/wp\/v2\/product"}],"about":[{"href":"https:\/\/hificlub.com.br\/loja\/wp-json\/wp\/v2\/types\/product"}],"wp:featuredmedia":[{"embeddable":true,"href":"https:\/\/hificlub.com.br\/loja\/wp-json\/wp\/v2\/media\/15098"}],"wp:attachment":[{"href":"https:\/\/hificlub.com.br\/loja\/wp-json\/wp\/v2\/media?parent=15097"}],"wp:term":[{"taxonomy":"product_brand","embeddable":true,"href":"https:\/\/hificlub.com.br\/loja\/wp-json\/wp\/v2\/product_brand?post=15097"},{"taxonomy":"product_cat","embeddable":true,"href":"https:\/\/hificlub.com.br\/loja\/wp-json\/wp\/v2\/product_cat?post=15097"},{"taxonomy":"product_tag","embeddable":true,"href":"https:\/\/hificlub.com.br\/loja\/wp-json\/wp\/v2\/product_tag?post=15097"}],"curies":[{"name":"wp","href":"https:\/\/api.w.org\/{rel}","templated":true}]}}