{"id":15090,"date":"2024-05-05T07:59:39","date_gmt":"2024-05-05T10:59:39","guid":{"rendered":"https:\/\/hificlub.com.br\/loja\/?post_type=product&#038;p=15090"},"modified":"2026-01-12T17:02:28","modified_gmt":"2026-01-12T20:02:28","slug":"monitor-audio-pl300-3g","status":"publish","type":"product","link":"https:\/\/hificlub.com.br\/loja\/produto\/monitor-audio-pl300-3g\/","title":{"rendered":"MONITOR AUDIO PL300 3G"},"content":{"rendered":"<p>O Platinum 300 3G<br \/>\nCom seu gabinete de apar\u00eancia elegante apresentando um defletor frontal e paredes laterais suavemente curvados e um painel traseiro c\u00f4ncavo, e seu conjunto de unidades de tweeter de fita dobrada, unidade de m\u00e9dio porte de 4&#8243; e dois woofers de 8&#8243;, o Platinum 300 3G da Monitor Audio \u00e9 muito semelhante ao alto-falante Platinum PL300 II que Robert Deutsch analisou em novembro de 2016 . Esses alto-falantes custavam US$ 14.496\/par naquela \u00e9poca; os 3G custam US$ 17.900\/par, o que, ajustado pela infla\u00e7\u00e3o, \u00e9 um pre\u00e7o inferior ao de seu antecessor.<\/p>\n<p>Existem diferen\u00e7as significativas, no entanto, todas destinadas a reduzir a distor\u00e7\u00e3o e aumentar a largura de banda do driver. O novo tweeter Micro Pleated Diaphragm (MPD) III, uma variante do Heil Air Motion Transformer (AMT), foi desenvolvido para o alto-falante Hyphn carro-chefe do 50\u00ba anivers\u00e1rio da Monitor Audio. O crossover da unidade de m\u00e9dio porte \u00e9 definido em 3kHz, e diz-se que a banda passante do tweeter se estende acima de 60kHz em compara\u00e7\u00e3o com&gt; 40kHz para um tweeter AMT t\u00edpico. O folheto para download do Monitor Audio menciona um aumento suave no eixo para maximizar os detalhes de alta frequ\u00eancia. O diafragma quadrado do tweeter \u00e9 cercado por um guia de ondas para controlar a diretividade.<br \/>\nA unidade de m\u00e9dio porte opera de 650 Hz a 3 kHz. Tanto seu cone quanto os dos woofers s\u00e3o feitos de um material Monitor Audio chamado Rigid Diaphragm Technology (RDT) III. Na frente do diafragma de tr\u00eas camadas h\u00e1 uma pel\u00edcula de alum\u00ednio revestido de cer\u00e2mica. Atr\u00e1s dele est\u00e1 um favo de mel Nomex e atr\u00e1s dele est\u00e3o duas camadas de fibra de carbono para reduzir a quebra do cone. Diz-se que as novas unidades t\u00eam um tratamento otimizado de borda de cone para estender suas bandas passantes, e os cones terminam com bordas de borracha inversas.<\/p>\n<p>As unidades de acionamento de frequ\u00eancia mais baixa s\u00e3o montadas em an\u00e9is de alum\u00ednio fundido que isolam o chassi do acionador do gabinete. N\u00e3o h\u00e1 hardware de montagem vis\u00edvel no defletor frontal. Em vez disso, existem fixa\u00e7\u00f5es aparafusadas que conectam cada driver ao painel traseiro enquanto atuam como um suporte r\u00edgido. A termina\u00e7\u00e3o de cada parafuso no painel traseiro possui um parafuso Torx central que pode ser utilizado para garantir que a fixa\u00e7\u00e3o n\u00e3o se solte durante o transporte ou uso. Uma chave Torx est\u00e1 inclu\u00edda.<\/p>\n<p>O gabinete curvo e refor\u00e7ado \u00e9 feito de camadas laminadas de MDF. O acabamento folheado \u00e9 embelezado com incrusta\u00e7\u00f5es gravadas antes da adi\u00e7\u00e3o de 16 camadas de laca. O gabinete assenta sobre quatro estabilizadores de alum\u00ednio, que podem ser equipados com p\u00e9s c\u00f4nicos. A unidade de m\u00e9dio porte \u00e9 montada em seu pr\u00f3prio subgabinete selado. Os woofers s\u00e3o carregados com duas portas suavemente alargadas no painel traseiro. Tampas de espuma s\u00e3o fornecidas no caso de as baixas frequ\u00eancias do 300 3G soarem exageradas em uma sala pequena ou se os alto-falantes tiverem que ser colocados perto dos limites da sala, embora o Monitor Audio avise que apenas uma tampa de porta deve ser usada para cada alto-falante. A conex\u00e3o el\u00e9trica \u00e9 feita por meio de dois pares de postes de liga\u00e7\u00e3o de alta qualidade, conectados com cabos curtos.<\/p>\n<p>Especifica\u00e7\u00f5es<br \/>\nDescri\u00e7\u00e3o: Alto-falante de ch\u00e3o de tr\u00eas vias, com carga reflexa. Unidades de acionamento: dois woofers RDT III de 8&#8243; (203 mm), unidade de m\u00e9dio porte RDT III de 4&#8243; (102 mm), tweeter MPD III. Frequ\u00eancia de sintonia da porta: 32Hz. Frequ\u00eancias de cruzamento: 650 Hz, 3 kHz. Resposta de frequ\u00eancia: 25Hz\u201360kHz, \u20136dB (campo livre); 17Hz\u201360kHz, \u20136dB (na sala). Imped\u00e2ncia nominal: 4 ohms. Imped\u00e2ncia m\u00ednima: 4,0 ohms a 3,75kHz. Sensibilidade: 88dB\/2,83V\/m (campo livre). Pot\u00eancia recomendada: 200\u2013800W, programa de m\u00fasica. Manuseio m\u00e1ximo de pot\u00eancia cont\u00ednua: 400W, ru\u00eddo rosa com fator de pico de 6dB. Acess\u00f3rios fornecidos: p\u00e9s c\u00f4nicos aparafusados, tamp\u00f5es de porta de espuma, chave sextavada de 6 mm para ajustar os p\u00e9s, ferramenta Torx para ajustar as unidades de acionamento, pano de limpeza.<br \/>\nDimens\u00f5es: 44,5&#8243; (1130 mm) A \u00d7 16,9&#8243; (429 mm) L \u00d7 20,6&#8243; (523 mm) P com guarni\u00e7\u00f5es, terminais e p\u00e9s estabilizadores. Peso: 118 lb (53,6 kg) cada.<br \/>\nAcabamento: Piano Black, Piano Ebony e Pure Satin Branco, embelezado com incrusta\u00e7\u00f5es gravadas.<\/p>\n","protected":false},"excerpt":{"rendered":"<p>O Platinum 300 3G Com seu gabinete de apar\u00eancia elegante apresentando um defletor frontal e paredes laterais suavemente curvados e um painel traseiro c\u00f4ncavo, e seu conjunto de unidades de tweeter de fita dobrada, unidade de m\u00e9dio porte de 4&#8243; e dois woofers de 8&#8243;, o Platinum 300 3G da Monitor Audio \u00e9 muito semelhante [&hellip;]<\/p>\n","protected":false},"featured_media":15091,"template":"","meta":{"_acf_changed":false},"product_brand":[],"product_cat":[17,109,18],"product_tag":[],"class_list":{"0":"post-15090","1":"product","2":"type-product","3":"status-publish","4":"has-post-thumbnail","6":"product_cat-caixas","7":"product_cat-monitor-audio","8":"product_cat-torres","10":"first","11":"instock","12":"sold-individually","13":"shipping-taxable","14":"purchasable","15":"product-type-simple"},"acf":[],"aioseo_notices":[],"_links":{"self":[{"href":"https:\/\/hificlub.com.br\/loja\/wp-json\/wp\/v2\/product\/15090","targetHints":{"allow":["GET"]}}],"collection":[{"href":"https:\/\/hificlub.com.br\/loja\/wp-json\/wp\/v2\/product"}],"about":[{"href":"https:\/\/hificlub.com.br\/loja\/wp-json\/wp\/v2\/types\/product"}],"wp:featuredmedia":[{"embeddable":true,"href":"https:\/\/hificlub.com.br\/loja\/wp-json\/wp\/v2\/media\/15091"}],"wp:attachment":[{"href":"https:\/\/hificlub.com.br\/loja\/wp-json\/wp\/v2\/media?parent=15090"}],"wp:term":[{"taxonomy":"product_brand","embeddable":true,"href":"https:\/\/hificlub.com.br\/loja\/wp-json\/wp\/v2\/product_brand?post=15090"},{"taxonomy":"product_cat","embeddable":true,"href":"https:\/\/hificlub.com.br\/loja\/wp-json\/wp\/v2\/product_cat?post=15090"},{"taxonomy":"product_tag","embeddable":true,"href":"https:\/\/hificlub.com.br\/loja\/wp-json\/wp\/v2\/product_tag?post=15090"}],"curies":[{"name":"wp","href":"https:\/\/api.w.org\/{rel}","templated":true}]}}