{"id":15078,"date":"2024-05-05T07:38:24","date_gmt":"2024-05-05T10:38:24","guid":{"rendered":"https:\/\/hificlub.com.br\/loja\/?post_type=product&#038;p=15078"},"modified":"2026-04-08T04:37:32","modified_gmt":"2026-04-08T07:37:32","slug":"accuphase-c-2300","status":"publish","type":"product","link":"https:\/\/hificlub.com.br\/loja\/produto\/accuphase-c-2300\/","title":{"rendered":"ACCUPHASE C-2300 Preamplificador"},"content":{"rendered":"<p>A empresa japonesa de audi\u00f3filos de \u00faltima gera\u00e7\u00e3o Accuphase lan\u00e7ou um novo pr\u00e9-amplificador, o C-2300. O modelo segue seu design cl\u00e1ssico possuindo dois grandes controles girat\u00f3rios e uma porta articulada no painel frontal dourado, sob a qual ficam escondidos v\u00e1rios controles. Eles incluem controles de tom para agudos, m\u00e9dios e graves, comuta\u00e7\u00e3o de ganho, equil\u00edbrio de canais, filtro passa-baixo e muito mais.<\/p>\n<p>O design deste novo pr\u00e9-amplificador \u00e9 baseado em uma configura\u00e7\u00e3o dual mono sim\u00e9trica. Isto implica a utiliza\u00e7\u00e3o de dois amplificadores mono independentes, totalmente id\u00eanticos e separados, cada um com a sua pr\u00f3pria fonte de alimenta\u00e7\u00e3o. O design utiliza o AAVA (Amplificador Anal\u00f3gico Vari-gain Accuphase) propriet\u00e1rio da Accuphase, com uma solu\u00e7\u00e3o exclusiva para controle de volume.<\/p>\n<p>Por mais de meio s\u00e9culo, a Accuphase continuou sua busca incans\u00e1vel pela cria\u00e7\u00e3o do circuito de controle de volume ideal. O pr\u00e9-amplificador C-2300 utiliza Balanced AAVA \u2013 o sucessor do sistema AAVA \u2013 para controlar o volume sem sacrificar a vibra\u00e7\u00e3o do som fonte. Um controle de tom de 4 bandas rec\u00e9m-adicionado permite ajustes finos no tom do som. Experimente a profundidade sonora da qualidade de som combinada e dos recursos superiores que o C-2300 oferece.<\/p>\n<p>Vis\u00e3o geral dos recursos:<br \/>\nControle de volume AAVA balanceado<br \/>\nRel\u00e9s de comuta\u00e7\u00e3o de sinal controlados por l\u00f3gica altamente confi\u00e1veis<br \/>\nFontes de alimenta\u00e7\u00e3o separadas para os canais esquerdo e direito<br \/>\nO design do sensor de volume proporciona uma sensa\u00e7\u00e3o de opera\u00e7\u00e3o silenciosa e suave<br \/>\nEntradas\/sa\u00eddas abundantes (5 entradas de n\u00edvel de linha, 2 sa\u00eddas de n\u00edvel de linha, 2 entradas balanceadas, 1 sa\u00edda balanceada)<br \/>\nEntradas EXT PRE balanceadas e de n\u00edvel de linha para conex\u00e3o de um pr\u00e9-amplificador externo<br \/>\nSele\u00e7\u00e3o de sa\u00edda (ALL\/LINE\/BAL\/OFF)<br \/>\nSeletor de gravador (OFF \/ ON \/ PLAY)<br \/>\nGanho geral selecion\u00e1vel (12 dB \/ 18 dB \/ 24 dB)<br \/>\nControle de equil\u00edbrio esquerdo\/direito com Balanced AAVA<br \/>\nComuta\u00e7\u00e3o MC\/MM (quando AD-60 \/ AD-50 \/ AD-30 \/ AD-20 est\u00e1 instalado)<br \/>\nComuta\u00e7\u00e3o ON\/OFF do filtro subs\u00f4nico (quando o AD-60 est\u00e1 instalado)<br \/>\nComuta\u00e7\u00e3o de imped\u00e2ncia de entrada de carga MC (quando o AD-60 est\u00e1 instalado, 30\/100\/200\/300 ohms)<br \/>\nSeletor de entrada DAC (quando DAC-60 \/ DAC-50 \/ DAC-40 est\u00e1 instalado)<br \/>\nConfigura\u00e7\u00e3o individual de fase e mem\u00f3ria para cada entrada<br \/>\nO sinal est\u00e9reo pode ser alterado para opera\u00e7\u00e3o monof\u00f4nica<br \/>\nSeletor de modo de exibi\u00e7\u00e3o<br \/>\nControle de tom de 4 bandas (40 Hz\/125 Hz, 500 Hz, 2 kHz, 8 kHz\/20 kHz)<br \/>\nAmplificador de fone de ouvido de alta qualidade e configura\u00e7\u00e3o discreta com est\u00e1gios de sa\u00edda push\/pull paralelos<br \/>\nIsoladores de ferro fundido com alto teor de carbono para amortecimento superior de vibra\u00e7\u00f5es<br \/>\nCompensador de Loudness para ajustar o equil\u00edbrio sonoro aud\u00edvel<br \/>\nAtenuador de volume que pode reduzir instantaneamente o som at\u00e9 \u201320 dB<br \/>\nAmplificador de fone de ouvido de alta qualidade<br \/>\nPlacas opcionais adicionais suportam sinais digitais e registros anal\u00f3gicos<br \/>\nComando Remoto RC-250<\/p>\n<p>Especifica\u00e7\u00f5es<\/p>\n<p>Resposta de frequ\u00eancia: 3Hz a 200kHz<\/p>\n<p>Distor\u00e7\u00e3o harm\u00f4nica total: 0,005%<\/p>\n<p>Ganho: 66dB (MC), 40dB (MM), 18dB (linha)<\/p>\n<p>Sensibilidade de entrada: 0,126mV (MC), 2,5mV (MM), 252mV (linha)<\/p>\n<p>Rela\u00e7\u00e3o sinal\/ru\u00eddo: 68dB (MC), 80dB (MM), 111dB (linha)<\/p>\n<p>Sa\u00edda: 252mV (linha), 2V (pr\u00e9-sa\u00edda), 7V (pr\u00e9-sa\u00edda m\u00e1x.)<\/p>\n<p>Dimens\u00f5es: 465 x 150 x 405 mm<\/p>\n<p>Peso: 19,3kg<\/p>\n<p>Acess\u00f3rios: controle remoto RC-250<\/p>\n","protected":false},"excerpt":{"rendered":"<p>A empresa japonesa de audi\u00f3filos de \u00faltima gera\u00e7\u00e3o Accuphase lan\u00e7ou um novo pr\u00e9-amplificador, o C-2300. O modelo segue seu design cl\u00e1ssico possuindo dois grandes controles girat\u00f3rios e uma porta articulada no painel frontal dourado, sob a qual ficam escondidos v\u00e1rios controles. Eles incluem controles de tom para agudos, m\u00e9dios e graves, comuta\u00e7\u00e3o de ganho, equil\u00edbrio [&hellip;]<\/p>\n","protected":false},"featured_media":42119,"template":"","meta":{"_acf_changed":false},"product_brand":[],"product_cat":[229,38],"product_tag":[],"class_list":{"0":"post-15078","1":"product","2":"type-product","3":"status-publish","4":"has-post-thumbnail","6":"product_cat-accuphase","7":"product_cat-pre-amplificador","9":"first","10":"instock","11":"sold-individually","12":"shipping-taxable","13":"purchasable","14":"product-type-simple"},"acf":[],"aioseo_notices":[],"_links":{"self":[{"href":"https:\/\/hificlub.com.br\/loja\/wp-json\/wp\/v2\/product\/15078","targetHints":{"allow":["GET"]}}],"collection":[{"href":"https:\/\/hificlub.com.br\/loja\/wp-json\/wp\/v2\/product"}],"about":[{"href":"https:\/\/hificlub.com.br\/loja\/wp-json\/wp\/v2\/types\/product"}],"wp:featuredmedia":[{"embeddable":true,"href":"https:\/\/hificlub.com.br\/loja\/wp-json\/wp\/v2\/media\/42119"}],"wp:attachment":[{"href":"https:\/\/hificlub.com.br\/loja\/wp-json\/wp\/v2\/media?parent=15078"}],"wp:term":[{"taxonomy":"product_brand","embeddable":true,"href":"https:\/\/hificlub.com.br\/loja\/wp-json\/wp\/v2\/product_brand?post=15078"},{"taxonomy":"product_cat","embeddable":true,"href":"https:\/\/hificlub.com.br\/loja\/wp-json\/wp\/v2\/product_cat?post=15078"},{"taxonomy":"product_tag","embeddable":true,"href":"https:\/\/hificlub.com.br\/loja\/wp-json\/wp\/v2\/product_tag?post=15078"}],"curies":[{"name":"wp","href":"https:\/\/api.w.org\/{rel}","templated":true}]}}