{"id":15012,"date":"2024-05-03T14:47:45","date_gmt":"2024-05-03T17:47:45","guid":{"rendered":"https:\/\/hificlub.com.br\/loja\/?post_type=product&#038;p=15012"},"modified":"2024-10-07T16:57:16","modified_gmt":"2024-10-07T19:57:16","slug":"rega-aria-mk1","status":"publish","type":"product","link":"https:\/\/hificlub.com.br\/loja\/produto\/rega-aria-mk1\/","title":{"rendered":"REGA ARIA MK1"},"content":{"rendered":"<p>O acabamento robusto, elegante,  e constru\u00eddo para durar.<br \/>\nO Aria possui duas entradas; um para MM e outro para MC.<\/p>\n<p>Excepcionalmente, a se\u00e7\u00e3o MC n\u00e3o \u00e9 apenas o circuito MM com algum ganho adicional, como acontece na maioria dos designs rivais.<br \/>\nAqui, a Rega projetou e implementou dois circuitos separados, cada um otimizado para as caracter\u00edsticas espec\u00edficas de cada tipo de cartucho.<br \/>\nEm teoria, isso deveria proporcionar um desempenho melhor.<\/p>\n<p>Embora a se\u00e7\u00e3o MM seja fixa \u2013 como de costume \u2013 h\u00e1 bastante ajuste de carregamento do cartucho no lado da bobina m\u00f3vel, permitindo ao usu\u00e1rio ajustar a capacit\u00e2ncia e a resist\u00eancia da entrada.<\/p>\n<p>Existem tamb\u00e9m duas configura\u00e7\u00f5es de ganho para MCs, 69,3db e 63,5db, para auxiliar na compatibilidade com uma gama mais ampla de cartuchos.<br \/>\nTodas essas configura\u00e7\u00f5es s\u00e3o ajustadas por meio de pequenos interruptores no painel traseiro do Aria.<\/p>\n<p>Ao contr\u00e1rio de alguns rivais, o Aria n\u00e3o precisa ser ligado por dias antes de sua performance come\u00e7ar a tocar. Soa logo ap\u00f3s alguns minutos, mostrando uma gama incomumente ampla de qualidades, independentemente da entrada escolhida.<br \/>\nEmbora a se\u00e7\u00e3o MM seja fixa \u2013 como de costume \u2013 h\u00e1 bastante ajuste de carregamento do cartucho no lado da bobina m\u00f3vel, permitindo ao usu\u00e1rio ajustar a capacit\u00e2ncia e a resist\u00eancia da entrada.<br \/>\nOs graves s\u00e3o texturizados adequadamente e entregues com bastante pot\u00eancia e ader\u00eancia. Ou\u00e7a Nevermind do Nirvana e a Rega estar\u00e1 em casa.<br \/>\nN\u00e3o falta impulso e ataque aqui, e uma precis\u00e3o r\u00edtmica que a maioria dos produtos rivais mal sugere. \u00c9 o tipo de som que chama a aten\u00e7\u00e3o, nunca perdendo at\u00e9 a faixa terminar.<br \/>\nO Aria \u00e9 um excelente polivalente. Ele oferece toda a paix\u00e3o do videotape pessimista do Radiohead, ao mesmo tempo em que retrata a majestade do J\u00fapiter de Holst com convic\u00e7\u00e3o. H\u00e1 poder, escala e autoridade em oferta, mas apenas quando a m\u00fasica precisa deles.<\/p>\n","protected":false},"excerpt":{"rendered":"<p>O acabamento robusto, elegante, e constru\u00eddo para durar. O Aria possui duas entradas; um para MM e outro para MC. Excepcionalmente, a se\u00e7\u00e3o MC n\u00e3o \u00e9 apenas o circuito MM com algum ganho adicional, como acontece na maioria dos designs rivais. Aqui, a Rega projetou e implementou dois circuitos separados, cada um otimizado para as [&hellip;]<\/p>\n","protected":false},"featured_media":15013,"template":"","meta":{"_acf_changed":false},"product_brand":[],"product_cat":[78,79,55],"product_tag":[],"class_list":{"0":"post-15012","1":"product","2":"type-product","3":"status-publish","4":"has-post-thumbnail","6":"product_cat-analogico-audio","7":"product_cat-pre-de-phono","8":"product_cat-rega","10":"first","11":"instock","12":"sold-individually","13":"shipping-taxable","14":"purchasable","15":"product-type-simple"},"acf":[],"aioseo_notices":[],"_links":{"self":[{"href":"https:\/\/hificlub.com.br\/loja\/wp-json\/wp\/v2\/product\/15012","targetHints":{"allow":["GET"]}}],"collection":[{"href":"https:\/\/hificlub.com.br\/loja\/wp-json\/wp\/v2\/product"}],"about":[{"href":"https:\/\/hificlub.com.br\/loja\/wp-json\/wp\/v2\/types\/product"}],"wp:featuredmedia":[{"embeddable":true,"href":"https:\/\/hificlub.com.br\/loja\/wp-json\/wp\/v2\/media\/15013"}],"wp:attachment":[{"href":"https:\/\/hificlub.com.br\/loja\/wp-json\/wp\/v2\/media?parent=15012"}],"wp:term":[{"taxonomy":"product_brand","embeddable":true,"href":"https:\/\/hificlub.com.br\/loja\/wp-json\/wp\/v2\/product_brand?post=15012"},{"taxonomy":"product_cat","embeddable":true,"href":"https:\/\/hificlub.com.br\/loja\/wp-json\/wp\/v2\/product_cat?post=15012"},{"taxonomy":"product_tag","embeddable":true,"href":"https:\/\/hificlub.com.br\/loja\/wp-json\/wp\/v2\/product_tag?post=15012"}],"curies":[{"name":"wp","href":"https:\/\/api.w.org\/{rel}","templated":true}]}}