{"id":14953,"date":"2024-04-25T07:29:53","date_gmt":"2024-04-25T10:29:53","guid":{"rendered":"https:\/\/hificlub.com.br\/loja\/?post_type=product&#038;p=14953"},"modified":"2026-03-03T22:18:34","modified_gmt":"2026-03-04T01:18:34","slug":"antipodes-k50-music-server-streamer","status":"publish","type":"product","link":"https:\/\/hificlub.com.br\/loja\/produto\/antipodes-k50-music-server-streamer\/","title":{"rendered":"ANTIPODES K50 Music Server Streamer"},"content":{"rendered":"<p>A primeira coisa que notei quando tirei o K50 da caixa foi sua qualidade de constru\u00e7\u00e3o robusta. O K50 \u00e9 s\u00f3lido como uma rocha, com um \u201cpeso de combate\u201d \u00e0 altura. Os p\u00e9s do K50 me impressionaram tanto que imediatamente tirei uma foto e enviei para um amigo da ind\u00fastria. Minha primeira impress\u00e3o foi completa e provavelmente funcionou muito bem para todos os clientes da Antipodes.<\/p>\n<p>\u00c2ngulo Traseiro K50.jpgO K50 apresenta um daqueles designs \u201co mais simples poss\u00edvel, e n\u00e3o mais simples\u201d no que diz respeito ao armazenamento de m\u00fasica. A unidade aceita at\u00e9 tr\u00eas SSDs de 2,5 polegadas por meio de slots na parte traseira. N\u00e3o h\u00e1 nada a fazer al\u00e9m de colocar um SSD no lugar. N\u00e3o precisa ser mais dif\u00edcil do que isso, e n\u00e3o \u00e9.<\/p>\n<p>Minha unidade foi enviada com um SSD de 256 GB, mas os clientes em potencial devem ter em mente que o primeiro SSD colocado na unidade deve ser grande. A vida do servidor de m\u00fasica ser\u00e1 muito mais f\u00e1cil se voc\u00ea come\u00e7ar com um SSD de 8 TB no slot um e precisar adicionar mais posteriormente, do que se come\u00e7ar muito pequeno e precisar substituir a unidade inicial. Existem raz\u00f5es t\u00e9cnicas s\u00f3lidas para isso, apenas confie em mim. Comece bem grande, se poss\u00edvel.<\/p>\n<p>Internamente o Antipodes K50 possui dois computadores. Huh? Sim, dois computadores, assim como todas as configura\u00e7\u00f5es de ponta que utilizam servidor e endpoint de rede (HQPlayer e NAA, Roon e Roon Ready, etc\u2026). Muitos leitores do Audiophile Style provavelmente se lembram dos primeiros dias, h\u00e1 mais de uma d\u00e9cada, quando duas solu\u00e7\u00f5es de computador eram inovadoras e lim\u00edtrofes. Hoje \u00e9 provavelmente a configura\u00e7\u00e3o mais comum (servidor &gt; endpoint).<\/p>\n<p>O K50 \u00e9 uma anomalia. Ele abriga o servidor e o endpoint\/player dentro de um \u00fanico chassi. Se algu\u00e9m quiser facilitar a vida dos f\u00e3s de UPnP com problemas de rede, colocar o servidor UPnP e o renderizador na mesma caixa, mas em dispositivos separados, alivia todos os problemas de rede e, dado o controle r\u00edgido de ambos os dispositivos, deve evitar a maioria dos problemas. problemas infames de reprodu\u00e7\u00e3o UPnP.<\/p>\n<p>Dois computadores dentro de uma \u00fanica caixa s\u00e3o \u00f3timos, exceto para amantes de m\u00fasica que desejam separar o servidor do endpoint com um link de rede de fibra \u00f3ptica isolante. Se esse for um recurso obrigat\u00f3rio, o K50 n\u00e3o marcar\u00e1 essa caixa. Por outro lado, combinar um Antipodes K41 e K22 resultar\u00e1 em um K50 de duas caixas, se assim desejar.<\/p>\n<p>A avalia\u00e7\u00e3o K50 chegou com o mais novo software Antipodes AMS v5.0.0 instalado. A beleza deste software \u00e9 que ele \u00e9 realmente uma plataforma a partir da qual v\u00e1rios itens podem ser lan\u00e7ados. Antipodes n\u00e3o oferece seu pr\u00f3prio aplicativo de organiza\u00e7\u00e3o e reprodu\u00e7\u00e3o de biblioteca de m\u00fasica, mas sim uma plataforma para os melhores aplicativos dispon\u00edveis.<\/p>\n<p>K50 01.jpgPor exemplo, o K50 pode executar Squeeze, Roon, Squeeze Player com Roon Server, HQPlayer, HQPlayer com Roon Server, MPD com MinimServer, MPD com MiniDLNA, MPD com Squeeze Server e Shairport. N\u00e3o consegue decidir qual usar? N\u00e3o tem problema, alterne entre eles com alguns cliques do mouse (e licen\u00e7a apropriada). Isto \u00e9 especialmente prudente hoje, dado que muitas pessoas est\u00e3o considerando alternativas ao Roon desde sua venda para a Harman\/Samsung. Testar ou trocar software n\u00e3o requer novo hardware com Antipodes, e nem mesmo requer mover a cole\u00e7\u00e3o de m\u00fasicas. Basta iniciar um aplicativo diferente e passar algum tempo ouvindo.<\/p>\n<p>Nota: A vers\u00e3o atual do HQPlayer \u00e9 4.x. Antipodes suportar\u00e1 HQPlayer 5.x no devido tempo, j\u00e1 que algumas depend\u00eancias do sistema operacional devem ser atendidas primeiro, antes que a v5 possa ser instalada. A equipe da Antipodes \u00e9 grande f\u00e3 do HQPlayer e entende a necessidade de fazer isso logo, mas tamb\u00e9m de fazer certo na primeira vez. A equipe me disse que a atualiza\u00e7\u00e3o final do AMSv5 incluir\u00e1 HQPv5.<\/p>\n<p>No meu sistema<br \/>\nEu adoraria dizer a todos que usei todas as configura\u00e7\u00f5es de software imagin\u00e1veis \u200b\u200b\u200b\u200bque o Antipodes tem a oferecer e escrevi uma revis\u00e3o de 100.000 palavras, espere, n\u00e3o, n\u00e3o faria isso. Selecionei minha combina\u00e7\u00e3o favorita atual para sistemas como este e ouvi m\u00fasica enquanto tentava encontrar falhas. Defino o m\u00e9todo de reprodu\u00e7\u00e3o K50 como MPD com MinimServer. Isso executa o MinimServer no computador servidor e o MPD, com o que suponho ser o renderizador UPnP upmpdcli, no computador player\/endpoint (ambos no mesmo chassi).<\/p>\n<p>jplay-ios.pngMinimServer com MPD no K50 me permite usar meu aplicativo de ponto de controle UPnP favorito, JPLAY para iOS . Copiei m\u00fasicas para o SSD interno do K50, liguei meu iPad Pro rodando JPLAY (streaming Tidal Max e reproduzindo arquivos locais) e fiz com que funcionasse perfeitamente em um piscar de olhos.<\/p>\n<p>Nota: Um potencial negativo desta configura\u00e7\u00e3o \u00e9 a falta de controle de volume no aplicativo do ponto de controle UPnP. JPLAY pode controlar o volume, mas os comandos de volume n\u00e3o podem ser passados \u200b\u200b\u200b\u200bpor AES ou USB do renderizador de software em execu\u00e7\u00e3o no K50 para o DAC de sua escolha. De qualquer forma, eu uso controles de volume diferentes em meus sistemas, ent\u00e3o isso n\u00e3o foi um problema para mim.<\/p>\n<p>Coloquei o Antipodes K50 em dois sistemas de \u00e1udio diferentes em minha casa, meu sistema principal e meu sistema desktop. Cham\u00e1-lo de sistema de desktop n\u00e3o faz justi\u00e7a, j\u00e1 que o K50 alimentava m\u00fasica via AES para um DAC dCS Lina, com sa\u00edda para um amplificador integrado baseado em Purifi Eigentakt 1ET400A, alimentando um par de Wilson Audio TuneTots.<\/p>\n<p>No meu sistema principal, o K50 entregou \u00e1udio via USB para um dCS Rossini APEX, para um pr\u00e9-amplificador Constellation Audio Inspiration, amplificadores Constellation Audio Inspiration Mono e alto-falantes Wilson Audio Alexia V.<\/p>\n<p>Embora eu tenha gostado muito do K50 em meu sistema \u201cdesktop\u201d, me diverti mais com ele em meu sistema principal, conectado via USB ao dCS Rossini APEX. Acho que isso n\u00e3o deveria ser um choque para ningu\u00e9m.<\/p>\n<p>Meus primeiros testes neste sistema envolveram ir direto para um \u00e1lbum cl\u00e1ssico 24\/192 que deve ser tocado sem intervalos e toc\u00e1-lo por 24 horas seguidas. Por que come\u00e7ar com algo f\u00e1cil, se eventualmente chegaremos aos itens com os quais o UPnP teve dificuldades anteriormente? O K50 rodando MinimServer e MPD e JPLAY iOS como ponto de controle foi impec\u00e1vel. Sem solu\u00e7os entre as faixas e m\u00fasica suave e sedosa tocando durante um dia inteiro.<\/p>\n<p>Especifica\u00e7\u00f5es<br \/>\nDescri\u00e7\u00e3o: Servidor de \u00e1udio dedicado rodando Fedora Linux. Cont\u00e9m um processador Intel i7 com 16 GB de RAM e at\u00e9 24 TB de SSD fornecido\/instalado pelo usu\u00e1rio. Entradas de dados digitais: Gigabit Ethernet (RJ45), dois USB3-A para discos de dados, dois USB-A para ripador externo, duas portas de manuten\u00e7\u00e3o, BNC TTL 75 ohm para word clock. Sa\u00edda de \u00e1udio digital: Ethernet de fluxo direto (RJ45) para streamer; USB 2.0 produz PCM para 32\/768, DoP para DSD512, DSD nativo para DSD512; S\/PDIF (RCA e BNC) produz PCM para 24\/192, DoP para DSD64; AES3 produz PCM para 24\/192, DoP para DSD64; Sa\u00eddas I 2 S HDMI e I 2 S RJ45 PCM para 32\/384, DoP para DSD256, Nativo para DSD512. Formatos suportados: WAV, AIFF, FLAC, ALAC, AAC, M4A, MP3, OGG, DSF, DFF, DXD, MQA.<br \/>\nDimens\u00f5es: 17,5&#8243; (445 mm) L \u00d7 4,7&#8243; (120 mm) A \u00d7 14,5&#8243; (370 mm) D. Peso: 42 lb (19 kg).<\/p>\n","protected":false},"excerpt":{"rendered":"<p>A primeira coisa que notei quando tirei o K50 da caixa foi sua qualidade de constru\u00e7\u00e3o robusta. O K50 \u00e9 s\u00f3lido como uma rocha, com um \u201cpeso de combate\u201d \u00e0 altura. Os p\u00e9s do K50 me impressionaram tanto que imediatamente tirei uma foto e enviei para um amigo da ind\u00fastria. Minha primeira impress\u00e3o foi completa [&hellip;]<\/p>\n","protected":false},"featured_media":14954,"template":"","meta":{"_acf_changed":false},"product_brand":[],"product_cat":[261,41,50],"product_tag":[],"class_list":{"0":"post-14953","1":"product","2":"type-product","3":"status-publish","4":"has-post-thumbnail","6":"product_cat-antipodes","7":"product_cat-digital","8":"product_cat-music-server","10":"first","11":"instock","12":"sold-individually","13":"shipping-taxable","14":"product-type-simple"},"acf":[],"aioseo_notices":[],"_links":{"self":[{"href":"https:\/\/hificlub.com.br\/loja\/wp-json\/wp\/v2\/product\/14953","targetHints":{"allow":["GET"]}}],"collection":[{"href":"https:\/\/hificlub.com.br\/loja\/wp-json\/wp\/v2\/product"}],"about":[{"href":"https:\/\/hificlub.com.br\/loja\/wp-json\/wp\/v2\/types\/product"}],"wp:featuredmedia":[{"embeddable":true,"href":"https:\/\/hificlub.com.br\/loja\/wp-json\/wp\/v2\/media\/14954"}],"wp:attachment":[{"href":"https:\/\/hificlub.com.br\/loja\/wp-json\/wp\/v2\/media?parent=14953"}],"wp:term":[{"taxonomy":"product_brand","embeddable":true,"href":"https:\/\/hificlub.com.br\/loja\/wp-json\/wp\/v2\/product_brand?post=14953"},{"taxonomy":"product_cat","embeddable":true,"href":"https:\/\/hificlub.com.br\/loja\/wp-json\/wp\/v2\/product_cat?post=14953"},{"taxonomy":"product_tag","embeddable":true,"href":"https:\/\/hificlub.com.br\/loja\/wp-json\/wp\/v2\/product_tag?post=14953"}],"curies":[{"name":"wp","href":"https:\/\/api.w.org\/{rel}","templated":true}]}}