{"id":14943,"date":"2024-04-25T07:10:04","date_gmt":"2024-04-25T10:10:04","guid":{"rendered":"https:\/\/hificlub.com.br\/loja\/?post_type=product&#038;p=14943"},"modified":"2026-03-03T22:18:35","modified_gmt":"2026-03-04T01:18:35","slug":"antipodes-oladra-streamer-server-reclocker","status":"publish","type":"product","link":"https:\/\/hificlub.com.br\/loja\/produto\/antipodes-oladra-streamer-server-reclocker\/","title":{"rendered":"ANTIPODES OLADRA Streamer Server Reclocker"},"content":{"rendered":"<p>A filosofia central da Antipodes<br \/>\nBem-vindo \u00e0 mente focada nos detalhes do CEO da Antipodes, Mark Jenkins. Mesmo antes de parar de fabricar cabos \u2013 \u201cporque h\u00e1 muita besteira no neg\u00f3cio de cabos\u201d \u2013 Jenkins come\u00e7ou a projetar servidores. Na entrevista mais longa que j\u00e1 conduzi com um fabricante (tanto em termos de dist\u00e2ncia quanto de tempo) e em diversas trocas de e-mails, ele explicou o que torna o Oladra e sua empresa \u00fanicos.<\/p>\n<p>\u201cSe voc\u00ea quiser usar um computador de merda\u201d como servidor de m\u00fasica, \u201cent\u00e3o compre-o\u201d, declarou Jenkins a certa altura. &#8220;Nossos servidores t\u00eam um som melhor porque temos um design melhor, com materiais melhores e mais caros.&#8221;<\/p>\n<p>Ao desenvolver um novo servidor, Jenkins come\u00e7a pensando no que o Antipodes pode fazer melhor. Depois que seus engenheiros traduzem teorias em um prot\u00f3tipo, ele e dois outros ouvintes experientes, cada um abordando a audi\u00e7\u00e3o de uma maneira diferente, avaliam o que ouvem. \u201cA \u00fanica coisa consistente entre n\u00f3s \u00e9 o mais importante: como a m\u00fasica nos faz sentir\u201d, disse Jenkins. &#8220;Nosso esp\u00edrito \u00e9 sobre m\u00fasica, n\u00e3o sobre tecnologia. Se parece certo &#8211; se eu sinto a emo\u00e7\u00e3o na m\u00fasica &#8211; est\u00e1 certo.&#8221;<\/p>\n<p>Para esse fim, o tempo \u00e9 fundamental. \u201c\u00c9 muito f\u00e1cil alimentar seu DAC com uns e zeros na ordem certa\u201d, disse ele. &#8220;Qualquer computador pode fazer isso. O que \u00e9 surpreendentemente dif\u00edcil \u00e9 enviar esses uns e zeros com tempo perfeito para o DAC. Vemos isso como idealmente exigindo quatro etapas. A primeira etapa executa um aplicativo de servidor, a segunda etapa executa um aplicativo de player, a terceira etapa cronometra o sinal antes de ir para o DAC, e a \u00faltima etapa envolve o reclock no DAC.<\/p>\n<p>&#8220;Nossos principais modelos, o Oladra e o K50, abrigam tr\u00eas mecanismos de processamento personalizados separados, um para cada etapa. Isso contrasta com a abordagem mais comum, que usa um \u00fanico computador b\u00e1sico com placas de E\/S especializadas para melhorar o sinal digital que vai para o DAC.<\/p>\n<p>&#8220;Nenhum circuito produz um resultado perfeito, ent\u00e3o sempre haver\u00e1 erros de temporiza\u00e7\u00e3o at\u00e9 certo ponto no que chega ao DAC. Infelizmente, erros de temporiza\u00e7\u00e3o em fontes de \u00e1udio digital causam um erro aud\u00edvel no sinal que o DAC produz. A distor\u00e7\u00e3o resultante \u00e9 mais flagrante aos ouvidos do que as distor\u00e7\u00f5es t\u00edpicas que ocorrem com fontes de \u00e1udio anal\u00f3gicas. Por esse motivo, para transmitir a m\u00fasica, a &#8216;barra de perfei\u00e7\u00e3o&#8217; \u00e9 definida mais alta para circuitos de \u00e1udio digital do que para circuitos de \u00e1udio anal\u00f3gico.&#8221;<\/p>\n<p>Quadraturando a onda<br \/>\nJenkins diz que os motores de processamento do Antipodes s\u00e3o ajustados no n\u00edvel do chip para gerenciar o ru\u00eddo e maximizar a largura de banda do sinal digital. Isso ocorre porque a gera\u00e7\u00e3o de ondas quadradas precisas requer uma largura de banda muito ampla e a tentativa de corrigir o ru\u00eddo ap\u00f3s o evento reduz a largura de banda. \u201cAnt\u00edpodes acredita que representar uma onda quadrada requer alta largura de banda para quadrar a onda em pelo menos sete ou mais harm\u00f4nicos acima da taxa de bits\u201d, escreveu Jenkins por e-mail. &#8220;Caso contr\u00e1rio, a onda quadrada ser\u00e1 menos quadrada e menos precisa na representa\u00e7\u00e3o do tempo.&#8221;<\/p>\n<p>Que tal filtrar ru\u00eddos de alta frequ\u00eancia? Jenkins diz, razoavelmente, que os filtros adicionam um tempo de subida e um tempo de descida \u00e0 onda quadrada, reduzindo a precis\u00e3o do tempo de transmiss\u00e3o do sinal. \u201cPara produzir uma onda quadrada limpa, voc\u00ea precisa reduzir o ru\u00eddo e passar quase instantaneamente de 0 para 1\u201d, disse ele. H\u00e1 mais uma coisa que voc\u00ea precisa para conseguir isso: uma fonte de alimenta\u00e7\u00e3o r\u00e1pida. &#8220;A \u00faltima coisa que voc\u00ea deseja em \u00e1udio digital \u00e9 uma fonte de alimenta\u00e7\u00e3o lenta.<\/p>\n<p>&#8220;Quando voc\u00ea projeta, h\u00e1 uma certa compensa\u00e7\u00e3o entre reduzir o ru\u00eddo e aumentar a largura de banda. Tanto as fontes de alimenta\u00e7\u00e3o lineares quanto os filtros retardam as coisas, manchando dicas de tempo sutis e imbuindo a m\u00fasica com uma qualidade mec\u00e2nica\/eletr\u00f4nica.<\/p>\n<p>&#8220;H\u00e1 seis anos, come\u00e7amos a tentar fabricar as fontes de alimenta\u00e7\u00e3o mais r\u00e1pidas poss\u00edveis. Em 2022, descobrimos como tirar completamente as fontes de alimenta\u00e7\u00e3o lineares de cena e n\u00e3o sofrer penalidades de ru\u00eddo. Nossas novas op\u00e7\u00f5es de design eliminam o vazamento de fluxo do grandes transformadores usados \u200b\u200bem fontes de alimenta\u00e7\u00e3o lineares e fornecem entrega de corrente muito mais r\u00e1pida, resultando em uma grande melhoria na qualidade do som.&#8221;<\/p>\n<p>Jenkins chama sua fonte de alimenta\u00e7\u00e3o de &#8220;modo de comuta\u00e7\u00e3o em cascata tripla&#8221; porque envolve tr\u00eas est\u00e1gios de regula\u00e7\u00e3o que se alimentam em s\u00e9rie. Cada est\u00e1gio utiliza uma topologia diferente, os est\u00e1gios s\u00e3o isolados uns dos outros e os transformadores s\u00e3o muito menores do que os das fontes lineares.<\/p>\n<p>Software<br \/>\nO Antipodes Oladra oferece um &#8220;jantar em fam\u00edlia&#8221; chin\u00eas com diversas op\u00e7\u00f5es de software. Quase 80% dos usu\u00e1rios optam pelo servi\u00e7o de assinatura Roon; o Oladra pode servir como Roon Core. Depois de ajustar algumas configura\u00e7\u00f5es, a interface perfeita do Roon, o gerenciamento da biblioteca, a integra\u00e7\u00e3o do servi\u00e7o de streaming, as refer\u00eancias cruzadas, o acesso \u00e0s notas do encarte e a facilidade de uso s\u00e3o auto-recomend\u00e1veis. O software da Roon n\u00e3o \u00e9 perfeito, principalmente quando se trata de pesquisar e catalogar corretamente conjuntos de multi-CDs, mas sua interface visual \u00e9 rica em informa\u00e7\u00f5es e suas in\u00fameras op\u00e7\u00f5es o tornam extremamente pr\u00e1tico e f\u00e1cil de usar.<\/p>\n<p>Roon fornece um servidor e um player, mas o servidor do Roon pode ser usado com um player separado. De acordo com Jenkins, um n\u00famero crescente de usu\u00e1rios do Antipodes est\u00e1 combinando Roon com SqueezePlayer ou HQPlayer. Outros escolhem uma solu\u00e7\u00e3o totalmente Squeeze ou MPD (nota de rodap\u00e9 2) com MinimServer. Outras op\u00e7\u00f5es de servidor incluem MiniDLNA, Plex e Sonus Server.<\/p>\n<p>Antipodes oferece uma alternativa de software ao Roon, que explorei longamente. Cham\u00e1-lo de software \u201cpr\u00f3prio\u201d da Antipodes, por\u00e9m, pode ser enganoso. \u201cTemos e n\u00e3o temos nosso pr\u00f3prio software\u201d, disse Jenkins em resposta a uma pergunta. O servidor da Antipodes \u00e9 o \u201cSqueeze\u201d, uma vers\u00e3o customizada do Logitech Media Server. \u201cSerei o primeiro a admitir que, comparado a Roon, temos trabalho a fazer.\u201d<\/p>\n<p>Ent\u00e3o, por que nem todo mundo usa o Roon? Do lado do servidor, nem todo mundo quer pagar a mensalidade. E os jogadores? \u201cOs diferentes aplicativos de reprodu\u00e7\u00e3o t\u00eam impacto na qualidade do som\u201d, disse-me Jenkins. &#8220;O Squeeze soa mais leve e r\u00e1pido que o Roon, e o HQPlayer fica em algum lugar entre eles. Mas \u00e9 muito dependente do sistema. Muitos que preferem o som do Squeeze usam o Roon com o Squeeze para continuar usando a interface superior do Roon. Alguns usam o Roon com o HQPlayer para acessar o DSP apresenta ofertas do HQPlayer.&#8221;<\/p>\n<p>Como tantos produtos de \u00e1udio hoje em dia, os servidores Antipodes n\u00e3o s\u00e3o tanto dispositivos com funcionalidade fixa, mas plataformas que permitem expans\u00e3o futura. \u201cH\u00e1 um n\u00edvel crescente de interesse na Antipodes oferecendo sua pr\u00f3pria solu\u00e7\u00e3o de reprodu\u00e7\u00e3o que inclui a cria\u00e7\u00e3o de poderosas funcionalidades DSP\u201d, disse Jenkins. &#8220;Mas isso abordaria apenas a camada de interface do usu\u00e1rio. Em vez disso, estamos desenvolvendo uma nova pilha completa, que integra a interface do usu\u00e1rio do player, a interface de gerenciamento do usu\u00e1rio, a camada de orquestra\u00e7\u00e3o, o sistema operacional e o firmware. Temos dois objetivos: qualidade de som e facilidade de uso Planejamos entregar uma vers\u00e3o simplificada ainda este ano e a vers\u00e3o completa em 2024.&#8221;<\/p>\n<p>Atr\u00e1s da frente est\u00e3o muitas sa\u00eddas e op\u00e7\u00f5es.<br \/>\nOs \u00fanicos indicadores na frente esbelta, de apar\u00eancia limpa e atraente do Oladra s\u00e3o dois pequenos LEDs: um verde brilhante para Ligado e um LED \u00e2mbar de ilumina\u00e7\u00e3o mais suave que indica quando o Oladra est\u00e1 em modo de espera. Ambos piscam durante a sequ\u00eancia liga\/desliga de um minuto (nota de rodap\u00e9 3), que \u00e9 acionada por um bot\u00e3o grande no painel frontal.<\/p>\n<p>O painel traseiro bem organizado do Oladra hospeda suas entradas, m\u00faltiplas sa\u00eddas, tr\u00eas slots SSD para armazenamento interno de arquivos, o bot\u00e3o liga \/ desliga principal, a entrada IEC e quase todo o resto. Voc\u00ea pode adicionar at\u00e9 24 TB de armazenamento interno \u2013 a Antipodes recomenda cart\u00f5es Samsung PM893 \u2013 deslizando at\u00e9 tr\u00eas cart\u00f5es nos slots de armazenamento at\u00e9 que se encaixem no lugar. O Oladra pode, \u00e9 claro, acessar arquivos armazenados remotamente em um NAS e transmitir m\u00fasica do Qobuz, Tidal e outros servi\u00e7os de streaming.<\/p>\n<p>Especifica\u00e7\u00f5es<br \/>\nDescri\u00e7\u00e3o: Servidor\/streamer de m\u00fasica dedicado com R21 Reclocker. Entrada: Ethernet (RJ45). Sa\u00eddas: Direct Stream Ethernet, USB 2.0 lida com PCM para 32\/768, DoP para DSD256, DSD nativo para DSD512; AES3 (XLR) lida com PCM para 24\/192 e DoP para DSD64; S\/PDIF em BNC e RCA e TosLink (3 sa\u00eddas separadas) lida com PCM para 24\/192 e DoP para DSD64; I 2 S em HDMI e RJ45 suporta PCM para 32\/384, DoP para DSD256 e DSD nativo para DSD512. Armazenamento: SSD Slide-Ins instal\u00e1veis \u200b\u200bpelo usu\u00e1rio em SSD de 3 baias de at\u00e9 24 TB.<br \/>\nDimens\u00f5es: 17,5&#8243; (445mm) L x 15,7&#8243; (400mm) P x 3,2&#8243; (80mm) A. Peso: 46lb (21kg).<br \/>\nAcabamento: Prata anodizada (natural) ou preto anodizado com a\u00e7o inoxid\u00e1vel polido e detalhes cromados.<\/p>\n","protected":false},"excerpt":{"rendered":"<p>A filosofia central da Antipodes Bem-vindo \u00e0 mente focada nos detalhes do CEO da Antipodes, Mark Jenkins. Mesmo antes de parar de fabricar cabos \u2013 \u201cporque h\u00e1 muita besteira no neg\u00f3cio de cabos\u201d \u2013 Jenkins come\u00e7ou a projetar servidores. Na entrevista mais longa que j\u00e1 conduzi com um fabricante (tanto em termos de dist\u00e2ncia quanto [&hellip;]<\/p>\n","protected":false},"featured_media":14950,"template":"","meta":{"_acf_changed":false},"product_brand":[],"product_cat":[261,41,50,142],"product_tag":[],"class_list":{"0":"post-14943","1":"product","2":"type-product","3":"status-publish","4":"has-post-thumbnail","6":"product_cat-antipodes","7":"product_cat-digital","8":"product_cat-music-server","9":"product_cat-streamers","11":"first","12":"instock","13":"sold-individually","14":"shipping-taxable","15":"product-type-simple"},"acf":[],"aioseo_notices":[],"_links":{"self":[{"href":"https:\/\/hificlub.com.br\/loja\/wp-json\/wp\/v2\/product\/14943","targetHints":{"allow":["GET"]}}],"collection":[{"href":"https:\/\/hificlub.com.br\/loja\/wp-json\/wp\/v2\/product"}],"about":[{"href":"https:\/\/hificlub.com.br\/loja\/wp-json\/wp\/v2\/types\/product"}],"wp:featuredmedia":[{"embeddable":true,"href":"https:\/\/hificlub.com.br\/loja\/wp-json\/wp\/v2\/media\/14950"}],"wp:attachment":[{"href":"https:\/\/hificlub.com.br\/loja\/wp-json\/wp\/v2\/media?parent=14943"}],"wp:term":[{"taxonomy":"product_brand","embeddable":true,"href":"https:\/\/hificlub.com.br\/loja\/wp-json\/wp\/v2\/product_brand?post=14943"},{"taxonomy":"product_cat","embeddable":true,"href":"https:\/\/hificlub.com.br\/loja\/wp-json\/wp\/v2\/product_cat?post=14943"},{"taxonomy":"product_tag","embeddable":true,"href":"https:\/\/hificlub.com.br\/loja\/wp-json\/wp\/v2\/product_tag?post=14943"}],"curies":[{"name":"wp","href":"https:\/\/api.w.org\/{rel}","templated":true}]}}