{"id":1488,"date":"2023-10-17T19:56:27","date_gmt":"2023-10-17T22:56:27","guid":{"rendered":"https:\/\/hificlub.com.br\/loja2\/produto\/mcintosh-c1000-pre-valvulado-e-transistorizado\/"},"modified":"2024-10-07T17:10:39","modified_gmt":"2024-10-07T20:10:39","slug":"mcintosh-c1000-pre-valvulado-e-transistorizado","status":"publish","type":"product","link":"https:\/\/hificlub.com.br\/loja\/produto\/mcintosh-c1000-pre-valvulado-e-transistorizado\/","title":{"rendered":"MCINTOSH C1000 Pre Dual Mono Valvulado e Transistorizado"},"content":{"rendered":"<p>Estado de conserva&ccedil;&atilde;o: 9\/10<\/p>\n<p>Descri\u00e7\u00e3o e fun\u00e7\u00f5es<br \/>\n\u201cO debate sobre quem soa melhor, v\u00e1lvulas ou transistores, continua forte depois de quarenta anos. McIntosh se destaca em ambas as tecnologias e a C1000 eleva a fasquia mais uma vez. Um design de tr\u00eas chassis que permite ao comprador a flexibilidade de escolher entre estado s\u00f3lido, tubo de v\u00e1cuo ou ambas as tecnologias.\u201d Estas s\u00e3o, em poucas palavras, as raz\u00f5es que levaram os t\u00e9cnicos da Mac a desenvolver um produto com um controlador separado, capaz de controlar e alimentar duas unidades pr\u00e9-amplificadoras id\u00eanticas em tamanho e conectividade, bem como bastante semelhantes em especifica\u00e7\u00f5es t\u00e9cnicas, apenas uma das quais no entanto (o C1000P, em v\u00e1rios lugares referido simplesmente como &#8220;C1000&#8221; quase como se fosse a vers\u00e3o &#8220;padr\u00e3o&#8221; do componente) s\u00e3o todos de estado s\u00f3lido.<br \/>\nA solu\u00e7\u00e3o de controlador separado obviamente n\u00e3o \u00e9 nova, est\u00e1 em voga h\u00e1 v\u00e1rios anos em alta fidelidade top de linha e j\u00e1 a encontramos, por exemplo, no Mark Levinson No. 32 testado no AUDIOreview 200, mas McIntosh tinha j\u00e1 o utilizou no C100 de 1997, ou seja, no primeiro dos est\u00e1gios evolutivos de seu pr\u00e9-amplificador carro-chefe que v\u00ea a terceira e mais atualizada fase no C1000.<\/p>\n<p>As vantagens desta forma de montar o projeto s\u00e3o consistentes: o controlador hospeda, trava e refina ao m\u00e1ximo as fontes de alimenta\u00e7\u00e3o, enviando apenas tens\u00f5es cont\u00ednuas e estabilizadas para a unidade pr\u00e9-amplificadora, cujas correntes podem facilmente se tornar completamente est\u00e1ticas em estado est\u00e1vel. estado com a conseq\u00fcente aus\u00eancia de transmiss\u00f5es eletromagn\u00e9ticas. Ele tamb\u00e9m hospeda e confina os circuitos l\u00f3gicos, que com seus rel\u00f3gios irradiam ondas quadradas ainda que fracas em frequ\u00eancias muito altas, permitindo que comandos el\u00e9tricos de atua\u00e7\u00e3o sejam enviados ao pr\u00e9-amplificador (n\u00edvel de volume, sele\u00e7\u00e3o de entrada, etc.) que possui um componente vari\u00e1vel somente quando eles s\u00e3o emitidos; o pr\u00f3prio pr\u00e9-amplificador tamb\u00e9m pode ser &#8220;projetado&#8221; sem restri\u00e7\u00f5es geom\u00e9tricas ligadas \u00e0 necessidade de isolar as se\u00e7\u00f5es cr\u00edticas das interfer\u00eancias mencionadas acima.<br \/>\nNa C1000, por\u00e9m, h\u00e1 uma progress\u00e3o adicional: n\u00e3o s\u00f3 a m\u00e1quina pode ser adaptada a um contexto extremamente complexo de fontes\/finais\/processadores, como para cada fonte \u00e9 poss\u00edvel escolher a tecnologia que melhor se adapta aos seus gostos, optando por exemplo para v\u00e1lvulas no caso de discos anal\u00f3gicos (o phono MM do C1000T \u00e9 valvulado) e r\u00e1dio FM, e confiando discos compactos, super CDs de \u00e1udio e muito mais ao estado s\u00f3lido, visto que quando o C1000P e o C1000T fazem 18 entradas dispon\u00edveis.<\/p>\n<p>Neste ponto, por\u00e9m, alguns dos leitores mais t\u00e9cnicos provavelmente come\u00e7ar\u00e3o a ter algumas d\u00favidas, relativas a uma quest\u00e3o fundamental \u201ce como juntam os lan\u00e7amentos para poder envi\u00e1-los para o mesmo final?\u201d. A resposta indireta do manual \u00e9 &#8220;coloc\u00e1-los em paralelo&#8221;, uma opera\u00e7\u00e3o diretamente poss\u00edvel no n\u00edvel dos soquetes de entrada balanceados em alguns amplificadores de pot\u00eancia McIntosh, mas vi\u00e1vel com qualquer outra entrada balanceada \u00fanica gra\u00e7as ao &#8220;Balanced Line Integrator&#8221; fornecido (ver foto). ). Uma vez abertos, esses adaptadores revelam consistir em dois soquetes XLR de entrada e tr\u00eas de sa\u00edda, todos diretamente em paralelo nos pinos hom\u00f3logos. As d\u00favidas do leitor t\u00e9cnico neste momento aumentar\u00e3o para um n\u00edvel de alerta: &#8220;ok, fazendo isso a condu\u00e7\u00e3o paralela \u00e9 poss\u00edvel, mas a sa\u00edda ativa ter\u00e1 a inativa como carga, com consequente redu\u00e7\u00e3o pela metade do sinal e do ganho. Al\u00e9m disso, mesmo que o dimensionamento dos est\u00e1gios de sa\u00edda seja certamente excepcional, geralmente n\u00e3o \u00e9 uma boa pr\u00e1tica ter um est\u00e1gio de linha funcionando com uma imped\u00e2ncia t\u00e3o baixa e, al\u00e9m disso, n\u00e3o passiva\u201d.<\/p>\n<p>O pr&eacute;-amplificador est&eacute;reo C1000 utiliza um design multi-chassi onde a se&ccedil;&atilde;o de controle e pot&ecirc;ncia &eacute; isolada das se&ccedil;&otilde;es de &aacute;udio puro. Esta abordagem n&atilde;o ortodoxa, ricamente projetada, realiza o isolamento absoluto das duas principais fun&ccedil;&otilde;es do pr&eacute;-amplificador: controle e som. \u200b<\/p>\n<p>O C1000 consiste em tr&ecirc;s m&oacute;dulos separados: uma unidade de controle C1000C, um pr&eacute;-amplificador de transistor C1000P e um pr&eacute;-amplificador de tubo de v&aacute;cuo C1000T. Dentro de cada m&oacute;dulo, os canais esquerdo e direito s&atilde;o eletricamente e mecanicamente isolados um do outro para permitir a verdadeira opera&ccedil;&atilde;o mono dual &#8211; resultando na melhor separa&ccedil;&atilde;o est&eacute;reo e pureza sonora.<\/p>\n<p>Voc&ecirc; pode optar por ter seu sistema configurado com o pr&eacute;-amplificador de transistor para a melhor qualidade de som cristalino absoluto ou com o pr&eacute;-amplificador de tubo para produzir aquele som de tubo quente e org&acirc;nico. A unidade de controle C1000C tamb&eacute;m pode ser configurada com as se&ccedil;&otilde;es de transistor e pr&eacute;-amplificador valvulado simultaneamente, permitindo a voc&ecirc; o luxo da escolha.<\/p>\n<p>Para m&aacute;xima fidelidade est&eacute;reo, os m&oacute;dulos pr&eacute;-amplificadores empregam topologias mono duplas produzindo mais de 130dB de separa&ccedil;&atilde;o de canal. O pr&eacute;-amplificador C1000 utiliza circuitos totalmente balanceados para complementar o n&iacute;vel de desempenho alcan&ccedil;ado em qualquer um dos amplificadores de pot&ecirc;ncia da McIntosh que utilizam circuitos balanceados Quad.<\/p>\n<p>C1000T (pr&eacute;-amplificador valvulado)<br \/>C1000P (Pr&eacute;-amplificador)<br \/>C1000C (Controlador)<\/p>\n<p>ESPECIFICA&Ccedil;&Otilde;ES&nbsp;<\/p>\n<p>Resposta de frequ&ecirc;ncia<br \/>+0, -0,5dB de 10 Hz a 40.000 Hz<\/p>\n<p>Distor&ccedil;&atilde;o Harm&ocirc;nica Total<br \/>0,002% de 20 Hz a 20.000 Hz<\/p>\n<p>A rela&ccedil;&atilde;o sinal-ru&iacute;do<br \/>N&iacute;vel alto, 100dB<br \/>Fono, 88dB<\/p>\n<p>Sa&iacute;da de Tens&atilde;o M&aacute;xima<br \/>12 V RMS n&atilde;o balanceado, 25 V RMS balanceado<\/p>\n<p>Imped&acirc;ncia de sa&iacute;da<br \/>220 ohms<\/p>\n<p>Sensibilidade<br \/>N&iacute;vel alto, 450mV para sa&iacute;da nominal de 2,5V<br \/>Phono MM, 4,5mV para sa&iacute;da nominal de 2,5V<br \/>Phono MC, 0,45mV para sa&iacute;da nominal de 2,5V<\/p>\n<p>Imped&acirc;ncia de entrada<br \/>N&iacute;vel alto, 22K ohms<br \/>Fono MM, 47K ohms; 50 a 750pF, em passos de 50pF<br \/>Phono MC: 25, 50, 100, 200, 400 ou 1.000 ohms; 100pF<\/p>\n<p>Sinal de entrada m&aacute;ximo<br \/>Alto N&iacute;vel, 5V Desbalanceado, 10V Balanceado<br \/>Fono MM, 50mV<br \/>Fono MC, 5mV<\/p>\n<p>ESPECIFICA&Ccedil;&Otilde;ES C1000 PR&Eacute;-AMPLIFICADOR DE TUBO<\/p>\n<p>Resposta de frequ&ecirc;ncia<br \/>+0, -0,5dB de 10 Hz a 20.000 Hz<\/p>\n<p>Distor&ccedil;&atilde;o Harm&ocirc;nica Total<br \/>0,08% de 20 Hz a 20.000 Hz<\/p>\n<p>A rela&ccedil;&atilde;o sinal-ru&iacute;do<br \/>Alto n&iacute;vel, 93dB<br \/>Fono, 80Db<\/p>\n<p>Sa&iacute;da de Tens&atilde;o M&aacute;xima<br \/>8 V RMS n&atilde;o balanceado, 16 V RMS balanceado<\/p>\n<p>Imped&acirc;ncia de sa&iacute;da<br \/>220 ohms<\/p>\n<p>Sensibilidade<br \/>N&iacute;vel alto, 450mV para sa&iacute;da nominal de 2,5V<br \/>Phono MM, 4,5mV para sa&iacute;da nominal de 2,5V<br \/>Phono MC, 0,45mV para sa&iacute;da nominal de 2,5V<\/p>\n<p>Imped&acirc;ncia de entrada<br \/>N&iacute;vel alto, 22K ohms<br \/>Fono MM, 47K ohms; 50 a 750pF, em passos de 50pF<br \/>Phono MC: 25, 50, 100, 200, 400 ou 1.000 ohms; 100pF<\/p>\n<p>Sinal de entrada m&aacute;ximo<br \/>Alto N&iacute;vel, 5V Desbalanceado, 10V Balanceado<br \/>Fono MM, 50mV<br \/>Fono MC, 5mV<\/p>\n<p>ESPECIFICA&Ccedil;&Otilde;ES C1000 CONTROLADOR<\/p>\n<p>Requerimentos poderosos<br \/>100 Volts, 50\/60 Hz a 120 watts<br \/>110 Volts, 50\/60 Hz a 120 watts<br \/>120 Volts, 50\/60 Hz a 120 watts<\/p>\n","protected":false},"excerpt":{"rendered":"<p>Estado de conserva&ccedil;&atilde;o: 9\/10 Descri\u00e7\u00e3o e fun\u00e7\u00f5es \u201cO debate sobre quem soa melhor, v\u00e1lvulas ou transistores, continua forte depois de quarenta anos. McIntosh se destaca em ambas as tecnologias e a C1000 eleva a fasquia mais uma vez. Um design de tr\u00eas chassis que permite ao comprador a flexibilidade de escolher entre estado s\u00f3lido, tubo [&hellip;]<\/p>\n","protected":false},"featured_media":15489,"template":"","meta":{"_acf_changed":false},"product_brand":[],"product_cat":[39,38],"product_tag":[],"class_list":{"0":"post-1488","1":"product","2":"type-product","3":"status-publish","4":"has-post-thumbnail","6":"product_cat-mcintosh","7":"product_cat-pre-amplificador","9":"first","10":"instock","11":"sold-individually","12":"shipping-taxable","13":"purchasable","14":"product-type-simple"},"acf":[],"aioseo_notices":[],"_links":{"self":[{"href":"https:\/\/hificlub.com.br\/loja\/wp-json\/wp\/v2\/product\/1488","targetHints":{"allow":["GET"]}}],"collection":[{"href":"https:\/\/hificlub.com.br\/loja\/wp-json\/wp\/v2\/product"}],"about":[{"href":"https:\/\/hificlub.com.br\/loja\/wp-json\/wp\/v2\/types\/product"}],"wp:featuredmedia":[{"embeddable":true,"href":"https:\/\/hificlub.com.br\/loja\/wp-json\/wp\/v2\/media\/15489"}],"wp:attachment":[{"href":"https:\/\/hificlub.com.br\/loja\/wp-json\/wp\/v2\/media?parent=1488"}],"wp:term":[{"taxonomy":"product_brand","embeddable":true,"href":"https:\/\/hificlub.com.br\/loja\/wp-json\/wp\/v2\/product_brand?post=1488"},{"taxonomy":"product_cat","embeddable":true,"href":"https:\/\/hificlub.com.br\/loja\/wp-json\/wp\/v2\/product_cat?post=1488"},{"taxonomy":"product_tag","embeddable":true,"href":"https:\/\/hificlub.com.br\/loja\/wp-json\/wp\/v2\/product_tag?post=1488"}],"curies":[{"name":"wp","href":"https:\/\/api.w.org\/{rel}","templated":true}]}}