{"id":14846,"date":"2024-04-18T07:01:05","date_gmt":"2024-04-18T10:01:05","guid":{"rendered":"https:\/\/hificlub.com.br\/loja\/?post_type=product&#038;p=14846"},"modified":"2026-03-25T15:54:28","modified_gmt":"2026-03-25T18:54:28","slug":"conrad-johnson-et250s-hibrido-250-watts","status":"publish","type":"product","link":"https:\/\/hificlub.com.br\/loja\/produto\/conrad-johnson-et250s-hibrido-250-watts\/","title":{"rendered":"CONRAD JOHNSON ET250S Hibrido 250 watts"},"content":{"rendered":"<p>ESTADO 9\/10<\/p>\n<p>O ET no nome do amplificador denota Enhanced Triode, em refer\u00eancia \u00e0s duas v\u00e1lvulas 6992 que fornecem ganho de tens\u00e3o em sua se\u00e7\u00e3o de entrada. Esses tubos est\u00e3o localizados na frente e no centro no estilo agora familiar do recesso curvo do painel frontal do mais recente produto Conrad-Johnson. Existem tr\u00eas placas planas, transparentes e semicirculares de plexiglass &#8211; duas com aberturas para os tubos e uma cobrindo a parte superior dos tubos. A placa superior \u00e9 remov\u00edvel por meio de uma ferramenta fornecida e, como um toque agrad\u00e1vel, s\u00e3o fornecidos quatro an\u00e9is amortecedores de tubo emborrachados rosa. O alto n\u00edvel de ajuste e acabamento do amplificador \u00e9 evidente em sua placa frontal de alum\u00ednio dourado de 0,25 polegadas e seu gabinete preto com dissipadores de calor de 1 polegada revestindo o painel lateral. Na parte traseira do gabinete h\u00e1 um par de postes de alto-falante banhados a ouro resistentes que aceitaram minha chave de poste de liga\u00e7\u00e3o Audioquest, um par de entradas RCA n\u00e3o balanceadas banhadas a ouro, um conector IEC AC, um gatilho de entrada selecion\u00e1vel de 12V e um par de porta-fus\u00edveis redondos. Al\u00e9m dos tubos de entrada parcialmente descobertos no painel frontal embutido est\u00e1 o bot\u00e3o liga \/ desliga de uma polegada de di\u00e2metro. A circunfer\u00eancia do interruptor acende quando est\u00e1 na posi\u00e7\u00e3o ligada. Espiar dentro do gabinete revela um excelente artesanato eletr\u00f4nico, como uma esp\u00e9cie de obra de arte eletr\u00f4nica para aqueles inclinados a pensar esse tipo de coisa.<\/p>\n<p>O ET250S \u00e9 constru\u00eddo com um design de feedback zero que, segundo Conrad-Johnson, \u00e9 criteriosamente empregado para permitir, entre outros benef\u00edcios, grada\u00e7\u00f5es mais refinadas da microdin\u00e2mica e reproduzir com precis\u00e3o o decaimento em transientes musicais. Eles continuam dizendo que, embora o aumento do feedback negativo diminua a distor\u00e7\u00e3o, o design cuidadoso dos circuitos, a alta qualidade das pe\u00e7as e o design da fonte de alimenta\u00e7\u00e3o tornam poss\u00edvel o design de feedback zero. O est\u00e1gio de sa\u00edda de estado s\u00f3lido do ET250S usa o que Conrad-Johnson afirma serem dispositivos bipolares de alta corrente que foram selecionados por sua imped\u00e2ncia de sa\u00edda extremamente baixa e sua capacidade de lidar com uma grande quantidade de corrente. CJ tamb\u00e9m afirma que os transformadores de pot\u00eancia \u201csuperdimensionados\u201d, reservat\u00f3rios \u201cmassivos\u201d de armazenamento de energia com deriva\u00e7\u00f5es de capacitores de alta velocidade, s\u00e3o em grande parte respons\u00e1veis \u200b\u200bpela excelente resposta transit\u00f3ria do amplificador. Em seus circuitos tamb\u00e9m apresentam, entre outras coisas, fia\u00e7\u00e3o interna de alta qualidade, capacitores de polipropileno, poliestireno e Teflon, exceto no armazenamento da fonte de alimenta\u00e7\u00e3o principal onde s\u00e3o utilizados eletrol\u00edticos de alta velocidade devido \u00e0 extremamente alta capacit\u00e2ncia necess\u00e1ria.<\/p>\n<p>Especifica\u00e7\u00f5es<br \/>\nTipo: Amplificador est\u00e9reo h\u00edbrido<br \/>\nPot\u00eancia de sa\u00edda: 250 wpc de 20 Hz a 20 kHz (400 wpc @ 4 Ohm)<br \/>\nComplemento de tubo: Dois 6922<br \/>\nSensibilidade: 1,85V \u00e0 pot\u00eancia nominal.<br \/>\nResposta de frequ\u00eancia (a 10 Watts): 20 Hz a 20 kHz (+\/- 0,25dB)<br \/>\nZumbido e ru\u00eddo: 104 dB abaixo da pot\u00eancia nominal<br \/>\nImped\u00e2ncia de entrada: 100 kOhms<br \/>\nDimens\u00f5es: 16,125 x 19 x 7,188 (DxLxA em polegadas)<br \/>\nPeso: 65 libras .<\/p>\n","protected":false},"excerpt":{"rendered":"<p>ESTADO 9\/10 O ET no nome do amplificador denota Enhanced Triode, em refer\u00eancia \u00e0s duas v\u00e1lvulas 6992 que fornecem ganho de tens\u00e3o em sua se\u00e7\u00e3o de entrada. Esses tubos est\u00e3o localizados na frente e no centro no estilo agora familiar do recesso curvo do painel frontal do mais recente produto Conrad-Johnson. Existem tr\u00eas placas planas, [&hellip;]<\/p>\n","protected":false},"featured_media":14847,"template":"","meta":{"_acf_changed":false},"product_brand":[],"product_cat":[27,32,28],"product_tag":[],"class_list":{"0":"post-14846","1":"product","2":"type-product","3":"status-publish","4":"has-post-thumbnail","6":"product_cat-amplificador","7":"product_cat-conrad-johnson","8":"product_cat-estereo","10":"first","11":"instock","12":"sold-individually","13":"shipping-taxable","14":"purchasable","15":"product-type-simple"},"acf":[],"aioseo_notices":[],"_links":{"self":[{"href":"https:\/\/hificlub.com.br\/loja\/wp-json\/wp\/v2\/product\/14846","targetHints":{"allow":["GET"]}}],"collection":[{"href":"https:\/\/hificlub.com.br\/loja\/wp-json\/wp\/v2\/product"}],"about":[{"href":"https:\/\/hificlub.com.br\/loja\/wp-json\/wp\/v2\/types\/product"}],"wp:featuredmedia":[{"embeddable":true,"href":"https:\/\/hificlub.com.br\/loja\/wp-json\/wp\/v2\/media\/14847"}],"wp:attachment":[{"href":"https:\/\/hificlub.com.br\/loja\/wp-json\/wp\/v2\/media?parent=14846"}],"wp:term":[{"taxonomy":"product_brand","embeddable":true,"href":"https:\/\/hificlub.com.br\/loja\/wp-json\/wp\/v2\/product_brand?post=14846"},{"taxonomy":"product_cat","embeddable":true,"href":"https:\/\/hificlub.com.br\/loja\/wp-json\/wp\/v2\/product_cat?post=14846"},{"taxonomy":"product_tag","embeddable":true,"href":"https:\/\/hificlub.com.br\/loja\/wp-json\/wp\/v2\/product_tag?post=14846"}],"curies":[{"name":"wp","href":"https:\/\/api.w.org\/{rel}","templated":true}]}}