{"id":14837,"date":"2024-04-18T06:46:45","date_gmt":"2024-04-18T09:46:45","guid":{"rendered":"https:\/\/hificlub.com.br\/loja\/?post_type=product&#038;p=14837"},"modified":"2025-10-17T05:16:03","modified_gmt":"2025-10-17T08:16:03","slug":"conrad-johnson-et3-valvulado","status":"publish","type":"product","link":"https:\/\/hificlub.com.br\/loja\/produto\/conrad-johnson-et3-valvulado\/","title":{"rendered":"CONRAD JOHNSON ET3 Pre Amplificador Valvulado"},"content":{"rendered":"<p>Pr\u00e9-amplificadores valvulado ET3<br \/>\nNa conrad-johnson, o desenvolvimento dos nossos principais produtos tem levado tradicionalmente a melhorias importantes nas nossas ofertas de n\u00edvel b\u00e1sico.<br \/>\nO pr\u00e9-amplificador ET3 \u00e9 um exemplo disso. O est\u00e1gio de linha ET3 \u00e9 uma vers\u00e3o \u201cbeb\u00ea\u201d do nosso principal pr\u00e9-amplificador de est\u00e1gio de linha, o GAT. A semelhan\u00e7a familiar \u00e9 muito mais do que superficial.<\/p>\n<p>Com ganho de tens\u00e3o fornecido por um tubo de v\u00e1cuo triodo, o circuito de est\u00e1gio de linha de feedback zero do ET3, junto com seus reguladores de tens\u00e3o CC, replica de perto o circuito do GAT.<\/p>\n<p>Finalmente, e especialmente digno de nota, o ET3 apresenta um circuito de controle de n\u00edvel de atenuador escalonado discreto operado por rel\u00e9 do tipo encontrado no GAT e CT5, ausente apenas a fun\u00e7\u00e3o de controle de equil\u00edbrio encontrada nesses modelos mais caros.<\/p>\n<p>Funcionalmente, o ET3 oferece recursos de E\/S altamente flex\u00edveis com seis entradas de n\u00edvel de linha separadas (incluindo um loop de \u201cfita\u201d), al\u00e9m de um loop de teatro que facilita o uso em um sistema de home theater. Al\u00e9m disso, o ET3 oferece a conveni\u00eancia do controle remoto infravermelho de todas as fun\u00e7\u00f5es.<\/p>\n<p>Para os entusiastas do vinil, o ET3 est\u00e1 opcionalmente dispon\u00edvel com um est\u00e1gio phono de tubo de v\u00e1cuo que empresta seu circuito de \u00e1udio de feedback zero do nosso est\u00e1gio phono de qualidade de refer\u00eancia TEA1.<br \/>\nOs clientes podem escolher entre vers\u00f5es de alto ganho (recomendado para cartuchos com sa\u00edda nominal de 1,0 mV ou menos) e baixo ganho (recomendado para cartuchos com sa\u00edda nominal superior a 1,0 mV) do est\u00e1gio phono. A carga resistiva de entrada pode ser selecionada por chave em uma faixa de 47 kOhms a 200 Ohms. O est\u00e1gio fono ET3 \u00e9 constru\u00eddo com o mesmo padr\u00e3o de alta qualidade encontrado no est\u00e1gio de linha ET3.<\/p>\n<p>Pe\u00e7as componentes de qualidade premium s\u00e3o especificadas para otimizar o desempenho e mant\u00ea-lo por muitos anos.<br \/>\nResistores de filme met\u00e1lico de precis\u00e3o proporcionam desempenho de baixo ru\u00eddo para maior clareza. Capacitores de polipropileno, utilizados exclusivamente nos circuitos de \u00e1udio e nas fontes de tens\u00e3o regulada da placa, oferecem extraordin\u00e1ria precis\u00e3o temporal.<\/p>\n<p>Na verdade, o ET3 \u00e9 constru\u00eddo de acordo com padr\u00f5es que atendem ou excedem os das ofertas \u201cprincipais\u201d de muitas empresas.<\/p>\n<p>Especifica\u00e7\u00f5es<br \/>\nGanho: 25db<br \/>\nSa\u00edda m\u00e1xima: 20 Vrms<br \/>\nImped\u00e2ncia de sa\u00edda: 100 ohms<br \/>\nDistor\u00e7\u00e3o: menos de 0,15% THD na sa\u00edda de 1,0 Vrms<br \/>\nResposta de frequ\u00eancia: com ganho unit\u00e1rio de 2 Hz a mais de 100 Khz<br \/>\nZumbido e ru\u00eddo: 98 db abaixo de 2,5 v<br \/>\nFase:<br \/>\ninvers\u00e3o de fase<br \/>\nComplemento de tubo: 1&#215;6922<br \/>\nEst\u00e1gio fono opcional ET3<br \/>\nVers\u00e3o de alto ganho<br \/>\n54dB<br \/>\nVers\u00e3o de baixo ganho<br \/>\n40dB<br \/>\nEqualiza\u00e7\u00e3o RIAA:<br \/>\n+\/- 0,25 db 20Hz a 20kHz<br \/>\nHum e ru\u00eddo:<br \/>\n-80dB em rela\u00e7\u00e3o \u00e0 entrada de 10mV<br \/>\nElogio de tubo:<br \/>\nvers\u00e3o de alto ganho<br \/>\n3x 12AX7<br \/>\nvers\u00e3o de baixo ganho<br \/>\n2x 12AX7, 1x 12AU7<br \/>\nDimens\u00f5es<br \/>\n13,125D x 19W x 3,315H polegadas<\/p>\n<p>Peso total<br \/>\n13 libras.<\/p>\n","protected":false},"excerpt":{"rendered":"<p>Pr\u00e9-amplificadores valvulado ET3 Na conrad-johnson, o desenvolvimento dos nossos principais produtos tem levado tradicionalmente a melhorias importantes nas nossas ofertas de n\u00edvel b\u00e1sico. O pr\u00e9-amplificador ET3 \u00e9 um exemplo disso. O est\u00e1gio de linha ET3 \u00e9 uma vers\u00e3o \u201cbeb\u00ea\u201d do nosso principal pr\u00e9-amplificador de est\u00e1gio de linha, o GAT. A semelhan\u00e7a familiar \u00e9 muito mais [&hellip;]<\/p>\n","protected":false},"featured_media":14838,"template":"","meta":{"_acf_changed":false},"product_brand":[],"product_cat":[32,38],"product_tag":[],"class_list":{"0":"post-14837","1":"product","2":"type-product","3":"status-publish","4":"has-post-thumbnail","6":"product_cat-conrad-johnson","7":"product_cat-pre-amplificador","9":"first","10":"instock","11":"sold-individually","12":"shipping-taxable","13":"purchasable","14":"product-type-simple"},"acf":[],"aioseo_notices":[],"_links":{"self":[{"href":"https:\/\/hificlub.com.br\/loja\/wp-json\/wp\/v2\/product\/14837","targetHints":{"allow":["GET"]}}],"collection":[{"href":"https:\/\/hificlub.com.br\/loja\/wp-json\/wp\/v2\/product"}],"about":[{"href":"https:\/\/hificlub.com.br\/loja\/wp-json\/wp\/v2\/types\/product"}],"wp:featuredmedia":[{"embeddable":true,"href":"https:\/\/hificlub.com.br\/loja\/wp-json\/wp\/v2\/media\/14838"}],"wp:attachment":[{"href":"https:\/\/hificlub.com.br\/loja\/wp-json\/wp\/v2\/media?parent=14837"}],"wp:term":[{"taxonomy":"product_brand","embeddable":true,"href":"https:\/\/hificlub.com.br\/loja\/wp-json\/wp\/v2\/product_brand?post=14837"},{"taxonomy":"product_cat","embeddable":true,"href":"https:\/\/hificlub.com.br\/loja\/wp-json\/wp\/v2\/product_cat?post=14837"},{"taxonomy":"product_tag","embeddable":true,"href":"https:\/\/hificlub.com.br\/loja\/wp-json\/wp\/v2\/product_tag?post=14837"}],"curies":[{"name":"wp","href":"https:\/\/api.w.org\/{rel}","templated":true}]}}