{"id":14808,"date":"2024-04-17T07:08:38","date_gmt":"2024-04-17T10:08:38","guid":{"rendered":"https:\/\/hificlub.com.br\/loja\/?post_type=product&#038;p=14808"},"modified":"2026-03-03T22:18:35","modified_gmt":"2026-03-04T01:18:35","slug":"cambridge-axn10-streamer-wifi-e-bluetooth","status":"publish","type":"product","link":"https:\/\/hificlub.com.br\/loja\/produto\/cambridge-axn10-streamer-wifi-e-bluetooth\/","title":{"rendered":"CAMBRIDGE AXN10 &#8211; Streamer WiFi e Bluetooth"},"content":{"rendered":"<p>Cambridge Audio AXN 10 &#8211; Reprodutor e streamer de \u00e1udio de rede WiFi de alta resolu\u00e7\u00e3o separado com Bluetooth 5.0, r\u00e1dio de Internet e ESS Sabre DAC &#8211; Cinza Lunar<\/p>\n<p>Opera\u00e7\u00e3o f\u00e1cil, som envolvente: Cambridge Audio AXN10 Network Streamer suporta DSD512, apresenta conectividade vers\u00e1til e TIDAL, Qobuz, Spoitify Connect integrados<br \/>\nAcesse instantaneamente servi\u00e7os de streaming de alta resolu\u00e7\u00e3o, r\u00e1dio na Internet, Apple Music, BBC Sounds e muito mais com o streamer\/player de rede Cambridge Audio AXN10. Apresentando Apple AirPlay 2, Google Chromecast e Bluetooth 5 integrados, o AXN10 pronto para Roon \u00e9 f\u00e1cil de configurar e ainda mais f\u00e1cil de controlar gra\u00e7as ao aplicativo StreamMagic da Cambridge. A maneira como voc\u00ea se conecta depende de voc\u00ea \u2014 e voc\u00ea tem op\u00e7\u00f5es. O AXN10 acomoda reprodu\u00e7\u00e3o USB, reprodu\u00e7\u00e3o sem fio e conex\u00e3o de cabo LAN. Um par de sa\u00eddas de n\u00edvel de linha RCA acompanha uma sa\u00edda coaxial e uma sa\u00edda digital \u00f3ptica. No painel traseiro, tudo est\u00e1 etiquetado com o lado direito para cima e de cabe\u00e7a para baixo para evitar o trabalho de ler as etiquetas ao se inclinar e conectar o AXN10 a um amplificador. Inteligente!<\/p>\n<p>Medindo apenas 3 x 16,9 x 12 polegadas (HWD), este dispositivo cabe em \u00e1reas apertadas e economiza espa\u00e7o precioso. Uma placa frontal de alum\u00ednio cinza lunar, gabinete de a\u00e7o preto e base flutuante fornecem suporte resistente a vibra\u00e7\u00f5es e uma est\u00e9tica limpa e elegante. No interior, um DAC ESS SABRE ES9033Q e um m\u00f3dulo StreamMagic Get 4 fazem o trabalho pesado. TIDAL, Qobuz e Spotify Connect integrados aumentam a simplicidade e a sonoridade atraentes. Sobre o \u00faltimo: voc\u00ea pode se surpreender com o qu\u00e3o claro, detalhado e din\u00e2mico um streamer nessa faixa de pre\u00e7o soa. D\u00ea cr\u00e9dito \u00e0 experi\u00eancia de mais de uma d\u00e9cada da Cambridge Audio com a categoria e seu pr\u00f3prio sistema StreamMagic.<\/p>\n<p>Al\u00e9m de suportar at\u00e9 DSD512 e PCM de 32 bits\/768kHz, o AXN10 de sete libras n\u00e3o sair\u00e1 de moda t\u00e3o cedo. As atualiza\u00e7\u00f5es over-the-air garantem que sua m\u00e1quina permanecer\u00e1 atualizada e no mesmo n\u00edvel da tecnologia moderna.<\/p>\n<p>Destaques<br \/>\nM\u00f3dulo StreamMagic Gen 4 \u2013 reprodu\u00e7\u00e3o r\u00e1pida e som de alta qualidade<br \/>\nESS SABRE ES9033Q DAC \u2013 para os mais recentes recursos de streaming<br \/>\nR\u00e1dio pela Internet de alta qualidade \u2013 gra\u00e7as ao suporte MPEG-DASH<br \/>\nSpotify Connect, TIDAL e Qobuz integrados \u2013 para o melhor som poss\u00edvel<br \/>\nRoon Ready \u2013 navega\u00e7\u00e3o f\u00e1cil em sua m\u00fasica digital<br \/>\nEscolha de conectividade \u2013 com reprodu\u00e7\u00e3o USB, RCA\/phono, coaxial e \u00f3ptico ou sem fio com Chromecast integrado, AirPlay 2 e Bluetooth 5.<br \/>\nDesign fino e elegante \u2013 largura hi-fi cl\u00e1ssica, para se adaptar ao seu sistema<\/p>\n<p>&nbsp;<\/p>\n","protected":false},"excerpt":{"rendered":"<p>Cambridge Audio AXN 10 &#8211; Reprodutor e streamer de \u00e1udio de rede WiFi de alta resolu\u00e7\u00e3o separado com Bluetooth 5.0, r\u00e1dio de Internet e ESS Sabre DAC &#8211; Cinza Lunar Opera\u00e7\u00e3o f\u00e1cil, som envolvente: Cambridge Audio AXN10 Network Streamer suporta DSD512, apresenta conectividade vers\u00e1til e TIDAL, Qobuz, Spoitify Connect integrados Acesse instantaneamente servi\u00e7os de streaming [&hellip;]<\/p>\n","protected":false},"featured_media":14810,"template":"","meta":{"_acf_changed":false},"product_brand":[],"product_cat":[52,43,41,142],"product_tag":[],"class_list":{"0":"post-14808","1":"product","2":"type-product","3":"status-publish","4":"has-post-thumbnail","6":"product_cat-cambridge","7":"product_cat-dac","8":"product_cat-digital","9":"product_cat-streamers","11":"first","12":"instock","13":"sold-individually","14":"shipping-taxable","15":"purchasable","16":"product-type-simple"},"acf":[],"aioseo_notices":[],"_links":{"self":[{"href":"https:\/\/hificlub.com.br\/loja\/wp-json\/wp\/v2\/product\/14808","targetHints":{"allow":["GET"]}}],"collection":[{"href":"https:\/\/hificlub.com.br\/loja\/wp-json\/wp\/v2\/product"}],"about":[{"href":"https:\/\/hificlub.com.br\/loja\/wp-json\/wp\/v2\/types\/product"}],"wp:featuredmedia":[{"embeddable":true,"href":"https:\/\/hificlub.com.br\/loja\/wp-json\/wp\/v2\/media\/14810"}],"wp:attachment":[{"href":"https:\/\/hificlub.com.br\/loja\/wp-json\/wp\/v2\/media?parent=14808"}],"wp:term":[{"taxonomy":"product_brand","embeddable":true,"href":"https:\/\/hificlub.com.br\/loja\/wp-json\/wp\/v2\/product_brand?post=14808"},{"taxonomy":"product_cat","embeddable":true,"href":"https:\/\/hificlub.com.br\/loja\/wp-json\/wp\/v2\/product_cat?post=14808"},{"taxonomy":"product_tag","embeddable":true,"href":"https:\/\/hificlub.com.br\/loja\/wp-json\/wp\/v2\/product_tag?post=14808"}],"curies":[{"name":"wp","href":"https:\/\/api.w.org\/{rel}","templated":true}]}}