{"id":14786,"date":"2024-04-17T06:14:32","date_gmt":"2024-04-17T09:14:32","guid":{"rendered":"https:\/\/hificlub.com.br\/loja\/?post_type=product&#038;p=14786"},"modified":"2026-03-03T22:18:35","modified_gmt":"2026-03-04T01:18:35","slug":"jbl-spinner-bt-toca-disco-bluetooth","status":"publish","type":"product","link":"https:\/\/hificlub.com.br\/loja\/produto\/jbl-spinner-bt-toca-disco-bluetooth\/","title":{"rendered":"JBL SPINNER BT Toca Disco Bluetooth"},"content":{"rendered":"<p>Descri\u00e7\u00e3o<br \/>\nReproduza sua cole\u00e7\u00e3o de discos instantaneamente em qualquer caixa de som ou fone de ouvido Bluetooth. Com a codifica\u00e7\u00e3o aptX\u2122 HD, n\u00e3o h\u00e1 comprometimento sonoro. O som dos seus discos t\u00e3o bom via Bluetooth quanto conectado por cabos. O JBL Spinner BT inclui sa\u00eddas anal\u00f3gicas para sistemas Hi-Fi existentes, com um pr\u00e9-amplificador phono integrado para usar com caixas de som ativas. Com prato e bra\u00e7o de alum\u00ednio, o JBL Spinner BT \u00e9 uma prova da alegria proporcionada pela m\u00fasica e pelos discos de vinil<\/p>\n<p>Bluetooth com aptX\u2122 HD<br \/>\nEmparelha-se rapidamente com seus alto-falantes ou fones de ouvido Bluetooth para uma conex\u00e3o instant\u00e2nea com sua cole\u00e7\u00e3o de discos. Usando a codifica\u00e7\u00e3o AptX-HD, n\u00e3o h\u00e1 comprometimento sonoro<\/p>\n<p>Componentes de alta qualidade<br \/>\nOu\u00e7a a qualidade dos registros sem destru\u00ed-los no processo. O bra\u00e7o de alum\u00ednio de alta qualidade garante excelente rastreamento do groove do disco, sem desgast\u00e1-lo. O rodap\u00e9 de madeira garante um som excelente em rela\u00e7\u00e3o \u00e0s alternativas de pl\u00e1stico, ao mesmo tempo que \u00e9 mais sustent\u00e1vel.<\/p>\n<p>Capa remov\u00edvel<br \/>\nA extremidade do bra\u00e7o, onde o cartucho \u00e9 encaixado, \u00e9 chamada de cabe\u00e7ote. \u00c9 remov\u00edvel, facilitando a substitui\u00e7\u00e3o e atualiza\u00e7\u00e3o do cartucho.<\/p>\n<p>Prato de alum\u00ednio e acionamento por correia<br \/>\nO prato de alum\u00ednio \u00e9 acionado por uma correia e um motor com um sensor \u00f3ptico embaixo para garantir que seus discos sejam reproduzidos perfeitamente no tempo a 33,3 rpm para \u00e1lbuns ou 45 rpm para EPs e singles.<\/p>\n<p>Cartucho magn\u00e9tico m\u00f3vel de alta qualidade pr\u00e9-instalado<br \/>\nUse o JBL Spinner BT direto da caixa com um cartucho magn\u00e9tico m\u00f3vel de alta qualidade j\u00e1 instalado e alinhado.<\/p>\n<p>Especifica\u00e7\u00f5es Gerais<br \/>\nTipo<br \/>\ntoca discos<br \/>\nMateriais de rodap\u00e9<br \/>\nMDF com acabamento preto<br \/>\nMateriais de prato<br \/>\nAlum\u00ednio fundido<br \/>\nMateriais para bra\u00e7os<br \/>\nAlum\u00ednio<br \/>\nRecursos do bra\u00e7o<br \/>\nCabe\u00e7a remov\u00edvel, contrapeso ajust\u00e1vel, anti-skate ajust\u00e1vel<br \/>\nCartucho fornecido<br \/>\nAudio Technica AT3600L<br \/>\nCaneta de substitui\u00e7\u00e3o<br \/>\nAudio Technica ATN3600L<br \/>\nSa\u00edda sem fio<br \/>\nBluetooth 5.2 com \u00e1udio Qualcomm aptX HD<br \/>\nVers\u00e3o do perfil Bluetooth<br \/>\nA2DP 1.4, AVRCP 1.6.2<br \/>\nFaixa de frequ\u00eancia Bluetooth<br \/>\n2,4 &#8211; 2,4835 GHz<br \/>\nM\u00e1x. Pot\u00eancia de transmiss\u00e3o<br \/>\n65dB<br \/>\nTipo de motor<br \/>\nAcionamento por correia CC<br \/>\nFonte de energia<br \/>\n12V CC 1A<br \/>\nDimens\u00f5es (incluindo tampa para baixo)<br \/>\n6,1&#8243; A x 17,1&#8243; L x 14,5&#8243; P (155 mm x 435 mm x 368 mm)<br \/>\nPeso do Produto<br \/>\n11,7 libras. (5,3kg)<br \/>\nDimens\u00f5es da embalagem<br \/>\n10&#8243; A x 21,5&#8243; L x 17,9&#8243; P (254 mm x 545 mm x 455 mm)<br \/>\nPeso<br \/>\n18,8 libras. (8,5kg)<\/p>\n","protected":false},"excerpt":{"rendered":"<p>Descri\u00e7\u00e3o Reproduza sua cole\u00e7\u00e3o de discos instantaneamente em qualquer caixa de som ou fone de ouvido Bluetooth. Com a codifica\u00e7\u00e3o aptX\u2122 HD, n\u00e3o h\u00e1 comprometimento sonoro. O som dos seus discos t\u00e3o bom via Bluetooth quanto conectado por cabos. O JBL Spinner BT inclui sa\u00eddas anal\u00f3gicas para sistemas Hi-Fi existentes, com um pr\u00e9-amplificador phono integrado [&hellip;]<\/p>\n","protected":false},"featured_media":14795,"template":"","meta":{"_acf_changed":false},"product_brand":[],"product_cat":[78,46,98],"product_tag":[],"class_list":{"0":"post-14786","1":"product","2":"type-product","3":"status-publish","4":"has-post-thumbnail","6":"product_cat-analogico-audio","7":"product_cat-jbl","8":"product_cat-toca-discos","10":"first","11":"instock","12":"sold-individually","13":"shipping-taxable","14":"purchasable","15":"product-type-simple"},"acf":[],"aioseo_notices":[],"_links":{"self":[{"href":"https:\/\/hificlub.com.br\/loja\/wp-json\/wp\/v2\/product\/14786","targetHints":{"allow":["GET"]}}],"collection":[{"href":"https:\/\/hificlub.com.br\/loja\/wp-json\/wp\/v2\/product"}],"about":[{"href":"https:\/\/hificlub.com.br\/loja\/wp-json\/wp\/v2\/types\/product"}],"wp:featuredmedia":[{"embeddable":true,"href":"https:\/\/hificlub.com.br\/loja\/wp-json\/wp\/v2\/media\/14795"}],"wp:attachment":[{"href":"https:\/\/hificlub.com.br\/loja\/wp-json\/wp\/v2\/media?parent=14786"}],"wp:term":[{"taxonomy":"product_brand","embeddable":true,"href":"https:\/\/hificlub.com.br\/loja\/wp-json\/wp\/v2\/product_brand?post=14786"},{"taxonomy":"product_cat","embeddable":true,"href":"https:\/\/hificlub.com.br\/loja\/wp-json\/wp\/v2\/product_cat?post=14786"},{"taxonomy":"product_tag","embeddable":true,"href":"https:\/\/hificlub.com.br\/loja\/wp-json\/wp\/v2\/product_tag?post=14786"}],"curies":[{"name":"wp","href":"https:\/\/api.w.org\/{rel}","templated":true}]}}