{"id":1444,"date":"2023-10-17T19:56:13","date_gmt":"2023-10-17T22:56:13","guid":{"rendered":"https:\/\/hificlub.com.br\/loja2\/produto\/klipsch-r-52c\/"},"modified":"2026-03-02T14:20:17","modified_gmt":"2026-03-02T17:20:17","slug":"klipsch-r-52cii","status":"publish","type":"product","link":"https:\/\/hificlub.com.br\/loja\/produto\/klipsch-r-52cii\/","title":{"rendered":"KLIPSCH R-52C II"},"content":{"rendered":"<p>ESTADO 9\/10<\/p>\n<p>Aprecie o di\u00e1logo aprimorado ao adicionar o alto \u2013 falante de canal central bidirecional Klipsch Reference R-52C ao seu sistema de home theater. Como alto-falante do canal central, o Reference R-52C lidar\u00e1 com a maior parte do di\u00e1logo em seus filmes e programas de TV favoritos quando usado em uma configura\u00e7\u00e3o tradicional de home theater. Possui um tweeter de 1 \u201cLTS emparelhado com uma corneta Tractrix de 90 x 90 \u00b0 e dois woofers IMG de fia\u00e7\u00e3o de cobre de 5,25\u201d para fornecer uma resposta de frequ\u00eancia de 89 Hz a 21 kHz. Pode suportar at\u00e9 100 W de pot\u00eancia cont\u00ednua a partir do seu amplificador de sua escolha.<\/p>\n<p>90 x 90 &amp; deg; Tractrix Horn<br \/>\nA buzina Tractrix foi projetada para garantir que a energia de alta frequ\u00eancia seja direcionada ao ouvinte e reduzir a reverb artificial ou a filtragem causada pelo som indireto quicando nas paredes.<br \/>\nTweeter de alum\u00ednio com suspens\u00e3o linear de viagem com suspens\u00e3o Kapton<br \/>\nOs tweeters de Suspens\u00e3o de viagem linear (LTS) ajudam a minimizar a distor\u00e7\u00e3o para melhorar o desempenho. O Kapton, o material usado na suspens\u00e3o do tweeter, foi projetado para fornecer alta efici\u00eancia e aumentar a resolu\u00e7\u00e3o e os detalhes.<br \/>\nWoofers de cobre girado IMG<br \/>\nOs woofers em grafite moldado por inje\u00e7\u00e3o (IMG) s\u00e3o projetados para serem leves, por\u00e9m r\u00edgidos, para ajudar a fornecer resposta aprimorada de baixa frequ\u00eancia com m\u00ednima quebra e distor\u00e7\u00e3o do cone.<br \/>\nReinforced MDF Cabinet<br \/>\nA constru\u00e7\u00e3o refor\u00e7ada de MDF ajuda a reduzir a vibra\u00e7\u00e3o do gabinete para uma colora\u00e7\u00e3o menos aud\u00edvel e maior precis\u00e3o sonora. Al\u00e9m disso, o design selado ajuda a fornecer op\u00e7\u00f5es de posicionamento flex\u00edveis com resposta aprimorada de graves, independentemente de onde estiver posicionado.<br \/>\nAcabamento em vinil resistente a riscos<br \/>\nEste alto-falante possui um acabamento de vinil de gr\u00e3o de madeira texturizado e resistente a arranh\u00f5es, projetado para integrar-se em praticamente qualquer decora\u00e7\u00e3o.<\/p>\n<p><strong>ESPECIFICA\u00c7\u00d5ES<\/strong><\/p>\n<p>Manipula\u00e7\u00e3o de potencia\u00a0\u00a0\u00a0\u00a0\u00a0\u00a0\u00a0\u00a0\u00a0\u00a0\u00a0 100 W RMS<\/p>\n<p>400 W Pico<\/p>\n<p>Drivers 1 x 1 \u201c\/ 25,4 mm Tweeter de alum\u00ednio<\/p>\n<p>2 x 5,25\u2033 \/ 133,35 mm Woofer em grafite fiado em cobre<\/p>\n<p>Tipo de gabinete\u00a0\u00a0\u00a0\u00a0\u00a0\u00a0\u00a0\u00a0\u00a0\u00a0\u00a0\u00a0 Selado<\/p>\n<p>Resposta de Freq\u00fc\u00eancia\u00a0\u00a0\u00a0\u00a0\u00a0\u00a0\u00a0\u00a0\u00a0\u00a0\u00a0\u00a0\u00a0\u00a0 89 Hz a 21 kHz<\/p>\n<p>Imped\u00e2ncia\u00a0\u00a0\u00a0\u00a0\u00a0\u00a0\u00a0 8 Ohms<\/p>\n<p>Conectividade com fio\u00a0\u00a0 1 x par de post de liga\u00e7\u00e3o<\/p>\n<p>Crossover\u00a0\u00a0\u00a0\u00a0\u00a0\u00a0\u00a0\u00a0\u00a0\u00a0 1630 Hz<\/p>\n<p>Sensibilidade\u00a0\u00a0\u00a0\u00a0 95 dB<\/p>\n<p>Fisica<\/p>\n<p>Cabinet Material\u00a0\u00a0\u00a0\u00a0\u00a0\u00a0\u00a0\u00a0\u00a0\u00a0\u00a0\u00a0\u00a0 MDF<\/p>\n<p>Dimens\u00f5es\u00a0\u00a0\u00a0\u00a0\u00a0\u00a0\u00a0\u00a0 18,8 x 7,3 x 7,6 \u201c\/ 476,0 x 185,0 x 194,0 mm<\/p>\n<p>Peso\u00a0\u00a0\u00a0\u00a0\u00a0 13,5 lb \/ 6,1 kg<\/p>\n<p>&nbsp;<\/p>\n","protected":false},"excerpt":{"rendered":"<p>ESTADO 9\/10 Aprecie o di\u00e1logo aprimorado ao adicionar o alto \u2013 falante de canal central bidirecional Klipsch Reference R-52C ao seu sistema de home theater. Como alto-falante do canal central, o Reference R-52C lidar\u00e1 com a maior parte do di\u00e1logo em seus filmes e programas de TV favoritos quando usado em uma configura\u00e7\u00e3o tradicional de [&hellip;]<\/p>\n","protected":false},"featured_media":1441,"template":"","meta":{"_acf_changed":false},"product_brand":[],"product_cat":[35,17,114],"product_tag":[],"class_list":{"0":"post-1444","1":"product","2":"type-product","3":"status-publish","4":"has-post-thumbnail","6":"product_cat-caixas-centrais","7":"product_cat-caixas","8":"product_cat-klipsch","10":"first","11":"instock","12":"sold-individually","13":"shipping-taxable","14":"purchasable","15":"product-type-simple"},"acf":[],"aioseo_notices":[],"_links":{"self":[{"href":"https:\/\/hificlub.com.br\/loja\/wp-json\/wp\/v2\/product\/1444","targetHints":{"allow":["GET"]}}],"collection":[{"href":"https:\/\/hificlub.com.br\/loja\/wp-json\/wp\/v2\/product"}],"about":[{"href":"https:\/\/hificlub.com.br\/loja\/wp-json\/wp\/v2\/types\/product"}],"wp:featuredmedia":[{"embeddable":true,"href":"https:\/\/hificlub.com.br\/loja\/wp-json\/wp\/v2\/media\/1441"}],"wp:attachment":[{"href":"https:\/\/hificlub.com.br\/loja\/wp-json\/wp\/v2\/media?parent=1444"}],"wp:term":[{"taxonomy":"product_brand","embeddable":true,"href":"https:\/\/hificlub.com.br\/loja\/wp-json\/wp\/v2\/product_brand?post=1444"},{"taxonomy":"product_cat","embeddable":true,"href":"https:\/\/hificlub.com.br\/loja\/wp-json\/wp\/v2\/product_cat?post=1444"},{"taxonomy":"product_tag","embeddable":true,"href":"https:\/\/hificlub.com.br\/loja\/wp-json\/wp\/v2\/product_tag?post=1444"}],"curies":[{"name":"wp","href":"https:\/\/api.w.org\/{rel}","templated":true}]}}