{"id":14419,"date":"2024-03-26T06:30:00","date_gmt":"2024-03-26T09:30:00","guid":{"rendered":"https:\/\/hificlub.com.br\/loja\/?post_type=product&#038;p=14419"},"modified":"2026-03-03T22:18:36","modified_gmt":"2026-03-04T01:18:36","slug":"ps-audio-directstream-mkii","status":"publish","type":"product","link":"https:\/\/hificlub.com.br\/loja\/produto\/ps-audio-directstream-mkii\/","title":{"rendered":"PS AUDIO DIRECTSTREAM MKII"},"content":{"rendered":"<p>DAC DirectStream MK2<br \/>\nEstamos muito orgulhosos de anunciar a nova atualiza\u00e7\u00e3o Mountain Top para nosso DirectStream DAC MK2 &#8211; Mount Massive. Esta revolucion\u00e1ria atualiza\u00e7\u00e3o gratuita traz uma nova vida a um j\u00e1 impressionante conversor digital para anal\u00f3gico. Como diz Paul: \u201cEsta \u00e9 a maior atualiza\u00e7\u00e3o que j\u00e1 ouvi nos 50 anos em que fiz isso. \u00c9 enorme\u2026 \u00c9 muito, muito grande\u201d. Voc\u00ea pode baixar a atualiza\u00e7\u00e3o do Mount Massive gratuitamente em nossa p\u00e1gina de downloads ou comprar um USB pr\u00e9-carregado com o Mount Massive .<br \/>\nConfira a an\u00e1lise de Tony Cordesman do DirectStream DAC MK2, bem como este post sobre o Monte. Estas an\u00e1lises foram reimpressas com a permiss\u00e3o de The Absolute Sound .<\/p>\n<p>Desde a sua introdu\u00e7\u00e3o inovadora, h\u00e1 8 anos, o PerfectWave DirectStream tem se destacado como um dos DACs mais not\u00e1veis \u200b\u200bj\u00e1 constru\u00eddos. Estamos entusiasmados em compartilhar com o mundo a pr\u00f3xima gera\u00e7\u00e3o desta maravilha tecnol\u00f3gica, o PerfectWave DirectStream DAC MK2. Ao contr\u00e1rio da grande maioria dos DACs de \u00faltima gera\u00e7\u00e3o baseados em tecnologia IC pronta para uso, o DirectStream MK2 \u00e9 uma convers\u00e3o manuscrita, discreta, galvanicamente isolada e baseada na perfei\u00e7\u00e3o que revela todas as informa\u00e7\u00f5es ausentes escondidas em sua m\u00eddia de \u00e1udio digital. CDs, streaming de \u00e1udio, m\u00eddia PCM de alta resolu\u00e7\u00e3o ou baseada em DSD s\u00e3o habilmente ampliados no DirectStream MK2 para vinte vezes a taxa DSD e emitidos como anal\u00f3gico puro diretamente em seu amplificador ou pr\u00e9-amplificador. Nunca houve um DAC com melhor som perto do pre\u00e7o do DirectStream MK2. O inovador DirectStream DAC foi a primeira escolha de milhares de ouvintes cr\u00edticos em todo o mundo e agora, com a introdu\u00e7\u00e3o do MK2, esse legado continuar\u00e1.<\/p>\n<p>Uma grande atualiza\u00e7\u00e3o<br \/>\nOu\u00e7a a opini\u00e3o de Paul sobre o que torna esta atualiza\u00e7\u00e3o do Mountain Top a melhor em 50 anos. A atualiza\u00e7\u00e3o da vers\u00e3o beta do Mount Massive inclui:<br \/>\nRu\u00eddo ultrass\u00f4nico reduzido em 30dB<br \/>\nMudou o ru\u00eddo ultrass\u00f4nico que permanece de 30kHz para al\u00e9m de 100kHz<br \/>\nRu\u00eddo aud\u00edvel reduzido em 10dB<br \/>\nAdicionado um novo buffer FPGA de lente digital<br \/>\nMelhorou drasticamente a qualidade do som<\/p>\n<p>Projeto<br \/>\nDirectStream MK2 converte cada um de seus sinais de entrada isolados galvanicamente, tanto PCM quanto DSD, em uma vers\u00e3o de 50 bits de alta taxa de amostragem que \u00e9 posteriormente convertida em DSD puro para sua convers\u00e3o final em anal\u00f3gico puro. O uso de FPGAs duplos em vez de um chip DAC pronto para uso fornece imenso poder de processamento, resultando em uma completa falta de brilho digital, e permite que o propriet\u00e1rio baixe nossas atualiza\u00e7\u00f5es gratuitas do sistema operacional \u00e0 medida que s\u00e3o lan\u00e7adas. A cada atualiza\u00e7\u00e3o gratuita do sistema operacional, novos n\u00edveis de resolu\u00e7\u00e3o e magia de \u00e1udio ir\u00e3o enriquecer e tornar novo este not\u00e1vel conversor D para A.<\/p>\n<p>Aplicativo<br \/>\nDirectStream MK2 \u00e9 o cora\u00e7\u00e3o de um sistema baseado em \u00e1udio digital com qualidade de refer\u00eancia verdadeira e de alta resolu\u00e7\u00e3o. Ele lida com todas as fontes PCM de at\u00e9 705,6 kHz e DSD de at\u00e9 256. Seu controle de volume digital com perda zero agora possui entradas, sa\u00eddas e fontes de alimenta\u00e7\u00e3o 100% isoladas galvanicamente.<\/p>\n<p>O DAC DirectStream com classifica\u00e7\u00e3o Stereophile Classe A + ficou muito melhor na vers\u00e3o MK2, resolvendo um dos maiores problemas do \u00e1udio digital: ru\u00eddo e instabilidade das fontes de entrada. Gra\u00e7as a uma tecnologia radicalmente nova, o DAC DirectStream MK2 elimina o ru\u00eddo de entrada e o tremor perturbador, isolando galvanicamente cada entrada, sa\u00edda, terra e fonte de energia deste not\u00e1vel novo DAC. Uma vez entregue atrav\u00e9s dessas entradas limpas e sem ru\u00eddo, o MK2 converte qualquer formato de entrada digital de CDs, servidores, computadores e streamers em um formato DSD puro e produz sa\u00edda anal\u00f3gica perfeita diretamente para seu amplificador de pot\u00eancia ou pr\u00e9-amplificador. Qualquer que seja o formato, taxa de amostragem ou meio, o DirectStream MK2 fornece uma sa\u00edda pura que cumpre a promessa de desempenho anal\u00f3gico de alta resolu\u00e7\u00e3o de fontes digitais. DirectStream MK2 \u00e9 o trabalho do guru de \u00e1udio digital da PS Audio, Ted Smith. Ao contr\u00e1rio dos DACs convencionais que dependem de chips DAC prontos para uso, o DirectStream MK2 \u00e9 escrito \u00e0 m\u00e3o em um par de FPGAs (Field Programmable Gate Array). Isso permite um processamento muito mais preciso do sinal digital, resultando em qualidade de som significativamente melhor e capacidade de atualiza\u00e7\u00e3o em campo. Periodicamente, a pesquisa cont\u00ednua de Ted Smith em reprodu\u00e7\u00e3o de \u00e1udio digital proporciona outro avan\u00e7o no desempenho. Os propriet\u00e1rios do DirectStream MK2 DAC recebem gratuitamente na forma de uma atualiza\u00e7\u00e3o para download. Desta forma, os propriet\u00e1rios do DirectStream MK2 podem ter certeza de que sua unidade continuar\u00e1 a melhorar com o tempo. Ou\u00e7a o que faltou na sua m\u00fasica durante todos esses anos. Se voc\u00ea conhece o som da m\u00fasica e dos instrumentos e quer ouvir o que est\u00e1 faltando nos seus discos, ent\u00e3o este DAC \u00e9 ideal para voc\u00ea.<\/p>\n<p>Especifica\u00e7\u00f5es &#8211; DirectStream DAC MK2<br \/>\nF\u00edsico<br \/>\nUnidade de peso\t21 libras [9,53 kg]<br \/>\nDimens\u00f5es da Unidade\t14\u201d x 17\u201d x 4\u201d [36cm x 43cm x 10cm]<br \/>\nPeso\t30 libras [13,6 kg]<br \/>\nDimens\u00f5es da embalagem\t20,5\u201dx 24\u201d x 10\u201d [52cm x 61cm x 25cm]<br \/>\nRequerimentos poderosos<br \/>\nPot\u00eancia de entrada\tEspec\u00edfico do modelo 100 VCA, 120 VCA ou 230 VCA 50 ou 60 Hz<br \/>\nConsumo de energia\t25W<br \/>\nEntradas de \u00e1udio digital<br \/>\nI2S (2), Coaxial, XLR balanceado (2), \u00d3ptico, USB<br \/>\nTaxas de amostragem<br \/>\n\u00d3ptico (TOSLink) : PCM 16 e 24 bits a 44,1kHz, 48kHz, 88,2kHz e 96kHz<\/p>\n<p>S\/PDIF e AES3 : PCM 16 e 24 bits em 44,1kHz, 48kHz, 88,2kHz, 96kHz, 176,4kHz e 192kHz; DoP64<\/p>\n<p>Dual AES3 : PCM 16 e 24 bits em 44,1kHz, 48kHz, 88,2kHz, 96kHz, 176,4kHz, 192kHz e 352,8kHz; DoP64 e DoP128<\/p>\n<p>I2S : PCM 16 e 24 bits em 44,1kHz, 48kHz, 88,2kHz, 96kHz, 176,4kHz, 192kHz, 352,8kHz e 705,6; DoP64, DoP128, DoP256, DSD64, DSD128 e DSD256<\/p>\n<p>USB : PCM 16 e 24 bits a 44,1 kHz, 48 kHz, 88,2 kHz, 96 kHz, 176,4 kHz, 192 kHz, 352,8 kHz e 705,6; DoP64, DoP128, DoP256, DSD64, DSD128 e DSD256<\/p>\n<p>Sa\u00edda de \u00e1udio anal\u00f3gica<br \/>\nConector\tRCA single-ended ou balanceado, XLR balanceado<br \/>\nN\u00edvel de sa\u00edda alto, m\u00e1ximo\t4 VRMS balanceado<br \/>\n2 VRMS com termina\u00e7\u00e3o \u00fanica<br \/>\nImped\u00e2ncia de Sa\u00edda\t&lt;100\u03a9\/&lt;200\u03a9<br \/>\nResposta de frequ\u00eancia\t20-20KHz +\/- 0,25dB<br \/>\nTHD+N @ 1KHz (escala completa)\t 210dB, controle de volume e modulador Sigma Delta: &gt; 330dB<br \/>\nControle de volume digital\tPerda zero de precis\u00e3o<br \/>\nM\u00e9todo de convers\u00e3o anal\u00f3gica\tfiltro passa-baixo DSD256 (DSD de taxa qu\u00e1drupla: DSD de bit \u00fanico a 11,2896 MHz)<br \/>\nEntrada Digital I2S<br \/>\nConector\tHDMI<br \/>\nFormatar\tPCM ou DSD. DoP em todas as entradas, bem como DSD bruto nas entradas I2S<br \/>\nEntrada Digital USB<br \/>\nConector\tTipo USB \u201cB\u201d<br \/>\nFormatar\tPCM, DoP v1.1 (DSD sobre PCM) ou DSD nativo<br \/>\nModo de transfer\u00eancia\tAss\u00edncrono<\/p>\n","protected":false},"excerpt":{"rendered":"<p>DAC DirectStream MK2 Estamos muito orgulhosos de anunciar a nova atualiza\u00e7\u00e3o Mountain Top para nosso DirectStream DAC MK2 &#8211; Mount Massive. Esta revolucion\u00e1ria atualiza\u00e7\u00e3o gratuita traz uma nova vida a um j\u00e1 impressionante conversor digital para anal\u00f3gico. Como diz Paul: \u201cEsta \u00e9 a maior atualiza\u00e7\u00e3o que j\u00e1 ouvi nos 50 anos em que fiz isso. [&hellip;]<\/p>\n","protected":false},"featured_media":14420,"template":"","meta":{"_acf_changed":false},"product_brand":[],"product_cat":[43,41,54],"product_tag":[],"class_list":{"0":"post-14419","1":"product","2":"type-product","3":"status-publish","4":"has-post-thumbnail","6":"product_cat-dac","7":"product_cat-digital","8":"product_cat-ps-audio","10":"first","11":"instock","12":"sold-individually","13":"shipping-taxable","14":"purchasable","15":"product-type-simple"},"acf":[],"aioseo_notices":[],"_links":{"self":[{"href":"https:\/\/hificlub.com.br\/loja\/wp-json\/wp\/v2\/product\/14419","targetHints":{"allow":["GET"]}}],"collection":[{"href":"https:\/\/hificlub.com.br\/loja\/wp-json\/wp\/v2\/product"}],"about":[{"href":"https:\/\/hificlub.com.br\/loja\/wp-json\/wp\/v2\/types\/product"}],"wp:featuredmedia":[{"embeddable":true,"href":"https:\/\/hificlub.com.br\/loja\/wp-json\/wp\/v2\/media\/14420"}],"wp:attachment":[{"href":"https:\/\/hificlub.com.br\/loja\/wp-json\/wp\/v2\/media?parent=14419"}],"wp:term":[{"taxonomy":"product_brand","embeddable":true,"href":"https:\/\/hificlub.com.br\/loja\/wp-json\/wp\/v2\/product_brand?post=14419"},{"taxonomy":"product_cat","embeddable":true,"href":"https:\/\/hificlub.com.br\/loja\/wp-json\/wp\/v2\/product_cat?post=14419"},{"taxonomy":"product_tag","embeddable":true,"href":"https:\/\/hificlub.com.br\/loja\/wp-json\/wp\/v2\/product_tag?post=14419"}],"curies":[{"name":"wp","href":"https:\/\/api.w.org\/{rel}","templated":true}]}}