{"id":14403,"date":"2024-03-25T07:37:00","date_gmt":"2024-03-25T10:37:00","guid":{"rendered":"https:\/\/hificlub.com.br\/loja\/?post_type=product&#038;p=14403"},"modified":"2024-10-07T16:57:17","modified_gmt":"2024-10-07T19:57:17","slug":"octave-hp300se-preamp-com-mc-phono-full-balanced-220v","status":"publish","type":"product","link":"https:\/\/hificlub.com.br\/loja\/produto\/octave-hp300se-preamp-com-mc-phono-full-balanced-220v\/","title":{"rendered":"OCTAVE HP300SE PREAMP com MC Phono Full Balanced 220v"},"content":{"rendered":"<p>ESTADO 9\/10<\/p>\n<p>Descri\u00e7\u00e3o<br \/>\nO HP 300 SE \u00e9 uma vers\u00e3o aprimorada do HP 300 MKII. O HP 300 SE n\u00e3o substitui o HP 300 MKII, este modelo amplia a nossa gama de Pr\u00e9-amplificadores.<br \/>\nAs op\u00e7\u00f5es est\u00e3o dispon\u00edveis por um custo adicional. Para entradas e sa\u00eddas adicionais, ligue para obter mais informa\u00e7\u00f5es.<\/p>\n<p>O HP 300 SE oferece mais flexibilidade nas conex\u00f5es e benef\u00edcios sonoros devido a algumas melhorias na Fonte de Alimenta\u00e7\u00e3o e no est\u00e1gio de Sa\u00edda do Amplificador de Linha.<\/p>\n<p>O HP 300 SE possui duas entradas XLR independentes, tr\u00eas entradas RCA, uma sa\u00edda de monitor, duas sa\u00eddas RCA e uma sa\u00edda XLR. O ganho \u00e9 comut\u00e1vel em tr\u00eas etapas, o que permite definir o ganho ideal e a rela\u00e7\u00e3o de regula\u00e7\u00e3o dependendo da efici\u00eancia do alto-falante.<\/p>\n<p>O novo amplificador de linha projetado possui uma rela\u00e7\u00e3o sinal-ru\u00eddo extremamente alta. O ru\u00eddo n\u00e3o \u00e9 apenas uma caracter\u00edstica das v\u00e1lvulas, uma contribui\u00e7\u00e3o significativa vem da rede el\u00e9trica, respectivamente do projeto da fonte de alimenta\u00e7\u00e3o de um pr\u00e9-amplificador.<\/p>\n<p>A fonte de alimenta\u00e7\u00e3o do HP 300 SE consiste no transformador externo com caracter\u00edstica de isolamento otimizada e nos reguladores de tens\u00e3o precisos de ru\u00eddo ultrabaixo da unidade principal. Ambos os sistemas s\u00e3o compat\u00edveis entre si e ajudam a reduzir eficazmente o ru\u00eddo do amplificador Lime.<\/p>\n<p>A sa\u00edda balanceada \u00e9 realizada com um transformador de sa\u00edda altamente sim\u00e9trico. O Transformador oferece a possibilidade de conectar ou desconectar a conex\u00e3o Terra ao Amplificador de Pot\u00eancia.<\/p>\n<p>O recurso ajuda a reduzir correntes perturbadoras induzidas pela rede el\u00e9trica que normalmente fluem no aterramento da conex\u00e3o do sinal. Ambas as sa\u00eddas oferecem resist\u00eancias de sa\u00edda muito baixas. A conex\u00e3o de cabos de at\u00e9 5 a 10 metros n\u00e3o tem influ\u00eancia negativa. Um recurso \u00fatil em combina\u00e7\u00f5es Hifi modernas \u00e9 a fun\u00e7\u00e3o Home Theater Bypass.<\/p>\n<p>O HP 300 SE oferece esse recurso, com a possibilidade adicional de selecionar a entrada Bypass de uma entrada RCA para uma entrada XLR. A sa\u00edda do monitor \u00e9 armazenada em buffer e pode ser usada para acionar um amplificador de fone de ouvido externo, a entrada anal\u00f3gica de um computador ou similar<\/p>\n<p>Reprodu\u00e7\u00e3o de som natural<br \/>\nDesvio de HT<br \/>\nDesign exclusivo do est\u00e1gio de sa\u00edda<br \/>\nSistema de monitoramento de gerenciamento de energia<br \/>\nCircuito de prote\u00e7\u00e3o<br \/>\nFeito na Alemanha<\/p>\n<p>ESPECIFICA\u00c7\u00d5ES GERAIS<\/p>\n<p>HP 300 SE, opcional: Phono MC<\/p>\n<p>Complemento de tubo<\/p>\n<p>Linha-Platina: ECC 81 e ECC 88; Fono: ECC 81<\/p>\n<p>Projeto<\/p>\n<p>Alum\u00ednio prata ou alum\u00ednio preto<\/p>\n<p>Ganhe alto<\/p>\n<p>25 dB = 18,5<\/p>\n<p>Ganhe medicina<\/p>\n<p>19 dB = 8,8<\/p>\n<p>Ganho baixo<\/p>\n<p>12 dB = 4<\/p>\n<p>Ganho de resposta de frequ\u00eancia<\/p>\n<p>alto 10 Hz &#8211; 200 kHz &#8211; 1,5 dB<\/p>\n<p>Distor\u00e7\u00e3o Harm\u00f4nica Total\tGanhe alto 0,03%<br \/>\nRela\u00e7\u00e3o S\/R\tGanho alto &#8211; 92 dB<br \/>\nRela\u00e7\u00e3o S\/R\tGanho baixo -108 dB<br \/>\nDiafonia esquerda\/direita\t90dB 1kHz<br \/>\nCrosstalk de entrada para entrada\t100dB 1kHz<br \/>\nImped\u00e2ncia de entrada\t100 kOhm<br \/>\nImped\u00e2ncia de sa\u00edda\tCinch de 50 Ohm; XLR de 150 ohms<br \/>\nBalan\u00e7o do Canal\t0,5dB &#8211; 70dB<br \/>\nConsumo de energia\t35W<br \/>\nPeso com fonte de alimenta\u00e7\u00e3o\t12kg<br \/>\nDimens\u00f5es\t438 mm (L) x 77 mm (A) x 410 mm (P)<br \/>\nDimens\u00f5es Fonte de alimenta\u00e7\u00e3o\t110 mm (L) x 80 mm (A) x 250 mm (P)<br \/>\ngarantia\tPr\u00e9-amplificador (36 meses)<br \/>\nValvulas (90 dias)<\/p>\n","protected":false},"excerpt":{"rendered":"<p>ESTADO 9\/10 Descri\u00e7\u00e3o O HP 300 SE \u00e9 uma vers\u00e3o aprimorada do HP 300 MKII. O HP 300 SE n\u00e3o substitui o HP 300 MKII, este modelo amplia a nossa gama de Pr\u00e9-amplificadores. As op\u00e7\u00f5es est\u00e3o dispon\u00edveis por um custo adicional. Para entradas e sa\u00eddas adicionais, ligue para obter mais informa\u00e7\u00f5es. O HP 300 SE [&hellip;]<\/p>\n","protected":false},"featured_media":14414,"template":"","meta":{"_acf_changed":false},"product_brand":[],"product_cat":[216,38],"product_tag":[],"class_list":{"0":"post-14403","1":"product","2":"type-product","3":"status-publish","4":"has-post-thumbnail","6":"product_cat-octave","7":"product_cat-pre-amplificador","9":"first","10":"instock","11":"sold-individually","12":"shipping-taxable","13":"purchasable","14":"product-type-simple"},"acf":[],"aioseo_notices":[],"_links":{"self":[{"href":"https:\/\/hificlub.com.br\/loja\/wp-json\/wp\/v2\/product\/14403","targetHints":{"allow":["GET"]}}],"collection":[{"href":"https:\/\/hificlub.com.br\/loja\/wp-json\/wp\/v2\/product"}],"about":[{"href":"https:\/\/hificlub.com.br\/loja\/wp-json\/wp\/v2\/types\/product"}],"wp:featuredmedia":[{"embeddable":true,"href":"https:\/\/hificlub.com.br\/loja\/wp-json\/wp\/v2\/media\/14414"}],"wp:attachment":[{"href":"https:\/\/hificlub.com.br\/loja\/wp-json\/wp\/v2\/media?parent=14403"}],"wp:term":[{"taxonomy":"product_brand","embeddable":true,"href":"https:\/\/hificlub.com.br\/loja\/wp-json\/wp\/v2\/product_brand?post=14403"},{"taxonomy":"product_cat","embeddable":true,"href":"https:\/\/hificlub.com.br\/loja\/wp-json\/wp\/v2\/product_cat?post=14403"},{"taxonomy":"product_tag","embeddable":true,"href":"https:\/\/hificlub.com.br\/loja\/wp-json\/wp\/v2\/product_tag?post=14403"}],"curies":[{"name":"wp","href":"https:\/\/api.w.org\/{rel}","templated":true}]}}