{"id":14396,"date":"2024-03-24T17:19:52","date_gmt":"2024-03-24T20:19:52","guid":{"rendered":"https:\/\/hificlub.com.br\/loja\/?post_type=product&#038;p=14396"},"modified":"2026-03-02T14:32:38","modified_gmt":"2026-03-02T17:32:38","slug":"croft-acoustics-integrated-hibrido-mosfet-45-watts","status":"publish","type":"product","link":"https:\/\/hificlub.com.br\/loja\/produto\/croft-acoustics-integrated-hibrido-mosfet-45-watts\/","title":{"rendered":"CROFT ACOUSTICS INTEGRATED Amplificador Integrado Hibrido Mosfet 45 watts"},"content":{"rendered":"<p>ESTADO 9\/10<\/p>\n<p>Descri\u00e7\u00e3o<br \/>\nPara seu produto mais recente, Glenn Croft combinou em um \u00fanico pacote &#8211; e, portanto, presume-se, um pacote comparativamente econ\u00f4mico &#8211; um par de produtos que j\u00e1 existem na linha Croft, nenhum deles com pre\u00e7os luxuosos: o pr\u00e9-amplificador Micro 25 ( US$ 1.395) e o amplificador de pot\u00eancia S\u00e9rie 7 (US$ 1.395). O amplificador integrado resultante, embora possua especifica\u00e7\u00f5es ligeiramente diferentes daquelas de seus dois antepassados, \u00e9 aquele em que o ganho de est\u00e1gio fono compat\u00edvel com \u00edm\u00e3 m\u00f3vel e linha \u00e9 fornecido por tubos de v\u00e1cuo e a pot\u00eancia de sa\u00edda \u00e9 fornecida por transistores.<\/p>\n<p>Dos conectores RCA banhados a ouro, mas aben\u00e7oadamente n\u00e3o massivos, do Phono Integrated, os sinais de entrada v\u00e3o direto para uma chave seletora de entrada rotativa, de onde s\u00e3o conduzidos a um par mono duplo de potenci\u00f4metros de volume. O ganho do est\u00e1gio fono \u00e9 fornecido por um par est\u00e9reo de v\u00e1lvulas triodo duplo ECC83 (12AX7), fabricado pela JJ Audio da Eslov\u00e1quia, enquanto a equaliza\u00e7\u00e3o RIAA \u00e9 aplicada por partes passivas. Um terceiro ECC83, usando um par de MOSFETs P9NK50 como fonte de corrente constante, \u00e9 o amplificador de tens\u00e3o para a se\u00e7\u00e3o de sa\u00edda, que \u00e9 constru\u00eddo em torno de um par complementar de MOSFETs J162 e K1058. No canto traseiro direito do amplificador Croft &#8211; at\u00e9 onde se pode chegar dessas v\u00e1lvulas de pequeno sinal &#8211; est\u00e1 uma fonte de alimenta\u00e7\u00e3o anal\u00f3gica simples e executada de maneira muito limpa, com retificadores separados para v\u00e1lvulas e transistores.<\/p>\n<p>Al\u00e9m de uma pequena placa de circuito contendo o temporizador bipolar e rel\u00e9s para o circuito de aquecimento do amplificador, o Phono Integrated \u00e9 conectado manualmente, ponto a ponto, com jun\u00e7\u00f5es de solda bem feitas e tiras de terminais de baquelite. Dois suportes de alum\u00ednio separados suportam as v\u00e1lvulas e os transistores de sa\u00edda, este \u00faltimo equipado com um dissipador de calor de tamanho apropriado, e embora o Phono Integrated n\u00e3o possua uma parti\u00e7\u00e3o de metal entre sua se\u00e7\u00e3o de entrada e sua fonte de alimenta\u00e7\u00e3o, o amplificador se mostrou livre de zumbidos e ru\u00eddos durante o uso.<\/p>\n<p>O chassi de a\u00e7o de duas partes foi bem pintado por dentro e por fora, com todas as pe\u00e7as bem fixadas com fixadores apropriados. A qualidade de constru\u00e7\u00e3o, o estilo e a ergonomia foram melhores do que eu esperava para esta categoria de produto e faixa de pre\u00e7o: em comum com amplificadores de \u00faltima gera\u00e7\u00e3o de antes da era sombria de placas frontais grossas, displays digitais e outras decora\u00e7\u00f5es sonoramente duvidosas, a caixa do Croft \u00e9 muito bem desenhado e acabado, sem pesar \u2013 ou custar \u2013 um pingo a mais do que o necess\u00e1rio.<\/p>\n<p>Especifica\u00e7\u00f5es<br \/>\nDescri\u00e7\u00e3o: Amplificador integrado h\u00edbrido de dois canais com 3 entradas de linha e uma entrada fono de \u00edm\u00e3 m\u00f3vel. Complemento de tubo: tr\u00eas ECC83 (12AX7). Pot\u00eancia m\u00e1xima de sa\u00edda: 45Wpc em 8 ohms (16,5dBW), 50Wpc em 4 ohms (14dBW). Resposta de frequ\u00eancia: 0,15 Hz\u2013150kHz, \u20131dB. Sensibilidade de entrada de linha: 250mV. Imped\u00e2ncia de entrada de linha: 100k ohms. Sensibilidade de entrada fono: 1,5mV. Imped\u00e2ncia de entrada fono: 47k ohms.<br \/>\nDimens\u00f5es: 16&#8243; (410 mm) L por 3&#8243; (80 mm) A por 10&#8243; (255 mm) D. Peso: 11 lbs (5kg).<\/p>\n","protected":false},"excerpt":{"rendered":"<p>ESTADO 9\/10 Descri\u00e7\u00e3o Para seu produto mais recente, Glenn Croft combinou em um \u00fanico pacote &#8211; e, portanto, presume-se, um pacote comparativamente econ\u00f4mico &#8211; um par de produtos que j\u00e1 existem na linha Croft, nenhum deles com pre\u00e7os luxuosos: o pr\u00e9-amplificador Micro 25 ( US$ 1.395) e o amplificador de pot\u00eancia S\u00e9rie 7 (US$ 1.395). [&hellip;]<\/p>\n","protected":false},"featured_media":14397,"template":"","meta":{"_acf_changed":false},"product_brand":[],"product_cat":[27,324,51],"product_tag":[],"class_list":{"0":"post-14396","1":"product","2":"type-product","3":"status-publish","4":"has-post-thumbnail","6":"product_cat-amplificador","7":"product_cat-croft","8":"product_cat-integrado","10":"first","11":"instock","12":"sold-individually","13":"shipping-taxable","14":"purchasable","15":"product-type-simple"},"acf":[],"aioseo_notices":[],"_links":{"self":[{"href":"https:\/\/hificlub.com.br\/loja\/wp-json\/wp\/v2\/product\/14396","targetHints":{"allow":["GET"]}}],"collection":[{"href":"https:\/\/hificlub.com.br\/loja\/wp-json\/wp\/v2\/product"}],"about":[{"href":"https:\/\/hificlub.com.br\/loja\/wp-json\/wp\/v2\/types\/product"}],"wp:featuredmedia":[{"embeddable":true,"href":"https:\/\/hificlub.com.br\/loja\/wp-json\/wp\/v2\/media\/14397"}],"wp:attachment":[{"href":"https:\/\/hificlub.com.br\/loja\/wp-json\/wp\/v2\/media?parent=14396"}],"wp:term":[{"taxonomy":"product_brand","embeddable":true,"href":"https:\/\/hificlub.com.br\/loja\/wp-json\/wp\/v2\/product_brand?post=14396"},{"taxonomy":"product_cat","embeddable":true,"href":"https:\/\/hificlub.com.br\/loja\/wp-json\/wp\/v2\/product_cat?post=14396"},{"taxonomy":"product_tag","embeddable":true,"href":"https:\/\/hificlub.com.br\/loja\/wp-json\/wp\/v2\/product_tag?post=14396"}],"curies":[{"name":"wp","href":"https:\/\/api.w.org\/{rel}","templated":true}]}}