{"id":14346,"date":"2024-03-20T06:53:21","date_gmt":"2024-03-20T09:53:21","guid":{"rendered":"https:\/\/hificlub.com.br\/loja\/?post_type=product&#038;p=14346"},"modified":"2026-03-03T22:18:36","modified_gmt":"2026-03-04T01:18:36","slug":"roksan-attessa-integrado","status":"publish","type":"product","link":"https:\/\/hificlub.com.br\/loja\/produto\/roksan-attessa-integrado\/","title":{"rendered":"ROKSAN ATTESSA Amplificador Integrado com Streaming DAC MM Phono Bluetooth 80 watts"},"content":{"rendered":"<p>Amplificador Integrado Attessa<br \/>\nNosso amplificador Attessa b\u00e1sico oferece o mesmo desempenho l\u00edder de classe que o amplificador de streaming, mas sem conectividade BluOS. Controle de discagem com um toque, reprodu\u00e7\u00e3o de m\u00fasica de seu telefone ou tablet, atualiza\u00e7\u00f5es inteligentes por meio de nosso aplicativo MaestroUnite\u2026 isso \u00e9 simplicidade aumentada para 11.<\/p>\n<p>Aproveite ao m\u00e1ximo seus alto-falantes com este poderoso amplificador dos especialistas em \u00e1udio da Roksan. O controle de discagem simples e intuitivo permite que voc\u00ea escolha seu dispositivo, volume ou esta\u00e7\u00e3o predefinida com apenas um giro do pulso. Com tantas entradas para escolher, voc\u00ea pode conectar seu Hi-Fi, TV, console de jogos, telefone e muito mais. Al\u00e9m do mais, a configura\u00e7\u00e3o \u00e9 f\u00e1cil, gra\u00e7as ao aplicativo MaestroUnite que combina seus dispositivos e permite atualiza\u00e7\u00f5es over-the-air r\u00e1pidas e simples. Gra\u00e7as a um est\u00e1gio phono integrado, voc\u00ea tamb\u00e9m pode eliminar a necessidade de caixas e acess\u00f3rios extras ao conectar um toca-discos. O resultado? Uma experi\u00eancia Hi-Fi muito mais humana.<\/p>\n<p>Caracter\u00edsticas principais<\/p>\n<p>Um amplificador est\u00e9reo que fornece 130 W por canal (4 ohm)<br \/>\nDAC integrado de alto desempenho desenvolvido internamente<br \/>\nA interface de usu\u00e1rio do controle de discagem de um toque \u00e9 simples e intuitiva de usar. Selecione o volume ou fonte de audi\u00e7\u00e3o guiado por uma interface gr\u00e1fica que incorpora feedback t\u00e1til para confirmar sua sele\u00e7\u00e3o<br \/>\nConstru\u00e7\u00e3o robusta em a\u00e7o e alum\u00ednio sem antenas vis\u00edveis<br \/>\nUma ampla variedade de conex\u00f5es digitais e anal\u00f3gicas, incluindo Bluetooth\u00ae<br \/>\nTransmita servi\u00e7os de streaming do seu telefone ou outro dispositivo inteligente por meio de uma antena Bluetooth personalizada de longo alcance<br \/>\nUm est\u00e1gio phono Moving Magnet integrado permite a conex\u00e3o a um toca-discos sem a necessidade de caixas e acess\u00f3rios adicionais<br \/>\nUm amplificador poderoso capaz de tirar o m\u00e1ximo proveito de uma variedade de alto-falantes<br \/>\nProjetado e desenvolvido internamente no Reino Unido<br \/>\nConfigura\u00e7\u00e3o do MaestroUnite para atualiza\u00e7\u00f5es remotas e parceria de outros dispositivos para formar um \u00fanico sistema Roksan, uma tecnologia personalizada e um aplicativo desenvolvido para Roksan<\/p>\n<p>O Amplificador Integrado Attessa foi projetado para ser usado em conjunto com o Attessa CD Transport para formar um sistema hi-fi unificado. Depois de configurar seu sistema usando MaestroUnite, o amplificador integrado e o transporte de CD usam Bluetooth Low Energy para se comunicar. Isso significa que o CD Transport liga e desliga automaticamente quando selecionado e desmarcado, economizando complica\u00e7\u00f5es e consumo de energia.<\/p>\n<p>Conectividade<br \/>\nEntradas RCA anal\u00f3gicas<br \/>\n2<br \/>\nBluetooth<br \/>\nSim<br \/>\nEntradas Coaxiais<br \/>\n2<br \/>\nSa\u00edda de fone de ouvido<br \/>\nSim<br \/>\nEntradas Digitais \u00d3pticas<br \/>\n2<br \/>\nEntrada fono<br \/>\nSim -MM<br \/>\nPr\u00e9-sa\u00edda<br \/>\nSim (combinado com subsa\u00edda)<br \/>\nConjuntos de alto-falantes<br \/>\n1<br \/>\nConjuntos de alto-falantes FILTER<br \/>\nx 1<br \/>\nSubsa\u00edda<br \/>\nSim (combinado com pr\u00e9-sa\u00edda)<br \/>\nSubsa\u00edda<br \/>\nSim<br \/>\nEm geral<br \/>\nGarantia do Fabricante<br \/>\n5 anos<br \/>\n\u00c1udio<br \/>\nPot\u00eancia da sa\u00edda<br \/>\n80&#215;2<br \/>\nPot\u00eancia de sa\u00edda &#8211; Watts por CH<br \/>\n60 &#8211; 99<br \/>\nDimens\u00f5es<br \/>\nDimens\u00f5es LxAxP (mm)<br \/>\n432x76x346<br \/>\nPeso<br \/>\nPeso (KG)<br \/>\n10.2<br \/>\nAcess\u00f3rios<br \/>\nControle remoto<br \/>\nSim<\/p>\n","protected":false},"excerpt":{"rendered":"<p>Amplificador Integrado Attessa Nosso amplificador Attessa b\u00e1sico oferece o mesmo desempenho l\u00edder de classe que o amplificador de streaming, mas sem conectividade BluOS. Controle de discagem com um toque, reprodu\u00e7\u00e3o de m\u00fasica de seu telefone ou tablet, atualiza\u00e7\u00f5es inteligentes por meio de nosso aplicativo MaestroUnite\u2026 isso \u00e9 simplicidade aumentada para 11. Aproveite ao m\u00e1ximo seus [&hellip;]<\/p>\n","protected":false},"featured_media":19463,"template":"","meta":{"_acf_changed":false},"product_brand":[],"product_cat":[27,51],"product_tag":[],"class_list":{"0":"post-14346","1":"product","2":"type-product","3":"status-publish","4":"has-post-thumbnail","6":"product_cat-amplificador","7":"product_cat-integrado","9":"first","10":"instock","11":"sold-individually","12":"shipping-taxable","13":"purchasable","14":"product-type-simple"},"acf":[],"aioseo_notices":[],"_links":{"self":[{"href":"https:\/\/hificlub.com.br\/loja\/wp-json\/wp\/v2\/product\/14346","targetHints":{"allow":["GET"]}}],"collection":[{"href":"https:\/\/hificlub.com.br\/loja\/wp-json\/wp\/v2\/product"}],"about":[{"href":"https:\/\/hificlub.com.br\/loja\/wp-json\/wp\/v2\/types\/product"}],"wp:featuredmedia":[{"embeddable":true,"href":"https:\/\/hificlub.com.br\/loja\/wp-json\/wp\/v2\/media\/19463"}],"wp:attachment":[{"href":"https:\/\/hificlub.com.br\/loja\/wp-json\/wp\/v2\/media?parent=14346"}],"wp:term":[{"taxonomy":"product_brand","embeddable":true,"href":"https:\/\/hificlub.com.br\/loja\/wp-json\/wp\/v2\/product_brand?post=14346"},{"taxonomy":"product_cat","embeddable":true,"href":"https:\/\/hificlub.com.br\/loja\/wp-json\/wp\/v2\/product_cat?post=14346"},{"taxonomy":"product_tag","embeddable":true,"href":"https:\/\/hificlub.com.br\/loja\/wp-json\/wp\/v2\/product_tag?post=14346"}],"curies":[{"name":"wp","href":"https:\/\/api.w.org\/{rel}","templated":true}]}}