{"id":14338,"date":"2024-03-20T06:36:15","date_gmt":"2024-03-20T09:36:15","guid":{"rendered":"https:\/\/hificlub.com.br\/loja\/?post_type=product&#038;p=14338"},"modified":"2026-03-03T22:18:36","modified_gmt":"2026-03-04T01:18:36","slug":"roksan-attessa-streaming-integrado-80-watts","status":"publish","type":"product","link":"https:\/\/hificlub.com.br\/loja\/produto\/roksan-attessa-streaming-integrado-80-watts\/","title":{"rendered":"ROKSAN ATTESSA STREAMING INTEGRADO 80 watts"},"content":{"rendered":"<p>Desenvolvido por nossa equipe interna no Reino Unido e controlado pelo aplicativo BluOS para v\u00e1rios ambientes, nosso amplificador de streaming \u00e9 otimizado para sua casa e sua vida cotidiana. Explore todas as suas m\u00fasicas e todos os seus dispositivos a partir de um \u00fanico dial de controle intuitivo, para \u00e1udio amplificado e simplificado.<br \/>\nToda a pot\u00eancia do nosso amplificador integrado, com todo o controle da tecnologia de \u00e1udio multi-room BluOS. O amplificador de streaming Attessa oferece acesso f\u00e1cil e com um toque a todos os seus dispositivos, de TVs a toca-discos, de consoles a transportadores de CD. O melhor de tudo \u00e9 que oferece capacidade de \u00e1udio de alta qualidade com o tipo de controle simples baseado em smartphone que esperamos em todas as \u00e1reas de nossas vidas. A tecnologia \u00e9 complexa, mas utiliz\u00e1-la n\u00e3o poderia ser mais simples. Agora voc\u00ea pode ter \u00e1udio de alta resolu\u00e7\u00e3o em todos os c\u00f4modos da sua casa \u2013 tudo com o toque de um bot\u00e3o.<\/p>\n<p>23\/11\/23 &#8211; Novo firmware dispon\u00edvel para Attessa Streaming Amplifier e Attessa  Integrated Amplifier  V3.4.1. Isso traz uma s\u00e9rie de corre\u00e7\u00f5es de bugs e melhorias de recursos. Para obter uma lista completa deles e instru\u00e7\u00f5es sobre o que fazer, baixe-os neste link .<br \/>\nCaracter\u00edsticas principais<\/p>\n<p>Streaming de m\u00fasica de alta resolu\u00e7\u00e3o com tecnologia de \u00e1udio BluOS\u2122 Premium Multi-Room que suporta mais de 20 servi\u00e7os de streaming e pode transmitir at\u00e9 64 zonas, todas control\u00e1veis \u200b\u200batrav\u00e9s do seu smartphone<br \/>\nA interface de usu\u00e1rio do controle de discagem de um toque \u00e9 simples e intuitiva de usar. Selecione o volume ou fonte de audi\u00e7\u00e3o guiado por uma interface gr\u00e1fica que incorpora feedback t\u00e1til para confirmar sua sele\u00e7\u00e3o.<br \/>\nTr\u00eas predefini\u00e7\u00f5es BluOS auto-alocadas dispon\u00edveis diretamente na lista de entradas para acesso instant\u00e2neo<br \/>\nConstru\u00e7\u00e3o robusta em a\u00e7o e alum\u00ednio sem antenas vis\u00edveis<br \/>\nUma ampla variedade de conex\u00f5es digitais e anal\u00f3gicas, incluindo Bluetooth\u00ae e AirPlay 2<br \/>\nUm est\u00e1gio phono Moving Magnet integrado permite a conex\u00e3o a um toca-discos sem a necessidade de caixas e acess\u00f3rios adicionais<br \/>\nUm amplificador poderoso capaz de tirar o m\u00e1ximo proveito de uma variedade de alto-falantes<br \/>\nAs entradas SPDIF decodificar\u00e3o fluxos PCM codificados em MQA, incluindo CDs MQA reproduzidos pelo Attessa CD Transport<br \/>\nProjetado e desenvolvido internamente no Reino Unido<br \/>\nConfigura\u00e7\u00e3o do MaestroUnite para atualiza\u00e7\u00f5es remotas e parceria de outros dispositivos para formar um \u00fanico sistema Roksan, uma tecnologia e aplicativo sob medida desenvolvido para Roksan &#8211; App Store e Google Play .<\/p>\n<p>Especifica\u00e7\u00f5es Tecnicas<br \/>\n80W Acionados por Ambos os Canais, Nominal (THD+N &lt;0,1%) Sa\u00edda de energia em 8 Ohm 80W Acionados por Ambos os Canais, Nominal (THD+N &lt;0,1%) Sa\u00edda de energia em 4 Ohm 130W Acionados Ambos os Canais, Nominal (THD+N &lt;0,1%) Entradas (Digitais) Digital 1 (D1) \u2013 Coaxial SPDIF (at\u00e9 192kHz\/24bit) Digital 2 (D2) \u2013 \u00d3ptico SPDIF (m\u00e1x. 96kHz\/24bit) Digital 3 (TV) \u2013 \u00d3ptico SPDIF (m\u00e1x. 96kHz\/24bit) Digital 4 (CD) \u2013 Coaxial SPDIF (at\u00e9 192kHz\/24bit) Digital 5 (Bluetooth) \u2013 Bluetooth (48kHz\/16bit) Entradas (Anal\u00f3gicas) A1 \u2013 Sem detec\u00e7\u00e3o de sinal A2 \u2013 Com detec\u00e7\u00e3o de sinal e usado para Modo AV MM (Phono) \u2013 RIAA (equalizado) Sa\u00eddas 1x par Colunas de liga\u00e7\u00e3o de alto-falante (L&amp;R) 1x par de RCA Anal\u00f3gico (Pr\u00e9-sa\u00edda\/SUB) Tomada de fone de ouvido est\u00e9reo mini-jack de 3,5 mm &#8211; unidade de 7,5 Vrms adequada para todos os tipos de fones de ouvido, incluindo alta imped\u00e2ncia De outros Tomada de alimenta\u00e7\u00e3o de rede IEC (3 pinos)\/suporte de fus\u00edvel Mini-Jack de 3,5 mm \u2013 gatilho de 12 V Entrada (Ligado \/ Em espera) Entrada com fio IR Conector de 3,5 mm Constru\u00e7\u00e3o Formado A\u00e7o chapeado e painel frontal de alum\u00ednio anodizado usinado sob medida. Interface prim\u00e1ria (na unidade) Dial de controle din\u00e2mico (com feedback t\u00e1til) para controlar o volume e as entradas Interface secund\u00e1ria (na unidade) Espera, Retroceder, Reproduzir\/Pausar, Avan\u00e7ar Outra interface IR remoto Bluetooth Perfil de \u00e1udio A2DP \/ Codecs: SBC, aptX e AAC Alcance Bluetooth: 15m (t\u00edpico) Entrada Coaxial Digital PCM de at\u00e9 24 bits\/192kHz Entrada \u00f3ptica digital PCM de at\u00e9 24 bits\/96kHz MasterUnite Cria\u00e7\u00e3o de sistema e controle de configura\u00e7\u00e3o avan\u00e7ada do sistema Over the Air Updates via Wi-Fi Classifica\u00e7\u00e3o do transformador de rede 400VA Dimens\u00f5es (incluindo codificador e conex\u00f5es (L x A x P)) 432 x 76 x 373 mil\u00edmetros Dimens\u00f5es (Excluindo Encoder e Conex\u00f5es (L x A x P)) 432 x 76 x 346 mil\u00edmetros Peso 10,48 kg (23 lb) Formatos de \u00e1udio MP3, AAC, WMA, OGG, WMA-L, ALAC, OPUS Formatos de \u00e1udio de alta resolu\u00e7\u00e3o MQA, FLAC, WAV, AIFF, Suporta reprodu\u00e7\u00e3o DSD convertida atrav\u00e9s do aplicativo de desktop BluOS (somente) Taxa de amostragem At\u00e9 24 bits \/ 192kHz Sistemas operacionais suportados (especifica\u00e7\u00f5es m\u00ednimas) Windows 7 SP1, macOS 10.9 Mavericks, iOS 9.3, Android 5.0 Lollipop ou superior Servi\u00e7os de nuvem suportados Amazon Alexa, Amazon Music, Spotify Connect, TIDAL Connect, Deezer, Qobuz, HDTracks, HighResAudio, Murfie, JUKE, Napster, Slacker Radio, KKBox, Bugs R\u00e1dio gratuita na Internet TuneIn Radio, iHeartRadio, Calm Radio, Radio Paradise Integra\u00e7\u00f5es de controle Crestron, Control4 (OS 3), Control4 (2.9.1), RTI, URC, Push, Lutron, ELAN, iPort Suporte ao formato\/taxa de amostragem PCM\/at\u00e9 192KHz\/24bit<\/p>\n","protected":false},"excerpt":{"rendered":"<p>Desenvolvido por nossa equipe interna no Reino Unido e controlado pelo aplicativo BluOS para v\u00e1rios ambientes, nosso amplificador de streaming \u00e9 otimizado para sua casa e sua vida cotidiana. Explore todas as suas m\u00fasicas e todos os seus dispositivos a partir de um \u00fanico dial de controle intuitivo, para \u00e1udio amplificado e simplificado. Toda a [&hellip;]<\/p>\n","protected":false},"featured_media":14339,"template":"","meta":{"_acf_changed":false},"product_brand":[],"product_cat":[27,51],"product_tag":[],"class_list":{"0":"post-14338","1":"product","2":"type-product","3":"status-publish","4":"has-post-thumbnail","6":"product_cat-amplificador","7":"product_cat-integrado","9":"first","10":"instock","11":"sold-individually","12":"shipping-taxable","13":"purchasable","14":"product-type-simple"},"acf":[],"aioseo_notices":[],"_links":{"self":[{"href":"https:\/\/hificlub.com.br\/loja\/wp-json\/wp\/v2\/product\/14338","targetHints":{"allow":["GET"]}}],"collection":[{"href":"https:\/\/hificlub.com.br\/loja\/wp-json\/wp\/v2\/product"}],"about":[{"href":"https:\/\/hificlub.com.br\/loja\/wp-json\/wp\/v2\/types\/product"}],"wp:featuredmedia":[{"embeddable":true,"href":"https:\/\/hificlub.com.br\/loja\/wp-json\/wp\/v2\/media\/14339"}],"wp:attachment":[{"href":"https:\/\/hificlub.com.br\/loja\/wp-json\/wp\/v2\/media?parent=14338"}],"wp:term":[{"taxonomy":"product_brand","embeddable":true,"href":"https:\/\/hificlub.com.br\/loja\/wp-json\/wp\/v2\/product_brand?post=14338"},{"taxonomy":"product_cat","embeddable":true,"href":"https:\/\/hificlub.com.br\/loja\/wp-json\/wp\/v2\/product_cat?post=14338"},{"taxonomy":"product_tag","embeddable":true,"href":"https:\/\/hificlub.com.br\/loja\/wp-json\/wp\/v2\/product_tag?post=14338"}],"curies":[{"name":"wp","href":"https:\/\/api.w.org\/{rel}","templated":true}]}}