{"id":14133,"date":"2024-02-23T11:44:22","date_gmt":"2024-02-23T14:44:22","guid":{"rendered":"https:\/\/hificlub.com.br\/loja\/?post_type=product&#038;p=14133"},"modified":"2024-10-07T16:57:18","modified_gmt":"2024-10-07T19:57:18","slug":"sonore-signature-rendu-series","status":"publish","type":"product","link":"https:\/\/hificlub.com.br\/loja\/produto\/sonore-signature-rendu-series\/","title":{"rendered":"SONORE SIGNATURE RENDU SERIES"},"content":{"rendered":"<p>Ethernet to SPDIF\/i2s renderer &#8211; O Sonore Signature Rendu \u00e9 um streamer audi\u00f3filo DLNA com sa\u00eddas I2S e SPFIF Coaxial para conex\u00e3o com Dac.<\/p>\n<p>Compat\u00edvel com arquivos de \u00e1udio HiEND DSD, FLAC, etc.<\/p>\n<p>&nbsp;<\/p>\n<p>The Sonore Signature Series Rendu is a simple, yet very well engineered, device that converts an Ethernet signal into either S\/PDIF (BNC) or I2S (HDMI). There is no wireless, no USB, no digital to analog conversion, no AES\/EBU, no AirPlay, and no streaming service support with the Signature Series Rendu. The SSR is also known as a DLNA renderer to those learned in the world of UPnP\/DLNA.<\/p>\n<p>REVIEW:<\/p>\n<p>I\u2019ve been using the Signature Series Rendu for several months in combination with several audio system components. Whether I\u2019ve connected the \u201cSSR\u201d straight to a DAC or to an integrated amp with built-in DAC, the results have been the same, steady and superb. The performance of the Signature Series Rendu has enabled my other components to really shine because they are receiving a very clean and I assume low jitter signal from the SSR. Not only this, but the SSR turns all my components into network capable DLNA devices. Superb sound and expanding the capability of one\u2019s favorite components are what the Signature Series Rendu is all about. The SSR isn\u2019t a jack of all trades, rather it\u2019s a purpose-built Ethernet to S\/PDIF or I2S converter. In other words a DLNA renderer built for a single purpose and built to accomplish its job as well as possible. Members of the CA Community looking for a way to use their favorite DAC or integrated as a network \/ DLNA device must consider the Sonore Signature Series Rendu as it has enabled the sound of my audio system to soar as high or higher than any component I\u2019ve heard previously.<\/p>\n","protected":false},"excerpt":{"rendered":"<p>Ethernet to SPDIF\/i2s renderer &#8211; O Sonore Signature Rendu \u00e9 um streamer audi\u00f3filo DLNA com sa\u00eddas I2S e SPFIF Coaxial para conex\u00e3o com Dac. Compat\u00edvel com arquivos de \u00e1udio HiEND DSD, FLAC, etc. &nbsp; The Sonore Signature Series Rendu is a simple, yet very well engineered, device that converts an Ethernet signal into either S\/PDIF [&hellip;]<\/p>\n","protected":false},"featured_media":14134,"template":"","meta":{"_acf_changed":false},"product_brand":[],"product_cat":[41,142],"product_tag":[],"class_list":{"0":"post-14133","1":"product","2":"type-product","3":"status-publish","4":"has-post-thumbnail","6":"product_cat-digital","7":"product_cat-streamers","9":"first","10":"instock","11":"sold-individually","12":"shipping-taxable","13":"purchasable","14":"product-type-simple"},"acf":[],"aioseo_notices":[],"_links":{"self":[{"href":"https:\/\/hificlub.com.br\/loja\/wp-json\/wp\/v2\/product\/14133","targetHints":{"allow":["GET"]}}],"collection":[{"href":"https:\/\/hificlub.com.br\/loja\/wp-json\/wp\/v2\/product"}],"about":[{"href":"https:\/\/hificlub.com.br\/loja\/wp-json\/wp\/v2\/types\/product"}],"wp:featuredmedia":[{"embeddable":true,"href":"https:\/\/hificlub.com.br\/loja\/wp-json\/wp\/v2\/media\/14134"}],"wp:attachment":[{"href":"https:\/\/hificlub.com.br\/loja\/wp-json\/wp\/v2\/media?parent=14133"}],"wp:term":[{"taxonomy":"product_brand","embeddable":true,"href":"https:\/\/hificlub.com.br\/loja\/wp-json\/wp\/v2\/product_brand?post=14133"},{"taxonomy":"product_cat","embeddable":true,"href":"https:\/\/hificlub.com.br\/loja\/wp-json\/wp\/v2\/product_cat?post=14133"},{"taxonomy":"product_tag","embeddable":true,"href":"https:\/\/hificlub.com.br\/loja\/wp-json\/wp\/v2\/product_tag?post=14133"}],"curies":[{"name":"wp","href":"https:\/\/api.w.org\/{rel}","templated":true}]}}