{"id":1405,"date":"2023-10-17T19:56:05","date_gmt":"2023-10-17T22:56:05","guid":{"rendered":"https:\/\/hificlub.com.br\/loja2\/produto\/peachtree-inova-hibrido-80-watts-mosfet-com-dac\/"},"modified":"2024-10-07T17:10:40","modified_gmt":"2024-10-07T20:10:40","slug":"peachtree-inova-hibrido-80-watts-mosfet-com-dac","status":"publish","type":"product","link":"https:\/\/hificlub.com.br\/loja\/produto\/peachtree-inova-hibrido-80-watts-mosfet-com-dac\/","title":{"rendered":"PEACHTREE iNOVA Hibrido 80 Watts Mosfet com DAC"},"content":{"rendered":"<p>CONDI\u00c7\u00c3O: USADO<br \/>\nCor: SILVER<br \/>\nEstado de Conserva\u00e7\u00e3o: 9\/10<\/p>\n<h3>Gorgeous Audio Combined With Beautiful Looks<\/h3>\n<p>The iNova\u00a0starts with our award winning Stereophile Product of the Year &#8211; the Nova &#8211; and ups the ante.<\/p>\n<p><img decoding=\"async\" class=\"inset-image-right\" src=\"https:\/\/www.peachtreeaudio.com\/media\/wysiwyg\/ipod.png\" alt=\"made for iPod\" width=\"59px\" height=\"39px\" \/><\/p>\n<p>Improvements in the iNova<\/p>\n<ul>\n<li>A higher resolution 32 bit DAC which resolves up to 24bit\/192kHz on coax SPDIF. The USB now gives you 24bit\/96kHz resolution directly from your computer.<\/li>\n<li>A new redesigned preamp with a Russian 6N1P tube buffer gives the iNova a greater sense of three-dimensional sound and a more detailed soundstage.<\/li>\n<li>The amp was fitted with upgraded capacitors making the iNova more dynamic and punchier in the bass region.<\/li>\n<li>The iPod dock allows you to experience PURE DIGITAL sound from your iPod. Digital music sounds like never before!<\/li>\n<\/ul>\n<p>The changes result in\u00a0improved dynamics\u00a0and\u00a0higher resolution.<\/p>\n<p>The iNova\u00a0features an 80 watt per channel amplifier, class A tube preamp, high resolution digital-to-analog converter, class A headphone amplifier and a PURE DIGITAL iPod dock. The upgrades are notable. If you want the very best resolution possible for computer audio or from streaming devices like Apple TV, Sonos and many others now on the market, the iNova will certainly fit the bill. The Nova remains available and is a top performer in its class.<\/p>\n<p>Lightning-connector iOS devices compatible with adapter:<img decoding=\"async\" class=\"inset-image-left\" src=\"https:\/\/www.peachtreeaudio.com\/media\/wysiwyg\/lightning-compatibility.gif\" alt=\"iOS devices with Lightning connector\" width=\"381px\" height=\"165px\" \/><\/p>\n<p>An adapter available directly from Apple allows you to connect a Lightning-equipped iOS device to the iNova&#8217;s built-in dock.<\/p>\n<h3>iNova Specifications<\/h3>\n<p>Amplifier<br \/>\n80 Watts per Channel &lt;1% Distortion into 6 Ohms<br \/>\nST MOSFET Amp Modules<br \/>\nSigma Servo Internal Wiring Configuration<\/p>\n<p>Preamplifier<br \/>\nHybrid Tube Design Using Triode (Stereo 6n1p)<br \/>\n7.0V Output at 2.0V Input<br \/>\n&lt;1 Ohm at Output Stage<br \/>\nClass A Output Stage<br \/>\nPolypropylene Caps in the signal path<\/p>\n<p>Headphone Amplifier\u00a0(Shared with the Pre-Out Stage)<br \/>\nSuitable for All Electro-dynamic Headphones<br \/>\nOutput impedance: &lt;1 Ohm<br \/>\nMaximum Output Power:100Mw\/8 Ohms\/300Mw\/150 Ohms\/150Mw\/300 Ohms<br \/>\nClass A Output Stage<br \/>\n6N1P Vacuum Tube in Circuit<\/p>\n<p>Digital to Analog Converter (DAC)<br \/>\n6 Digital Inputs: 1 USB, 2 Coax, 2 Optical, 1 iPod Dock<br \/>\nESS 9016 Sabre DAC<br \/>\nUSB 24Bit\/96kHz<br \/>\nSPDIF 24Bit\/192kHz<br \/>\n11 Regulated Power Supplies<br \/>\nClass A Output Stage<br \/>\nTransformer-Coupled Digital Inputs<br \/>\nGalvanically Isolated USB Stage<br \/>\n&gt;122dB Signal to Noise Ratio without Tube<br \/>\n&lt;3 Picoseconds Jitter Measured at the Master Clock<\/p>\n<p>Dimensions: 5 x 14.75 x 14 (inches)<br \/>\nWeight: 26 lbs<\/p>\n","protected":false},"excerpt":{"rendered":"<p>CONDI\u00c7\u00c3O: USADO Cor: SILVER Estado de Conserva\u00e7\u00e3o: 9\/10 Gorgeous Audio Combined With Beautiful Looks The iNova\u00a0starts with our award winning Stereophile Product of the Year &#8211; the Nova &#8211; and ups the ante. Improvements in the iNova A higher resolution 32 bit DAC which resolves up to 24bit\/192kHz on coax SPDIF. The USB now gives [&hellip;]<\/p>\n","protected":false},"featured_media":1403,"template":"","meta":{"_acf_changed":false},"product_brand":[],"product_cat":[27,51,128],"product_tag":[],"class_list":{"0":"post-1405","1":"product","2":"type-product","3":"status-publish","4":"has-post-thumbnail","6":"product_cat-amplificador","7":"product_cat-integrado","8":"product_cat-peachtree","10":"first","11":"instock","12":"sold-individually","13":"shipping-taxable","14":"purchasable","15":"product-type-simple"},"acf":[],"aioseo_notices":[],"_links":{"self":[{"href":"https:\/\/hificlub.com.br\/loja\/wp-json\/wp\/v2\/product\/1405","targetHints":{"allow":["GET"]}}],"collection":[{"href":"https:\/\/hificlub.com.br\/loja\/wp-json\/wp\/v2\/product"}],"about":[{"href":"https:\/\/hificlub.com.br\/loja\/wp-json\/wp\/v2\/types\/product"}],"wp:featuredmedia":[{"embeddable":true,"href":"https:\/\/hificlub.com.br\/loja\/wp-json\/wp\/v2\/media\/1403"}],"wp:attachment":[{"href":"https:\/\/hificlub.com.br\/loja\/wp-json\/wp\/v2\/media?parent=1405"}],"wp:term":[{"taxonomy":"product_brand","embeddable":true,"href":"https:\/\/hificlub.com.br\/loja\/wp-json\/wp\/v2\/product_brand?post=1405"},{"taxonomy":"product_cat","embeddable":true,"href":"https:\/\/hificlub.com.br\/loja\/wp-json\/wp\/v2\/product_cat?post=1405"},{"taxonomy":"product_tag","embeddable":true,"href":"https:\/\/hificlub.com.br\/loja\/wp-json\/wp\/v2\/product_tag?post=1405"}],"curies":[{"name":"wp","href":"https:\/\/api.w.org\/{rel}","templated":true}]}}