{"id":14021,"date":"2024-02-15T07:24:57","date_gmt":"2024-02-15T10:24:57","guid":{"rendered":"https:\/\/hificlub.com.br\/loja\/?post_type=product&#038;p=14021"},"modified":"2026-04-07T11:31:20","modified_gmt":"2026-04-07T14:31:20","slug":"project-phono-box-ds2-b-mm-mc","status":"publish","type":"product","link":"https:\/\/hificlub.com.br\/loja\/produto\/project-phono-box-ds2-b-mm-mc\/","title":{"rendered":"PROJECT PHONO BOX DS2 Phono Stage MM MC"},"content":{"rendered":"<p>ESTADO 9\/10<\/p>\n<p><b>Pr\u00e9-amplificador phono de classe premium com capacidade MM e MC<\/b><\/p>\n<p><span class=\"\">Phono Box DS2 \u00e9 um pr\u00e9-amplificador phono altamente ajust\u00e1vel, adequado para todos os cartuchos MM e MC comuns. Com a capacidade de alternar facilmente entre imped\u00e2ncia e capacit\u00e2ncia de entrada, bem como ganho frontal, ele se torna um dos est\u00e1gios phono mais f\u00e1ceis de usar nesta faixa de pre\u00e7o. Possui um par de entradas RCA para seu toca-discos e um par de sa\u00eddas RCA que ser\u00e3o conectadas ao seu pr\u00e9-amplificador ou amplificador integrado. O inv\u00f3lucro \u00e9 feito de uma constru\u00e7\u00e3o dur\u00e1vel em sandu\u00edche de alum\u00ednio e metal, que n\u00e3o s\u00f3 o proteger\u00e1 eficazmente contra interfer\u00eancias e vibra\u00e7\u00f5es eletromagn\u00e9ticas, mas tamb\u00e9m agradar\u00e1 aos olhos com sua est\u00e9tica simples e elegante. O Phono Box DS2 apresenta um design de circuito muito linear para fornecer o melhor som poss\u00edvel a partir de um PCB minimalista. Com seus sons de alto valor e pre\u00e7o baixo, torna-se uma pechincha para audi\u00f3filos!<\/span><\/p>\n<h2>Caracter\u00edsticas<\/h2>\n<ul>\n<li>Adequado para cartuchos MM e MC<\/li>\n<li>Equaliza\u00e7\u00e3o RIAA precisa<\/li>\n<li>Circuito mono duplo para separa\u00e7\u00e3o otimizada de canais<\/li>\n<li>Inped\u00e2ncia de entrada selecion\u00e1vel na frente<\/li>\n<li>Capacit\u00e2ncia de entrada selecion\u00e1vel na frente<\/li>\n<li>CIs de baixo ru\u00eddo<\/li>\n<li>Entradas e sa\u00eddas RCA banhadas a ouro<\/li>\n<li>O inv\u00f3lucro sandu\u00edche de alum\u00ednio\/metal protege contra vibra\u00e7\u00f5es e interfer\u00eancia eletromagn\u00e9tica<\/li>\n<li>Pain\u00e9is laterais magn\u00e9ticos em eucalipto, roseira e nogueira dispon\u00edveis separadamente<\/li>\n<\/ul>\n<div>Imped\u00e2ncia de entrada 10-47 kOhm<\/div>\n<div>Capacit\u00e2ncia 100\/220 e 320pF<\/div>\n<div>Ganho 40\/45\/50\/60\/65 dB<\/div>\n<div>Voltagem de sa\u00edda 500mV a 1kHz (na tens\u00e3o de entrada de 5mV a 1kHz)<\/div>\n<div>Piso de ru\u00eddo &#8211; 80 dB V<\/div>\n<div>THD + N &lt;0,02%<\/div>\n<div>THD 0,0008%<\/div>\n<div>Precis\u00e3o da curva de equaliza\u00e7\u00e3o RIAA Dentro de 0,5dB \/ 20Hz &#8211; 20kHz<\/div>\n<div>Entradas 1 par RCA<\/div>\n<div>Sa\u00eddas 1 par RCA<\/div>\n<div>Fonte de energia 18V \/ 500mA DC; 110 &#8211; 240V, 50 \/ 60Hz<\/div>\n<div>Consumo de energia 100 mA CC, &lt;1 Watt em espera<\/div>\n<div>Dimens\u00f5es L x A x P 206 x 71 x 194 mm (Alu)<\/div>\n<div><\/div>\n<div>240 x 72 x 194 mm (Madeira)<\/div>\n<div>Peso 1320 g (Alu) sem fonte de alimenta\u00e7\u00e3o<\/div>\n<div><\/div>\n<div>1770 g (Madeira) sem fonte de alimenta\u00e7\u00e3o<\/div>\n<p id=\"tw-target-text\" class=\"tw-data-text tw-text-large tw-ta\" dir=\"ltr\" data-placeholder=\"\u00dcbersetzung\">\n","protected":false},"excerpt":{"rendered":"<p>ESTADO 9\/10 Pr\u00e9-amplificador phono de classe premium com capacidade MM e MC Phono Box DS2 \u00e9 um pr\u00e9-amplificador phono altamente ajust\u00e1vel, adequado para todos os cartuchos MM e MC comuns. Com a capacidade de alternar facilmente entre imped\u00e2ncia e capacit\u00e2ncia de entrada, bem como ganho frontal, ele se torna um dos est\u00e1gios phono mais f\u00e1ceis [&hellip;]<\/p>\n","protected":false},"featured_media":14023,"template":"","meta":{"_acf_changed":false},"product_brand":[],"product_cat":[78,79,241],"product_tag":[],"class_list":{"0":"post-14021","1":"product","2":"type-product","3":"status-publish","4":"has-post-thumbnail","6":"product_cat-analogico-audio","7":"product_cat-pre-de-phono","8":"product_cat-project","10":"first","11":"instock","12":"sold-individually","13":"shipping-taxable","14":"purchasable","15":"product-type-simple"},"acf":[],"aioseo_notices":[],"_links":{"self":[{"href":"https:\/\/hificlub.com.br\/loja\/wp-json\/wp\/v2\/product\/14021","targetHints":{"allow":["GET"]}}],"collection":[{"href":"https:\/\/hificlub.com.br\/loja\/wp-json\/wp\/v2\/product"}],"about":[{"href":"https:\/\/hificlub.com.br\/loja\/wp-json\/wp\/v2\/types\/product"}],"wp:featuredmedia":[{"embeddable":true,"href":"https:\/\/hificlub.com.br\/loja\/wp-json\/wp\/v2\/media\/14023"}],"wp:attachment":[{"href":"https:\/\/hificlub.com.br\/loja\/wp-json\/wp\/v2\/media?parent=14021"}],"wp:term":[{"taxonomy":"product_brand","embeddable":true,"href":"https:\/\/hificlub.com.br\/loja\/wp-json\/wp\/v2\/product_brand?post=14021"},{"taxonomy":"product_cat","embeddable":true,"href":"https:\/\/hificlub.com.br\/loja\/wp-json\/wp\/v2\/product_cat?post=14021"},{"taxonomy":"product_tag","embeddable":true,"href":"https:\/\/hificlub.com.br\/loja\/wp-json\/wp\/v2\/product_tag?post=14021"}],"curies":[{"name":"wp","href":"https:\/\/api.w.org\/{rel}","templated":true}]}}