{"id":14012,"date":"2024-02-15T07:02:28","date_gmt":"2024-02-15T10:02:28","guid":{"rendered":"https:\/\/hificlub.com.br\/loja\/?post_type=product&#038;p=14012"},"modified":"2025-06-05T07:15:15","modified_gmt":"2025-06-05T10:15:15","slug":"elipson-p1f-preamp-dac-phono","status":"publish","type":"product","link":"https:\/\/hificlub.com.br\/loja\/produto\/elipson-p1f-preamp-dac-phono\/","title":{"rendered":"ELIPSON P1F Preamplificador com DAC , MM e MC Phono"},"content":{"rendered":"<div class=\"frame_general body\">\n<table border=\"0\" width=\"100%\" cellspacing=\"0\" cellpadding=\"0\" bgcolor=\"FFFFFF\">\n<tbody>\n<tr>\n<td valign=\"top\">\n<div id=\"tab_description\" class=\"tabcontent\">\n<div class=\" VIpgJd-yAWNEb-hvhgNd-k77Iif-i3jM8c\">\n<div id=\"goog-gt-original-text\" class=\"VIpgJd-yAWNEb-nVMfcd-fmcmS VIpgJd-yAWNEb-hvhgNd-axAV1\" lang=\"en\">\n<h2 class=\"headertext\"><span class=\"\">Pr\u00e9-amplificador P1 F com m\u00f3dulos PHONO e DAC inclu\u00eddos e projetado para combinar com o amplificador de pot\u00eancia A2700<\/span><\/h2>\n<\/div>\n<\/div>\n<div class=\"VIpgJd-yAWNEb-hvhgNd-N7Eqid ltr\">\n<div class=\"VIpgJd-yAWNEb-hvhgNd-N7Eqid-B7I4Od ltr\" dir=\"ltr\"><\/div>\n<\/div>\n<h2 class=\"headertext\"><span class=\"\">Destaques<\/span><\/h2>\n<p>\u2022 \u00d3tima rela\u00e7\u00e3o sinal-ru\u00eddo e distor\u00e7\u00e3o m\u00ednima.<br \/>\n\u2022 Design modular e alta qualidade.<br \/>\n\u2022 Inclui m\u00f3dulos PHONO P1 e DAC P1.<br \/>\n\u2022 Reprodu\u00e7\u00e3o sonora pura e transparente.<br \/>\n\u2022 Tecnologias sofisticadas e componentes de primeira classe.<\/p>\n<h2 class=\"headertext\">Texto do produto<\/h2>\n<p>O pr\u00e9-amplificador Elipson P1 F oferece qualidade audi\u00f3fila. Ele oferece m\u00fasica n\u00edtida com baixa distor\u00e7\u00e3o. Fabricado na Fran\u00e7a, apresenta um design modular. Inclui m\u00f3dulos PHONO P1 e DAC P1.<br \/>\nO design \u00e9 audi\u00f3filo e flex\u00edvel. Garante um som n\u00edtido. O controle remoto facilita o uso. Possui uma apar\u00eancia elegante e tecnologia avan\u00e7ada. Componentes de alta qualidade garantem um bom som.<br \/>\nO Elipson P1 reduz o ru\u00eddo. Isso fornece uma rela\u00e7\u00e3o sinal-ru\u00eddo de 102 dB. O som \u00e9 claro e detalhado. A distor\u00e7\u00e3o \u00e9 inferior a 0,001%, garantindo um som natural.<br \/>\nO Elipson P1 \u00e9 modular e preparado para o futuro. Possui muitas op\u00e7\u00f5es de conectividade. Inclui m\u00f3dulos DAC e PHONO. Perfeito para leitores de CD e leitores de rede. Adapta-se bem a qualquer amplificador de pot\u00eancia, especialmente ao Elipson A2700.<br \/>\nO Elipson P1 pode ser expandido com m\u00f3dulos adicionais. Isso adapta o som \u00e0s suas necessidades. Ele evolui com o seu sistema hi-fi.<\/p>\n<h2 class=\"headertext\">Especifica\u00e7\u00f5es<\/h2>\n<p><span class=\"\">\u2022 SA\u00cdDA DE HEADPHONE: Pot\u00eancia de sa\u00edda 150 mW \/ 32 O<\/span><br \/>\n<span class=\"\">\u2022 Distor\u00e7\u00e3o harm\u00f4nica: &lt; 0,001%<\/span><br \/>\n<span class=\"\">\u2022 Largura de banda: 2 Hz &#8211; 120 kHz<\/span><br \/>\n<span class=\"\">\u2022 Imped\u00e2ncia de fone de ouvido compat\u00edvel: 16 a 600 O<\/span><br \/>\n<span class=\"\">\u2022 Diversos: 3 entradas, 2 x Linha RCA + 1 x XLR balanceado<\/span><br \/>\n<span class=\"\">\u2022 Sa\u00eddas: 1 x RCA est\u00e9reo + 1 x XLR est\u00e9reo + sub + trigger out<\/span><br \/>\n<span class=\"\">\u2022 Modo est\u00e9reo\/Mono: Sim no painel frontal<\/span><br \/>\n<span class=\"\">\u2022 Dimens\u00f5es: L x A x P: 95 x 430 x 302\/315*, Peso: 5,3 \/ 9 KG<\/span><br \/>\n<span class=\"\">\u2022 M\u00f3dulos DAC e PHONO P1 inclu\u00eddos.<\/span><\/p>\n<\/div>\n<\/td>\n<\/tr>\n<\/tbody>\n<\/table>\n<\/div>\n","protected":false},"excerpt":{"rendered":"<p>Pr\u00e9-amplificador P1 F com m\u00f3dulos PHONO e DAC inclu\u00eddos e projetado para combinar com o amplificador de pot\u00eancia A2700 Destaques \u2022 \u00d3tima rela\u00e7\u00e3o sinal-ru\u00eddo e distor\u00e7\u00e3o m\u00ednima. \u2022 Design modular e alta qualidade. \u2022 Inclui m\u00f3dulos PHONO P1 e DAC P1. \u2022 Reprodu\u00e7\u00e3o sonora pura e transparente. \u2022 Tecnologias sofisticadas e componentes de primeira classe. [&hellip;]<\/p>\n","protected":false},"featured_media":14013,"template":"","meta":{"_acf_changed":false},"product_brand":[],"product_cat":[214,38],"product_tag":[],"class_list":{"0":"post-14012","1":"product","2":"type-product","3":"status-publish","4":"has-post-thumbnail","6":"product_cat-elipson","7":"product_cat-pre-amplificador","9":"first","10":"instock","11":"sold-individually","12":"shipping-taxable","13":"purchasable","14":"product-type-simple"},"acf":[],"aioseo_notices":[],"_links":{"self":[{"href":"https:\/\/hificlub.com.br\/loja\/wp-json\/wp\/v2\/product\/14012","targetHints":{"allow":["GET"]}}],"collection":[{"href":"https:\/\/hificlub.com.br\/loja\/wp-json\/wp\/v2\/product"}],"about":[{"href":"https:\/\/hificlub.com.br\/loja\/wp-json\/wp\/v2\/types\/product"}],"wp:featuredmedia":[{"embeddable":true,"href":"https:\/\/hificlub.com.br\/loja\/wp-json\/wp\/v2\/media\/14013"}],"wp:attachment":[{"href":"https:\/\/hificlub.com.br\/loja\/wp-json\/wp\/v2\/media?parent=14012"}],"wp:term":[{"taxonomy":"product_brand","embeddable":true,"href":"https:\/\/hificlub.com.br\/loja\/wp-json\/wp\/v2\/product_brand?post=14012"},{"taxonomy":"product_cat","embeddable":true,"href":"https:\/\/hificlub.com.br\/loja\/wp-json\/wp\/v2\/product_cat?post=14012"},{"taxonomy":"product_tag","embeddable":true,"href":"https:\/\/hificlub.com.br\/loja\/wp-json\/wp\/v2\/product_tag?post=14012"}],"curies":[{"name":"wp","href":"https:\/\/api.w.org\/{rel}","templated":true}]}}