{"id":13994,"date":"2024-02-14T10:44:44","date_gmt":"2024-02-14T13:44:44","guid":{"rendered":"https:\/\/hificlub.com.br\/loja\/?post_type=product&#038;p=13994"},"modified":"2026-03-02T14:18:16","modified_gmt":"2026-03-02T17:18:16","slug":"klipsch-reference-sw112","status":"publish","type":"product","link":"https:\/\/hificlub.com.br\/loja\/produto\/klipsch-reference-sw112\/","title":{"rendered":"KLIPSCH REFERENCE SW112"},"content":{"rendered":"<p>AMPLIFICADOR: BASH\u00ae Digital Hybrid<br \/>\nPOT\u00caNCIA DO AMPLIFICADOR: Pot\u00eancia nominal FTC: 300 watts cont\u00ednuos @<br \/>\n&lt;2% THD \/ Pot\u00eancia din\u00e2mica *: 600 watts<br \/>\nCOMPONENTES DE ACIONAMENTO: Driver de fibra de vidro tecido n\u00e3o ressonante ativo de 12&#8243; (30,5 cm)<br \/>\nTIPO DE CAIXA: Bass-reflex via porta slot frontal<br \/>\nTENS\u00c3O DE EXPORTA\u00c7\u00c3O: NA, UE, CCC<br \/>\nRESPOSTA DE FREQU\u00caNCIA: 26Hz-120Hz \u00b1 3dB<br \/>\nENTRADAS: Conectores RCA de n\u00edvel de linha L\/R, terminais de liga\u00e7\u00e3o de alto-falante L\/R de alto n\u00edvel, porta WA<br \/>\nSA\u00cdDA AC\u00daSTICA M\u00c1XIMA: 116dB @ 30Hz<br \/>\nSA\u00cdDAS: Nenhuma<br \/>\nSENSIBILIDADE: 106dB a 40Hz<br \/>\nTENS\u00c3O: 100-120 V \/ 220-240 V ~ 50\/60 Hz 3,15 A (comuta\u00e7\u00e3o de tens\u00e3o autom\u00e1tica) com espera de 1 Watt<br \/>\nPESO: 46 libras (20,9 kg)<br \/>\nLARGURA: 14,5&#8243; (36,8 cm)<br \/>\nPROFUNDIDADE: 19&#8243; (48,3 cm)<br \/>\nALTURA: 16&#8243; (40,6 cm)<\/p>\n","protected":false},"excerpt":{"rendered":"<p>AMPLIFICADOR: BASH\u00ae Digital Hybrid POT\u00caNCIA DO AMPLIFICADOR: Pot\u00eancia nominal FTC: 300 watts cont\u00ednuos @ &lt;2% THD \/ Pot\u00eancia din\u00e2mica *: 600 watts COMPONENTES DE ACIONAMENTO: Driver de fibra de vidro tecido n\u00e3o ressonante ativo de 12&#8243; (30,5 cm) TIPO DE CAIXA: Bass-reflex via porta slot frontal TENS\u00c3O DE EXPORTA\u00c7\u00c3O: NA, UE, CCC RESPOSTA DE FREQU\u00caNCIA: [&hellip;]<\/p>\n","protected":false},"featured_media":13995,"template":"","meta":{"_acf_changed":false},"product_brand":[],"product_cat":[17,114,36],"product_tag":[],"class_list":{"0":"post-13994","1":"product","2":"type-product","3":"status-publish","4":"has-post-thumbnail","6":"product_cat-caixas","7":"product_cat-klipsch","8":"product_cat-subwoofer","10":"first","11":"instock","12":"sold-individually","13":"shipping-taxable","14":"purchasable","15":"product-type-simple"},"acf":[],"aioseo_notices":[],"_links":{"self":[{"href":"https:\/\/hificlub.com.br\/loja\/wp-json\/wp\/v2\/product\/13994","targetHints":{"allow":["GET"]}}],"collection":[{"href":"https:\/\/hificlub.com.br\/loja\/wp-json\/wp\/v2\/product"}],"about":[{"href":"https:\/\/hificlub.com.br\/loja\/wp-json\/wp\/v2\/types\/product"}],"wp:featuredmedia":[{"embeddable":true,"href":"https:\/\/hificlub.com.br\/loja\/wp-json\/wp\/v2\/media\/13995"}],"wp:attachment":[{"href":"https:\/\/hificlub.com.br\/loja\/wp-json\/wp\/v2\/media?parent=13994"}],"wp:term":[{"taxonomy":"product_brand","embeddable":true,"href":"https:\/\/hificlub.com.br\/loja\/wp-json\/wp\/v2\/product_brand?post=13994"},{"taxonomy":"product_cat","embeddable":true,"href":"https:\/\/hificlub.com.br\/loja\/wp-json\/wp\/v2\/product_cat?post=13994"},{"taxonomy":"product_tag","embeddable":true,"href":"https:\/\/hificlub.com.br\/loja\/wp-json\/wp\/v2\/product_tag?post=13994"}],"curies":[{"name":"wp","href":"https:\/\/api.w.org\/{rel}","templated":true}]}}