{"id":13838,"date":"2024-02-05T13:54:56","date_gmt":"2024-02-05T16:54:56","guid":{"rendered":"https:\/\/hificlub.com.br\/loja\/?post_type=product&#038;p=13838"},"modified":"2024-10-07T16:57:18","modified_gmt":"2024-10-07T19:57:18","slug":"velodyne-impact-10","status":"publish","type":"product","link":"https:\/\/hificlub.com.br\/loja\/produto\/velodyne-impact-10\/","title":{"rendered":"VELODYNE IMPACT 10  10&#8243; 150 watts"},"content":{"rendered":"<p>ESTADO 9\/10<\/p>\n<p>A Velodyne deve ser um dos nomes mais reconhecidos em subwoofers e, por muito tempo, eles se fixaram no pre\u00e7o de consumidores exigentes que levavam seus graves a s\u00e9rio. Bem, aparentemente qualquer um agora pode trazer batidas de baixa frequ\u00eancia para sua sala de estar porque a Velodyne reduziu o custo de entrada mais uma vez com o novo subwoofer Impact-10. O Impact-10 possui um woofer frontal de longo alcance de 10 polegadas alimentado por um amplificador Classe D de 150 watts.<br \/>\nTudo isso est\u00e1 alojado em um gabinete elegante projetado em CAD com cantos arredondados e uma grade frontal remov\u00edvel e chanfrada. A sa\u00edda do woofer de 10&#8243; \u00e9 aprimorada por uma porta de disparo descendente projetada com precis\u00e3o que produz extens\u00e3o de graves, sa\u00edda e impacto adicionais. O gabinete tamb\u00e9m \u00e9 constru\u00eddo como um tijolo, e nosso teste de batida (knock) nos diz que n\u00e3o vai flexionar e afetar negativamente o som.<\/p>\n<li>150-watt RMS Class D digital amplifier<\/li>\n<li>10&#8243; front-firing driver<\/li>\n<li>frequency response 32-140 Hz (\u00b13dB)<\/li>\n<li>adjustable 50-200 Hz low-pass crossover<\/li>\n<li>RCA line-level, LFE (low frequency effects), and speaker-level inputs<\/li>\n<li>speaker-level outputs<\/li>\n<li>2-position phase control (0\u00b0 and 180\u00b0)<\/li>\n<li>auto on\/off<\/li>\n<li>removable grille<\/li>\n<li>black woodgrain cabinet with glossy black lacquer trim<\/li>\n<li>12-5\/8&#8243;W x 13-5\/8&#8243;H x 14-15\/16&#8243;D<\/li>\n<\/ul>\n","protected":false},"excerpt":{"rendered":"<p>ESTADO 9\/10 A Velodyne deve ser um dos nomes mais reconhecidos em subwoofers e, por muito tempo, eles se fixaram no pre\u00e7o de consumidores exigentes que levavam seus graves a s\u00e9rio. Bem, aparentemente qualquer um agora pode trazer batidas de baixa frequ\u00eancia para sua sala de estar porque a Velodyne reduziu o custo de entrada [&hellip;]<\/p>\n","protected":false},"featured_media":13841,"template":"","meta":{"_acf_changed":false},"product_brand":[],"product_cat":[17,36,143],"product_tag":[],"class_list":{"0":"post-13838","1":"product","2":"type-product","3":"status-publish","4":"has-post-thumbnail","6":"product_cat-caixas","7":"product_cat-subwoofer","8":"product_cat-velodyne","10":"first","11":"instock","12":"sold-individually","13":"shipping-taxable","14":"purchasable","15":"product-type-simple"},"acf":[],"aioseo_notices":[],"_links":{"self":[{"href":"https:\/\/hificlub.com.br\/loja\/wp-json\/wp\/v2\/product\/13838","targetHints":{"allow":["GET"]}}],"collection":[{"href":"https:\/\/hificlub.com.br\/loja\/wp-json\/wp\/v2\/product"}],"about":[{"href":"https:\/\/hificlub.com.br\/loja\/wp-json\/wp\/v2\/types\/product"}],"wp:featuredmedia":[{"embeddable":true,"href":"https:\/\/hificlub.com.br\/loja\/wp-json\/wp\/v2\/media\/13841"}],"wp:attachment":[{"href":"https:\/\/hificlub.com.br\/loja\/wp-json\/wp\/v2\/media?parent=13838"}],"wp:term":[{"taxonomy":"product_brand","embeddable":true,"href":"https:\/\/hificlub.com.br\/loja\/wp-json\/wp\/v2\/product_brand?post=13838"},{"taxonomy":"product_cat","embeddable":true,"href":"https:\/\/hificlub.com.br\/loja\/wp-json\/wp\/v2\/product_cat?post=13838"},{"taxonomy":"product_tag","embeddable":true,"href":"https:\/\/hificlub.com.br\/loja\/wp-json\/wp\/v2\/product_tag?post=13838"}],"curies":[{"name":"wp","href":"https:\/\/api.w.org\/{rel}","templated":true}]}}