{"id":13835,"date":"2024-02-05T13:45:22","date_gmt":"2024-02-05T16:45:22","guid":{"rendered":"https:\/\/hificlub.com.br\/loja\/?post_type=product&#038;p=13835"},"modified":"2024-10-07T16:57:18","modified_gmt":"2024-10-07T19:57:18","slug":"focal-jmlab-mini-utopia","status":"publish","type":"product","link":"https:\/\/hificlub.com.br\/loja\/produto\/focal-jmlab-mini-utopia\/","title":{"rendered":"FOCAL JMLAB MINI UTOPIA"},"content":{"rendered":"<p>ESTADO 9\/10<\/p>\n<p>O Mini Utopia \u00e9 um design bass-reflex bidirecional que usa dois woofers Focal de 6,5&#8243; (JMlab \u00e9 o fabricante das unidades de acionamento Focal) em uma configura\u00e7\u00e3o MTM em torno de um tweeter Focal tioxid de domo invertido de 1&#8243; (ali\u00e1s, este N\u00c3O \u00e9 o mesmo tweeter usado na linha Electra da JMlab). O defletor frontal tem um formato c\u00f4ncavo que a f\u00e1brica chama de &#8220;Tempo de Foco&#8221;, provavelmente indicando que o som dos drivers converge a uma dist\u00e2ncia de audi\u00e7\u00e3o. O gabinete do alto-falante \u00e9 constru\u00eddo para garantir alta rigidez. Cada driver \u00e9 fechado com um compartimento interno separado e, olhando para o Mini de frente, voc\u00ea pode ver um pequeno espa\u00e7o entre cada um deles. O crossover \u00e9 uma rede de terceira ordem que passa para o tweeter a 2,5 kHz. Ao contr\u00e1rio da placa de circuito impresso usada em alto-falantes produzidos em massa, o crossover no Mini Utopia \u00e9 conectado ponto a ponto. Os cones do woofer usam uma constru\u00e7\u00e3o do tipo sandu\u00edche, consistindo de &#8220;camadas de fibra de vidro ao redor de um n\u00facleo de espuma pl\u00e1stica sint\u00e1tica&#8221;. Os drivers s\u00e3o representativos do que a Focal tem de melhor.<\/p>\n<p>O Mini Utopia \u00e9 exclusivamente portado com dois slots que disparam na frente logo acima e abaixo da \u00e1rea do tweeter. A empresa classifica a resposta de frequ\u00eancia de 50 Hz a 25 kHz +\/- 3 dB. A efici\u00eancia \u00e9 classificada em 91,5 dB (2,83 V\/1 M) e a imped\u00e2ncia nominal \u00e9 de 8 ohms (n\u00e3o caindo abaixo de 4 ohms). A literatura da JMlab indica que amplificadores de 25 a 150 Wpc em 8 ohms s\u00e3o adequados para uso com o Mini. Minha experi\u00eancia mostra que este alto-falante \u00e9 f\u00e1cil de dirigir. Um \u00fanico conjunto de bornes WBT de alta qualidade se projetam para fora da parte traseira suavemente acabada do Mini. <\/p>\n<p>Ficha de dados<br \/>\nAltura 600 mil\u00edmetros<br \/>\nLargura 265 mil\u00edmetros<br \/>\nProfundidade 415 mil\u00edmetros<br \/>\nPeso 27 kg<br \/>\nTerminar Anigre natural<br \/>\nPoder 175 W<br \/>\nEfici\u00eancia 91,5 dB<br \/>\nImped\u00e2ncia 8 ohm<br \/>\nLargura de banda 50 hz a 25 khz<br \/>\nBaixo 2 x 165 mm &#8220;l&#8221;<\/p>\n","protected":false},"excerpt":{"rendered":"<p>ESTADO 9\/10 O Mini Utopia \u00e9 um design bass-reflex bidirecional que usa dois woofers Focal de 6,5&#8243; (JMlab \u00e9 o fabricante das unidades de acionamento Focal) em uma configura\u00e7\u00e3o MTM em torno de um tweeter Focal tioxid de domo invertido de 1&#8243; (ali\u00e1s, este N\u00c3O \u00e9 o mesmo tweeter usado na linha Electra da JMlab). [&hellip;]<\/p>\n","protected":false},"featured_media":13837,"template":"","meta":{"_acf_changed":false},"product_brand":[],"product_cat":[25,17,45],"product_tag":[],"class_list":{"0":"post-13835","1":"product","2":"type-product","3":"status-publish","4":"has-post-thumbnail","6":"product_cat-bookshelf","7":"product_cat-caixas","8":"product_cat-focal","10":"first","11":"instock","12":"sold-individually","13":"shipping-taxable","14":"purchasable","15":"product-type-simple"},"acf":[],"aioseo_notices":[],"_links":{"self":[{"href":"https:\/\/hificlub.com.br\/loja\/wp-json\/wp\/v2\/product\/13835","targetHints":{"allow":["GET"]}}],"collection":[{"href":"https:\/\/hificlub.com.br\/loja\/wp-json\/wp\/v2\/product"}],"about":[{"href":"https:\/\/hificlub.com.br\/loja\/wp-json\/wp\/v2\/types\/product"}],"wp:featuredmedia":[{"embeddable":true,"href":"https:\/\/hificlub.com.br\/loja\/wp-json\/wp\/v2\/media\/13837"}],"wp:attachment":[{"href":"https:\/\/hificlub.com.br\/loja\/wp-json\/wp\/v2\/media?parent=13835"}],"wp:term":[{"taxonomy":"product_brand","embeddable":true,"href":"https:\/\/hificlub.com.br\/loja\/wp-json\/wp\/v2\/product_brand?post=13835"},{"taxonomy":"product_cat","embeddable":true,"href":"https:\/\/hificlub.com.br\/loja\/wp-json\/wp\/v2\/product_cat?post=13835"},{"taxonomy":"product_tag","embeddable":true,"href":"https:\/\/hificlub.com.br\/loja\/wp-json\/wp\/v2\/product_tag?post=13835"}],"curies":[{"name":"wp","href":"https:\/\/api.w.org\/{rel}","templated":true}]}}