{"id":1383,"date":"2023-10-17T19:55:59","date_gmt":"2023-10-17T22:55:59","guid":{"rendered":"https:\/\/hificlub.com.br\/loja2\/produto\/nad-t757-7-1-110-watts\/"},"modified":"2026-03-21T15:04:53","modified_gmt":"2026-03-21T18:04:53","slug":"nad-t757-7-1-110-watts","status":"publish","type":"product","link":"https:\/\/hificlub.com.br\/loja\/produto\/nad-t757-7-1-110-watts\/","title":{"rendered":"NAD T757  7.1  110 Watts"},"content":{"rendered":"<p>COR: PRETO<br \/>\nCONDI\u00c7\u00c3O: 9\/10<br \/>\nN\u00daMERO DE CANAIS: 7.1<\/p>\n<h2>Destaques do produto:<\/h2>\n<h5>Pot\u00eancia e Processamento:<\/h5>\n<ul>\n<li>amplificador de 7 canais<\/li>\n<li>110 watts por canal em 8 ohms (20-20.000 Hz) a 0,08% THD, com 2 canais acionados<\/li>\n<li>Decodifica\u00e7\u00e3o Dolby\u00ae TrueHD, DTS-HD\u2122 Master Audio, Pro Logic\u00ae IIx e DTS Neo:6<\/li>\n<li>upconversion de v\u00eddeo anal\u00f3gico para HDMI (at\u00e9 480p)<\/li>\n<li>calibra\u00e7\u00e3o autom\u00e1tica do alto-falante para som surround preciso e configura\u00e7\u00e3o mais f\u00e1cil do sistema (microfone inclu\u00eddo)<\/li>\n<\/ul>\n<h5>\u00c1udio de v\u00e1rias salas:<\/h5>\n<ul>\n<li>sa\u00edda dual-room\/dual-source<\/li>\n<li>os canais do amplificador surround traseiro podem ser atribu\u00eddos a alto-falantes de pot\u00eancia na 2\u00aa sala<\/li>\n<li>apenas fontes anal\u00f3gicas podem ser reproduzidas na 2\u00aa sala<\/li>\n<\/ul>\n<h5>Recursos de desempenho de \u00e1udio:<\/h5>\n<ul>\n<li>canais de alto-falante surround traseiros reatribu\u00edveis para alto-falantes frontais esquerdo e direito bi-amplificados para melhor som<\/li>\n<li>entradas\/sa\u00eddas A\/V banhadas a ouro<\/li>\n<li><a href=\"https:\/\/www-crutchfield-com.translate.goog\/s_703NRG23F\/AudioQuest-NRG-2-3-ft.html?_x_tr_sl=en&amp;_x_tr_tl=pt&amp;_x_tr_hl=pt-BR&amp;_x_tr_pto=sc\">cabo de alimenta\u00e7\u00e3o<\/a>\u00a0destac\u00e1vel<\/li>\n<\/ul>\n<h5>Conex\u00f5es para at\u00e9 9 componentes de fonte A\/V:<\/h5>\n<ul>\n<li>as entradas s\u00e3o atribu\u00edveis para flexibilidade de conex\u00e3o<\/li>\n<li>Comuta\u00e7\u00e3o de v\u00eddeo digital HDMI compat\u00edvel com 1080p (4 entradas, 1 sa\u00edda)<\/li>\n<li>HDMI vers\u00e3o 1.4a com suporte para v\u00eddeo 3D, Canal de retorno de \u00e1udio, Deep Color, xvColor, sincroniza\u00e7\u00e3o labial autom\u00e1tica e HDMI-CEC<\/li>\n<li>comuta\u00e7\u00e3o de v\u00eddeo componente (3 entradas, 1 sa\u00edda)<\/li>\n<li>comuta\u00e7\u00e3o de v\u00eddeo composto (3 entradas, 1 sa\u00edda)<\/li>\n<li>Entrada S-v\u00eddeo<\/li>\n<li>entradas de \u00e1udio digital: 4 \u00f3pticas, 3 coaxiais<\/li>\n<li>sa\u00eddas de \u00e1udio digital: 1 \u00f3ptica, 1 coaxial<\/li>\n<li>4 entradas RCA est\u00e9reo anal\u00f3gicas, incluindo 1 painel frontal<\/li>\n<li>Entrada de pr\u00e9-amplificador de \u00e1udio anal\u00f3gico de 7.1 canais<\/li>\n<li>Sa\u00edda de pr\u00e9-amplificador de 7.1 canais para conectar amplificadores externos opcionais<\/li>\n<li>5 entradas de \u00e1udio\/v\u00eddeo, incluindo:\n<ul>\n<li>1 entrada no painel frontal com v\u00eddeo composto e S-video<\/li>\n<li>4 entradas no painel traseiro com v\u00eddeo composto e S-video<\/li>\n<\/ul>\n<\/li>\n<li>3 entradas somente de \u00e1udio (inclui loop de entrada\/sa\u00edda)<\/li>\n<li>sa\u00edda de pr\u00e9-amplificador para um subwoofer alimentado<\/li>\n<li>sem entrada phono \u2014 para conectar um toca-discos, voc\u00ea precisar\u00e1 adicionar um<a href=\"https:\/\/www-crutchfield-com.translate.goog\/g_50500\/Phono-Preamps.html?tp=204&amp;_x_tr_sl=en&amp;_x_tr_tl=pt&amp;_x_tr_hl=pt-BR&amp;_x_tr_pto=sc\">\u00a0pr\u00e9- amplificador phono<\/a><\/li>\n<li>Porta RS-232 para sistemas de controle automatizados<\/li>\n<li>1 par de sa\u00eddas de alto-falante principal<\/li>\n<\/ul>\n<h5>Caracter\u00edsticas gerais:<\/h5>\n<ul>\n<li>menu intuitivo na tela atrav\u00e9s de todas as sa\u00eddas do monitor<\/li>\n<li>40 predefini\u00e7\u00f5es AM\/FM<\/li>\n<li>A\/V remoto<\/li>\n<li>17-1\/8&#8243;L x 6-13\/16&#8243;A x 17-1\/4&#8243;P<\/li>\n<li>peso: 33,9 libras.<\/li>\n<\/ul>\n<p>The latest version of our award-winning T 757 now includes popular HDMI features, Audio Return Channel (ARC) and Consumer Electronic Control (CEC). Our insistence on creating products with remarkable sound quality at sensible prices stands in stark contrast to our competitors who view AV components primarily from a \u201cfeature content\u201d point-of-view, with sound quality far down the list of priorities. From lifelike surround sound performance to heart thumping power to reach-out-and-touch-it 3D video, the T 757 is a treat for your senses!<\/p>\n<p>&nbsp;<\/p>\n<div class=\"section\">\n<div class=\"section\">\n<div class=\"layoutArea\">\n<div class=\"column\">\n<ul>\n<li>Design: 7.1 A\/V Receiver<\/li>\n<li>Power: 7 Channels x 60 Watts Full Disclosure Power (FDP)<\/li>\n<li>Codecs: All Dolby and DTS, including Dolby TrueHD and\u00a0DTS-HD Master Audio<\/li>\n<li>HDMI v1.4<\/li>\n<li>Audyssey<\/li>\n<\/ul>\n<p><strong>Specs<\/strong><br \/>\nAudio Decoding:<br \/>\nDolby: TrueHD, Digital Plus, EX, Pro Logic II\/IIx<br \/>\nDTS: DTS-HD Master Audio, DTS, Neo:6<br \/>\nOther: EARS<br \/>\n3D: Yes<br \/>\nTHX Certification: No<br \/>\nNumber of Amp Channels: 7<br \/>\nRated Power (watts per channel): 110 into 8 ohms, two channels driven; 60 into 8 ohms, seven channels driven<br \/>\nSpecified Frequency Response: 20 Hz to 20 kHz, +\/\u2013 0.8 dB<br \/>\nVideo Processing: Unknown<br \/>\nAuto Setup\/Room EQ: Audyssey<br \/>\nDimensions (W x H x D, inches): 17.13 x 6.81 x 12.81<br \/>\nWeight (pounds): 33.9<\/p>\n<p><strong>Connections<\/strong><br \/>\nInputs: Video: HDMI 1.4 (4), component video (3), S-video (1), composite video (3)<br \/>\nAudio: Coaxial digital (3), optical digital (4), 7.1-channel analog (1), stereo analog (4)<br \/>\nAccessory: XM Radio (1), iPod dock (1)<br \/>\nOutputs: Video: HDMI (1), component video (1), composite video (1)<br \/>\nAudio: Coaxial digital (1), optical digital (1), stereo analog (1), 7.1 preamp (1), headphones (1), Zone 2 audio (1)<br \/>\nAdditional: RS-232 (1), 12-volt trigger (1), IR in (1), IR out (2)<\/p>\n<\/div>\n<\/div>\n<\/div>\n<\/div>\n","protected":false},"excerpt":{"rendered":"<p>COR: PRETO CONDI\u00c7\u00c3O: 9\/10 N\u00daMERO DE CANAIS: 7.1 Destaques do produto: Pot\u00eancia e Processamento: amplificador de 7 canais 110 watts por canal em 8 ohms (20-20.000 Hz) a 0,08% THD, com 2 canais acionados Decodifica\u00e7\u00e3o Dolby\u00ae TrueHD, DTS-HD\u2122 Master Audio, Pro Logic\u00ae IIx e DTS Neo:6 upconversion de v\u00eddeo anal\u00f3gico para HDMI (at\u00e9 480p) calibra\u00e7\u00e3o [&hellip;]<\/p>\n","protected":false},"featured_media":1380,"template":"","meta":{"_acf_changed":false},"product_brand":[],"product_cat":[21,59,22],"product_tag":[],"class_list":{"0":"post-1383","1":"product","2":"type-product","3":"status-publish","4":"has-post-thumbnail","6":"product_cat-home-theater","7":"product_cat-nad","8":"product_cat-receivers","10":"first","11":"outofstock","12":"sold-individually","13":"shipping-taxable","14":"purchasable","15":"product-type-simple"},"acf":[],"aioseo_notices":[],"_links":{"self":[{"href":"https:\/\/hificlub.com.br\/loja\/wp-json\/wp\/v2\/product\/1383","targetHints":{"allow":["GET"]}}],"collection":[{"href":"https:\/\/hificlub.com.br\/loja\/wp-json\/wp\/v2\/product"}],"about":[{"href":"https:\/\/hificlub.com.br\/loja\/wp-json\/wp\/v2\/types\/product"}],"wp:featuredmedia":[{"embeddable":true,"href":"https:\/\/hificlub.com.br\/loja\/wp-json\/wp\/v2\/media\/1380"}],"wp:attachment":[{"href":"https:\/\/hificlub.com.br\/loja\/wp-json\/wp\/v2\/media?parent=1383"}],"wp:term":[{"taxonomy":"product_brand","embeddable":true,"href":"https:\/\/hificlub.com.br\/loja\/wp-json\/wp\/v2\/product_brand?post=1383"},{"taxonomy":"product_cat","embeddable":true,"href":"https:\/\/hificlub.com.br\/loja\/wp-json\/wp\/v2\/product_cat?post=1383"},{"taxonomy":"product_tag","embeddable":true,"href":"https:\/\/hificlub.com.br\/loja\/wp-json\/wp\/v2\/product_tag?post=1383"}],"curies":[{"name":"wp","href":"https:\/\/api.w.org\/{rel}","templated":true}]}}