{"id":13546,"date":"2024-01-15T09:26:54","date_gmt":"2024-01-15T12:26:54","guid":{"rendered":"https:\/\/hificlub.com.br\/loja\/?post_type=product&#038;p=13546"},"modified":"2025-11-02T08:00:59","modified_gmt":"2025-11-02T11:00:59","slug":"audiopax-model-5-se","status":"publish","type":"product","link":"https:\/\/hificlub.com.br\/loja\/produto\/audiopax-model-5-se\/","title":{"rendered":"AUDIOPAX MODEL 5 Preamplificador"},"content":{"rendered":"<p>Os pr\u00e9-amplificadores AUDIOPAX s\u00e3o os \u00fanicos no mundo que possuem o recurso exclusivo<br \/>\nTimbre Lock \u00ae, um avan\u00e7o verdadeiramente not\u00e1vel na reprodu\u00e7\u00e3o do som,<br \/>\nolhando para o papel do pr\u00e9-amplificador de uma forma inovadora e permitindo ao usu\u00e1rio obter o<br \/>\ndesempenho mais musical. V\u00e1rios outros detalhes ajudam os pr\u00e9-amplificadores AUDIOPAX a<br \/>\ncontribuir para o melhor desempenho dos sistemas: a absoluta falta de feedback,<br \/>\ncircuitos MOSFET exclusivos e especialmente desenvolvidos com carga indutiva e nosso<br \/>\nchassi diamagn\u00e9tico otimizado para baixas resson\u00e2ncias mec\u00e2nicas.<\/p>\n<p>Resposta de frequ\u00eancia estendida, resolu\u00e7\u00e3o excepcional de baixo n\u00edvel, din\u00e2mica realista,<br \/>\nimpulso visceral e uma tremenda imunidade a varia\u00e7\u00f5es de carga s\u00e3o alguns dos<br \/>\nresultados desses recursos exclusivos.<\/p>\n<p>A sua inclus\u00e3o num sistema \u00e9 muitas vezes caracterizada como \u201cm\u00e1gica\u201d, apresentando toda<br \/>\na emo\u00e7\u00e3o da m\u00fasica. O requinte e as inova\u00e7\u00f5es elevam os nossos pr\u00e9-amplificadores \u00e0<br \/>\ncategoria de refer\u00eancia, estando sempre presentes em qualquer lista dos melhores pr\u00e9-amplificadores do mundo.<\/p>\n<p>Resposta de frequ\u00eancia : 5 Hz &#8211; 90 kHz (-3 dB)<br \/>\nDistor\u00e7\u00e3o : 0,08% a 2V (ganho m\u00e1ximo)<br \/>\nRela\u00e7\u00e3o sinal\/ru\u00eddo : &gt; 95 dB (ponderado A) ref.<br \/>\nGanho de 1V : 23 dB (alto) \/ 12 dB (baixo)<br \/>\nEntradas\/sa\u00eddas : 4 entradas RCA + 1 XLR (pseudo-balanceadas) e 2 x RCA + 1 sa\u00eddas XLR pseudo-balanceadas.<br \/>\nImped\u00e2ncia de entrada : &gt; 45K ohms<br \/>\nImped\u00e2ncia de sa\u00edda : &lt; 1500 ohms (t\u00edpico: 500 ohms)<br \/>\nTens\u00e3o de entrada : 110V, 127V, 220V ou 240V<br \/>\nDimens\u00e3o (L\/A\/P): 43cm x 12cm x 32cm (chassi) e 20cm x 8cm x 18cm (fonte de alimenta\u00e7\u00e3o)<br \/>\nPeso : 6kg (chassi) \/ 2kg (fonte de alimenta\u00e7\u00e3o)<br \/>\nAcabamento (laterais):Black piano ou bordeaux<br \/>\nOpcional : Entrada\/sa\u00edda balanceada acoplada a transformador<\/p>\n","protected":false},"excerpt":{"rendered":"<p>Os pr\u00e9-amplificadores AUDIOPAX s\u00e3o os \u00fanicos no mundo que possuem o recurso exclusivo Timbre Lock \u00ae, um avan\u00e7o verdadeiramente not\u00e1vel na reprodu\u00e7\u00e3o do som, olhando para o papel do pr\u00e9-amplificador de uma forma inovadora e permitindo ao usu\u00e1rio obter o desempenho mais musical. V\u00e1rios outros detalhes ajudam os pr\u00e9-amplificadores AUDIOPAX a contribuir para o melhor [&hellip;]<\/p>\n","protected":false},"featured_media":27077,"template":"","meta":{"_acf_changed":false},"product_brand":[],"product_cat":[242,38],"product_tag":[],"class_list":{"0":"post-13546","1":"product","2":"type-product","3":"status-publish","4":"has-post-thumbnail","6":"product_cat-audiopax","7":"product_cat-pre-amplificador","9":"first","10":"instock","11":"sold-individually","12":"shipping-taxable","13":"purchasable","14":"product-type-simple"},"acf":[],"aioseo_notices":[],"_links":{"self":[{"href":"https:\/\/hificlub.com.br\/loja\/wp-json\/wp\/v2\/product\/13546","targetHints":{"allow":["GET"]}}],"collection":[{"href":"https:\/\/hificlub.com.br\/loja\/wp-json\/wp\/v2\/product"}],"about":[{"href":"https:\/\/hificlub.com.br\/loja\/wp-json\/wp\/v2\/types\/product"}],"wp:featuredmedia":[{"embeddable":true,"href":"https:\/\/hificlub.com.br\/loja\/wp-json\/wp\/v2\/media\/27077"}],"wp:attachment":[{"href":"https:\/\/hificlub.com.br\/loja\/wp-json\/wp\/v2\/media?parent=13546"}],"wp:term":[{"taxonomy":"product_brand","embeddable":true,"href":"https:\/\/hificlub.com.br\/loja\/wp-json\/wp\/v2\/product_brand?post=13546"},{"taxonomy":"product_cat","embeddable":true,"href":"https:\/\/hificlub.com.br\/loja\/wp-json\/wp\/v2\/product_cat?post=13546"},{"taxonomy":"product_tag","embeddable":true,"href":"https:\/\/hificlub.com.br\/loja\/wp-json\/wp\/v2\/product_tag?post=13546"}],"curies":[{"name":"wp","href":"https:\/\/api.w.org\/{rel}","templated":true}]}}