{"id":1353,"date":"2023-10-17T19:55:48","date_gmt":"2023-10-17T22:55:48","guid":{"rendered":"https:\/\/hificlub.com.br\/loja2\/produto\/audio-research-ph3-valvulado\/"},"modified":"2026-01-27T11:54:28","modified_gmt":"2026-01-27T14:54:28","slug":"audio-research-ph3-valvulado","status":"publish","type":"product","link":"https:\/\/hificlub.com.br\/loja\/produto\/audio-research-ph3-valvulado\/","title":{"rendered":"AUDIO RESEARCH PH3 Pre de Phono MM MC Valvulado"},"content":{"rendered":"<p>O <strong>PH3<\/strong> \u00e9 um est\u00e1gio de pr\u00e9-amplifica\u00e7\u00e3o phono destinado ao uso com um pr\u00e9-amplificador est\u00e9reo de n\u00edvel de linha ativo. Totalmente single-ended da entrada para a sa\u00edda, o PH3 usa uma combina\u00e7\u00e3o de tecnologia de est\u00e1gio de entrada J-FET (para baixo ru\u00eddo inerente do circuito) e ganho de v\u00e1lvula de v\u00e1cuo de opera\u00e7\u00e3o classe A por meio de tr\u00eas triodos g\u00eameos 6922. O ganho total do PH3 \u00e9 de 54 dB (n\u00e3o ajust\u00e1vel). Usado com pr\u00e9-amplificadores de linha t\u00edpicos com ganho de 12 a 18 dB, o PH3 \u00e9 adequado para cartuchos phono com sa\u00edda de 0,25 mV ou superior. A imped\u00e2ncia de entrada \u00e9 definida de f\u00e1brica em 47K ohms e a capacit\u00e2ncia de entrada em 90 pF. Para correspond\u00eancia ideal com cartuchos phono de bobina m\u00f3vel e \u00edm\u00e3 m\u00f3vel, tanto a imped\u00e2ncia de entrada quanto a capacit\u00e2ncia de entrada podem ser ajustadas por meio de simples altera\u00e7\u00f5es de resistor e capacitor.<\/p>\n<p>Um kit de resistor (com solda) \u00e9 fornecido para valores de carga adequados entre 30 e 800 ohms. Valores de resistor e capacitores adicionais podem ser encomendados da f\u00e1brica. No painel traseiro, o PH3 fornece um par de conectores single-ended banhados a ouro, de n\u00edvel audi\u00f3filo, para entradas L e R, e um par para sa\u00eddas. Interconex\u00f5es single-ended de alta qualidade, como a marca Audio Research LitzLink 2, s\u00e3o fortemente recomendadas para melhor desempenho sonoro com o PH3<\/p>\n<hr \/>\n<p><img loading=\"lazy\" decoding=\"async\" class=\"\" src=\"https:\/\/hificlub.com.br\/loja\/wp-content\/uploads\/2025\/01\/Absolute_Sound-Awards.jpg\" width=\"89\" height=\"89\" \/><img loading=\"lazy\" decoding=\"async\" class=\"alignnone wp-image-22793\" src=\"https:\/\/hificlub.com.br\/loja\/wp-content\/uploads\/2025\/06\/stereophile-recommended-selo.jpg\" alt=\"\" width=\"157\" height=\"86\" srcset=\"https:\/\/hificlub.com.br\/loja\/wp-content\/uploads\/2025\/06\/stereophile-recommended-selo.jpg 304w, https:\/\/hificlub.com.br\/loja\/wp-content\/uploads\/2025\/06\/stereophile-recommended-selo-300x166.jpg 300w\" sizes=\"auto, (max-width: 157px) 100vw, 157px\" \/><\/p>\n","protected":false},"excerpt":{"rendered":"<p>O PH3 \u00e9 um est\u00e1gio de pr\u00e9-amplifica\u00e7\u00e3o phono destinado ao uso com um pr\u00e9-amplificador est\u00e9reo de n\u00edvel de linha ativo. Totalmente single-ended da entrada para a sa\u00edda, o PH3 usa uma combina\u00e7\u00e3o de tecnologia de est\u00e1gio de entrada J-FET (para baixo ru\u00eddo inerente do circuito) e ganho de v\u00e1lvula de v\u00e1cuo de opera\u00e7\u00e3o classe A [&hellip;]<\/p>\n","protected":false},"featured_media":30354,"template":"","meta":{"_acf_changed":false},"product_brand":[],"product_cat":[78,29,79],"product_tag":[],"class_list":{"0":"post-1353","1":"product","2":"type-product","3":"status-publish","4":"has-post-thumbnail","6":"product_cat-analogico-audio","7":"product_cat-audio-research","8":"product_cat-pre-de-phono","10":"first","11":"instock","12":"sold-individually","13":"shipping-taxable","14":"purchasable","15":"product-type-simple"},"acf":[],"aioseo_notices":[],"_links":{"self":[{"href":"https:\/\/hificlub.com.br\/loja\/wp-json\/wp\/v2\/product\/1353","targetHints":{"allow":["GET"]}}],"collection":[{"href":"https:\/\/hificlub.com.br\/loja\/wp-json\/wp\/v2\/product"}],"about":[{"href":"https:\/\/hificlub.com.br\/loja\/wp-json\/wp\/v2\/types\/product"}],"wp:featuredmedia":[{"embeddable":true,"href":"https:\/\/hificlub.com.br\/loja\/wp-json\/wp\/v2\/media\/30354"}],"wp:attachment":[{"href":"https:\/\/hificlub.com.br\/loja\/wp-json\/wp\/v2\/media?parent=1353"}],"wp:term":[{"taxonomy":"product_brand","embeddable":true,"href":"https:\/\/hificlub.com.br\/loja\/wp-json\/wp\/v2\/product_brand?post=1353"},{"taxonomy":"product_cat","embeddable":true,"href":"https:\/\/hificlub.com.br\/loja\/wp-json\/wp\/v2\/product_cat?post=1353"},{"taxonomy":"product_tag","embeddable":true,"href":"https:\/\/hificlub.com.br\/loja\/wp-json\/wp\/v2\/product_tag?post=1353"}],"curies":[{"name":"wp","href":"https:\/\/api.w.org\/{rel}","templated":true}]}}