{"id":1348,"date":"2023-10-17T19:55:46","date_gmt":"2023-10-17T22:55:46","guid":{"rendered":"https:\/\/hificlub.com.br\/loja2\/produto\/parasound-halo-jc3-dual-mono-mm-mc-phono-stage\/"},"modified":"2025-12-11T06:11:56","modified_gmt":"2025-12-11T09:11:56","slug":"parasound-halo-jc3-dual-mono-mm-mc-phono-stage","status":"publish","type":"product","link":"https:\/\/hificlub.com.br\/loja\/produto\/parasound-halo-jc3-dual-mono-mm-mc-phono-stage\/","title":{"rendered":"PARASOUND HALO JC3  Dual Mono MM\/MC Phono Stage"},"content":{"rendered":"<p>Desenhado por John Curl \u2013 criador do lend\u00e1rio Phono Vendetta Research<br \/>\nEntradas e sa\u00eddas de usar marca 24k conectores RCA banhados a ouro<br \/>\nsa\u00eddas balanceadas usar Neutrik XLR marca premium<br \/>\nMM 47k ohm, MC 47k ohm ou MC vari\u00e1vel 50-550 Ohms<br \/>\nRIAA precisos dentro de 0,2 dB<br \/>\nExclusivamente resist\u00eancias Vishay-Dale no caminho de \u00e1udio<br \/>\ntripla blindagem; parti\u00e7\u00f5es de a\u00e7o macio de baixo carbono isolar as fontes de alimenta\u00e7\u00e3o e fios AC<br \/>\nprojeto mono dual; cada canal de \u00e1udio \u00e9 colocado separadamente em seu pr\u00f3prio gabinete de alum\u00ednio extrudido<br \/>\nretificadores separados de alta velocidade suave recupera\u00e7\u00e3o, tampas de filtro e reguladores de tens\u00e3o para cada canal<br \/>\ntransformador tipo poder superior R-core<br \/>\ninterruptor Mono pode melhorar o som de mono e LPs antigos<br \/>\nBuilt-in AC condicionador de linha para evitar ru\u00eddos AC de poluir os circuitos<br \/>\ninterruptor de invers\u00e3o de polaridade AC pode reduzir zumbido em muitos sistemas<br \/>\npainel traseiro de alum\u00ednio n\u00e3o-magn\u00e9tico para um som mais puro<br \/>\nAtive as op\u00e7\u00f5es de mudar: manual ou autom\u00e1tico com entrada 12v gatilho<br \/>\ncalibre pesado cabo IEC AC destac\u00e1vel pr\u00e9mio<br \/>\n2U, rack com HRA2 (vendido separadamente)<br \/>\nComo o JC 3+ melhora no original JC 3:<\/p>\n<p>carga MC vari\u00e1vel ajuste independente para cada canal de 50-550 ohms com potenci\u00f4metros dupla de gangues feitos especialmente para Parasound pela Vishay.<br \/>\nOnda-Thompson mexido circuitos para reduzir ainda mais o ru\u00eddo de fundo em sil\u00eancio JC 3.<br \/>\nBanhado a ouro 24k vest\u00edgios de cobre em placas de m\u00f3dulo fono para maior condutividade e mais transpar\u00eancia \/ detalhe na m\u00fasica.<br \/>\n47% maior do filtro de energia de baixa ESD tampas maior reserva de din\u00e2mica de cabe\u00e7a-de encaixe.<br \/>\n82% maior do R-core transformador de pot\u00eancia maior reserva de mais impacto de gama baixa.<br \/>\nCapacidade de desligar a ilumina\u00e7\u00e3o do logotipo do painel P frontal.<br \/>\nAgora dispon\u00edvel em prateado ou preto.<\/p>\n<p>Especifica\u00e7\u00f5es<\/p>\n<p>Resposta de Freq\u00fc\u00eancia<br \/>\n20 Hz \u2013 20 kHz, +\/- 0,2 dB Distor\u00e7\u00e3o harm\u00f3nica total<br \/>\n&lt;0,01% a 1 kHz Rela\u00e7\u00e3o sinal-ru\u00eddo, MM &gt; 87 dB, entrada em curto, IHF ponderado<br \/>\n&gt; 78 dB, entrada em curto, n\u00e3o ponderada Rela\u00e7\u00e3o sinal-ru\u00eddo, MC<br \/>\n&gt; 87 dB, entrada em curto, IHF ponderado<br \/>\n&gt; 67 dB, entrada em curto, n\u00e3o ponderada Interchannel Crosstalk<br \/>\n72 dB a 1 kHz Imped\u00e2ncia<br \/>\nMM: 47k \u03a9<br \/>\nMC: 50 \u2013 550 \u03a9 vari\u00e1vel, 47k \u03a9 fixo Imped\u00e2ncia de sa\u00edda<br \/>\ndesequilibrada: &lt;100 \u03a9 equilibrado: &lt;100 \u03a9 por perna Sensibilidade de entrada em 1 kHz MM: 4mV para 1 V sa\u00edda MC: 600\u03bcV para 1 V de sa\u00edda Ganho Total MM: 48 dB MC: 64 dB XLR Pin Identifica\u00e7\u00e3o 1 = Terra (Escudo) 2 = Positivo 3 = negativo (Return) AC Exig\u00eancia de poder de espera: 1 watt Power On: 12 watts 115 ou 230 VAC 50 &#8211; 60 Hz (seleccionado em Chassi Inferior) Dimens\u00f5es Largura: 17-1 \/ 4 &#8220;(437 mil\u00edmetros) Profundidade: 13-3 \/ 4&#8221; (350 mil\u00edmetros) Altura, com os p\u00e9s: 4-1 \/ 8 &#8220;(105 mil\u00edmetros) Altura, sem p\u00e9s: 3-1 \/ 2&#8221; (89 mil\u00edmetros ) Peso l\u00edquido: 19 lbs. (8,6 Kg) de envio: 26 lbs. (11,8 kg) Rack Mount Acess\u00f3rio HRA 2 (pode ser adquirido separadamente)<\/p>\n<h4><\/h4>\n","protected":false},"excerpt":{"rendered":"<p>Desenhado por John Curl \u2013 criador do lend\u00e1rio Phono Vendetta Research Entradas e sa\u00eddas de usar marca 24k conectores RCA banhados a ouro sa\u00eddas balanceadas usar Neutrik XLR marca premium MM 47k ohm, MC 47k ohm ou MC vari\u00e1vel 50-550 Ohms RIAA precisos dentro de 0,2 dB Exclusivamente resist\u00eancias Vishay-Dale no caminho de \u00e1udio tripla [&hellip;]<\/p>\n","protected":false},"featured_media":1346,"template":"","meta":{"_acf_changed":false},"product_brand":[],"product_cat":[78,125,79],"product_tag":[],"class_list":{"0":"post-1348","1":"product","2":"type-product","3":"status-publish","4":"has-post-thumbnail","6":"product_cat-analogico-audio","7":"product_cat-parasound","8":"product_cat-pre-de-phono","10":"first","11":"instock","12":"sold-individually","13":"shipping-taxable","14":"purchasable","15":"product-type-simple"},"acf":[],"aioseo_notices":[],"_links":{"self":[{"href":"https:\/\/hificlub.com.br\/loja\/wp-json\/wp\/v2\/product\/1348","targetHints":{"allow":["GET"]}}],"collection":[{"href":"https:\/\/hificlub.com.br\/loja\/wp-json\/wp\/v2\/product"}],"about":[{"href":"https:\/\/hificlub.com.br\/loja\/wp-json\/wp\/v2\/types\/product"}],"wp:featuredmedia":[{"embeddable":true,"href":"https:\/\/hificlub.com.br\/loja\/wp-json\/wp\/v2\/media\/1346"}],"wp:attachment":[{"href":"https:\/\/hificlub.com.br\/loja\/wp-json\/wp\/v2\/media?parent=1348"}],"wp:term":[{"taxonomy":"product_brand","embeddable":true,"href":"https:\/\/hificlub.com.br\/loja\/wp-json\/wp\/v2\/product_brand?post=1348"},{"taxonomy":"product_cat","embeddable":true,"href":"https:\/\/hificlub.com.br\/loja\/wp-json\/wp\/v2\/product_cat?post=1348"},{"taxonomy":"product_tag","embeddable":true,"href":"https:\/\/hificlub.com.br\/loja\/wp-json\/wp\/v2\/product_tag?post=1348"}],"curies":[{"name":"wp","href":"https:\/\/api.w.org\/{rel}","templated":true}]}}