{"id":1335,"date":"2023-10-17T19:55:43","date_gmt":"2023-10-17T22:55:43","guid":{"rendered":"https:\/\/hificlub.com.br\/loja2\/produto\/focal-chorus-716-black-vinyl\/"},"modified":"2026-03-03T22:21:01","modified_gmt":"2026-03-04T01:21:01","slug":"focal-chorus-716-black-vinyl","status":"publish","type":"product","link":"https:\/\/hificlub.com.br\/loja\/produto\/focal-chorus-716-black-vinyl\/","title":{"rendered":"FOCAL CHORUS 716   Black Vinyl"},"content":{"rendered":"<p>Elegante e refinado, o alto-falante da torre Chorus 716 \u00e9 constru\u00eddo usando a tecnologia 2.5-way em uma configura\u00e7\u00e3o alta fidelidade. O som entra em sua pr\u00f3pria sala de escuta, com um alcance m\u00e9dio din\u00e2mico, duplo e alta pot\u00eancia. A porta frontal baixa no alto-falante reduz a distor\u00e7\u00e3o e garante uma reprodu\u00e7\u00e3o fiel dos sons baixos.<br \/>\nOs dois woofers de 6,5 \u201c(16,5 cm) cobrem os graves juntos (somente o alto-falante superior \u00e9 usado no meio do alcance), para poder de contrabaixo.<\/p>\n<p>Feito em Fran\u00e7a, a linha Chorus 700 est\u00e1 dispon\u00edvel em acabamentos estilo preto ou branco que combinam o gabinete coberto de couro e os pain\u00e9is laterais de alto brilho preto ou branco. O design extremamente atraente tem um visual elegante e intemporal. Para aqueles que s\u00e3o f\u00e3s de acabamentos mais cl\u00e1ssicos, a gama Chorus 700 tamb\u00e9m est\u00e1 dispon\u00edvel no acabamento Walnut.<\/p>\n<p>Especifica\u00e7\u00f5es<\/p>\n<p>Type 2 1\/2 \u2013 way bass reflex floorstanding loudspeaker<\/p>\n<p>Drivers 61\/2\u2033 (16.5cm) Polyglass woofer<\/p>\n<p>61\/2\u2033 (16.5cm) Polyglass midbass<\/p>\n<p>1\u2033 (25mm) TNV2 Al\/Mg inverted dome tweeter<\/p>\n<p>Frequency response (+\/- 3dB) 50Hz \u2013 28kHz<\/p>\n<p>Low frequency point \u2013 6dB 41Hz<\/p>\n<p>Sensivity (2.83V \/ 1m) 91.5dB<\/p>\n<p>Nom. impedance 8 Ohms<\/p>\n<p>Minimum impedance 4.3 Ohms<\/p>\n<p>Recommended amplifier power 40 \u2013 200W<\/p>\n<p>Crossover frequency 300Hz \/ 3000Hz<\/p>\n<p>Dimensions (HxLxP) 373\/8\u00d7811\/16\u00d7121\/8\u2033 (950x221x308mm)<\/p>\n<p>Net weight 45.1lbs (20.5kg)<\/p>\n<p>&nbsp;<\/p>\n","protected":false},"excerpt":{"rendered":"<p>Elegante e refinado, o alto-falante da torre Chorus 716 \u00e9 constru\u00eddo usando a tecnologia 2.5-way em uma configura\u00e7\u00e3o alta fidelidade. O som entra em sua pr\u00f3pria sala de escuta, com um alcance m\u00e9dio din\u00e2mico, duplo e alta pot\u00eancia. A porta frontal baixa no alto-falante reduz a distor\u00e7\u00e3o e garante uma reprodu\u00e7\u00e3o fiel dos sons baixos. [&hellip;]<\/p>\n","protected":false},"featured_media":1332,"template":"","meta":{"_acf_changed":false},"product_brand":[],"product_cat":[17,45,18],"product_tag":[],"class_list":{"0":"post-1335","1":"product","2":"type-product","3":"status-publish","4":"has-post-thumbnail","6":"product_cat-caixas","7":"product_cat-focal","8":"product_cat-torres","10":"first","11":"instock","12":"sold-individually","13":"shipping-taxable","14":"purchasable","15":"product-type-simple"},"acf":[],"aioseo_notices":[],"_links":{"self":[{"href":"https:\/\/hificlub.com.br\/loja\/wp-json\/wp\/v2\/product\/1335","targetHints":{"allow":["GET"]}}],"collection":[{"href":"https:\/\/hificlub.com.br\/loja\/wp-json\/wp\/v2\/product"}],"about":[{"href":"https:\/\/hificlub.com.br\/loja\/wp-json\/wp\/v2\/types\/product"}],"wp:featuredmedia":[{"embeddable":true,"href":"https:\/\/hificlub.com.br\/loja\/wp-json\/wp\/v2\/media\/1332"}],"wp:attachment":[{"href":"https:\/\/hificlub.com.br\/loja\/wp-json\/wp\/v2\/media?parent=1335"}],"wp:term":[{"taxonomy":"product_brand","embeddable":true,"href":"https:\/\/hificlub.com.br\/loja\/wp-json\/wp\/v2\/product_brand?post=1335"},{"taxonomy":"product_cat","embeddable":true,"href":"https:\/\/hificlub.com.br\/loja\/wp-json\/wp\/v2\/product_cat?post=1335"},{"taxonomy":"product_tag","embeddable":true,"href":"https:\/\/hificlub.com.br\/loja\/wp-json\/wp\/v2\/product_tag?post=1335"}],"curies":[{"name":"wp","href":"https:\/\/api.w.org\/{rel}","templated":true}]}}