{"id":13207,"date":"2024-01-02T18:26:01","date_gmt":"2024-01-02T21:26:01","guid":{"rendered":"https:\/\/hificlub.com.br\/loja\/?post_type=product&#038;p=13207"},"modified":"2024-10-07T16:57:19","modified_gmt":"2024-10-07T19:57:19","slug":"quad-2-classic-par-mono-15-watts","status":"publish","type":"product","link":"https:\/\/hificlub.com.br\/loja\/produto\/quad-2-classic-par-mono-15-watts\/","title":{"rendered":"QUAD 2 CLASSIC Par Mono 15 watts"},"content":{"rendered":"<p>ESTADO 9\/10<\/p>\n<h3>Quad 2 Classic Amplificadores Monos<\/h3>\n<div class=\"title2\">\n<p class=\"\">Esta \u00e9 uma reprodu\u00e7\u00e3o fiel do amplificador mono original \u2013 o novo QUAD II Classic oferece aos audi\u00f3filos a oportunidade de recriar o esp\u00edrito e a atmosfera produzidos por um dos amplificadores mais famosos da hist\u00f3ria do \u00e1udio. O circuito de Peter, especialmente o design do transformador de sa\u00edda, tornou-se lend\u00e1rio \u2013 analisado pelas melhores mentes da ind\u00fastria.\u00a0 O cl\u00e1ssico QUAD II foi recriado com precis\u00e3o com v\u00e1lvulas de sa\u00edda e v\u00e1lvulas de entrada equivalentes \u00e0s usadas no original. As v\u00e1lvulas de sa\u00edda produzem cerca de 15W por canal operando em Classe A, o que permite um som gloriosamente doce e refinado com alto-falantes contempor\u00e2neos adequadamente combinados. O QII Mono est\u00e1 dispon\u00edvel e \u00e9 fornecido em pares.<\/p>\n<\/div>\n<div><\/div>\n<div>Especifica\u00e7\u00f5es Tecnica<\/div>\n<div><\/div>\n<div class=\"title2\">\n<div><\/div>\n<div>\n<table id=\"tablepress-21\" class=\"tablepress tablepress-id-21\">\n<tbody>\n<tr class=\"row-1\">\n<td class=\"column-1\">Sensibilidade de entrada<\/td>\n<td class=\"column-2\">775 mV RMS<\/td>\n<\/tr>\n<tr class=\"row-2\">\n<td class=\"column-1\">Pot\u00eancia da sa\u00edda<\/td>\n<td class=\"column-2\">15W RMS<\/td>\n<\/tr>\n<tr class=\"row-3\">\n<td class=\"column-1\">Imped\u00e2ncia de Sa\u00edda<\/td>\n<td class=\"column-2\">8 Ohms<\/td>\n<\/tr>\n<tr class=\"row-4\">\n<td class=\"column-1\">THD a 700Hz<\/td>\n<td class=\"column-2\">0,8% @ 12W<\/td>\n<\/tr>\n<tr class=\"row-5\">\n<td class=\"column-1\">Zumbido e ru\u00eddo residuais<\/td>\n<td class=\"column-2\">Melhor que -90dB<\/td>\n<\/tr>\n<tr class=\"row-6\">\n<td class=\"column-1\">Resposta de frequ\u00eancia<\/td>\n<td class=\"column-2\">10H &#8211; 20kHz (\u00b1 0,2dB)<\/td>\n<\/tr>\n<tr class=\"row-7\">\n<td class=\"column-1\">Fator de amortecimento<\/td>\n<td class=\"column-2\">11,75 a 700 Hz (referido a 8 Ohms)<\/td>\n<\/tr>\n<tr class=\"row-8\">\n<td class=\"column-1\">V\u00e1lvulas<\/td>\n<td class=\"column-2\">2xEF86<\/td>\n<\/tr>\n<tr class=\"row-9\">\n<td class=\"column-1\"><\/td>\n<td class=\"column-2\">2 x KT66<\/td>\n<\/tr>\n<tr class=\"row-10\">\n<td class=\"column-1\"><\/td>\n<td class=\"column-2\">1xGZ34<\/td>\n<\/tr>\n<tr class=\"row-11\">\n<td class=\"column-1\">Dimens\u00f5es (L x A x P)<\/td>\n<td class=\"column-2\">335x121x171mm<\/td>\n<\/tr>\n<tr class=\"row-12\">\n<td class=\"column-1\">Peso<\/td>\n<td class=\"column-2\">8,3 kg<\/td>\n<\/tr>\n<\/tbody>\n<\/table>\n<\/div>\n<\/div>\n","protected":false},"excerpt":{"rendered":"<p>ESTADO 9\/10 Quad 2 Classic Amplificadores Monos Esta \u00e9 uma reprodu\u00e7\u00e3o fiel do amplificador mono original \u2013 o novo QUAD II Classic oferece aos audi\u00f3filos a oportunidade de recriar o esp\u00edrito e a atmosfera produzidos por um dos amplificadores mais famosos da hist\u00f3ria do \u00e1udio. O circuito de Peter, especialmente o design do transformador de [&hellip;]<\/p>\n","protected":false},"featured_media":13325,"template":"","meta":{"_acf_changed":false},"product_brand":[],"product_cat":[15,27,31],"product_tag":[],"class_list":{"0":"post-13207","1":"product","2":"type-product","3":"status-publish","4":"has-post-thumbnail","6":"product_cat-sem-categoria","7":"product_cat-amplificador","8":"product_cat-mono","10":"first","11":"instock","12":"sold-individually","13":"shipping-taxable","14":"purchasable","15":"product-type-simple"},"acf":[],"aioseo_notices":[],"_links":{"self":[{"href":"https:\/\/hificlub.com.br\/loja\/wp-json\/wp\/v2\/product\/13207","targetHints":{"allow":["GET"]}}],"collection":[{"href":"https:\/\/hificlub.com.br\/loja\/wp-json\/wp\/v2\/product"}],"about":[{"href":"https:\/\/hificlub.com.br\/loja\/wp-json\/wp\/v2\/types\/product"}],"wp:featuredmedia":[{"embeddable":true,"href":"https:\/\/hificlub.com.br\/loja\/wp-json\/wp\/v2\/media\/13325"}],"wp:attachment":[{"href":"https:\/\/hificlub.com.br\/loja\/wp-json\/wp\/v2\/media?parent=13207"}],"wp:term":[{"taxonomy":"product_brand","embeddable":true,"href":"https:\/\/hificlub.com.br\/loja\/wp-json\/wp\/v2\/product_brand?post=13207"},{"taxonomy":"product_cat","embeddable":true,"href":"https:\/\/hificlub.com.br\/loja\/wp-json\/wp\/v2\/product_cat?post=13207"},{"taxonomy":"product_tag","embeddable":true,"href":"https:\/\/hificlub.com.br\/loja\/wp-json\/wp\/v2\/product_tag?post=13207"}],"curies":[{"name":"wp","href":"https:\/\/api.w.org\/{rel}","templated":true}]}}