{"id":13158,"date":"2024-01-02T18:25:41","date_gmt":"2024-01-02T21:25:41","guid":{"rendered":"https:\/\/hificlub.com.br\/loja\/?post_type=product&#038;p=13158"},"modified":"2025-03-20T07:38:17","modified_gmt":"2025-03-20T10:38:17","slug":"dartzeel-nhb-18ns","status":"publish","type":"product","link":"https:\/\/hificlub.com.br\/loja\/produto\/dartzeel-nhb-18ns\/","title":{"rendered":"DARTZEEL NHB-18NS"},"content":{"rendered":"<p>ESTADO 9\/10<\/p>\n<p>Embora o NHB-18NS n\u00e3o tenha alguns dos recursos encontrados em pr\u00e9-amplificadores controlados por microchip enfeitados com telas fluorescentes, sua funcionalidade dificilmente poderia ser chamada de minimalista. Isso \u00e9 bom \u2014 um pr\u00e9-amplificador de US$ 23.250 deve ser capaz de fazer praticamente tudo, exceto colocar o disco no seu toca-discos e abaixar a agulha na ranhura. (A prop\u00f3sito, NHB significa &#8220;n\u00e3o ouvido antes&#8221;, NS significa &#8220;sem interruptores&#8221;.)<\/p>\n<p>O NHB-18NS possui seis entradas: cinco RCA desbalanceadas (uma \u00e9 para o pr\u00e9-amplificador phono integrado) e uma XLR. Quatro das entradas tamb\u00e9m t\u00eam conectores BNC Zeel de 50 ohms selecion\u00e1veis.1 H\u00e1 seis sa\u00eddas: uma desbalanceada, uma XLR, uma desbalanceada, uma sa\u00edda de fita bufferizada, al\u00e9m de tr\u00eas conectores BNC darT de 50 ohms para uso com a entrada BNC Zeel de 50 ohms do NHB-108.<\/p>\n<p>De acordo com o manual preliminar do NHB-18NS, as m\u00faltiplas sa\u00eddas BNC s\u00e3o para biamping e triamping, usando filtros embutidos no pr\u00e9-amplificador. Tudo ser\u00e1 eventualmente descrito em detalhes na edi\u00e7\u00e3o final do manual, mas basicamente, esses s\u00e3o filtros de primeira ordem &#8220;brutos&#8221; projetados para reduzir a distor\u00e7\u00e3o IM separando e limitando as faixas de frequ\u00eancia que chegam aos drivers do alto-falante. Eles n\u00e3o foram feitos para substituir redes de crossover de alto-falantes.<\/p>\n<p>Uma chave seletora de tr\u00eas posi\u00e7\u00f5es logo abaixo de cada entrada RCA de n\u00edvel de linha desbalanceada fornece 6 dB de atenua\u00e7\u00e3o para fontes de alta sa\u00edda ou 50 ohms de imped\u00e2ncia de entrada para futuros produtos de fonte darTZeel. A entrada XLR tem duas chaves seletoras: a superior permite que voc\u00ea selecione uma imped\u00e2ncia de entrada de 600 ohms para equipamento de \u00e1udio profissional ou 6 dB de atenua\u00e7\u00e3o, e a inferior oferece tr\u00eas possibilidades de aterramento para o conector do chassi XLR: Flutuante, Chassi (resistor de 100 ohms para chassi) e a posi\u00e7\u00e3o padr\u00e3o, Terra.<\/p>\n<p>O painel frontal tem um bot\u00e3o seletor de entrada que darTZeel chama fantasiosamente de Enjoyment Source, e um bot\u00e3o de volume rotulado de forma lasciva como Pleasure Control. Entre os dois bot\u00f5es n\u00e3o h\u00e1 um bot\u00e3o rotulado como Push-Up Bra, mas o igualmente improv\u00e1vel Power Nose. Surpreendentemente, o bot\u00e3o de equil\u00edbrio \u00e9 rotulado como Balance. N\u00e3o \u00e9 de surpreender que n\u00e3o seja seu controle de equil\u00edbrio padr\u00e3o: n\u00e3o h\u00e1 altera\u00e7\u00e3o no equil\u00edbrio at\u00e9 que voc\u00ea gire o controle \u00b15\u00b0. Na posi\u00e7\u00e3o totalmente \u00e0 direita, o n\u00edvel do canal direito aumenta em 3,5 dB, enquanto o esquerdo diminui em 3,5 dB, e vice-versa na posi\u00e7\u00e3o totalmente \u00e0 esquerda. Isso fornece ajuste de n\u00edvel preciso, mantendo o n\u00edvel geral de volume.<\/p>\n<p>Dois interruptores de altern\u00e2ncia montados diretamente sob o Power Nose oferecem controles para Mute\/Home Theater Bypass e Mono-Stereo\/Dimmer. Um r\u00e1pido toque no primeiro silencia o sistema. Mantenha-o pressionado por cerca de sete segundos e o LED Mute fica verde, indicando que a entrada selecionada contornou o Pleasure Control e est\u00e1 definida para ganho de 0 dB, onde permanecer\u00e1 at\u00e9 o pr\u00f3ximo toque de sete segundos. O outro interruptor alterna entre sa\u00edda est\u00e9reo e mono; mant\u00ea-lo pressionado por mais de cinco segundos desliga todas as luzes e LEDs. Voc\u00ea tamb\u00e9m pode apagar a ilumina\u00e7\u00e3o por meio do controle remoto minimalista (que \u00e9 bem fresado em alum\u00ednio) pressionando simultaneamente os bot\u00f5es de volume para cima e para baixo. Al\u00e9m do volume, o controle remoto oferece um bot\u00e3o Mute.<\/p>\n<p>Especifica\u00e7\u00f5es<br \/>\nDescri\u00e7\u00e3o: Pr\u00e9-amplificador de estado s\u00f3lido. Entradas: quatro n\u00edveis de linha desbalanceados (comut\u00e1veis \u200b\u200bentre RCA e 50 ohm Zeel BNC), um phono desbalanceado (RCA), um balanceado (XLR). Sa\u00eddas: uma desbalanceada (RCA), uma balanceada (XLR), uma Tape Out bufferizada (RCA), tr\u00eas 50 ohm darT (BNC). Respostas de frequ\u00eancia (dependem do m\u00e9todo de medi\u00e7\u00e3o): 1Hz\u20131MHz, +0\/\u20136dB; 10Hz\u2013100kHz, +0\/\u20130,5dB; 20Hz\u201350kHz, \u00b10,5dB (entradas e sa\u00eddas XLR). THD: 70dB phono. Tempo de subida: 88V\/\u00b5s pico-pico. Diafonia: abaixo de \u201390dB, 20Hz\u201320kHz. Sa\u00edda m\u00e1xima: n\u00e3o especificado. Imped\u00e2ncia de entrada: single-ended, n\u00e3o especificado; balanceado, n\u00e3o especificado; darT, 50 ohms. Imped\u00e2ncia de sa\u00edda: single-ended, n\u00e3o especificado; sa\u00edda darT de 50 ohms; balanceado, n\u00e3o especificado.<br \/>\nDimens\u00f5es: 17,2&#8243; (440 mm) L por 6,6&#8243; (170 mm) A por 16,2&#8243; (415 mm) P. Peso: 57 lbs (26 kg), incluindo 6,5 lb (3 kg) de fonte de alimenta\u00e7\u00e3o.<\/p>\n","protected":false},"excerpt":{"rendered":"<p>ESTADO 9\/10 Embora o NHB-18NS n\u00e3o tenha alguns dos recursos encontrados em pr\u00e9-amplificadores controlados por microchip enfeitados com telas fluorescentes, sua funcionalidade dificilmente poderia ser chamada de minimalista. Isso \u00e9 bom \u2014 um pr\u00e9-amplificador de US$ 23.250 deve ser capaz de fazer praticamente tudo, exceto colocar o disco no seu toca-discos e abaixar a agulha [&hellip;]<\/p>\n","protected":false},"featured_media":13155,"template":"","meta":{"_acf_changed":false},"product_brand":[],"product_cat":[237,38],"product_tag":[],"class_list":{"0":"post-13158","1":"product","2":"type-product","3":"status-publish","4":"has-post-thumbnail","6":"product_cat-dartzeel","7":"product_cat-pre-amplificador","9":"first","10":"instock","11":"sold-individually","12":"shipping-taxable","13":"purchasable","14":"product-type-simple"},"acf":[],"aioseo_notices":[],"_links":{"self":[{"href":"https:\/\/hificlub.com.br\/loja\/wp-json\/wp\/v2\/product\/13158","targetHints":{"allow":["GET"]}}],"collection":[{"href":"https:\/\/hificlub.com.br\/loja\/wp-json\/wp\/v2\/product"}],"about":[{"href":"https:\/\/hificlub.com.br\/loja\/wp-json\/wp\/v2\/types\/product"}],"wp:featuredmedia":[{"embeddable":true,"href":"https:\/\/hificlub.com.br\/loja\/wp-json\/wp\/v2\/media\/13155"}],"wp:attachment":[{"href":"https:\/\/hificlub.com.br\/loja\/wp-json\/wp\/v2\/media?parent=13158"}],"wp:term":[{"taxonomy":"product_brand","embeddable":true,"href":"https:\/\/hificlub.com.br\/loja\/wp-json\/wp\/v2\/product_brand?post=13158"},{"taxonomy":"product_cat","embeddable":true,"href":"https:\/\/hificlub.com.br\/loja\/wp-json\/wp\/v2\/product_cat?post=13158"},{"taxonomy":"product_tag","embeddable":true,"href":"https:\/\/hificlub.com.br\/loja\/wp-json\/wp\/v2\/product_tag?post=13158"}],"curies":[{"name":"wp","href":"https:\/\/api.w.org\/{rel}","templated":true}]}}