{"id":12996,"date":"2024-01-02T18:24:47","date_gmt":"2024-01-02T21:24:47","guid":{"rendered":"https:\/\/hificlub.com.br\/loja\/?post_type=product&#038;p=12996"},"modified":"2026-05-03T21:23:42","modified_gmt":"2026-05-04T00:23:42","slug":"dcs-paganini-dac-cd-sacd-transport-clock","status":"publish","type":"product","link":"https:\/\/hificlub.com.br\/loja\/produto\/dcs-paganini-dac-cd-sacd-transport-clock\/","title":{"rendered":"dCS PAGANINI DAC + CD SACD Transport + CLOCK"},"content":{"rendered":"<p>ESTADO 9\/10<\/p>\n<p>A linha Paganini expandiu o conjunto de recursos do Puccini de caixa \u00fanica para oferecer um sistema que eleva ainda mais a performance musical.\u00a0Elegante mas poderoso, o Paganini foi o ponto de entrada para a magia das separa\u00e7\u00f5es digitais, oferecendo todas as funcionalidades necess\u00e1rias para a experi\u00eancia \u00fanica de propriedade do dCS.<\/p>\n<p>Paganini compartilha muitas das mesmas tecnologias-chave encontradas na linha Scarlatti, com as principais diferen\u00e7as sendo o elegante design industrial e o mecanismo de transporte de CD\/SACD.<\/p>\n<p>DAC<\/p>\n<p><span class=\"\">O dCS Ring DAC\u2122 encontrado em todos os dCS DACs \u00e9 um design discreto e balanceado que suporta todos os formatos musicais de alta resolu\u00e7\u00e3o at\u00e9 DSD.\u00a0<\/span>Os filtros DSP otimizados dispon\u00edveis no Paganini DAC garantem que voc\u00ea possa extrair at\u00e9 a \u00faltima nuance de detalhe musical e emo\u00e7\u00e3o, ajustando o sistema de acordo com sua prefer\u00eancia pessoal<\/p>\n<div class=\"tile__entry\">\n<p>CD\/SACD Transport<\/p>\n<p>O Paganini Transport \u00e9 constru\u00eddo com as mais altas especifica\u00e7\u00f5es e apresenta um painel frontal de alum\u00ednio s\u00f3lido e elegante, caixa de alum\u00ednio espessa, bot\u00f5es de metal e um mecanismo de transporte suave.\u00a0Seu drive TEAC Esoteric\u2122 UMK5 \u00e9 constru\u00eddo de forma robusta e possui uma bandeja de metal constru\u00edda especialmente para dCS.\u00a0Todo o processamento de sinais e eletr\u00f4nicos no Transporte s\u00e3o projetados e desenvolvidos internamente pela dCS.<\/p>\n<p>Master Clock \/ USB Interface<\/p>\n<p>O clock \u00e9 de vital import\u00e2ncia em qualquer sistema de \u00e1udio digital porque os erros de temporiza\u00e7\u00e3o que ocorrem no DAC ser\u00e3o convertidos diretamente em erros na sa\u00edda anal\u00f3gica.\u00a0Os DACs dCS podem atuar como rel\u00f3gio mestre do sistema, mas testes de escuta mostraram que n\u00e3o h\u00e1 substituto para um rel\u00f3gio mestre dedicado e de alta qualidade.<\/p>\n<p>The dCS Paganini System<br \/>\nMSRP:<br \/>\nPTT Transport &#8211; $16,999<br \/>\nPDC DAC &#8211; $17,999<br \/>\nPCK Clock &#8211; $7,999<\/p>\n<\/div>\n","protected":false},"excerpt":{"rendered":"<p>ESTADO 9\/10 A linha Paganini expandiu o conjunto de recursos do Puccini de caixa \u00fanica para oferecer um sistema que eleva ainda mais a performance musical.\u00a0Elegante mas poderoso, o Paganini foi o ponto de entrada para a magia das separa\u00e7\u00f5es digitais, oferecendo todas as funcionalidades necess\u00e1rias para a experi\u00eancia \u00fanica de propriedade do dCS. Paganini [&hellip;]<\/p>\n","protected":false},"featured_media":13401,"template":"","meta":{"_acf_changed":false},"product_brand":[],"product_cat":[42,43,137,41,88],"product_tag":[],"class_list":{"0":"post-12996","1":"product","2":"type-product","3":"status-publish","4":"has-post-thumbnail","6":"product_cat-cd-players","7":"product_cat-dac","8":"product_cat-dcs","9":"product_cat-digital","10":"product_cat-transporte","12":"first","13":"instock","14":"sold-individually","15":"shipping-taxable","16":"purchasable","17":"product-type-simple"},"acf":[],"aioseo_notices":[],"_links":{"self":[{"href":"https:\/\/hificlub.com.br\/loja\/wp-json\/wp\/v2\/product\/12996","targetHints":{"allow":["GET"]}}],"collection":[{"href":"https:\/\/hificlub.com.br\/loja\/wp-json\/wp\/v2\/product"}],"about":[{"href":"https:\/\/hificlub.com.br\/loja\/wp-json\/wp\/v2\/types\/product"}],"wp:featuredmedia":[{"embeddable":true,"href":"https:\/\/hificlub.com.br\/loja\/wp-json\/wp\/v2\/media\/13401"}],"wp:attachment":[{"href":"https:\/\/hificlub.com.br\/loja\/wp-json\/wp\/v2\/media?parent=12996"}],"wp:term":[{"taxonomy":"product_brand","embeddable":true,"href":"https:\/\/hificlub.com.br\/loja\/wp-json\/wp\/v2\/product_brand?post=12996"},{"taxonomy":"product_cat","embeddable":true,"href":"https:\/\/hificlub.com.br\/loja\/wp-json\/wp\/v2\/product_cat?post=12996"},{"taxonomy":"product_tag","embeddable":true,"href":"https:\/\/hificlub.com.br\/loja\/wp-json\/wp\/v2\/product_tag?post=12996"}],"curies":[{"name":"wp","href":"https:\/\/api.w.org\/{rel}","templated":true}]}}