{"id":12863,"date":"2024-01-02T18:24:04","date_gmt":"2024-01-02T21:24:04","guid":{"rendered":"https:\/\/hificlub.com.br\/loja\/?post_type=product&#038;p=12863"},"modified":"2026-04-14T09:25:11","modified_gmt":"2026-04-14T12:25:11","slug":"rotel-rsp1582-pre-processador-av-4k","status":"publish","type":"product","link":"https:\/\/hificlub.com.br\/loja\/produto\/rotel-rsp1582-pre-processador-av-4k\/","title":{"rendered":"ROTEL RSP-1582 Preamp e Processador AV 4K HDR &#8211; DAC &#8211; Entradas Digitais &#8211; Bluetooth aptX 7.1"},"content":{"rendered":"<p>ESTADO 9\/10<\/p>\n<p>O RSP-1582 levou dois anos para ser feito e \u00e9 uma plataforma totalmente nova. Os engenheiros da Rotel avaliaram meticulosamente cada projeto de circuito e requisito de recurso. Ele \u00e9 constru\u00eddo com uma constru\u00e7\u00e3o modular para facilitar atualiza\u00e7\u00f5es de placas de circuito interno importantes e \u00e9 atualiz\u00e1vel por software pela Internet ou por meio de um simples download USB se uma conex\u00e3o de rede n\u00e3o estiver dispon\u00edvel.<\/p>\n<p>O RSP-1582 \u00e9 um pr\u00e9-amplificador\/processador de home theater, \u00e9 claro, mas antes de tudo, ele realmente brilha como um componente de \u00e1udio. Por exemplo, seis dispositivos Wolfson de 24 bits\/192 kHz s\u00e3o dispostos como quatro DACs independentes para os canais Front Left, Front Right, Center e Subwoofer com DACs est\u00e9reo compartilhados para os canais traseiros. Esta topologia oferece desempenho exemplar em todos os aspectos, mas fornece a melhor qualidade absoluta nos canais mais cr\u00edticos. No modo de teatro, um decodificador de alto desempenho Texas Instruments Aureus DSP \u00e9 utilizado com equaliza\u00e7\u00e3o param\u00e9trica de 10 canais. Um conversor anal\u00f3gico para digital Texas Instruments de alto desempenho \u00e9 usado para facilitar a convers\u00e3o ideal de sinais anal\u00f3gicos para reprodu\u00e7\u00e3o em modos de som surround. Conex\u00f5es balanceadas XLR e single ended s\u00e3o oferecidas, e os est\u00e1gios de \u00e1udio usam componentes premium em todas as aplica\u00e7\u00f5es cr\u00edticas de sinal. Para reprodu\u00e7\u00e3o est\u00e9reo pura de fontes anal\u00f3gicas, o RSP-1582 apresenta um bypass anal\u00f3gico para obter o caminho mais limpo.<\/p>\n<p>Para uso de v\u00eddeo, o pr\u00e9-amplificador\/processador incorpora oito entradas de v\u00eddeo HDMI 2.0, todas com suporte para resolu\u00e7\u00e3o de v\u00eddeo 4K, tr\u00eas com HDMI 2.0 e HDCP 2.2. As sa\u00eddas HDMI duplas oferecem suporte a HDMI2.0. A abordagem modular da placa de v\u00eddeo oferece suporte a atualiza\u00e7\u00f5es futuras, se necess\u00e1rio.<\/p>\n<p>Outros recursos incluem uma entrada HDMI no painel frontal com passagem de v\u00eddeo 4K, tecnologia Bluetooth aptX integrada, uma entrada PC-USB que suporta \u00e1udio de 24 bits\/192 kHz, CD, Tuner e 4 entradas anal\u00f3gicas AUX, juntamente com uma entrada multicanal e entrada XLR. Ele ainda tem um est\u00e1gio phono!<\/p>\n<p>H\u00e1 um display TFT de sete polegadas no painel frontal para fornecer ajustes f\u00e1ceis a todos os par\u00e2metros de \u00e1udio e v\u00eddeo sem a necessidade de ligar um display externo ou sistema de proje\u00e7\u00e3o de v\u00eddeo \u2013 perfeito para quando o rack de equipamentos est\u00e1 localizado remotamente. E o RSP-1582 vem com orelhas de rack na caixa para facilitar tais instala\u00e7\u00f5es.<\/p>\n<p>Al\u00e9m do seu desempenho incontest\u00e1vel de \u00e1udio e v\u00eddeo, os instaladores personalizados achar\u00e3o o RSP-1582 ideal para qualquer aplica\u00e7\u00e3o de instala\u00e7\u00e3o com conex\u00e3o de rede RJ45, atualiza\u00e7\u00f5es de software do painel frontal via Internet ou USB, tr\u00eas sa\u00eddas de gatilho independentes de fonte, uma entrada remota IR com fio, interface RS232 e IP para controle do sistema de automa\u00e7\u00e3o, 2 conectores de sa\u00edda IR para passagem IR e controle de navega\u00e7\u00e3o de configura\u00e7\u00e3o do painel frontal.<\/p>\n<p>Todos esses recursos e tecnologia n\u00e3o significam nada, no entanto, se o resultado final n\u00e3o atender \u00e0s suas expectativas de desempenho. \u00c9 por isso que os engenheiros da Rotel passam in\u00fameras horas medindo, ouvindo e refinando o circuito. O resultado final \u00e9 um processador\/pr\u00e9-amplificador surround que \u00e9 digno dos melhores sistemas de m\u00fasica e teatros a um pre\u00e7o inigual\u00e1vel.<\/p>\n<p>Especifica\u00e7\u00f5es Gerais<\/p>\n<p>&#8211; Marca: Rotel<\/p>\n<p>&#8211; Modelo: RSP-1582<\/p>\n<p>DIMENS\u00d5ES (L \u00d7 A \u00d7 P)<\/p>\n<p>431 \u00d7 188 \u00d7 416,8 mm<br \/>\n17&#8243; \u00d7 7,4&#8243; \u00d7 16,4&#8243;<\/p>\n<p>ALTURA DO PAINEL FRONTAL<\/p>\n<p>4U \/ 177 mm (7&#8243;)<\/p>\n<p>REQUISITOS DE ENERGIA<\/p>\n<p>120 V, 60 Hz<\/p>\n<p>CONSUMO DE ENERGIA<\/p>\n<p>45 W<\/p>\n<p>CONSUMO DE ENERGIA EM ESPERA<\/p>\n<p>0,5 W<\/p>\n<p>PESO L\u00cdQUIDO<\/p>\n<p>12 kg (26,5 libras)<\/p>\n<p>CLASSIFICA\u00c7\u00c3O DE BTU<\/p>\n<p>137 BTU\/h<\/p>\n<p>DISTOR\u00c7\u00c3O HARM\u00d4NICA TOTAL (THD)<\/p>\n<p>(20Hz\u201320kHz) &lt;0,005%<\/p>\n<p>RESPOSTA DE FREQU\u00caNCIA<\/p>\n<p>Bypass anal\u00f3gico: 10Hz &#8211; 100kHz \u00b11,5dB<\/p>\n<p>Entradas digitais: 10Hz &#8211; 20kHz \u00b10,3dB<\/p>\n<p>RELA\u00c7\u00c3O S\/N (pondera\u00e7\u00e3o IHF &#8220;A&#8221;)<\/p>\n<p>Bypass anal\u00f3gico: 112dB<\/p>\n<p>Entradas digitais: 112dB<\/p>\n<p>Itens Inclusos<\/p>\n<p>&#8211; Processador Rotel RSP-1582 &#8211; 4K HDR &#8211; DAC Embutido &#8211; Entradas Digitais &#8211; Bluetooth aptX<\/p>\n","protected":false},"excerpt":{"rendered":"<p>ESTADO 9\/10 O RSP-1582 levou dois anos para ser feito e \u00e9 uma plataforma totalmente nova. Os engenheiros da Rotel avaliaram meticulosamente cada projeto de circuito e requisito de recurso. Ele \u00e9 constru\u00eddo com uma constru\u00e7\u00e3o modular para facilitar atualiza\u00e7\u00f5es de placas de circuito interno importantes e \u00e9 atualiz\u00e1vel por software pela Internet ou por [&hellip;]<\/p>\n","protected":false},"featured_media":12861,"template":"","meta":{"_acf_changed":false},"product_brand":[],"product_cat":[21,23,24],"product_tag":[],"class_list":{"0":"post-12863","1":"product","2":"type-product","3":"status-publish","4":"has-post-thumbnail","6":"product_cat-home-theater","7":"product_cat-processador","8":"product_cat-rotel","10":"first","11":"instock","12":"sold-individually","13":"shipping-taxable","14":"purchasable","15":"product-type-simple"},"acf":[],"aioseo_notices":[],"_links":{"self":[{"href":"https:\/\/hificlub.com.br\/loja\/wp-json\/wp\/v2\/product\/12863","targetHints":{"allow":["GET"]}}],"collection":[{"href":"https:\/\/hificlub.com.br\/loja\/wp-json\/wp\/v2\/product"}],"about":[{"href":"https:\/\/hificlub.com.br\/loja\/wp-json\/wp\/v2\/types\/product"}],"wp:featuredmedia":[{"embeddable":true,"href":"https:\/\/hificlub.com.br\/loja\/wp-json\/wp\/v2\/media\/12861"}],"wp:attachment":[{"href":"https:\/\/hificlub.com.br\/loja\/wp-json\/wp\/v2\/media?parent=12863"}],"wp:term":[{"taxonomy":"product_brand","embeddable":true,"href":"https:\/\/hificlub.com.br\/loja\/wp-json\/wp\/v2\/product_brand?post=12863"},{"taxonomy":"product_cat","embeddable":true,"href":"https:\/\/hificlub.com.br\/loja\/wp-json\/wp\/v2\/product_cat?post=12863"},{"taxonomy":"product_tag","embeddable":true,"href":"https:\/\/hificlub.com.br\/loja\/wp-json\/wp\/v2\/product_tag?post=12863"}],"curies":[{"name":"wp","href":"https:\/\/api.w.org\/{rel}","templated":true}]}}