{"id":12857,"date":"2024-01-02T18:24:02","date_gmt":"2024-01-02T21:24:02","guid":{"rendered":"https:\/\/hificlub.com.br\/loja\/?post_type=product&#038;p=12857"},"modified":"2026-03-08T22:33:53","modified_gmt":"2026-03-09T01:33:53","slug":"bw-htm61-black-ash","status":"publish","type":"product","link":"https:\/\/hificlub.com.br\/loja\/produto\/bw-htm61-black-ash\/","title":{"rendered":"B&#038;W HTM61 Black Ash"},"content":{"rendered":"<p>ESTADO 9\/10<\/p>\n<p>O HTM61 \u00e9 o maior dos dois alto-falantes centrais da S\u00e9rie 600 e \u00e9 feito sob medida para combinar com qualquer um dos dois alto-falantes principais de ch\u00e3o (o 683 ou 684) em um sistema de home theater comandante.<\/p>\n<p>\u00c9 um equipamento impressionante por si s\u00f3: um alto-falante completo de tr\u00eas vias composto por graves\/m\u00e9dios Kevlar\u00ae de 165 mm de di\u00e2metro, m\u00e9dios Kevlar\u00ae de 150 mm de di\u00e2metro com tecnologia surround de cone FST e um tweeter carregado com tubo Nautilus\u2122.\u00a0Ele n\u00e3o precisa ser colocado horizontalmente abaixo da tela, como \u00e9 o costume dos alto-falantes centrais.\u00a0Se faltar espa\u00e7o, coloque-o em p\u00e9.\u00a0De qualquer forma, o HTM61 foi projetado para ser o centro do palco.<\/p>\n<p>Crossover Tuning<br \/>\nNautilus Tapering Tube<br \/>\nFlowport<br \/>\nFST<br \/>\nCaracter\u00edsticas t\u00e9cnicas Tweeter de c\u00fapula de alum\u00ednio com tubo Nautilus\u2122<\/p>\n<p>Cone de fibra da marca<\/p>\n<p>Kevlar\u00ae FST\u2122 midrange Baixo cone de fibra da marca Kevlar\u00ae<\/p>\n<p>Flowport\u2122<\/p>\n<p>Blindagem magn\u00e9tica<br \/>\nDescri\u00e7\u00e3o Sistema de caixa ventilada de 3 vias<br \/>\nUnidades de acionamento 1 x \u00f825mm ( C\u00fapula de alum\u00ednio de 1 pol.) de alta frequ\u00eancia<\/p>\n<p>1 x cone de Kevlar\u00ae tecido de \u00f8150 mm (6 pol.) m\u00e9dios FST\u2122<\/p>\n<p>1 x cone de baixo de Kevlar\u00ae tecido de \u00f8165 mm (6,5 pol.)<br \/>\nFaixa de frequ\u00eancia -6dB a 42Hz e 50kHz<br \/>\nResposta de frequ\u00eancia 49Hz &#8211; 22kHz \u00b13dB ligado eixo de refer\u00eancia<br \/>\nDispers\u00e3o Dentro de 2dB da resposta de refer\u00eancia<\/p>\n<p>Horizontal: arco acima de 20\u00ba<\/p>\n<p>Vertical: arco acima de 60\u00ba<br \/>\nSensibilidade 90dB spl (2,83V, 1m)<br \/>\nDistor\u00e7\u00e3o harm\u00f4nica 2\u00ba e 3\u00ba harm\u00f4nicos (90dB, 1m)<\/p>\n<p>&lt;1% 90Hz &#8211; 22kHz<\/p>\n<p>&lt;0,5% 120Hz &#8211; 20kHz<br \/>\nImped\u00e2ncia nominal 8\u03a9 (m\u00ednimo 3,0\u03a9)<br \/>\nFrequ\u00eancias de crossover 350Hz, 4kHz<br \/>\nFiltros de crossover 1\u00aa Ordem \u2013 tweeter<\/p>\n<p>2\u00aa Ordem \u2013 passa-baixo m\u00e9dio<\/p>\n<p>2\u00aa Ordem \u2013 passa-alto m\u00e9dio<\/p>\n<p>3\u00aa Ordem \u2013 graves<br \/>\nPot\u00eancia recomendada do amplificador 30W &#8211; 150W em 8\u03a9 em programa n\u00e3o cortado<br \/>\nM\u00e1x.\u00a0imped\u00e2ncia de cabo recomendada 0,1\u03a9<br \/>\nDimens\u00f5es Altura: 198 mm (7,8 pol.)<\/p>\n<p>Largura: 545 mm (21,5 pol.)<\/p>\n<p>Profundidade: 339 mm (13,4 pol.)<br \/>\nPeso l\u00edquido 15,4 kg (34 lb)<br \/>\nAcabamentos Preto Cinza<\/p>\n","protected":false},"excerpt":{"rendered":"<p>ESTADO 9\/10 O HTM61 \u00e9 o maior dos dois alto-falantes centrais da S\u00e9rie 600 e \u00e9 feito sob medida para combinar com qualquer um dos dois alto-falantes principais de ch\u00e3o (o 683 ou 684) em um sistema de home theater comandante. \u00c9 um equipamento impressionante por si s\u00f3: um alto-falante completo de tr\u00eas vias composto [&hellip;]<\/p>\n","protected":false},"featured_media":12854,"template":"","meta":{"_acf_changed":false},"product_brand":[],"product_cat":[19,35,17],"product_tag":[],"class_list":{"0":"post-12857","1":"product","2":"type-product","3":"status-publish","4":"has-post-thumbnail","6":"product_cat-bw","7":"product_cat-caixas-centrais","8":"product_cat-caixas","10":"first","11":"instock","12":"sold-individually","13":"shipping-taxable","14":"purchasable","15":"product-type-simple"},"acf":[],"aioseo_notices":[],"_links":{"self":[{"href":"https:\/\/hificlub.com.br\/loja\/wp-json\/wp\/v2\/product\/12857","targetHints":{"allow":["GET"]}}],"collection":[{"href":"https:\/\/hificlub.com.br\/loja\/wp-json\/wp\/v2\/product"}],"about":[{"href":"https:\/\/hificlub.com.br\/loja\/wp-json\/wp\/v2\/types\/product"}],"wp:featuredmedia":[{"embeddable":true,"href":"https:\/\/hificlub.com.br\/loja\/wp-json\/wp\/v2\/media\/12854"}],"wp:attachment":[{"href":"https:\/\/hificlub.com.br\/loja\/wp-json\/wp\/v2\/media?parent=12857"}],"wp:term":[{"taxonomy":"product_brand","embeddable":true,"href":"https:\/\/hificlub.com.br\/loja\/wp-json\/wp\/v2\/product_brand?post=12857"},{"taxonomy":"product_cat","embeddable":true,"href":"https:\/\/hificlub.com.br\/loja\/wp-json\/wp\/v2\/product_cat?post=12857"},{"taxonomy":"product_tag","embeddable":true,"href":"https:\/\/hificlub.com.br\/loja\/wp-json\/wp\/v2\/product_tag?post=12857"}],"curies":[{"name":"wp","href":"https:\/\/api.w.org\/{rel}","templated":true}]}}