{"id":1284,"date":"2023-10-17T19:55:20","date_gmt":"2023-10-17T22:55:20","guid":{"rendered":"https:\/\/hificlub.com.br\/loja2\/produto\/revel-performa-m22\/"},"modified":"2026-01-06T09:13:10","modified_gmt":"2026-01-06T12:13:10","slug":"revel-performa-m22","status":"publish","type":"product","link":"https:\/\/hificlub.com.br\/loja\/produto\/revel-performa-m22\/","title":{"rendered":"REVEL PERFORMA M22"},"content":{"rendered":"<p>ESTADO 9\/10<\/p>\n<h2 class=\"default\">Descri\u00e7\u00e3o do produto<\/h2>\n<div id=\"productDescription\" class=\"a-section a-spacing-small\">\n<p>Avaliado como qualidade de som Classe A de um pequeno alto-falante, o Performa M20 estabeleceu o padr\u00e3o para desempenho de monitor compacto de \u00faltima gera\u00e7\u00e3o.\u00a0O novo M22 continua a elevar o padr\u00e3o de desempenho, apresentando tecnologia de driver rec\u00e9m-desenvolvida compartilhada com o sistema de alto-falantes de ch\u00e3o F32, juntamente com um novo design de gabinete fino que permite uma enorme versatilidade de posicionamento e alto apelo visual.<\/p>\n<\/div>\n<p>COR: BLACK<br \/>\nCONDI\u00c7\u00c3O: NOVA<br \/>\nTIPO: BOOKSHELF<br \/>\nNUMERO DE CAIXAS 2<br \/>\nNUMERO DE VIAS 2<br \/>\nRESPOSTA DE FREQUENCIA: 52Hz &#8211; 16kHz<br \/>\nBICABLAGEM: (SIM , NAO) SIM<br \/>\nIMPEDANCIA: 6 ohms<br \/>\nSENSIBILIDADE 85 dB<br \/>\nDIMENSOES 21.9 cm x 36.8 cm x 30.2 cm<\/p>\n<div class=\"page\" title=\"Page 15\">\n<table>\n<colgroup>\n<col \/>\n<col \/>\n<col \/> <\/colgroup>\n<tbody>\n<tr>\n<td>\n<div class=\"layoutArea\">\n<div class=\"column\">\n<p>Specification<\/p>\n<\/div>\n<\/div>\n<\/td>\n<td>\n<div class=\"layoutArea\">\n<div class=\"column\">\n<p>Value<\/p>\n<\/div>\n<\/div>\n<\/td>\n<td>\n<div class=\"layoutArea\">\n<div class=\"column\">\n<p>Definition<\/p>\n<\/div>\n<\/div>\n<\/td>\n<\/tr>\n<tr>\n<td>\n<div class=\"layoutArea\">\n<div class=\"column\">\n<p>Sensitivity<\/p>\n<\/div>\n<\/div>\n<\/td>\n<td>\n<div class=\"layoutArea\">\n<div class=\"column\">\n<p>86.5dB SPL<br \/>\nwith 2.83Vrms @ 1m (4 pi anechoic)<\/p>\n<\/div>\n<\/div>\n<\/td>\n<td>\n<div class=\"layoutArea\">\n<div class=\"column\">\n<p>Indicates the amount power the associated power amplifier must deliver to drive the loudspeaker at reasonable volume levels. Conservatively-rated specifications indicate moderate sensitivity, meaning that a massive power amplifier is not required to drive Revel loudspeakers to reasonable volume levels in large listening spaces.<\/p>\n<\/div>\n<\/div>\n<\/td>\n<\/tr>\n<tr>\n<td>\n<div class=\"layoutArea\">\n<div class=\"column\">\n<p>Impedance<\/p>\n<\/div>\n<\/div>\n<\/td>\n<td>\n<div class=\"layoutArea\">\n<div class=\"column\">\n<p>6.4\u03a9 (nominal)<br \/>\n4.8\u03a9 (minimum @ 160Hz)<\/p>\n<\/div>\n<\/div>\n<\/td>\n<td>\n<div class=\"layoutArea\">\n<div class=\"column\">\n<p>Indicates whether the loudspeaker presents a \u201cdifficult\u201d or \u201ceasy\u201d load on the associated power amplifier. Combined with moderate phase angles, a minimal impedance specification of 4.8\u03a9 allows any reasonably designed power amplifier to drive Revel loudspeakers.<\/p>\n<\/div>\n<\/div>\n<\/td>\n<\/tr>\n<tr>\n<td>\n<div class=\"layoutArea\">\n<div class=\"column\">\n<p>Filter Network<\/p>\n<\/div>\n<\/div>\n<\/td>\n<td>\n<div class=\"layoutArea\">\n<div class=\"column\">\n<p>Two-way, high-order @ 2.2kHz<\/p>\n<\/div>\n<\/div>\n<\/td>\n<td>\n<div class=\"layoutArea\">\n<div class=\"column\">\n<p>Indicates the acoustical characteristics of the filter network. Steep filters indicate an optimized filter network that produces minimal acoustical interference, low distortion, and expansive dynamic range.<\/p>\n<\/div>\n<\/div>\n<\/td>\n<\/tr>\n<tr>\n<td>\n<div class=\"layoutArea\">\n<div class=\"column\">\n<p>In-Room Response<\/p>\n<\/div>\n<\/div>\n<\/td>\n<td>\n<div class=\"layoutArea\">\n<div class=\"column\">\n<p>\u00b11.0dB<br \/>\nfrom 46Hz to 16kHz<\/p>\n<\/div>\n<\/div>\n<\/td>\n<td>\n<div class=\"layoutArea\">\n<div class=\"column\">\n<p>Indicates sound quality in context with other specifications. A breakthrough measurement, this specification closely correlates to sound quality in a single curve \u2013 a long-standing goal of loudspeaker engineers. Research and observation reveals that ubiquitous \u201con-axis\u201d response curves cannot distinguish between two loudspeakers with radically different sound qualities.<\/p>\n<\/div>\n<\/div>\n<\/td>\n<\/tr>\n<tr>\n<td>\n<div class=\"layoutArea\">\n<div class=\"column\">\n<p>Target Response<\/p>\n<\/div>\n<\/div>\n<\/td>\n<td>\n<div class=\"layoutArea\">\n<div class=\"column\">\n<p>\u00b10.75dB<br \/>\nfrom 46Hz to 20Hz<\/p>\n<\/div>\n<\/div>\n<\/td>\n<td>\n<div class=\"layoutArea\">\n<div class=\"column\">\n<p>Indicates sound quality in context with the individual loudspeaker\u2019s application, considering the acoustical impact of its placement. An ideal response goal, a target response is not flat at either end of the audible spectrum and is used when the ideal reference is not a flat line.<\/p>\n<\/div>\n<\/div>\n<\/td>\n<\/tr>\n<tr>\n<td>\n<div class=\"layoutArea\">\n<div class=\"column\">\n<p>First Reflections Response<\/p>\n<\/div>\n<\/div>\n<\/td>\n<td>\n<div class=\"layoutArea\">\n<div class=\"column\">\n<p>\u00b11.5dB<br \/>\nfrom 45Hz to 15kHz<\/p>\n<\/div>\n<\/div>\n<\/td>\n<td>\n<div class=\"layoutArea\">\n<div class=\"column\">\n<p>Indicates the response listeners hear in relation to the first reflections from walls, ceilings, and floors. This specification indicates that Revel loudspeakers will remain accurate, even in listening rooms that cast strong reflections.<\/p>\n<\/div>\n<\/div>\n<\/td>\n<\/tr>\n<tr>\n<td>\n<div class=\"layoutArea\">\n<div class=\"column\">\n<p>Listening Window Response<\/p>\n<\/div>\n<\/div>\n<\/td>\n<td>\n<div class=\"layoutArea\">\n<div class=\"column\">\n<p>1.5dB<br \/>\nfrom 45Hz to 16kHz<\/p>\n<\/div>\n<\/div>\n<\/td>\n<td>\n<div class=\"layoutArea\">\n<div class=\"column\">\n<p>Indicates the on-axis response of the loudspeaker. An improved \u201con-axis\u201d measurement, this specification reduces the visual confusion of inaudible interference. It retains full accuracy without using \u201cspectral smoothing,\u201d which results in significant data loss.<\/p>\n<\/div>\n<\/div>\n<\/td>\n<\/tr>\n<tr>\n<td>\n<div class=\"layoutArea\">\n<div class=\"column\">\n<p>Low-Frequency Extension<\/p>\n<\/div>\n<\/div>\n<\/td>\n<td>\n<div class=\"layoutArea\">\n<div class=\"column\">\n<p>-10dB @ 36Hz -6dB @ 41Hz -3dB @ 48Hz<\/p>\n<\/div>\n<\/div>\n<\/td>\n<td>\n<div class=\"layoutArea\">\n<div class=\"column\">\n<p>Indicates the low-frequency response of the loudspeaker. Studies have shown that the \u201310dB specification best correlates to controlled listening tests. At low frequencies, most loudspeaker and listening room combinations demonstrate significant \u201c room gain,\u201d which produces an increase in levels as frequencies decrease. Unlike the \u20133dB specification, the \u201310dB specification reflects the steepness of low-frequency roll-offs.<\/p>\n<\/div>\n<\/div>\n<\/td>\n<\/tr>\n<\/tbody>\n<\/table>\n<\/div>\n","protected":false},"excerpt":{"rendered":"<p>ESTADO 9\/10 Descri\u00e7\u00e3o do produto Avaliado como qualidade de som Classe A de um pequeno alto-falante, o Performa M20 estabeleceu o padr\u00e3o para desempenho de monitor compacto de \u00faltima gera\u00e7\u00e3o.\u00a0O novo M22 continua a elevar o padr\u00e3o de desempenho, apresentando tecnologia de driver rec\u00e9m-desenvolvida compartilhada com o sistema de alto-falantes de ch\u00e3o F32, juntamente com [&hellip;]<\/p>\n","protected":false},"featured_media":29239,"template":"","meta":{"_acf_changed":false},"product_brand":[],"product_cat":[25,17,82],"product_tag":[],"class_list":{"0":"post-1284","1":"product","2":"type-product","3":"status-publish","4":"has-post-thumbnail","6":"product_cat-bookshelf","7":"product_cat-caixas","8":"product_cat-revel","10":"first","11":"instock","12":"sold-individually","13":"shipping-taxable","14":"purchasable","15":"product-type-simple"},"acf":[],"aioseo_notices":[],"_links":{"self":[{"href":"https:\/\/hificlub.com.br\/loja\/wp-json\/wp\/v2\/product\/1284","targetHints":{"allow":["GET"]}}],"collection":[{"href":"https:\/\/hificlub.com.br\/loja\/wp-json\/wp\/v2\/product"}],"about":[{"href":"https:\/\/hificlub.com.br\/loja\/wp-json\/wp\/v2\/types\/product"}],"wp:featuredmedia":[{"embeddable":true,"href":"https:\/\/hificlub.com.br\/loja\/wp-json\/wp\/v2\/media\/29239"}],"wp:attachment":[{"href":"https:\/\/hificlub.com.br\/loja\/wp-json\/wp\/v2\/media?parent=1284"}],"wp:term":[{"taxonomy":"product_brand","embeddable":true,"href":"https:\/\/hificlub.com.br\/loja\/wp-json\/wp\/v2\/product_brand?post=1284"},{"taxonomy":"product_cat","embeddable":true,"href":"https:\/\/hificlub.com.br\/loja\/wp-json\/wp\/v2\/product_cat?post=1284"},{"taxonomy":"product_tag","embeddable":true,"href":"https:\/\/hificlub.com.br\/loja\/wp-json\/wp\/v2\/product_tag?post=1284"}],"curies":[{"name":"wp","href":"https:\/\/api.w.org\/{rel}","templated":true}]}}