{"id":12826,"date":"2024-01-02T18:23:48","date_gmt":"2024-01-02T21:23:48","guid":{"rendered":"https:\/\/hificlub.com.br\/loja\/?post_type=product&#038;p=12826"},"modified":"2026-04-22T03:47:50","modified_gmt":"2026-04-22T06:47:50","slug":"mccormack-dna-2-deluxe-edition-300-watts","status":"publish","type":"product","link":"https:\/\/hificlub.com.br\/loja\/produto\/mccormack-dna-2-deluxe-edition-300-watts\/","title":{"rendered":"McCORMACK DNA-2 DELUXE EDITION Amplificador Stereo 300 watts"},"content":{"rendered":"<p>A McCormack utilizou as melhores pe\u00e7as dispon\u00edveis. \u00c9 um amplificador muito potente. 2&#215;300 W em 8 ohms, 2&#215;600 W em 4 ohms, est\u00e1vel at\u00e9 1 ohm ou menos. Pode acionar qualquer alto-falante fabricado com facilidade. Um amplificador com um som excelente tamb\u00e9m.<\/p>\n<p>\\&#8221;Para quem procura o amplificador ideal para o seu sistema dos sonhos, pode parar de ler aqui. \u00c9 isso a\u00ed\\&#8221;<\/p>\n<p>\\&#8221;A quest\u00e3o \u00e9 que, ao longo dos anos, ouvi a maioria dos amplificadores de ponta que existem, pelo menos todos aqueles com os quais voc\u00ea est\u00e1 familiarizado. E em todos esses anos, em todas essas lojas, nunca ouvi NENHUM amplificador soar t\u00e3o bem quanto este\\&#8221;<\/p>\n<p>\\&#8221;Que bela combina\u00e7\u00e3o de pot\u00eancia de reserva aliada \u00e0 qualidade suave e doce dos melhores amplificadores valvulados. Detalhe, transpar\u00eancia, velocidade, profundidade, delicadeza, gra\u00e7a, compatibilidade, confiabilidade, tudo isso est\u00e1 aqui\\&#8221;<\/p>\n<p>\\&#8221;Talvez a maior qualidade deste amplificador possa ser descrita em uma \u00fanica palavra: simplicidade! Nunca se tem a sensa\u00e7\u00e3o de que ele est\u00e1 for\u00e7ando a barra, independentemente da m\u00fasica ou do volume. E ele \u00e9 suave e fluido na apresenta\u00e7\u00e3o da m\u00fasica.<\/p>\n<p>\\&#8221;Este amplificador tem pot\u00eancia de sobra e \u00e9 extremamente r\u00e1pido\\&#8221;<\/p>\n","protected":false},"excerpt":{"rendered":"<p>A McCormack utilizou as melhores pe\u00e7as dispon\u00edveis. \u00c9 um amplificador muito potente. 2&#215;300 W em 8 ohms, 2&#215;600 W em 4 ohms, est\u00e1vel at\u00e9 1 ohm ou menos. Pode acionar qualquer alto-falante fabricado com facilidade. Um amplificador com um som excelente tamb\u00e9m. \\&#8221;Para quem procura o amplificador ideal para o seu sistema dos sonhos, pode [&hellip;]<\/p>\n","protected":false},"featured_media":42421,"template":"","meta":{"_acf_changed":false},"product_brand":[],"product_cat":[27,28,202,26],"product_tag":[],"class_list":{"0":"post-12826","1":"product","2":"type-product","3":"status-publish","4":"has-post-thumbnail","6":"product_cat-amplificador","7":"product_cat-estereo","8":"product_cat-mccomark","9":"product_cat-vintage","11":"first","12":"instock","13":"sold-individually","14":"shipping-taxable","15":"purchasable","16":"product-type-simple"},"acf":[],"aioseo_notices":[],"_links":{"self":[{"href":"https:\/\/hificlub.com.br\/loja\/wp-json\/wp\/v2\/product\/12826","targetHints":{"allow":["GET"]}}],"collection":[{"href":"https:\/\/hificlub.com.br\/loja\/wp-json\/wp\/v2\/product"}],"about":[{"href":"https:\/\/hificlub.com.br\/loja\/wp-json\/wp\/v2\/types\/product"}],"wp:featuredmedia":[{"embeddable":true,"href":"https:\/\/hificlub.com.br\/loja\/wp-json\/wp\/v2\/media\/42421"}],"wp:attachment":[{"href":"https:\/\/hificlub.com.br\/loja\/wp-json\/wp\/v2\/media?parent=12826"}],"wp:term":[{"taxonomy":"product_brand","embeddable":true,"href":"https:\/\/hificlub.com.br\/loja\/wp-json\/wp\/v2\/product_brand?post=12826"},{"taxonomy":"product_cat","embeddable":true,"href":"https:\/\/hificlub.com.br\/loja\/wp-json\/wp\/v2\/product_cat?post=12826"},{"taxonomy":"product_tag","embeddable":true,"href":"https:\/\/hificlub.com.br\/loja\/wp-json\/wp\/v2\/product_tag?post=12826"}],"curies":[{"name":"wp","href":"https:\/\/api.w.org\/{rel}","templated":true}]}}