{"id":12797,"date":"2024-01-02T18:23:37","date_gmt":"2024-01-02T21:23:37","guid":{"rendered":"https:\/\/hificlub.com.br\/loja\/?post_type=product&#038;p=12797"},"modified":"2026-03-17T06:21:04","modified_gmt":"2026-03-17T09:21:04","slug":"sansui-au-alpha-907mr-amplificador-integrado-vintage-160-watts-100v","status":"publish","type":"product","link":"https:\/\/hificlub.com.br\/loja\/produto\/sansui-au-alpha-907mr-amplificador-integrado-vintage-160-watts-100v\/","title":{"rendered":"SANSUI AU-ALPHA 907MR Amplificador Integrado Vintage 160 watts 100v"},"content":{"rendered":"<p><span dir=\"auto\">Pr\u00e9-amplificador principal com novo circuito balanceado Hyper \u03b1 -X.<\/span><\/p>\n<p><span dir=\"auto\">O novo circuito balanceado Hyper \u03b1 -X foi adotado para reduzir a zero a gera\u00e7\u00e3o de ru\u00eddo el\u00e9trico interno durante a opera\u00e7\u00e3o.<\/span><br \/>\n<span dir=\"auto\">Este circuito \u00e9 composto por um circuito balanceado Hyper \u03b1 -X e um circuito de corrente constante balanceado verticalmente sim\u00e9trico do tipo espelho de corrente Wilson, desenvolvido a partir do aprimoramento do circuito de corrente constante do tipo espelho de corrente Wilson de alta CMRR, que proporciona uma melhoria te\u00f3rica de 140 dB na CMRR.<\/span><br \/>\n<span dir=\"auto\">Como resultado, conseguimos transformar o est\u00e1gio de excita\u00e7\u00e3o em um circuito fechado com enrolamentos separados, ajustando a dispers\u00e3o de corrente devido ao offset CC causado pela assimetria dos elementos no circuito e melhorando a estabilidade de opera\u00e7\u00e3o do pr\u00f3prio circuito.<\/span><br \/>\n<span dir=\"auto\">Al\u00e9m disso, a se\u00e7\u00e3o principal de alimenta\u00e7\u00e3o do est\u00e1gio de sa\u00edda, onde se concentram os transformadores e capacitores eletrol\u00edticos, tamb\u00e9m \u00e9 um circuito fechado com enrolamentos separados. Em todo o sistema, da entrada \u00e0 sa\u00edda de \u00e1udio, \u00e9 criado um ambiente operacional ideal para um amplificador balanceado.<\/span><\/p>\n<p><span dir=\"auto\">Para melhorar a resposta a sinais instant\u00e2neos, um novo circuito diferencial em diamante foi adotado no est\u00e1gio de acionamento. Como a sa\u00edda pode ser obtida sem invers\u00e3o de fase, a capacidade de fornecimento de corrente para sinais de entrada que variam rapidamente \u00e9 alta, resultando em excelentes caracter\u00edsticas.<\/span><br \/>\n<span dir=\"auto\">Al\u00e9m da conex\u00e3o em cascata do FET do primeiro est\u00e1gio, a se\u00e7\u00e3o de alimenta\u00e7\u00e3o do driver \u00e9 verticalmente sim\u00e9trica e balanceada, tornando o circuito amplo em termos de faixa de opera\u00e7\u00e3o e alta velocidade, e aprimorando as caracter\u00edsticas de opera\u00e7\u00e3o do novo amplificador balanceado \u03b1-X.<\/span><br \/>\n<span dir=\"auto\">Isso tamb\u00e9m \u00e9 eficaz na preven\u00e7\u00e3o da degrada\u00e7\u00e3o da qualidade do som ao conectar dispositivos externos com diferentes imped\u00e2ncias.<\/span><\/p>\n<p><span dir=\"auto\">A nova fonte de alimenta\u00e7\u00e3o balanceada \u03b1-X \u00e9 utilizada na parte de alimenta\u00e7\u00e3o.<\/span><br \/>\n<span dir=\"auto\">O est\u00e1gio de sa\u00edda \u00e9 do tipo fechado balanceado e o est\u00e1gio de acionamento \u00e9 uma fonte de alimenta\u00e7\u00e3o de corrente constante balanceada verticalmente sim\u00e9trica. A configura\u00e7\u00e3o de circuito fechado \u00e9 completamente independente do terra. Isso evita o efeito adverso da corrente de alimenta\u00e7\u00e3o desbalanceada, que causa a deteriora\u00e7\u00e3o da qualidade do som.<\/span><br \/>\n<span dir=\"auto\">Al\u00e9m disso, um grande transformador de pot\u00eancia com peso total de 13 kg, cuja vibra\u00e7\u00e3o durante a opera\u00e7\u00e3o \u00e9 reduzida pela selagem de um material de enchimento de alta densidade dentro da estrutura de blindagem de quatro camadas, bem como componentes desenvolvidos originalmente, como capacitores eletrol\u00edticos para a fonte de alimenta\u00e7\u00e3o e diodos de recupera\u00e7\u00e3o r\u00e1pida, foram cuidadosamente selecionados e utilizados para alcan\u00e7ar uma capacidade de fornecimento de corrente est\u00e1vel e elevada.<\/span><\/p>\n<p><span dir=\"auto\">Uma constru\u00e7\u00e3o refor\u00e7ada com isolamento duplo mono \u00e9 utilizada para evitar vibra\u00e7\u00f5es nos sistemas de alimenta\u00e7\u00e3o e de sinal.<\/span><\/p>\n<p><span dir=\"auto\">Componentes como transformadores de grande porte e capacitores eletrol\u00edticos, que s\u00e3o as fontes de vibra\u00e7\u00e3o do sistema de alimenta\u00e7\u00e3o, s\u00e3o instalados no centro. Unidades de pot\u00eancia como transistores e dissipadores de calor, que s\u00e3o as fontes de vibra\u00e7\u00e3o do sistema de sinal, s\u00e3o dispostas simetricamente em ambos os lados da caixa, independentemente da placa de circuito de alimenta\u00e7\u00e3o. Isso evita interfer\u00eancias entre os lados esquerdo e direito, garante um equil\u00edbrio de peso ideal e controla estruturalmente a vibra\u00e7\u00e3o natural do amplificador.<\/span><\/p>\n<p><span dir=\"auto\">Para interromper a transmiss\u00e3o da vibra\u00e7\u00e3o, adotamos um sistema integrado de feedback mec\u00e2nico desenvolvido com nosso pr\u00f3prio conhecimento.<\/span><br \/>\n<span dir=\"auto\">Pe\u00e7as de isolamento feitas de cobre puro com alta perda interna e excelente efeito de absor\u00e7\u00e3o de vibra\u00e7\u00e3o s\u00e3o usadas entre o volume principal e o chassi, entre o transistor de pot\u00eancia e o dissipador de calor, e na base de montagem do capacitor eletrol\u00edtico para controlar a vibra\u00e7\u00e3o.<\/span><br \/>\n<span dir=\"auto\">Al\u00e9m disso, fitas e folhas de Teflon com estruturas moleculares est\u00e1veis \u200b\u200bs\u00e3o usadas para isolar o espa\u00e7o entre o isolador e a placa inferior e entre o dissipador de calor e a tampa e o chassi para evitar a degrada\u00e7\u00e3o da qualidade do som devido \u00e0 vibra\u00e7\u00e3o.<\/span><\/p>\n<p><span dir=\"auto\">Para os terminais das caixas ac\u00fasticas, utilizamos terminais banhados a ouro 24 quilates com tratamento t\u00e9rmico OFC, fabricados pela WB Germany, que oferecem baixa perda de sinal e permitem a conex\u00e3o bi-wire.<\/span><br \/>\n<span dir=\"auto\">Al\u00e9m disso, empregamos isoladores ovais de cobre maci\u00e7o e bot\u00f5es de volume usinados em alum\u00ednio maci\u00e7o com excelentes caracter\u00edsticas de amortecimento de vibra\u00e7\u00e3o, garantindo resist\u00eancia \u00e0 vibra\u00e7\u00e3o, baixa imped\u00e2ncia e materiais n\u00e3o magn\u00e9ticos.<\/span><\/p>\n<p><span dir=\"auto\">O aparelho conta com uma entrada direta para amplificador de pot\u00eancia (balanceada\/CD\/linha), enviando o sinal diretamente para a se\u00e7\u00e3o de amplifica\u00e7\u00e3o sem passar pelo circuito do pr\u00e9-amplificador.<\/span><\/p>\n<p><span dir=\"auto\">O equalizador de fono \u00e9 compat\u00edvel com c\u00e1psulas MC e MM.<\/span><\/p>\n<table class=\"spec\" border=\"1\">\n<tbody>\n<tr>\n<td><span dir=\"auto\">Tipo<\/span><\/td>\n<td><span dir=\"auto\">Amplificador integrado<\/span><\/td>\n<\/tr>\n<tr>\n<td colspan=\"2\"><span dir=\"auto\">Unidade de amplificador de pot\u00eancia<\/span><\/td>\n<\/tr>\n<tr>\n<td><span dir=\"auto\">Sa\u00edda efetiva ( opera\u00e7\u00e3o simult\u00e2nea de ambos os canais de\u00a010 Hz a 20 kHz )<\/span><\/td>\n<td><span dir=\"auto\">190W + 190W (6\u03a9)<\/span><br \/>\n<span dir=\"auto\">160W + 160W (8\u03a9)<\/span><\/td>\n<\/tr>\n<tr>\n<td><span dir=\"auto\">Fator de distor\u00e7\u00e3o harm\u00f4nica total (na pot\u00eancia de sa\u00edda efetiva)<\/span><\/td>\n<td><span dir=\"auto\">0,003% ou menos (8 \u03a9)<\/span><\/td>\n<\/tr>\n<tr>\n<td><span dir=\"auto\">fator de distor\u00e7\u00e3o de modula\u00e7\u00e3o cruzada<\/span><\/td>\n<td><span dir=\"auto\">0,003% ou menos (8 \u03a9)<\/span><\/td>\n<\/tr>\n<tr>\n<td><span dir=\"auto\">Fator de amortecimento<\/span><\/td>\n<td><span dir=\"auto\">150 (8 \u03a9)<\/span><\/td>\n<\/tr>\n<tr>\n<td><span dir=\"auto\">Resposta de frequ\u00eancia (1W)<\/span><\/td>\n<td><span dir=\"auto\">DC ~ 300 kHz + 0 -3 dB<\/span><\/td>\n<\/tr>\n<tr>\n<td><span dir=\"auto\">Sensibilidade\/Imped\u00e2ncia de Entrada<\/span><\/td>\n<td><span dir=\"auto\">1V\/5k \u03a9 (1 kHz)<\/span><\/td>\n<\/tr>\n<tr>\n<td><span dir=\"auto\">Rela\u00e7\u00e3o sinal-ru\u00eddo (rede A)<\/span><\/td>\n<td><span dir=\"auto\">120 dB ou mais<\/span><\/td>\n<\/tr>\n<tr>\n<td><span dir=\"auto\">Pot\u00eancia din\u00e2mica<\/span><\/td>\n<td><span dir=\"auto\">580W (2\u03a9)<\/span><br \/>\n<span dir=\"auto\">390W (4\u03a9)<\/span><br \/>\n<span dir=\"auto\">310W (6\u03a9)<\/span><\/td>\n<\/tr>\n<tr>\n<td><span dir=\"auto\">TIM Sawtooth<\/span><\/td>\n<td><span dir=\"auto\">Valor limite de medi\u00e7\u00e3o ou menos<\/span><\/td>\n<\/tr>\n<tr>\n<td><span dir=\"auto\">Taxa de varia\u00e7\u00e3o<\/span><\/td>\n<td><span dir=\"auto\">200 V \/ \u03bcs<\/span><\/td>\n<\/tr>\n<tr>\n<td><span dir=\"auto\">Hora de acordar<\/span><\/td>\n<td><span dir=\"auto\">0,5 \u03bcs<\/span><\/td>\n<\/tr>\n<tr>\n<td colspan=\"2\"><span dir=\"auto\">Se\u00e7\u00e3o do pr\u00e9-amplificador<\/span><\/td>\n<\/tr>\n<tr>\n<td><span dir=\"auto\">Sensibilidade\/Imped\u00e2ncia de entrada<\/span><br \/>\n<span dir=\"auto\">(1kHz)<\/span><\/td>\n<td><span dir=\"auto\">Fono MM: 2,5mV\/47k \u03a9<\/span><br \/>\n<span dir=\"auto\">Phono MC: 300 \u03bc V\/100 \u03a9<\/span><br \/>\n<span dir=\"auto\">CD, sintonizador, linha, fita\/DAT1, 2: 150mV\/20k \u03a9<\/span><\/td>\n<\/tr>\n<tr>\n<td><span dir=\"auto\">Entrada m\u00e1xima permitida para toca-discos<\/span><\/td>\n<td><span dir=\"auto\">MM: 210mV (THD 0,01%)<\/span><br \/>\n<span dir=\"auto\">MC: 21mV (THD 0,1%)<\/span><\/td>\n<\/tr>\n<tr>\n<td><span dir=\"auto\">Resposta de frequ\u00eancia (1W)<\/span><\/td>\n<td><span dir=\"auto\">Entrada MM para toca-discos: 20 Hz a 20 kHz \u00b1 0,2 dB;<\/span><br \/>\n<span dir=\"auto\">CD, sintonizador, linha, fita\/DAT1, 2: CC ~ 300 kHz + 0 -3 dB<\/span><\/td>\n<\/tr>\n<tr>\n<td><span dir=\"auto\">Rela\u00e7\u00e3o sinal-ru\u00eddo (rede A)<\/span><\/td>\n<td><span dir=\"auto\">Entrada MM para toca-discos: 90 dB ou mais;<\/span><br \/>\n<span dir=\"auto\">Entrada MC para toca-discos: 75 dB ou mais;<\/span><br \/>\n<span dir=\"auto\">Entradas de CD, sintonizador, linha, fita\/DAT1 e 2: 110 dB ou mais.<\/span><\/td>\n<\/tr>\n<tr>\n<td><span dir=\"auto\">Controle de tom<\/span><\/td>\n<td><span dir=\"auto\">Varia\u00e7\u00e3o m\u00e1xima dos graves: \u00b1 6 dB (50 Hz)<\/span><br \/>\n<span dir=\"auto\">Varia\u00e7\u00e3o m\u00e1xima dos agudos: \u00b1 6 dB (15 kHz)<\/span><\/td>\n<\/tr>\n<tr>\n<td><span dir=\"auto\">Filtro subs\u00f4nico<\/span><\/td>\n<td><span dir=\"auto\">16 Hz (-3dB), 6dB\/oitava.<\/span><\/td>\n<\/tr>\n<tr>\n<td><span dir=\"auto\">intensidade sonora<\/span><\/td>\n<td><span dir=\"auto\">+ 4 dB (50 Hz), + 3 dB (10 kHz)<\/span><\/td>\n<\/tr>\n<tr>\n<td colspan=\"2\"><span dir=\"auto\">&lt;Outros&gt;<\/span><\/td>\n<\/tr>\n<tr>\n<td><span dir=\"auto\">Consumo de energia nominal<\/span><\/td>\n<td><span dir=\"auto\">400W<\/span><\/td>\n<\/tr>\n<tr>\n<td><span dir=\"auto\">Dimens\u00f5es externas<\/span><\/td>\n<td><span dir=\"auto\">Largura 471 x Altura 163 x Profundidade 452 mm<\/span><\/td>\n<\/tr>\n<tr>\n<td><span dir=\"auto\">Peso<\/span><\/td>\n<td><span dir=\"auto\">33,0 kg<\/span><\/td>\n<\/tr>\n<\/tbody>\n<\/table>\n","protected":false},"excerpt":{"rendered":"<p>Pr\u00e9-amplificador principal com novo circuito balanceado Hyper \u03b1 -X. O novo circuito balanceado Hyper \u03b1 -X foi adotado para reduzir a zero a gera\u00e7\u00e3o de ru\u00eddo el\u00e9trico interno durante a opera\u00e7\u00e3o. Este circuito \u00e9 composto por um circuito balanceado Hyper \u03b1 -X e um circuito de corrente constante balanceado verticalmente sim\u00e9trico do tipo espelho de [&hellip;]<\/p>\n","protected":false},"featured_media":41592,"template":"","meta":{"_acf_changed":false},"product_brand":[],"product_cat":[27,51,251,26],"product_tag":[],"class_list":{"0":"post-12797","1":"product","2":"type-product","3":"status-publish","4":"has-post-thumbnail","6":"product_cat-amplificador","7":"product_cat-integrado","8":"product_cat-sansui","9":"product_cat-vintage","11":"first","12":"instock","13":"sold-individually","14":"shipping-taxable","15":"purchasable","16":"product-type-simple"},"acf":[],"aioseo_notices":[],"_links":{"self":[{"href":"https:\/\/hificlub.com.br\/loja\/wp-json\/wp\/v2\/product\/12797","targetHints":{"allow":["GET"]}}],"collection":[{"href":"https:\/\/hificlub.com.br\/loja\/wp-json\/wp\/v2\/product"}],"about":[{"href":"https:\/\/hificlub.com.br\/loja\/wp-json\/wp\/v2\/types\/product"}],"wp:featuredmedia":[{"embeddable":true,"href":"https:\/\/hificlub.com.br\/loja\/wp-json\/wp\/v2\/media\/41592"}],"wp:attachment":[{"href":"https:\/\/hificlub.com.br\/loja\/wp-json\/wp\/v2\/media?parent=12797"}],"wp:term":[{"taxonomy":"product_brand","embeddable":true,"href":"https:\/\/hificlub.com.br\/loja\/wp-json\/wp\/v2\/product_brand?post=12797"},{"taxonomy":"product_cat","embeddable":true,"href":"https:\/\/hificlub.com.br\/loja\/wp-json\/wp\/v2\/product_cat?post=12797"},{"taxonomy":"product_tag","embeddable":true,"href":"https:\/\/hificlub.com.br\/loja\/wp-json\/wp\/v2\/product_tag?post=12797"}],"curies":[{"name":"wp","href":"https:\/\/api.w.org\/{rel}","templated":true}]}}