{"id":12775,"date":"2024-01-02T18:23:34","date_gmt":"2024-01-02T21:23:34","guid":{"rendered":"https:\/\/hificlub.com.br\/loja\/?post_type=product&#038;p=12775"},"modified":"2026-03-03T22:18:36","modified_gmt":"2026-03-04T01:18:36","slug":"marantz-stereo-70s-network-stereo-hdmi-slim-line-75-watts","status":"publish","type":"product","link":"https:\/\/hificlub.com.br\/loja\/produto\/marantz-stereo-70s-network-stereo-hdmi-slim-line-75-watts\/","title":{"rendered":"MARANTZ STEREO 70S Network Stereo HDMI Slim Line 75 watts"},"content":{"rendered":"<div class=\"row\">\n<div class=\"overview-body col-12\">\n<div class=\"row our-take\">\n<div class=\"col\">\n<div id=\"ourTake\" class=\"overviewText clearfix collapse show\">\n<div class=\"row\">\n<div class=\"col-12 overviewCopy\">\n<h4>Slimline stereo receiver with built-in Wi-Fi\u00ae, Bluetooth\u00ae, Apple\u00ae AirPlay\u00ae 2, HDMI, and HEOS Built-in<\/h4>\n<h4><span class=\"\">Muitas op\u00e7\u00f5es reunidas em um receptor fino<\/span><\/h4>\n<p>\u00c9 sempre emocionante quando a Marantz lan\u00e7a novos receptores, e este modelo est\u00e9reo fino n\u00e3o \u00e9 exce\u00e7\u00e3o.\u00a0<span class=\"\">Ele tem algo para todos em um formato organizado e que economiza espa\u00e7o &#8211; como reprodu\u00e7\u00e3o de \u00e1udio de alta resolu\u00e7\u00e3o a partir de um pen drive USB, entradas \u00f3pticas e coaxiais para seu streamer ou CD player de alto desempenho e uma entrada fono para vinil aficionados.\u00a0<\/span>E com a plataforma de streaming HEOS integrada no receptor, voc\u00ea pode explorar fontes de streaming de m\u00fasica para redescobrir antigos favoritos ou mergulhar em novos g\u00eaneros.<\/p>\n<h4>Adicione som de TV e jogos \u00e0 sua configura\u00e7\u00e3o<\/h4>\n<p>O Stereo 70s possui seis entradas HDMI 4K\/60 Hz (tr\u00eas compat\u00edveis com 8K e 4K\/120 Hz) e uma sa\u00edda HDMI ARC 4K\/8K, para que voc\u00ea possa us\u00e1-lo como hub de uma configura\u00e7\u00e3o de \u00e1udio\/v\u00eddeo de dois canais.\u00a0<span class=\"\">Conecte um console de videogame,\u00a0<\/span><a href=\"https:\/\/www-crutchfield-com.translate.goog\/g_467250\/Apple-TV.html?_x_tr_sl=en&amp;_x_tr_tl=pt&amp;_x_tr_hl=pt-BR&amp;_x_tr_pto=sc\"><span class=\"\">Apple TV<\/span><\/a><span class=\"\">\u00a0ou\u00a0<\/span><a href=\"https:\/\/www-crutchfield-com.translate.goog\/g_468250\/Roku.html?_x_tr_sl=en&amp;_x_tr_tl=pt&amp;_x_tr_hl=pt-BR&amp;_x_tr_pto=sc\"><span class=\"\">Roku<\/span><\/a><span class=\"\">\u00a0e um reprodutor de Blu-ray em sua sala de estar ou escrit\u00f3rio, conecte seu par de alto-falantes est\u00e9reo favorito e, de repente, voc\u00ea ter\u00e1 um som\u00a0<\/span><em><span class=\"\">muito<\/span><\/em><span class=\"\">\u00a0melhor do que os alto-falantes integrados da sua TV poderiam j\u00e1 te dei.<\/span><\/p>\n<h4>Transmita sua m\u00fasica com HEOS<\/h4>\n<p>A tecnologia HEOS integrada permite que voc\u00ea reproduza facilmente uma ampla variedade de m\u00fasicas digitais \u2013 da sua biblioteca pessoal, esta\u00e7\u00f5es de r\u00e1dio da Internet e servi\u00e7os de streaming populares como Pandora\u00ae, Spotify\u00ae e TIDAL.\u00a0Apple AirPlay 2 significa que voc\u00ea pode transmitir \u00e1udio diretamente do seu computador iPhone\u00ae, iPad\u00ae ou Mac\u00ae.\u00a0Isso inclui trilhas sonoras de v\u00eddeos do YouTube\u2122 e filmes da Netflix.\u00a0Ele tamb\u00e9m aparecer\u00e1 na sua lista de jogadores se voc\u00ea estiver usando\u00a0<a href=\"https:\/\/www-crutchfield-com.translate.goog\/www.crutchfield.com\/learn\/roon-music-player.html?_x_tr_sl=en&amp;_x_tr_tl=pt&amp;_x_tr_hl=pt-BR&amp;_x_tr_pto=sc\">o Roon<\/a>\u00a0(\u00e9 necess\u00e1ria assinatura).<\/p>\n<p>E este receptor pode ser facilmente integrado a um sistema de \u00e1udio sem fio para v\u00e1rias salas.\u00a0Transmita m\u00fasica para\u00a0<a href=\"https:\/\/www-crutchfield-com.translate.goog\/fg_385750_FFBrand%7cDenon\/Denon-Wireless-Multi-room-Audio-Systems.html?_x_tr_sl=en&amp;_x_tr_tl=pt&amp;_x_tr_hl=pt-BR&amp;_x_tr_pto=sc\">alto-falantes e componentes sem fio HEOS<\/a>\u00a0em salas diferentes e controle o som de cada sala de forma independente com o aplicativo HEOS gratuito.\u00a0O aplicativo permite controlar a reprodu\u00e7\u00e3o, navegar pelas fontes de m\u00fasica e selecionar quais salas voc\u00ea deseja usar.\u00a0Toque a mesma m\u00fasica em toda a casa ou ou\u00e7a algo diferente em cada c\u00f4modo<\/p>\n<\/div>\n<\/div>\n<\/div>\n<\/div>\n<\/div>\n<\/div>\n<\/div>\n<div class=\"row\">\n<div class=\"col-12 col-lg-7\">\n<div id=\"hightlightWrapper\" class=\"keep-reading-wrapper open\">\n<div class=\"highlight-wrapper\">\n<h4>Destaques do produto:<\/h4>\n<ul>\n<li>Amplificador de 2 canais<\/li>\n<li>75 watts por canal em 8 ohms (20-20.000 Hz) a 0,08% THD<\/li>\n<li>100 watts por canal em 6 ohms (1 kHz) a 0,7% THD<\/li>\n<\/ul>\n<h5>Op\u00e7\u00f5es de m\u00fasica digital e streaming:<\/h5>\n<ul>\n<li>Wi-Fi integrado para ouvir m\u00fasica de um PC em rede, r\u00e1dio gratuito na Internet e servi\u00e7os de m\u00fasica<\/li>\n<li>A tecnologia HEOS integrada conecta sem fio componentes HEOS compat\u00edveis para \u00e1udio dom\u00e9stico inteiro\n<ul>\n<li>inclui suporte para Pandora\u00ae, SiriusXM e Spotify\u00ae (\u00e9 necess\u00e1ria assinatura para alguns servi\u00e7os)<\/li>\n<li>O aplicativo HEOS gratuito oferece f\u00e1cil controle de Wi-Fi, ajustes de configura\u00e7\u00f5es e sele\u00e7\u00e3o e reprodu\u00e7\u00e3o de m\u00fasicas<\/li>\n<li>funciona com\u00a0controladores de voz\u00a0<a href=\"https:\/\/www-crutchfield-com.translate.goog\/g_463250\/Voice-Control-Assistants.html?tp=72967&amp;_x_tr_sl=en&amp;_x_tr_tl=pt&amp;_x_tr_hl=pt-BR&amp;_x_tr_pto=sc#&amp;nvpair=AG_Voice%20Control%20Platform|FFAmazon_Echo_@Alexa@_\">Amazon Alexa<\/a>\u00a0e\u00a0<a href=\"https:\/\/www-crutchfield-com.translate.goog\/g_463250\/Voice-Control-Assistants.html?_x_tr_sl=en&amp;_x_tr_tl=pt&amp;_x_tr_hl=pt-BR&amp;_x_tr_pto=sc#&amp;nvpair=AG_Voice%20Control%20Platform|FFGoogle_Assistant\">Google Assistant<\/a><\/li>\n<\/ul>\n<\/li>\n<li>O Apple AirPlay 2 permite transmitir diretamente de um iPhone\u00ae ou iPad\u00ae e pedir \u00e0 Siri para tocar Apple Music\n<ul>\n<li>suporta \u00e1udio em v\u00e1rias salas com alto-falantes sem fio compat\u00edveis<\/li>\n<\/ul>\n<\/li>\n<li>Bluetooth integrado para ouvir m\u00fasica sem fio com smartphones, tablets e computadores compat\u00edveis<\/li>\n<li>Transmiss\u00e3o Bluetooth para enviar \u00e1udio do receptor para fones de ouvido habilitados para Bluetooth\n<ul>\n<li>reproduzir \u00e1udio apenas atrav\u00e9s de fones de ouvido Bluetooth ou atrav\u00e9s de fones de ouvido Bluetooth e alto-falantes conectados simultaneamente<\/li>\n<\/ul>\n<\/li>\n<li>reproduz arquivos de m\u00fasica digital de alta resolu\u00e7\u00e3o atrav\u00e9s de um dispositivo de armazenamento USB ou de um computador em rede (resolu\u00e7\u00e3o PCM de at\u00e9 24 bits\/192kHz; DSD de at\u00e9 5,6 MHz)<\/li>\n<li>funciona como um player Roon (requer assinatura e Roon Core rodando em sua rede)\n<ul>\n<li>Roon Core \u00e9 um software de servidor de m\u00eddia executado em seu computador, unidade NAS ou outro hardware compat\u00edvel<\/li>\n<\/ul>\n<\/li>\n<\/ul>\n<h5>\u00c1udio em v\u00e1rias salas:<\/h5>\n<ul>\n<li>sa\u00edda de \u00e1udio de n\u00edvel de linha RCA est\u00e9reo para 2\u00aa zona\n<ul>\n<li><em>As entradas HDMI s\u00f3 podem ser reproduzidas na Zona 2 se tamb\u00e9m forem selecionadas para a sala de audi\u00e7\u00e3o principal<\/em><\/li>\n<\/ul>\n<\/li>\n<\/ul>\n<h5>Recursos HDMI:<\/h5>\n<ul>\n<li>Comuta\u00e7\u00e3o de \u00e1udio\/v\u00eddeo HDMI 2.1: 6 entradas, 1 sa\u00edda\n<ul>\n<li>3 entradas e 1 sa\u00edda suportam v\u00eddeo 8K\/60Hz e 4K\/120Hz<\/li>\n<li>todas as entradas e sa\u00eddas suportam v\u00eddeo 4K\/60Hz<\/li>\n<li>A tecnologia HDCP 2.3 garante compatibilidade com fontes e TVs 4K Ultra HD<\/li>\n<li>suporta HDR10, HDR10+, Dolby Vision\u00ae, HLG e HDR din\u00e2mico<\/li>\n<li>suporta ARC (Audio Return Channel) para passar sinais de \u00e1udio da sua TV para o receptor<\/li>\n<li><em>Dolby Digital e DTS surround n\u00e3o s\u00e3o suportados;\u00a0A TV deve estar configurada para sa\u00edda PCM de 2 canais<\/em><\/li>\n<\/ul>\n<\/li>\n<li>aprimora sinais de v\u00eddeo de 1080p e 4K\/60 Hz para Ultra HD (at\u00e9 8K)<\/li>\n<li>tecnologias de processamento de v\u00eddeo otimizadas para jogos para uma experi\u00eancia de jogo suave e sem atrasos\n<ul>\n<li>A taxa de atualiza\u00e7\u00e3o vari\u00e1vel (VRR), o modo autom\u00e1tico de baixa lat\u00eancia (ALLM) e o transporte r\u00e1pido de quadros (QFT) reduzem ou eliminam o atraso e o rompimento do quadro<\/li>\n<\/ul>\n<\/li>\n<\/ul>\n<h5>Outras conex\u00f5es:<\/h5>\n<ul>\n<li>entradas de \u00e1udio digital: 1 \u00f3ptica e 1 coaxial<\/li>\n<li>3 entradas de \u00e1udio de n\u00edvel de linha RCA est\u00e9reo anal\u00f3gico<\/li>\n<li>Entrada fono MM (\u00edm\u00e3 m\u00f3vel) para conectar um toca-discos<\/li>\n<li>sa\u00edda de pr\u00e9-amplificador para conex\u00e3o a um amplificador de pot\u00eancia est\u00e9reo externo<\/li>\n<li>porta USB no painel traseiro para reprodu\u00e7\u00e3o de \u00e1udio de unidades flash USB<\/li>\n<li>Pares de sa\u00edda de alto-falantes A e B<\/li>\n<li>2 sa\u00eddas RCA mono para conectar subwoofers amplificados<\/li>\n<li>Porta Ethernet para conex\u00e3o de rede com fio<\/li>\n<li>Entrada IR para uso com controladores externos<\/li>\n<li>Sa\u00edda de fone de ouvido de 1\/4&#8243;<\/li>\n<li>cabo de alimenta\u00e7\u00e3o destac\u00e1vel<\/li>\n<\/ul>\n<h5>Caracter\u00edsticas gerais:<\/h5>\n<ul>\n<li>A aplica\u00e7\u00e3o remota gratuita Marantz permite-lhe utilizar o seu dispositivo Apple ou Android\u2122 como um comando Wi-Fi<\/li>\n<li>O Assistente de Configura\u00e7\u00e3o orienta voc\u00ea durante o processo inicial de conex\u00e3o e configura\u00e7\u00f5es<\/li>\n<li>guia intuitivo e colorido na tela<\/li>\n<li>Video Select permite ouvir m\u00fasica enquanto assiste a v\u00eddeos de uma fonte diferente<\/li>\n<li>A passagem de espera HDMI permite a comuta\u00e7\u00e3o HDMI sem ligar o receptor<\/li>\n<li>terminais RCA banhados a ouro<\/li>\n<li>despertador<\/li>\n<li><span class=\"\">Sintonizador AM\/FM<\/span><\/li>\n<li><span class=\"\">controle remoto<\/span><\/li>\n<li>17-3\/8&#8243;L x 4-3\/16&#8243;A x 16-1\/16&#8243;P (7&#8243;A com antenas Wi-Fi levantadas)<\/li>\n<li><span class=\"\">peso: 18,5 libras.<\/span><\/li>\n<\/ul>\n<\/div>\n<\/div>\n<\/div>\n<\/div>\n","protected":false},"excerpt":{"rendered":"<p>Slimline stereo receiver with built-in Wi-Fi\u00ae, Bluetooth\u00ae, Apple\u00ae AirPlay\u00ae 2, HDMI, and HEOS Built-in Muitas op\u00e7\u00f5es reunidas em um receptor fino \u00c9 sempre emocionante quando a Marantz lan\u00e7a novos receptores, e este modelo est\u00e9reo fino n\u00e3o \u00e9 exce\u00e7\u00e3o.\u00a0Ele tem algo para todos em um formato organizado e que economiza espa\u00e7o &#8211; como reprodu\u00e7\u00e3o de \u00e1udio [&hellip;]<\/p>\n","protected":false},"featured_media":13653,"template":"","meta":{"_acf_changed":false},"product_brand":[],"product_cat":[15,27,51,92],"product_tag":[],"class_list":{"0":"post-12775","1":"product","2":"type-product","3":"status-publish","4":"has-post-thumbnail","6":"product_cat-sem-categoria","7":"product_cat-amplificador","8":"product_cat-integrado","9":"product_cat-marantz","11":"first","12":"instock","13":"sold-individually","14":"shipping-taxable","15":"purchasable","16":"product-type-simple"},"acf":[],"aioseo_notices":[],"_links":{"self":[{"href":"https:\/\/hificlub.com.br\/loja\/wp-json\/wp\/v2\/product\/12775","targetHints":{"allow":["GET"]}}],"collection":[{"href":"https:\/\/hificlub.com.br\/loja\/wp-json\/wp\/v2\/product"}],"about":[{"href":"https:\/\/hificlub.com.br\/loja\/wp-json\/wp\/v2\/types\/product"}],"wp:featuredmedia":[{"embeddable":true,"href":"https:\/\/hificlub.com.br\/loja\/wp-json\/wp\/v2\/media\/13653"}],"wp:attachment":[{"href":"https:\/\/hificlub.com.br\/loja\/wp-json\/wp\/v2\/media?parent=12775"}],"wp:term":[{"taxonomy":"product_brand","embeddable":true,"href":"https:\/\/hificlub.com.br\/loja\/wp-json\/wp\/v2\/product_brand?post=12775"},{"taxonomy":"product_cat","embeddable":true,"href":"https:\/\/hificlub.com.br\/loja\/wp-json\/wp\/v2\/product_cat?post=12775"},{"taxonomy":"product_tag","embeddable":true,"href":"https:\/\/hificlub.com.br\/loja\/wp-json\/wp\/v2\/product_tag?post=12775"}],"curies":[{"name":"wp","href":"https:\/\/api.w.org\/{rel}","templated":true}]}}