{"id":12740,"date":"2024-01-02T18:23:17","date_gmt":"2024-01-02T21:23:17","guid":{"rendered":"https:\/\/hificlub.com.br\/loja\/?post_type=product&#038;p=12740"},"modified":"2024-10-07T16:58:14","modified_gmt":"2024-10-07T19:58:14","slug":"transparent-audio-ultra-g5-xlr-2-metros","status":"publish","type":"product","link":"https:\/\/hificlub.com.br\/loja\/produto\/transparent-audio-ultra-g5-xlr-2-metros\/","title":{"rendered":"TRANSPARENT AUDIO ULTRA G5 XLR  2 metros"},"content":{"rendered":"<p>ESTADO 9\/10<\/p>\n<p>ULTRA Balanced Interconnects s\u00e3o uma \u00f3tima adi\u00e7\u00e3o a qualquer sistema de m\u00fasica ou filme Premium atualizado . Eles funcionam bem com outros LIFELIKE Transparent System Companions para fornecer tonalidade mais completa, din\u00e2mica ilimitada e espa\u00e7o tridimensional para uma conex\u00e3o mais pr\u00f3xima com a m\u00fasica.<\/p>\n<p>Os ULTRA Balanced Interconnects funcionam bem com outros LIFELIKE Companions para fornecer tonalidade mais completa, din\u00e2mica ilimitada e espa\u00e7o tridimensional para uma conex\u00e3o mais pr\u00f3xima com a m\u00fasica. Como outros componentes totalmente balanceados, o Balanced ULTRA tem 2 caminhos de rede discretos para cada canal &#8211; um para cada condutor de transporte de sinal. Seu sistema de aterramento duplo e redes ajudam a controlar ru\u00eddos e interfer\u00eancias, transferindo assim a m\u00fasica de forma mais eficiente em todas as frequ\u00eancias de \u00e1udio. Conectores XLR de alta qualidade com contatos banhados a ouro transferem energia sem esfor\u00e7o por meio de fios OFHC enrolados com precis\u00e3o. O Balanced ULTRA captura mais do calor, peso, din\u00e2mica e nuance da m\u00fasica do que os cabos balanceados t\u00edpicos, com melhor foco de imagem, apresenta\u00e7\u00e3o de palco sonoro e frequ\u00eancias baixas mais profundas e definidas. Com suas pe\u00e7as e constru\u00e7\u00e3o de toler\u00e2ncia mais r\u00edgida, o Balanced ULTRA \u00e9 feito \u00e0 m\u00e3o nos EUA e oferece ainda mais autoridade din\u00e2mica e microdetalhes do que o Balanced SUPER. O ULTRA pode ser atualizado para o n\u00edvel REFERENCE ou superior.<\/p>\n","protected":false},"excerpt":{"rendered":"<p>ESTADO 9\/10 ULTRA Balanced Interconnects s\u00e3o uma \u00f3tima adi\u00e7\u00e3o a qualquer sistema de m\u00fasica ou filme Premium atualizado . Eles funcionam bem com outros LIFELIKE Transparent System Companions para fornecer tonalidade mais completa, din\u00e2mica ilimitada e espa\u00e7o tridimensional para uma conex\u00e3o mais pr\u00f3xima com a m\u00fasica. Os ULTRA Balanced Interconnects funcionam bem com outros LIFELIKE [&hellip;]<\/p>\n","protected":false},"featured_media":18089,"template":"","meta":{"_acf_changed":false},"product_brand":[],"product_cat":[61,73,65],"product_tag":[],"class_list":{"0":"post-12740","1":"product","2":"type-product","3":"status-publish","4":"has-post-thumbnail","6":"product_cat-cabos","7":"product_cat-interconnect-xlr","8":"product_cat-transparent","10":"first","11":"instock","12":"sold-individually","13":"shipping-taxable","14":"purchasable","15":"product-type-simple"},"acf":[],"aioseo_notices":[],"_links":{"self":[{"href":"https:\/\/hificlub.com.br\/loja\/wp-json\/wp\/v2\/product\/12740","targetHints":{"allow":["GET"]}}],"collection":[{"href":"https:\/\/hificlub.com.br\/loja\/wp-json\/wp\/v2\/product"}],"about":[{"href":"https:\/\/hificlub.com.br\/loja\/wp-json\/wp\/v2\/types\/product"}],"wp:featuredmedia":[{"embeddable":true,"href":"https:\/\/hificlub.com.br\/loja\/wp-json\/wp\/v2\/media\/18089"}],"wp:attachment":[{"href":"https:\/\/hificlub.com.br\/loja\/wp-json\/wp\/v2\/media?parent=12740"}],"wp:term":[{"taxonomy":"product_brand","embeddable":true,"href":"https:\/\/hificlub.com.br\/loja\/wp-json\/wp\/v2\/product_brand?post=12740"},{"taxonomy":"product_cat","embeddable":true,"href":"https:\/\/hificlub.com.br\/loja\/wp-json\/wp\/v2\/product_cat?post=12740"},{"taxonomy":"product_tag","embeddable":true,"href":"https:\/\/hificlub.com.br\/loja\/wp-json\/wp\/v2\/product_tag?post=12740"}],"curies":[{"name":"wp","href":"https:\/\/api.w.org\/{rel}","templated":true}]}}