{"id":1273,"date":"2023-10-17T19:55:17","date_gmt":"2023-10-17T22:55:17","guid":{"rendered":"https:\/\/hificlub.com.br\/loja2\/produto\/revel-concerta2-b10-10-800-watts-branco-preto-piano\/"},"modified":"2026-03-03T22:21:02","modified_gmt":"2026-03-04T01:21:02","slug":"revel-concerta2-b10-10-800-watts-branco-preto-piano","status":"publish","type":"product","link":"https:\/\/hificlub.com.br\/loja\/produto\/revel-concerta2-b10-10-800-watts-branco-preto-piano\/","title":{"rendered":"REVEL CONCERTA2 B10  10&#8243;  800 Watts Branco \/ Preto Piano"},"content":{"rendered":"<p>CONDI\u00c7\u00c3O: NOVO<\/p>\n<p class=\"large\">O B10 \u00e9 um subwoofer potente de 800 watts e 10\u201d que foi projetado para fornecer uma resposta de baixa frequ\u00eancia poderosa e clara.\u00a0Ele adicionar\u00e1 uma resposta de graves essencial a qualquer sistema de m\u00fasica ou home theater.<\/p>\n<p>O amplificador de 800 Watts RMS (pico de 1600 Watts) alimenta a bobina de voz para fornecer ampla pot\u00eancia para a grande \u00e1rea do diafragma e capacidade de longa excurs\u00e3o.<\/p>\n<p>Ao reposicionar a bobina de voz no woofer, os engenheiros da Revel descobriram que poderiam melhorar a simetria do deslocamento do woofer e, assim, diminuir a distor\u00e7\u00e3o.\u00a0Al\u00e9m disso, a assimetria atribu\u00edda \u00e0 n\u00e3o linearidade da aranha tamb\u00e9m pode levar a uma maior distor\u00e7\u00e3o.\u00a0Isso foi resolvido ajustando a progress\u00e3o da aranha para melhorar muito a simetria e, como resultado, a distor\u00e7\u00e3o reduzida.\u00a0Para finalizar o gabinete, selecionamos acabamentos em preto e branco de alto brilho para destacar as caracter\u00edsticas deste belo subwoofer.<\/p>\n<p>&nbsp;<\/p>\n<h3 class=\"toggler fancy\" data-state=\"inactive\">B10 Destaques<\/h3>\n<div>\n<ul class=\"bulleted\">\n<li>\n<div>Derivado dos premiados alto-falantes da s\u00e9rie Performa3 da Revel<\/div>\n<\/li>\n<li>\n<div>Cone Composto de Fibra Revestido de 10&#8243;<\/div>\n<\/li>\n<li>\n<div>Projeto de Porta de Gradiente de Press\u00e3o Constante<\/div>\n<\/li>\n<li>\n<div>Grades detect\u00e1veis \u200b\u200bcom logotipos met\u00e1licos escovados<\/div>\n<\/li>\n<li>\n<div>Acabamentos pintados em preto de alto brilho e branco de alto brilho<\/div>\n<\/li>\n<li>\n<div>Subwoofer alimentado de 800 watts 10&#8243;<\/div>\n<\/li>\n<li>\n<div>EQ param\u00e9trico de banda \u00fanica<\/div>\n<\/li>\n<li>&nbsp;<br \/>\n<h4>Especifica\u00e7\u00f5es Gerais<\/h4>\n<table class=\"spec-table\">\n<tbody>\n<tr>\n<th>Frequ\u00eancias de cruzamento<\/th>\n<td>Vari\u00e1vel 50 \u2013 150Hz<\/td>\n<\/tr>\n<tr>\n<th>Tipo de gabinete<\/th>\n<td>Bass-Reflex via porta de disparo traseiro<\/td>\n<\/tr>\n<tr>\n<th>Conex\u00f5es de entrada<\/th>\n<td>Entrada RCA Est\u00e9reo L\/R<\/td>\n<\/tr>\n<tr>\n<th>Extens\u00e3o de baixa frequ\u00eancia<\/th>\n<td>35Hz, 32Hz, 29Hz (-3 dB, -6 dB, -10 dB)<\/td>\n<\/tr>\n<tr>\n<th>Componentes do driver de baixa frequ\u00eancia<\/th>\n<td>Cone Composto de Fibra Revestido de 10&#8243;, Woofer com Estrutura Fundida<\/td>\n<\/tr>\n<tr>\n<th>Pot\u00eancia recomendada do amplificador<\/th>\n<td>Amplificador Classe D de 800 W<\/td>\n<\/tr>\n<tr>\n<th>Dimens\u00f5es<\/th>\n<td>16,45&#8243; x 14,85&#8243;x 15,45&#8243; (41,8cm x 37,7cm x 39,2cm) &#8211; Incluindo P\u00e9s<\/td>\n<\/tr>\n<tr>\n<th>Peso<\/th>\n<td>53 libras<\/td>\n<\/tr>\n<\/tbody>\n<\/table>\n<\/li>\n<\/ul>\n<\/div>\n","protected":false},"excerpt":{"rendered":"<p>CONDI\u00c7\u00c3O: NOVO O B10 \u00e9 um subwoofer potente de 800 watts e 10\u201d que foi projetado para fornecer uma resposta de baixa frequ\u00eancia poderosa e clara.\u00a0Ele adicionar\u00e1 uma resposta de graves essencial a qualquer sistema de m\u00fasica ou home theater. O amplificador de 800 Watts RMS (pico de 1600 Watts) alimenta a bobina de voz [&hellip;]<\/p>\n","protected":false},"featured_media":1267,"template":"","meta":{"_acf_changed":false},"product_brand":[],"product_cat":[17,82,36],"product_tag":[],"class_list":{"0":"post-1273","1":"product","2":"type-product","3":"status-publish","4":"has-post-thumbnail","6":"product_cat-caixas","7":"product_cat-revel","8":"product_cat-subwoofer","10":"first","11":"instock","12":"sold-individually","13":"shipping-taxable","14":"purchasable","15":"product-type-simple"},"acf":[],"aioseo_notices":[],"_links":{"self":[{"href":"https:\/\/hificlub.com.br\/loja\/wp-json\/wp\/v2\/product\/1273","targetHints":{"allow":["GET"]}}],"collection":[{"href":"https:\/\/hificlub.com.br\/loja\/wp-json\/wp\/v2\/product"}],"about":[{"href":"https:\/\/hificlub.com.br\/loja\/wp-json\/wp\/v2\/types\/product"}],"wp:featuredmedia":[{"embeddable":true,"href":"https:\/\/hificlub.com.br\/loja\/wp-json\/wp\/v2\/media\/1267"}],"wp:attachment":[{"href":"https:\/\/hificlub.com.br\/loja\/wp-json\/wp\/v2\/media?parent=1273"}],"wp:term":[{"taxonomy":"product_brand","embeddable":true,"href":"https:\/\/hificlub.com.br\/loja\/wp-json\/wp\/v2\/product_brand?post=1273"},{"taxonomy":"product_cat","embeddable":true,"href":"https:\/\/hificlub.com.br\/loja\/wp-json\/wp\/v2\/product_cat?post=1273"},{"taxonomy":"product_tag","embeddable":true,"href":"https:\/\/hificlub.com.br\/loja\/wp-json\/wp\/v2\/product_tag?post=1273"}],"curies":[{"name":"wp","href":"https:\/\/api.w.org\/{rel}","templated":true}]}}