{"id":12718,"date":"2024-01-02T18:23:07","date_gmt":"2024-01-02T21:23:07","guid":{"rendered":"https:\/\/hificlub.com.br\/loja\/?post_type=product&#038;p=12718"},"modified":"2026-02-17T21:21:30","modified_gmt":"2026-02-18T00:21:30","slug":"reimyo-cdt-777-cd-transport-e-dap-999ex-dac","status":"publish","type":"product","link":"https:\/\/hificlub.com.br\/loja\/produto\/reimyo-cdt-777-cd-transport-e-dap-999ex-dac\/","title":{"rendered":"REIMYO DAP-999EX DAC K2"},"content":{"rendered":"<p><span dir=\"auto\">&#8220;Reimyo&#8221; significa milagre, e esse \u00e9 o nome que a Harmonix deu \u00e0 sua crescente linha de equipamentos de \u00e1udio de ponta. A linha Reimyo faz jus ao seu nome. Ela foi projetada atrav\u00e9s da Fus\u00e3o de Alta Tecnologia: uma colabora\u00e7\u00e3o entre a Harmonix e as melhores empresas especializadas do mundo, combinando a melhor tecnologia dispon\u00edvel para criar uma linha de produtos sem precedentes e, de outra forma, imposs\u00edvel. Como o pr\u00f3prio nome indica, esses sistemas revelam o som natural de uma maneira quase milagrosa.<\/span><\/p>\n<p><span dir=\"auto\">O Reimyo DAP-999EX, um conversor digital-anal\u00f3gico de alta pureza, oferece desempenho incompar\u00e1vel e in\u00e9dito em sua classe, proporcionando um som requintado que voc\u00ea nunca experimentou antes. Utiliza a tecnologia K2 da Victor do Jap\u00e3o, um circuito integrado DAC de 24 bits, corpo r\u00edgido totalmente em alum\u00ednio, componentes personalizados, incluindo transformadores e capacitores, fia\u00e7\u00e3o interna especial para transmiss\u00e3o de sinal de alt\u00edssima velocidade e pureza, p\u00e9s de ajuste com design original, al\u00e9m de nossa orienta\u00e7\u00e3o e estudo rigoroso do comportamento digital, que o convidam a um novo patamar na experi\u00eancia de ouvir m\u00fasica!<\/span><\/p>\n<p><span dir=\"auto\">J\u00e1 reconhecido como o melhor em transporte de CD, o Reimyo CDT-777 e o novo DAP-999EX combinam-se para criar uma experi\u00eancia musical fant\u00e1stica, como se fosse ao vivo! O DAP-999EX possui entradas digitais AES (XLR-3P) Hot No.3, coaxial (RCA), BNC e \u00f3ptica (TORX), al\u00e9m de sa\u00eddas balanceadas e n\u00e3o balanceadas.<\/span><\/p>\n<h2><span dir=\"auto\">Caracter\u00edsticas<\/span><\/h2>\n<ul>\n<li><span dir=\"auto\">Quantiza\u00e7\u00e3o de entrada: 16 bits<\/span><\/li>\n<li><span dir=\"auto\">Frequ\u00eancia de amostragem: 48 kHz, 44,1 kHz, 32 kHz. Comuta\u00e7\u00e3o autom\u00e1tica.<\/span><\/li>\n<li><span dir=\"auto\">Entradas digitais:<\/span>\n<ul>\n<li><span dir=\"auto\">1 x AES (XLR-3P; Quente: N\u00ba 3) Imped\u00e2ncia de entrada: 110 Ohm<\/span><\/li>\n<li><span dir=\"auto\">1 x BNC: 75 Ohm<\/span><\/li>\n<li><span dir=\"auto\">1 x COAXIAL (RCA) 75 Ohm<\/span><\/li>\n<li><span dir=\"auto\">1 x \u00d3PTICO (TORX)<\/span><\/li>\n<\/ul>\n<\/li>\n<li><span dir=\"auto\">Processamento de sinal: Tecnologia K2 (K2 LSI; 16-24 bits)<\/span><\/li>\n<li><span dir=\"auto\">Conversor DA: 24 bits com sobreamostragem de 16 vezes\/multi bit)<\/span><\/li>\n<li><span dir=\"auto\">Sa\u00eddas anal\u00f3gicas:<\/span>\n<ul>\n<li><span dir=\"auto\">XLR balanceado\/ 5,1 Vrms\/ Baixa imped\u00e2ncia.<\/span><\/li>\n<li><span dir=\"auto\">RCA desbalanceado\/ 2,55 Vrms\/ Baixa imped\u00e2ncia.<\/span><\/li>\n<\/ul>\n<\/li>\n<li><span dir=\"auto\">Resposta de frequ\u00eancia: DC ~ 20kHz (+\/-0,5dB)<\/span><\/li>\n<li><span dir=\"auto\">Rela\u00e7\u00e3o sinal\/ru\u00eddo: Melhor que 114dB (IHF-A)<\/span><\/li>\n<li><span dir=\"auto\">Faixa din\u00e2mica: Melhor que 100 dB<\/span><\/li>\n<li><span dir=\"auto\">Separa\u00e7\u00e3o de canais: Melhor que 105dB (1kHz)<\/span><\/li>\n<li><span dir=\"auto\">Frequ\u00eancia de sa\u00edda: 4 vezes (88,2 kHz m\u00e1x.)<\/span><\/li>\n<li><span dir=\"auto\">Expans\u00e3o de frequ\u00eancia: 4 vezes (fs\/44,1kHz para 176,4kHz)<\/span><\/li>\n<li><span dir=\"auto\">Linearidade: +\/-0,5dB (+10dBm ~ 90dBm) 1kHz IHF-A<\/span><\/li>\n<li><span dir=\"auto\">THD: Melhor que 0,003% (1kHz Vo=F\/S)(30kHz LPF Ligado)<\/span><\/li>\n<li><span dir=\"auto\">Canal: Est\u00e9reo de 2 canais<\/span><\/li>\n<li><span dir=\"auto\">Chave de deslocamento de fase: (0\u00b0 ~ 180\u00b0) 0\u00b0: normal, 180\u00b0: Inverter<\/span><\/li>\n<li><span dir=\"auto\">Requisitos de alimenta\u00e7\u00e3o: 117V-50\/60Hz ou 230V-50\/60Hz (Transformador de tens\u00e3o \u00fanica, n\u00e3o convers\u00edvel)<\/span><\/li>\n<li><span dir=\"auto\">Consumo de energia: 15W<\/span><\/li>\n<li><span dir=\"auto\">Dimens\u00f5es: 430 (L) x 44 (A) x 337 (P) M\u00e1x.<\/span><\/li>\n<li><span dir=\"auto\">Peso: 11,2 libras ou 5,5 kg<\/span><\/li>\n<\/ul>\n","protected":false},"excerpt":{"rendered":"<p>&#8220;Reimyo&#8221; significa milagre, e esse \u00e9 o nome que a Harmonix deu \u00e0 sua crescente linha de equipamentos de \u00e1udio de ponta. A linha Reimyo faz jus ao seu nome. Ela foi projetada atrav\u00e9s da Fus\u00e3o de Alta Tecnologia: uma colabora\u00e7\u00e3o entre a Harmonix e as melhores empresas especializadas do mundo, combinando a melhor tecnologia [&hellip;]<\/p>\n","protected":false},"featured_media":29522,"template":"","meta":{"_acf_changed":false},"product_brand":[],"product_cat":[43,41,195],"product_tag":[],"class_list":{"0":"post-12718","1":"product","2":"type-product","3":"status-publish","4":"has-post-thumbnail","6":"product_cat-dac","7":"product_cat-digital","8":"product_cat-reimyo","10":"first","11":"instock","12":"sold-individually","13":"shipping-taxable","14":"purchasable","15":"product-type-simple"},"acf":[],"aioseo_notices":[],"_links":{"self":[{"href":"https:\/\/hificlub.com.br\/loja\/wp-json\/wp\/v2\/product\/12718","targetHints":{"allow":["GET"]}}],"collection":[{"href":"https:\/\/hificlub.com.br\/loja\/wp-json\/wp\/v2\/product"}],"about":[{"href":"https:\/\/hificlub.com.br\/loja\/wp-json\/wp\/v2\/types\/product"}],"wp:featuredmedia":[{"embeddable":true,"href":"https:\/\/hificlub.com.br\/loja\/wp-json\/wp\/v2\/media\/29522"}],"wp:attachment":[{"href":"https:\/\/hificlub.com.br\/loja\/wp-json\/wp\/v2\/media?parent=12718"}],"wp:term":[{"taxonomy":"product_brand","embeddable":true,"href":"https:\/\/hificlub.com.br\/loja\/wp-json\/wp\/v2\/product_brand?post=12718"},{"taxonomy":"product_cat","embeddable":true,"href":"https:\/\/hificlub.com.br\/loja\/wp-json\/wp\/v2\/product_cat?post=12718"},{"taxonomy":"product_tag","embeddable":true,"href":"https:\/\/hificlub.com.br\/loja\/wp-json\/wp\/v2\/product_tag?post=12718"}],"curies":[{"name":"wp","href":"https:\/\/api.w.org\/{rel}","templated":true}]}}