{"id":12688,"date":"2024-01-02T18:22:57","date_gmt":"2024-01-02T21:22:57","guid":{"rendered":"https:\/\/hificlub.com.br\/loja\/?post_type=product&#038;p=12688"},"modified":"2026-05-09T22:40:29","modified_gmt":"2026-05-10T01:40:29","slug":"parasound-halo-hint-6-com-mm-mc-phono-dac-160-watts","status":"publish","type":"product","link":"https:\/\/hificlub.com.br\/loja\/produto\/parasound-halo-hint-6-com-mm-mc-phono-dac-160-watts\/","title":{"rendered":"PARASOUND HALO HINT 6 Com MM\/MC Phono DAC 160 watts"},"content":{"rendered":"<p data-start=\"50\" data-end=\"378\"><span dir=\"auto\">O\u00a0<\/span><strong data-start=\"54\" data-end=\"74\"><span dir=\"auto\">Parasound HINT 6<\/span><\/strong><span dir=\"auto\">\u00a0\u00e9 um amplificador integrado multifuncional que re\u00fane um\u00a0DAC\u00a0<\/span><strong data-start=\"134\" data-end=\"149\"><span dir=\"auto\">ESS Sabre32 de alta qualidade,\u00a0<\/span><\/strong><strong data-start=\"155\" data-end=\"176\"><span dir=\"auto\">um pr\u00e9-amplificador de fono MM\/MC<\/span><\/strong><span dir=\"auto\">\u00a0,\u00a0<\/span><strong data-start=\"178\" data-end=\"195\"><span dir=\"auto\">um amplificador de fones de ouvido<\/span><\/strong><span dir=\"auto\">\u00a0e\u00a0<\/span><strong data-start=\"201\" data-end=\"222\"><span dir=\"auto\">160 W por canal<\/span><\/strong><span dir=\"auto\">\u00a0em um \u00fanico chassi elegante. \u00c9 compacto, por\u00e9m imponente \u2014 igualmente adequado para vinil, streaming de alta resolu\u00e7\u00e3o ou uma noite de cinema.<\/span><\/p>\n<p data-start=\"380\" data-end=\"758\"><span dir=\"auto\">Baseado no projeto de amplificador Classe A\/AB\u00a0<\/span><strong data-start=\"389\" data-end=\"404\"><span dir=\"auto\">de John Curl<\/span><\/strong><span dir=\"auto\">\u00a0, o HINT 6 oferece\u00a0<\/span><strong data-start=\"454\" data-end=\"495\"><span dir=\"auto\">160 W x 2 em 8 \u03a9 (240 W x 2 em 4 \u03a9)<\/span><\/strong><span dir=\"auto\">\u00a0, inclui um\u00a0<\/span><strong data-start=\"509\" data-end=\"550\"><span dir=\"auto\">DAC ESS Sabre32 Reference (ES9018K2M)<\/span><\/strong><span dir=\"auto\">\u00a0com\u00a0<\/span><strong data-start=\"556\" data-end=\"595\"><span dir=\"auto\">USB at\u00e9 32 bits\/384 kHz e DSD256<\/span><\/strong><span dir=\"auto\">\u00a0, e adiciona\u00a0<\/span><strong data-start=\"606\" data-end=\"647\"><span dir=\"auto\">um bypass para Home Theater com XLR balanceado,<\/span><\/strong><span dir=\"auto\">\u00a0al\u00e9m de m\u00faltiplas entradas digitais\/anal\u00f3gicas. Pot\u00eancia limpa, flexibilidade real.<\/span><\/p>\n<p data-start=\"760\" data-end=\"821\"><strong data-start=\"760\" data-end=\"819\"><span dir=\"auto\">Elogiado tanto por audi\u00f3filos quanto por cr\u00edticos.<\/span><\/strong><\/p>\n<ul>\n<li data-start=\"824\" data-end=\"1050\"><span dir=\"auto\">\u201c\u00a0<\/span><strong data-start=\"825\" data-end=\"898\"><span dir=\"auto\">O Hint 6 funcionou bem com todas as caixas ac\u00fasticas que testei\u2026 Recomendado.<\/span><\/strong><span dir=\"auto\">\u00a0\u201d \u2014\u00a0<\/span><em data-start=\"902\" data-end=\"915\"><span dir=\"auto\">Stereophile<\/span><\/em><\/li>\n<li data-start=\"1053\" data-end=\"1251\"><span dir=\"auto\">\u201c\u00a0<\/span><strong data-start=\"1054\" data-end=\"1128\"><span dir=\"auto\">Uma das melhores op\u00e7\u00f5es em termos de custo-benef\u00edcio no momento na categoria de amplificadores de alta qualidade.<\/span><\/strong><span dir=\"auto\">\u00a0\u201d \u2014\u00a0<\/span><em data-start=\"1132\" data-end=\"1143\"><span dir=\"auto\">ecoustics<\/span><\/em><\/li>\n<li data-start=\"1254\" data-end=\"1460\"><span dir=\"auto\">\u201c\u00a0<\/span><strong data-start=\"1255\" data-end=\"1283\"><span dir=\"auto\">Os graves s\u00e3o profundos e afinados<\/span><\/strong><span dir=\"auto\">\u00a0, os m\u00e9dios\u00a0<\/span><strong data-start=\"1294\" data-end=\"1319\"><span dir=\"auto\">agradavelmente articulados<\/span><\/strong><span dir=\"auto\">\u00a0e\u00a0<\/span><strong data-start=\"1321\" data-end=\"1336\"><span dir=\"auto\">os agudos n\u00edtidos<\/span><\/strong><span dir=\"auto\">\u00a0\u2026\u201d \u2014\u00a0<\/span><em data-start=\"1341\" data-end=\"1354\"><span dir=\"auto\">What Hi\u2011Fi?<\/span><\/em><\/li>\n<\/ul>\n<p data-start=\"1462\" data-end=\"1511\"><strong data-start=\"1462\" data-end=\"1509\"><span dir=\"auto\">Pr\u00eamios e Reconhecimento<\/span><\/strong><\/p>\n<ul>\n<li data-start=\"1514\" data-end=\"1741\"><strong data-start=\"1514\" data-end=\"1567\"><span dir=\"auto\">Stereophile \u2014 Componentes Recomendados (Outono de 2019)<\/span><\/strong><\/li>\n<li data-start=\"1744\" data-end=\"1914\"><strong data-start=\"1744\" data-end=\"1798\"><span dir=\"auto\">Audiophilia \u2014 Pr\u00eamio Componente Estrela (14 de abril de 2023)<\/span><\/strong><\/li>\n<\/ul>\n","protected":false},"excerpt":{"rendered":"<p>O\u00a0Parasound HINT 6\u00a0\u00e9 um amplificador integrado multifuncional que re\u00fane um\u00a0DAC\u00a0ESS Sabre32 de alta qualidade,\u00a0um pr\u00e9-amplificador de fono MM\/MC\u00a0,\u00a0um amplificador de fones de ouvido\u00a0e\u00a0160 W por canal\u00a0em um \u00fanico chassi elegante. \u00c9 compacto, por\u00e9m imponente \u2014 igualmente adequado para vinil, streaming de alta resolu\u00e7\u00e3o ou uma noite de cinema. Baseado no projeto de amplificador Classe A\/AB\u00a0de [&hellip;]<\/p>\n","protected":false},"featured_media":12681,"template":"","meta":{"_acf_changed":false},"product_brand":[],"product_cat":[27,51,125],"product_tag":[],"class_list":{"0":"post-12688","1":"product","2":"type-product","3":"status-publish","4":"has-post-thumbnail","6":"product_cat-amplificador","7":"product_cat-integrado","8":"product_cat-parasound","10":"first","11":"instock","12":"sold-individually","13":"shipping-taxable","14":"purchasable","15":"product-type-simple"},"acf":[],"aioseo_notices":[],"_links":{"self":[{"href":"https:\/\/hificlub.com.br\/loja\/wp-json\/wp\/v2\/product\/12688","targetHints":{"allow":["GET"]}}],"collection":[{"href":"https:\/\/hificlub.com.br\/loja\/wp-json\/wp\/v2\/product"}],"about":[{"href":"https:\/\/hificlub.com.br\/loja\/wp-json\/wp\/v2\/types\/product"}],"wp:featuredmedia":[{"embeddable":true,"href":"https:\/\/hificlub.com.br\/loja\/wp-json\/wp\/v2\/media\/12681"}],"wp:attachment":[{"href":"https:\/\/hificlub.com.br\/loja\/wp-json\/wp\/v2\/media?parent=12688"}],"wp:term":[{"taxonomy":"product_brand","embeddable":true,"href":"https:\/\/hificlub.com.br\/loja\/wp-json\/wp\/v2\/product_brand?post=12688"},{"taxonomy":"product_cat","embeddable":true,"href":"https:\/\/hificlub.com.br\/loja\/wp-json\/wp\/v2\/product_cat?post=12688"},{"taxonomy":"product_tag","embeddable":true,"href":"https:\/\/hificlub.com.br\/loja\/wp-json\/wp\/v2\/product_tag?post=12688"}],"curies":[{"name":"wp","href":"https:\/\/api.w.org\/{rel}","templated":true}]}}