{"id":1266,"date":"2023-10-17T19:55:16","date_gmt":"2023-10-17T22:55:16","guid":{"rendered":"https:\/\/hificlub.com.br\/loja2\/produto\/ps-audio-power-plant-p20-regenerador-de-energia-3600-watts\/"},"modified":"2026-03-03T22:21:02","modified_gmt":"2026-03-04T01:21:02","slug":"ps-audio-power-plant-p20-regenerador-de-energia-3600-watts","status":"publish","type":"product","link":"https:\/\/hificlub.com.br\/loja\/produto\/ps-audio-power-plant-p20-regenerador-de-energia-3600-watts\/","title":{"rendered":"PS AUDIO POWER PLANT P20 Regenerador de Energia 3600 Watts"},"content":{"rendered":"<p>Cor: Silver ou Black<\/p>\n<p><span style=\"font-size: small\">POWER PLANT P20<\/span><\/p>\n<div id=\"text_block-4880-109667\" class=\"ct-text-block\"><span id=\"span-4881-109667\" class=\"ct-span\"><span data-sheets-value=\"{&quot;1&quot;:2,&quot;2&quot;:&quot;PS Audio's largest and most powerful regenerator, the P20 is trusted to protect and power the most expensive systems in the world. &quot;}\" data-sheets-userformat=\"{&quot;2&quot;:897,&quot;3&quot;:{&quot;1&quot;:0},&quot;10&quot;:1,&quot;11&quot;:1,&quot;12&quot;:0}\">O maior e mais poderoso regenerador da PS Audio, o P20 \u00e9 confi\u00e1vel para proteger e alimentar os sistemas mais caros do mundo.<\/span><\/span><\/div>\n<div id=\"text_block-4877-109667\" class=\"ct-text-block\">\n<p>A Central El\u00e9trica DirectStream P20 \u00e9 nossa melhor express\u00e3o da arte de fornecer energia CA protegida, pura, regulada e sem distor\u00e7\u00e3o.\u00a0Com n\u00edveis de pot\u00eancia de pico de 3600 watts, nenhum equipamento pode sobrecarregar o poderoso P20.\u00a0Finalmente, seus componentes mais cobi\u00e7ados t\u00eam a oportunidade de liberar todo o seu potencial.\u00a0O DirectStream P20 regula flutua\u00e7\u00f5es de longo prazo e din\u00e2micas de pico sem desvio, garantindo uma base s\u00f3lida para construir um sistema de \u00faltima gera\u00e7\u00e3o.\u00a0Sua baixa imped\u00e2ncia de sa\u00edda e entrega de CA sem impedimentos s\u00e3o equivalentes a menos de 50 p\u00e9s de fio de bitola 12 conectados diretamente \u00e0 fonte de energia da sua cidade sem os quil\u00f4metros de fio de conex\u00e3o, os muitos transformadores e os v\u00e1rios vizinhos enfraquecendo e contaminando sua energia.<\/p>\n<h3 id=\"headline-185-280\" class=\"ct-headline\"><span style=\"font-size: small\">PROJETO<\/span><\/h3>\n<div id=\"text_block-194-280\" class=\"ct-text-block\"><span id=\"span-253-280\" class=\"ct-span\">O PerfectWave PowerPlant 20 \u00e9 o melhor sistema de fornecimento de energia pura da PS Audio.\u00a0Equipado com 16 tomadas (vers\u00e3o dos EUA) em 5 zonas regeneradas separadas, o P20 pode receber entrada de linhas de 15 ou 20 amp para regenerar uma forma de onda CA completamente nova, livre de distor\u00e7\u00f5es ou flutua\u00e7\u00f5es de tens\u00e3o.\u00a0O P20 possui um amplificador de pot\u00eancia anal\u00f3gico de imped\u00e2ncia ultrabaixa e mecanismo DSD baseado em FPGA que oferece as ondas senoidais mais limpas e com menor ru\u00eddo de qualquer regenerador do mundo.<\/span><\/div>\n<div class=\"ct-text-block\">\n<h3 id=\"headline-187-280\" class=\"ct-headline\"><span style=\"font-size: small\">INSCRI\u00c7\u00c3O<\/span><\/h3>\n<div id=\"text_block-192-280\" class=\"ct-text-block\"><span id=\"span-254-280\" class=\"ct-span\">O P20 pode fornecer energia limpa at\u00e9 mesmo para o maior e mais elaborado sistema de \u00e1udio.\u00a0Com uma pot\u00eancia m\u00e1xima de 2.000 watts e n\u00edveis de pot\u00eancia de pico de 3.600 watts, o P20 fornecer\u00e1 energia pura para os componentes mais exigentes e reproduzir\u00e1 toda a faixa din\u00e2mica de qualquer m\u00fasica lan\u00e7ada nele.\u00a0Regulado para dentro de 1\/10 de volt, o P20 fornece pureza segura e inquestion\u00e1vel para sistemas de todos os tamanhos e garante uma base s\u00f3lida para construir um sistema de \u00faltima gera\u00e7\u00e3o.<\/span><\/div>\n<div class=\"ct-text-block\"><\/div>\n<div class=\"ct-text-block\">\n<h2><span style=\"font-size: small\">ESPECIFICA\u00c7\u00d5ES<\/span><\/h2>\n<p>&nbsp;<\/p>\n<p>Local: Somente para uso interno<br \/>\nCiclo de trabalho: Adequado para opera\u00e7\u00e3o cont\u00ednua<br \/>\nSensibilidade \u00e0 umidade: N\u00e3o \u00e9 vedado contra umidade<br \/>\nUmidade operacional: &lt;80% rh Temperatura de armazenamento: -40 C a +40 C Temperatura operacional: 0 C a 40 C Altitude operacional m\u00e1xima: 3500 m (12000 ft) Fonte de alimenta\u00e7\u00e3o Classifica\u00e7\u00e3o nominal: 230 V 10 A 50\/60 Hz Especifica\u00e7\u00e3o do instrumento: Dimens\u00f5es da unidade: 43 x 36 x 21,5 cm (LxPxA) Peso da unidade: 33 kg Dimens\u00f5es da remessa: 58 x 52 x 34 cm (LxPxA) Peso da remessa: 38 kg Tens\u00e3o nominal de entrada: 200 -285 V CA Carga cont\u00ednua m\u00e1xima: 1600 VA no m\u00e1ximo Pico de carga: 2000 VA Regulagem de tens\u00e3o: 1 V Distor\u00e7\u00e3o de sa\u00edda (carga resistiva): &lt;0,9%; Distor\u00e7\u00e3o de sa\u00edda t\u00edpica de 0,2% (carga reativa): &lt;0,9%; Imped\u00e2ncia de sa\u00edda t\u00edpica de 0,2% : &lt;0,008 Ohm Redu\u00e7\u00e3o de ru\u00eddo: 100 kHz &#8211; 2 MHz&gt; 80 dB<br \/>\nEfici\u00eancia:&gt; 85% (a 1200 VA)<br \/>\nFrequ\u00eancia de entrada: 45 \u2013 65 Hz<br \/>\nLimite de tens\u00e3o inferior: Cont\u00ednuo -10% da configura\u00e7\u00e3o 15 seg dura\u00e7\u00e3o -15% da configura\u00e7\u00e3o<br \/>\nLimite de sobretens\u00e3o: 5% cont\u00ednuos da configura\u00e7\u00e3o 15 segundos de dura\u00e7\u00e3o 10% da configura\u00e7\u00e3o<br \/>\nDissipa\u00e7\u00e3o de energia: 3670 J<br \/>\nSurto de corrente de pico: 84000 A<br \/>\nTens\u00e3o m\u00e1xima de surto: 6000 V<br \/>\nN\u00edvel da bra\u00e7adeira: 800 V<br \/>\nDC Configura\u00e7\u00e3o do acionador: Tip<br \/>\nDC positivo Tens\u00e3o de acionador positivo : 5 \u2013 15 V DC<\/p>\n<p>&nbsp;<\/p>\n<p>&nbsp;<\/p>\n<\/div>\n<\/div>\n<\/div>\n","protected":false},"excerpt":{"rendered":"<p>Cor: Silver ou Black POWER PLANT P20 O maior e mais poderoso regenerador da PS Audio, o P20 \u00e9 confi\u00e1vel para proteger e alimentar os sistemas mais caros do mundo. A Central El\u00e9trica DirectStream P20 \u00e9 nossa melhor express\u00e3o da arte de fornecer energia CA protegida, pura, regulada e sem distor\u00e7\u00e3o.\u00a0Com n\u00edveis de pot\u00eancia de [&hellip;]<\/p>\n","protected":false},"featured_media":14901,"template":"","meta":{"_acf_changed":false},"product_brand":[],"product_cat":[89,106,54],"product_tag":[],"class_list":{"0":"post-1266","1":"product","2":"type-product","3":"status-publish","4":"has-post-thumbnail","6":"product_cat-acessorios","7":"product_cat-energia","8":"product_cat-ps-audio","10":"first","11":"instock","12":"sold-individually","13":"shipping-taxable","14":"purchasable","15":"product-type-simple"},"acf":[],"aioseo_notices":[],"_links":{"self":[{"href":"https:\/\/hificlub.com.br\/loja\/wp-json\/wp\/v2\/product\/1266","targetHints":{"allow":["GET"]}}],"collection":[{"href":"https:\/\/hificlub.com.br\/loja\/wp-json\/wp\/v2\/product"}],"about":[{"href":"https:\/\/hificlub.com.br\/loja\/wp-json\/wp\/v2\/types\/product"}],"wp:featuredmedia":[{"embeddable":true,"href":"https:\/\/hificlub.com.br\/loja\/wp-json\/wp\/v2\/media\/14901"}],"wp:attachment":[{"href":"https:\/\/hificlub.com.br\/loja\/wp-json\/wp\/v2\/media?parent=1266"}],"wp:term":[{"taxonomy":"product_brand","embeddable":true,"href":"https:\/\/hificlub.com.br\/loja\/wp-json\/wp\/v2\/product_brand?post=1266"},{"taxonomy":"product_cat","embeddable":true,"href":"https:\/\/hificlub.com.br\/loja\/wp-json\/wp\/v2\/product_cat?post=1266"},{"taxonomy":"product_tag","embeddable":true,"href":"https:\/\/hificlub.com.br\/loja\/wp-json\/wp\/v2\/product_tag?post=1266"}],"curies":[{"name":"wp","href":"https:\/\/api.w.org\/{rel}","templated":true}]}}